{"id":4660,"date":"2010-08-21T01:05:24","date_gmt":"2010-08-20T23:05:24","guid":{"rendered":"http:\/\/www.xaviergimeno.net\/ca\/?page_id=4660"},"modified":"2025-01-16T17:17:52","modified_gmt":"2025-01-16T16:17:52","slug":"papers","status":"publish","type":"page","link":"https:\/\/xaviergimeno.net\/ca\/papers","title":{"rendered":"Papers"},"content":{"rendered":"<p><a title=\"Formulaci\u00f3 d\u2019un q\u00fcestionari d\u2019escala de viol\u00e8ncia simb\u00f2lica: la import\u00e0ncia de la construcci\u00f3 epistemol\u00f2gica, te\u00f2rica, i metodol\u00f2gica de l\u2019objecte d\u2019estudi\" href=\"https:\/\/xaviergimeno.net\/ca\/papers\/formulacio-escala-violencia-simbolica\">Formulaci\u00f3 d\u2019un q\u00fcestionari d\u2019escala de viol\u00e8ncia simb\u00f2lica: la import\u00e0ncia de la construcci\u00f3 epistemol\u00f2gica, te\u00f2rica, i metodol\u00f2gica de l\u2019objecte d\u2019estudi<\/a><\/p>\n<p><a title=\"Els herois de l\u2019ELA: l\u2019estructura social dels discursos triomfalistes de superaci\u00f3 i celebraci\u00f3 d\u2019un malalt i legitimaci\u00f3 d\u2019una malaltia. Sociologia comparada d\u2019una ideologia del malalt com a heroi\" href=\"https:\/\/xaviergimeno.net\/ca\/papers\/herois-ela\">Els herois de l\u2019ELA: l\u2019estructura social dels discursos triomfalistes de superaci\u00f3 i celebraci\u00f3 d\u2019un malalt i legitimaci\u00f3 d\u2019una malaltia. Sociologia comparada d\u2019una ideologia del malalt com a heroi<\/a><\/p>\n<p><a title=\"El circuit de la viol\u00e8ncia simb\u00f2lica en la S\u00edndrome de Fatiga Cr\u00f2nica (SFC)\/Encefalomielitis Mi\u00e0lgica (EM): Formulaci\u00f3 preliminar d\u2019un model d\u2019an\u00e0lisi a partir de l\u2019estudi de les cartes al director de diaris\" href=\"https:\/\/xaviergimeno.net\/ca\/papers\/poster-circuit-violencia-simbolica\">El circuit de la viol\u00e8ncia simb\u00f2lica en la S\u00edndrome de Fatiga Cr\u00f2nica (SFC)\/Encefalomielitis Mi\u00e0lgica (EM): Formulaci\u00f3 preliminar d\u2019un model d\u2019an\u00e0lisi a partir de l\u2019estudi de les cartes al director de diaris<\/a><\/p>\n<p><a title=\"El circuit de la viol\u00e8ncia simb\u00f2lica en la S\u00edndrome de Fatiga Cr\u00f2nica (SFC)\/Encefalomielitis Mi\u00e0lgica (EM) (I): Un estudi preliminar\" href=\"https:\/\/xaviergimeno.net\/ca\/papers\/circuit-violencia-simbolica-sfc-i\">El circuit de la viol\u00e8ncia simb\u00f2lica en la S\u00edndrome de Fatiga Cr\u00f2nica (SFC)\/Encefalomielitis Mi\u00e0lgica (EM) (I): Un estudi preliminar<\/a><\/p>\n<p><a title=\"Why We Fight i The Focused Interview. Cinema i ci\u00e8ncia social durant la Segona Guerra Mundial (en angl\u00e8s)\" href=\"https:\/\/xaviergimeno.net\/ca\/papers\/why-we-fight-focused-interview\"><em>Why We Fight<\/em> i <em>The Focused Interview<\/em>. Cinema i ci\u00e8ncia social durant la Segona Guerra Mundial (en angl\u00e8s)<\/a><\/p>\n<p><a title=\"Recensi\u00f3 de La divisi\u00f3n del trabajo social d'\u00c9mile Durkheim\" href=\"https:\/\/xaviergimeno.net\/ca\/papers\/recensio-division-trabajo-social\">Recensi\u00f3 de <em>La divisi\u00f3n del trabajo social<\/em> d&#8217;\u00c9mile Durkheim<\/a><\/p>\n<p><a title=\"Cap\u00edtol 6 de Mass Persuasion: El context social i cultural de la persuasi\u00f3 de massa\" href=\"https:\/\/xaviergimeno.net\/ca\/papers\/capitol-6-mass-persuasion\">Cap\u00edtol 6 de <em>Mass Persuasion<\/em>: El context social i cultural de la persuasi\u00f3 de massa<\/a><\/p>\n<p><a title=\"Introducci\u00f3 a la segona edici\u00f3 de The Focused Interview de Robert K. Merton\" href=\"https:\/\/xaviergimeno.net\/ca\/papers\/introduccio-2a-edicio-focused-interview\">Introducci\u00f3 a la segona edici\u00f3 de <em>The Focused Interview<\/em> de Robert K. Merton<\/a><\/p>\n<p><a title=\"La polititzaci\u00f3 del camp sociol\u00f2gic a Catalunya: un indicador estructural comparatiu\" href=\"https:\/\/xaviergimeno.net\/ca\/papers\/polititzacio-camp-sociologic-catalunya\">La polititzaci\u00f3 del camp sociol\u00f2gic a Catalunya: un indicador estructural comparatiu<\/a><\/p>\n<p><a title=\"Recensi\u00f3 d'Esb\u00f3s d'autoan\u00e0lisi de Pierre Bourdieu\" href=\"https:\/\/xaviergimeno.net\/ca\/papers\/recensio-esbos-autoanalisi\">Recensi\u00f3 d&#8217;<em>Esb\u00f3s d&#8217;autoan\u00e0lisi<\/em> de Pierre Bourdieu<\/a><\/p>\n<p><a title=\"Mostreig, sobrerepresentaci\u00f3 de categories socials i la divisi\u00f3 sexual del treball: formulaci\u00f3 d'una hip\u00f2tesi sobre el doble treball (en castell\u00e0)\" href=\"https:\/\/xaviergimeno.net\/ca\/papers\/mostreig-sobrerepresentacio-divisio-sexual-treball\">Mostreig, sobrerepresentaci\u00f3 de categories socials i la divisi\u00f3 sexual del treball: formulaci\u00f3 d&#8217;una hip\u00f2tesi sobre el doble treball (en castell\u00e0)<\/a><\/p>\n<p><a title=\"L\u2019estudi de la institucionalitzaci\u00f3 de la sociologia a Catalunya (II): un model d\u2019an\u00e0lisi i un sistema d\u2019hip\u00f2tesis (traducci\u00f3 castellana)\" href=\"https:\/\/xaviergimeno.net\/ca\/papers\/estudi-institucionalitzacio-sociologia-ii-castella\">L\u2019estudi de la institucionalitzaci\u00f3 de la sociologia a Catalunya (II): un model d\u2019an\u00e0lisi i un sistema d\u2019hip\u00f2tesis (traducci\u00f3 castellana)<\/a><\/p>\n<p><a title=\"L\u2019estudi de la institucionalitzaci\u00f3 de la sociologia a Catalunya (II): un model d\u2019an\u00e0lisi i un sistema d\u2019hip\u00f2tesis\" href=\"https:\/\/xaviergimeno.net\/ca\/papers\/estudi-institucionalitzacio-sociologia-ii\">L\u2019estudi de la institucionalitzaci\u00f3 de la sociologia a Catalunya (II): un model d\u2019an\u00e0lisi i un sistema d\u2019hip\u00f2tesis<\/a><\/p>\n<p><a title=\"L\u2019estudi de la institucionalitzaci\u00f3 de la sociologia a Catalunya (I): un estat de la q\u00fcesti\u00f3 (traducci\u00f3 castellana)\" href=\"https:\/\/xaviergimeno.net\/ca\/papers\/estudi-institucionalitzacio-sociologia-i-castella\">L\u2019estudi de la institucionalitzaci\u00f3 de la sociologia a Catalunya (I): un estat de la q\u00fcesti\u00f3 (traducci\u00f3 castellana)<\/a><\/p>\n<p><a title=\"L\u2019estudi de la institucionalitzaci\u00f3 de la sociologia a Catalunya (I): un estat de la q\u00fcesti\u00f3\" href=\"https:\/\/xaviergimeno.net\/ca\/papers\/estudi-institucionalitzacio-sociologia-i\">L\u2019estudi de la institucionalitzaci\u00f3 de la sociologia a Catalunya (I): un estat de la q\u00fcesti\u00f3<\/a><\/p>\n<p><a title=\"El proc\u00e9s de constituci\u00f3 del Barri Santa Maria de Palafolls. Protocol de recerca\" href=\"https:\/\/xaviergimeno.net\/ca\/papers\/constitucio-barri-santa-maria-palafolls\">El proc\u00e9s de constituci\u00f3 del Barri Santa Maria de Palafolls. Protocol de recerca<\/a><\/p>\n<p><a title=\"El proc\u00e9s d'institucionalitzaci\u00f3 de la sociologia a Catalunya. Protocol de recerca\" href=\"https:\/\/xaviergimeno.net\/ca\/papers\/institucionalitzacio-sociologia-protocol\">El proc\u00e9s d&#8217;institucionalitzaci\u00f3 de la sociologia a Catalunya. Protocol de recerca<\/a><\/p>\n<p><a title=\"Un model d\u2019an\u00e0lisi i un sistema d\u2019hip\u00f2tesis per a l\u2019estudi del proc\u00e9s d\u2019institucionalitzaci\u00f3 de la sociologia a Catalunya\" href=\"https:\/\/xaviergimeno.net\/ca\/papers\/comunicacio-sociologia-catalunya\">Un model d\u2019an\u00e0lisi i un sistema d\u2019hip\u00f2tesis per a l\u2019estudi del proc\u00e9s d\u2019institucionalitzaci\u00f3 de la sociologia a Catalunya<\/a><\/p>\n<p><a title=\"Proposta de model per a l\u2019estudi de la negociaci\u00f3 col\u2022lectiva. Formulaci\u00f3 arran del treball de construcci\u00f3 d\u2019una mostra de convenis col\u2022lectius\" href=\"https:\/\/xaviergimeno.net\/ca\/papers\/tesina-mostra-convenis-colectius\">Proposta de model per a l\u2019estudi de la negociaci\u00f3 col\u2022lectiva. Formulaci\u00f3 arran del treball de construcci\u00f3 d\u2019una mostra de convenis col\u2022lectius<\/a><\/p>\n<p><a title=\"Incid\u00e8ncies durant el treball de camp amb enquestes personals en estudis epidemiol\u00f2gics (en castell\u00e0)\" href=\"https:\/\/xaviergimeno.net\/ca\/papers\/incidencies-treball-camp\">Incid\u00e8ncies durant el treball de camp amb enquestes personals en estudis epidemiol\u00f2gics (en castell\u00e0)<\/a><\/p>\n<p><a title=\"Classificaci\u00f3 i jerarquia. L'estructura de desigualtats del Departament de Sociologia de la UAB (1998-2003) vista a trav\u00e9s de l'an\u00e0lisi de l'estructura de relacions\" href=\"https:\/\/xaviergimeno.net\/ca\/papers\/classificacio-jerarquia\">Classificaci\u00f3 i jerarquia. L&#8217;estructura de desigualtats del Departament de Sociologia de la UAB (1998-2003) vista a trav\u00e9s de l&#8217;an\u00e0lisi de l&#8217;estructura de relacions<\/a><\/p>\n","protected":false},"excerpt":{"rendered":"<p>Formulaci\u00f3 d\u2019un q\u00fcestionari d\u2019escala de viol\u00e8ncia simb\u00f2lica: la import\u00e0ncia de la construcci\u00f3&#8230;<\/p>\n","protected":false},"author":3,"featured_media":0,"parent":0,"menu_order":6,"comment_status":"closed","ping_status":"closed","template":"template-fullwidth.php","meta":{"_monsterinsights_skip_tracking":false,"_monsterinsights_sitenote_active":false,"_monsterinsights_sitenote_note":"","_monsterinsights_sitenote_category":0,"footnotes":""},"class_list":["post-4660","page","type-page","status-publish","hentry"],"yoast_head":"<!-- This site is optimized with the Yoast SEO plugin v27.4 - https:\/\/yoast.com\/product\/yoast-seo-wordpress\/ -->\n<title>Papers de Xavier Gimeno Torrent<\/title>\n<meta name=\"description\" content=\"Articles, papers, tesis, etc. escrits per Xavier Gimeno Torrent.\" \/>\n<meta name=\"robots\" content=\"index, follow, max-snippet:-1, max-image-preview:large, max-video-preview:-1\" \/>\n<link rel=\"canonical\" href=\"https:\/\/xaviergimeno.net\/ca\/papers\" \/>\n<meta property=\"og:locale\" content=\"ca_ES\" \/>\n<meta property=\"og:type\" content=\"article\" \/>\n<meta property=\"og:title\" content=\"Papers de Xavier Gimeno Torrent\" \/>\n<meta property=\"og:description\" content=\"Articles, papers, tesis, etc. escrits per Xavier Gimeno Torrent.\" \/>\n<meta property=\"og:url\" content=\"https:\/\/xaviergimeno.net\/ca\/papers\" \/>\n<meta property=\"og:site_name\" content=\"Xavier Gimeno Torrent\" \/>\n<meta property=\"article:publisher\" content=\"https:\/\/www.facebook.com\/XavierGimenoTorrent\" \/>\n<meta property=\"article:modified_time\" content=\"2025-01-16T16:17:52+00:00\" \/>\n<meta name=\"twitter:card\" content=\"summary_large_image\" \/>\n<meta name=\"twitter:site\" content=\"@Xavier_Gimeno\" \/>\n<meta name=\"twitter:label1\" content=\"Temps estimat de lectura\" \/>\n\t<meta name=\"twitter:data1\" content=\"2 minuts\" \/>\n<script type=\"application\/ld+json\" class=\"yoast-schema-graph\">{\"@context\":\"https:\\\/\\\/schema.org\",\"@graph\":[{\"@type\":\"WebPage\",\"@id\":\"https:\\\/\\\/xaviergimeno.net\\\/ca\\\/papers\",\"url\":\"https:\\\/\\\/xaviergimeno.net\\\/ca\\\/papers\",\"name\":\"Papers de Xavier Gimeno Torrent\",\"isPartOf\":{\"@id\":\"https:\\\/\\\/xaviergimeno.net\\\/#website\"},\"datePublished\":\"2010-08-20T23:05:24+00:00\",\"dateModified\":\"2025-01-16T16:17:52+00:00\",\"description\":\"Articles, papers, tesis, etc. escrits per Xavier Gimeno Torrent.\",\"breadcrumb\":{\"@id\":\"https:\\\/\\\/xaviergimeno.net\\\/ca\\\/papers#breadcrumb\"},\"inLanguage\":\"ca\",\"potentialAction\":[{\"@type\":\"ReadAction\",\"target\":[\"https:\\\/\\\/xaviergimeno.net\\\/ca\\\/papers\"]}]},{\"@type\":\"BreadcrumbList\",\"@id\":\"https:\\\/\\\/xaviergimeno.net\\\/ca\\\/papers#breadcrumb\",\"itemListElement\":[{\"@type\":\"ListItem\",\"position\":1,\"name\":\"Home\",\"item\":\"https:\\\/\\\/xaviergimeno.net\\\/ca\"},{\"@type\":\"ListItem\",\"position\":2,\"name\":\"Papers\"}]},{\"@type\":\"WebSite\",\"@id\":\"https:\\\/\\\/xaviergimeno.net\\\/#website\",\"url\":\"https:\\\/\\\/xaviergimeno.net\\\/\",\"name\":\"Xavier Gimeno Torrent\",\"description\":\"soci\u00f2leg i traductor\",\"potentialAction\":[{\"@type\":\"SearchAction\",\"target\":{\"@type\":\"EntryPoint\",\"urlTemplate\":\"https:\\\/\\\/xaviergimeno.net\\\/?s={search_term_string}\"},\"query-input\":{\"@type\":\"PropertyValueSpecification\",\"valueRequired\":true,\"valueName\":\"search_term_string\"}}],\"inLanguage\":\"ca\"}]}<\/script>\n<!-- \/ Yoast SEO plugin. -->","yoast_head_json":{"title":"Papers de Xavier Gimeno Torrent","description":"Articles, papers, tesis, etc. escrits per Xavier Gimeno Torrent.","robots":{"index":"index","follow":"follow","max-snippet":"max-snippet:-1","max-image-preview":"max-image-preview:large","max-video-preview":"max-video-preview:-1"},"canonical":"https:\/\/xaviergimeno.net\/ca\/papers","og_locale":"ca_ES","og_type":"article","og_title":"Papers de Xavier Gimeno Torrent","og_description":"Articles, papers, tesis, etc. escrits per Xavier Gimeno Torrent.","og_url":"https:\/\/xaviergimeno.net\/ca\/papers","og_site_name":"Xavier Gimeno Torrent","article_publisher":"https:\/\/www.facebook.com\/XavierGimenoTorrent","article_modified_time":"2025-01-16T16:17:52+00:00","twitter_card":"summary_large_image","twitter_site":"@Xavier_Gimeno","twitter_misc":{"Temps estimat de lectura":"2 minuts"},"schema":{"@context":"https:\/\/schema.org","@graph":[{"@type":"WebPage","@id":"https:\/\/xaviergimeno.net\/ca\/papers","url":"https:\/\/xaviergimeno.net\/ca\/papers","name":"Papers de Xavier Gimeno Torrent","isPartOf":{"@id":"https:\/\/xaviergimeno.net\/#website"},"datePublished":"2010-08-20T23:05:24+00:00","dateModified":"2025-01-16T16:17:52+00:00","description":"Articles, papers, tesis, etc. escrits per Xavier Gimeno Torrent.","breadcrumb":{"@id":"https:\/\/xaviergimeno.net\/ca\/papers#breadcrumb"},"inLanguage":"ca","potentialAction":[{"@type":"ReadAction","target":["https:\/\/xaviergimeno.net\/ca\/papers"]}]},{"@type":"BreadcrumbList","@id":"https:\/\/xaviergimeno.net\/ca\/papers#breadcrumb","itemListElement":[{"@type":"ListItem","position":1,"name":"Home","item":"https:\/\/xaviergimeno.net\/ca"},{"@type":"ListItem","position":2,"name":"Papers"}]},{"@type":"WebSite","@id":"https:\/\/xaviergimeno.net\/#website","url":"https:\/\/xaviergimeno.net\/","name":"Xavier Gimeno Torrent","description":"soci\u00f2leg i traductor","potentialAction":[{"@type":"SearchAction","target":{"@type":"EntryPoint","urlTemplate":"https:\/\/xaviergimeno.net\/?s={search_term_string}"},"query-input":{"@type":"PropertyValueSpecification","valueRequired":true,"valueName":"search_term_string"}}],"inLanguage":"ca"}]}},"_links":{"self":[{"href":"https:\/\/xaviergimeno.net\/ca\/wp-json\/wp\/v2\/pages\/4660","targetHints":{"allow":["GET"]}}],"collection":[{"href":"https:\/\/xaviergimeno.net\/ca\/wp-json\/wp\/v2\/pages"}],"about":[{"href":"https:\/\/xaviergimeno.net\/ca\/wp-json\/wp\/v2\/types\/page"}],"author":[{"embeddable":true,"href":"https:\/\/xaviergimeno.net\/ca\/wp-json\/wp\/v2\/users\/3"}],"replies":[{"embeddable":true,"href":"https:\/\/xaviergimeno.net\/ca\/wp-json\/wp\/v2\/comments?post=4660"}],"version-history":[{"count":0,"href":"https:\/\/xaviergimeno.net\/ca\/wp-json\/wp\/v2\/pages\/4660\/revisions"}],"wp:attachment":[{"href":"https:\/\/xaviergimeno.net\/ca\/wp-json\/wp\/v2\/media?parent=4660"}],"curies":[{"name":"wp","href":"https:\/\/api.w.org\/{rel}","templated":true}]}}