{"id":4795,"date":"2010-08-21T00:05:13","date_gmt":"2010-08-20T22:05:13","guid":{"rendered":"http:\/\/www.xaviergimeno.net\/ca\/?page_id=4795"},"modified":"2025-01-16T18:13:23","modified_gmt":"2025-01-16T17:13:23","slug":"qui-soc","status":"publish","type":"page","link":"https:\/\/xaviergimeno.net\/ca\/qui-soc","title":{"rendered":"Qui s\u00f3c"},"content":{"rendered":"<div id=\"attachment_6310\" style=\"width: 130px\" class=\"wp-caption alignleft\"><img loading=\"lazy\" decoding=\"async\" aria-describedby=\"caption-attachment-6310\" src=\"https:\/\/xaviergimeno.net\/files\/xavi.jpg\" alt=\"Foto de Xavier Gimeno Torrent\" width=\"120\" height=\"120\" class=\"size-full wp-image-6310\" \/><p id=\"caption-attachment-6310\" class=\"wp-caption-text\">Foto de Xavier Gimeno Torrent.<\/p><\/div>\n<p style=\"text-align: left;\">Xavier Gimeno Torrent \u00e9s soci\u00f2leg i investigador independent. Actualment est\u00e0 centrat en l&#8217;estudi dels efectes socials de la S\u00edndrome de Fatiga Cr\u00f2nica a partir del paradigma de la viol\u00e8ncia simb\u00f2lica de Pierre Bourdieu i est\u00e0 embarcat en una recerca de llarg abast per comprendre els mecanismes de relegaci\u00f3 simb\u00f2lica i social dels malalts que pateixen aquesta malaltia. L\u2019objectiu d\u2019aquesta investigaci\u00f3 \u00e9s arribar a obtenir una escala quantitativa de viol\u00e8ncia simb\u00f2lica que permeti objectivar els tipus i graus de maltractaments socials que experimenten les persones diagnosticades amb la S\u00edndrome de Fatiga Cr\u00f2nica (<a title=\"El circuit de la viol\u00e8ncia simb\u00f2lica en la S\u00edndrome de Fatiga Cr\u00f2nica (SFC)\/Encefalomielitis Mi\u00e0lgica (EM) (I): Un estudi preliminar\" href=\"https:\/\/xaviergimeno.net\/files\/SFC_violencia_simbolica_1ca.pdf\" target=\"_blank\" rel=\"noopener noreferrer\">Article 1<\/a>). Tamb\u00e9 li interessa la institucionalitzaci\u00f3 de la sociologia a Catalunya. Els seus articles <a title=\"Classificaci\u00f3 i jerarquia. L\u2019estructura de desigualtats del Departament de Sociologia de la UAB (1998-2003) vista a trav\u00e9s de l\u2019an\u00e0lisi de l\u2019estructura de relacions\" href=\"https:\/\/xaviergimeno.net\/files\/clasjerq.pdf\" target=\"_blank\" rel=\"noopener noreferrer\">\u201cClassificaci\u00f3 i jerarquia\u201d<\/a> (<em>Revista Catalana de Sociologia<\/em>, n\u00famero 21) i <a title=\"L\u2019estudi de la institucionalitzaci\u00f3 de la sociologia a Catalunya (I): un estat de la q\u00fcesti\u00f3\" href=\"https:\/\/xaviergimeno.net\/files\/estudi1.pdf\" target=\"_blank\" rel=\"noopener noreferrer\">\u201cL\u2019estudi de la institucionalitzaci\u00f3 de la sociologia a Catalunya I<\/a> i <a title=\"L\u2019estudi de la institucionalitzaci\u00f3 de la sociologia a Catalunya (II): un model d\u2019an\u00e0lisi i un sistema d\u2019hip\u00f2tesis\" href=\"https:\/\/xaviergimeno.net\/files\/estudi2.pdf\" target=\"_blank\" rel=\"noopener noreferrer\">II<\/a>\u201d (<em>RCS<\/em>, n\u00fameros 24 i 25) s\u00f3n representatius d\u2019aquesta l\u00ednia de recerca. Tamb\u00e9 fa de traductor cient\u00edfic. En aquests moments tamb\u00e9 est\u00e0 treballant en la traducci\u00f3 al catal\u00e0  i al castell\u00e0 del cl\u00e0ssic de Robert K. Merton <em>L\u2019entrevista enfocada<\/em>. Altres traduccions seves s\u00f3n <em><a title=\"El camp pol\u00edtic\" href=\"https:\/\/books.google.com\/books?id=_Ks_DwAAQBAJ&#038;printsec=frontcover&#038;redir_esc=y#v=onepage&#038;q&#038;f=false\" target=\"_blank\" rel=\"noopener noreferrer\">El camp pol\u00edtic<\/a><\/em> (Gedisa, 2017), versi\u00f3 catalana de <em>Propos sur le champ politique<\/em> de Pierre Bourdieu i, del mateix autor, <em><a title=\"Esb\u00f3s d'autoan\u00e0lisi\" href=\"https:\/\/books.google.com\/books?id=MA5Hhox_j-QC&amp;printsec=frontcover&amp;redir_esc=y#v=onepage&amp;q&amp;f=false\" target=\"_blank\" rel=\"noopener noreferrer\">Esb\u00f3s d&#8217;autoan\u00e0lisi<\/a><\/em> (Publicacions de la Universitat de Val\u00e8ncia, 2008). Tamb\u00e9 ha publicat articles dedicats a l\u2019estudi de les incid\u00e8ncies en enquestes (<em><a title=\"Incid\u00e8ncies durant el treball de camp amb enquestes personals en estudis epidemiol\u00f2gics (en castell\u00e0)\" href=\"https:\/\/xaviergimeno.net\/files\/incidenc.pdf\" target=\"_blank\" rel=\"noopener noreferrer\">Metodolog\u00eda de Encuestas<\/a><\/em>, volum 8; <em><a title=\"Mostreig, sobrerepresentaci\u00f3 de categories socials i la divisi\u00f3 sexual del treball: formulaci\u00f3 d\u2019una hip\u00f2tesi sobre el doble treball (en castell\u00e0)\" href=\"https:\/\/xaviergimeno.net\/files\/muestreo.pdf\" target=\"_blank\" rel=\"noopener noreferrer\">Empiria<\/a><\/em>, n\u00famero 20).<\/p>\n<div class=\"addthis-pagines\">\n<div class=\"a2a_kit a2a_default_style\" data-a2a-icon-color=\"#6C981A\">\n<div class=\"addtoany_shortcode\"><div class=\"a2a_kit a2a_kit_size_32 addtoany_list\" data-a2a-url=\"https:\/\/xaviergimeno.net\/ca\/qui-soc\" data-a2a-title=\"Qui s\u00f3c\"><a class=\"a2a_button_facebook\" href=\"https:\/\/www.addtoany.com\/add_to\/facebook?linkurl=https%3A%2F%2Fxaviergimeno.net%2Fca%2Fqui-soc&amp;linkname=Qui%20s%C3%B3c\" title=\"Facebook\" rel=\"nofollow noopener\" target=\"_blank\"><\/a><a class=\"a2a_button_x\" href=\"https:\/\/www.addtoany.com\/add_to\/x?linkurl=https%3A%2F%2Fxaviergimeno.net%2Fca%2Fqui-soc&amp;linkname=Qui%20s%C3%B3c\" title=\"X\" rel=\"nofollow noopener\" target=\"_blank\"><\/a><a class=\"a2a_button_email\" href=\"https:\/\/www.addtoany.com\/add_to\/email?linkurl=https%3A%2F%2Fxaviergimeno.net%2Fca%2Fqui-soc&amp;linkname=Qui%20s%C3%B3c\" title=\"Email\" rel=\"nofollow noopener\" target=\"_blank\"><\/a><a class=\"a2a_button_print\" href=\"https:\/\/www.addtoany.com\/add_to\/print?linkurl=https%3A%2F%2Fxaviergimeno.net%2Fca%2Fqui-soc&amp;linkname=Qui%20s%C3%B3c\" title=\"Print\" rel=\"nofollow noopener\" target=\"_blank\"><\/a><a class=\"a2a_button_printfriendly\" href=\"https:\/\/www.addtoany.com\/add_to\/printfriendly?linkurl=https%3A%2F%2Fxaviergimeno.net%2Fca%2Fqui-soc&amp;linkname=Qui%20s%C3%B3c\" title=\"PrintFriendly\" rel=\"nofollow noopener\" target=\"_blank\"><\/a><a class=\"a2a_dd addtoany_share_save addtoany_share\" href=\"https:\/\/www.addtoany.com\/share\"><\/a><\/div><\/div><a style=\"float: right;\" title=\"CV de Xavier Gimeno en PDF\" href=\"https:\/\/xaviergimeno.net\/files\/cvca.pdf\" target=\"_blank\" rel=\"noopener noreferrer\">CV de Xavier Gimeno en PDF <\/a><\/div>\n<\/div>\n","protected":false},"excerpt":{"rendered":"<p>Xavier Gimeno Torrent \u00e9s soci\u00f2leg i investigador independent. Actualment est\u00e0 centrat en&#8230;<\/p>\n","protected":false},"author":3,"featured_media":0,"parent":0,"menu_order":5,"comment_status":"closed","ping_status":"closed","template":"template-fullwidth.php","meta":{"_monsterinsights_skip_tracking":false,"_monsterinsights_sitenote_active":false,"_monsterinsights_sitenote_note":"","_monsterinsights_sitenote_category":0,"footnotes":""},"class_list":["post-4795","page","type-page","status-publish","hentry"],"yoast_head":"<!-- This site is optimized with the Yoast SEO plugin v27.4 - https:\/\/yoast.com\/product\/yoast-seo-wordpress\/ -->\n<title>Qui \u00e9s Xavier Gimeno Torrent<\/title>\n<meta name=\"description\" content=\"Xavier Gimeno Torrent \u00e9s soci\u00f2leg i investigador independent.\" \/>\n<meta name=\"robots\" content=\"index, follow, max-snippet:-1, max-image-preview:large, max-video-preview:-1\" \/>\n<link rel=\"canonical\" href=\"https:\/\/xaviergimeno.net\/ca\/qui-soc\" \/>\n<meta property=\"og:locale\" content=\"ca_ES\" \/>\n<meta property=\"og:type\" content=\"article\" \/>\n<meta property=\"og:title\" content=\"Qui \u00e9s Xavier Gimeno Torrent\" \/>\n<meta property=\"og:description\" content=\"Xavier Gimeno Torrent \u00e9s soci\u00f2leg i investigador independent.\" \/>\n<meta property=\"og:url\" content=\"https:\/\/xaviergimeno.net\/ca\/qui-soc\" \/>\n<meta property=\"og:site_name\" content=\"Xavier Gimeno Torrent\" \/>\n<meta property=\"article:publisher\" content=\"https:\/\/www.facebook.com\/XavierGimenoTorrent\" \/>\n<meta property=\"article:modified_time\" content=\"2025-01-16T17:13:23+00:00\" \/>\n<meta property=\"og:image\" content=\"https:\/\/xaviergimeno.net\/files\/xavi.jpg\" \/>\n\t<meta property=\"og:image:width\" content=\"120\" \/>\n\t<meta property=\"og:image:height\" content=\"120\" \/>\n\t<meta property=\"og:image:type\" content=\"image\/jpeg\" \/>\n<meta name=\"twitter:card\" content=\"summary_large_image\" \/>\n<meta name=\"twitter:site\" content=\"@Xavier_Gimeno\" \/>\n<meta name=\"twitter:label1\" content=\"Temps estimat de lectura\" \/>\n\t<meta name=\"twitter:data1\" content=\"2 minuts\" \/>\n<script type=\"application\/ld+json\" class=\"yoast-schema-graph\">{\"@context\":\"https:\\\/\\\/schema.org\",\"@graph\":[{\"@type\":\"WebPage\",\"@id\":\"https:\\\/\\\/xaviergimeno.net\\\/ca\\\/qui-soc\",\"url\":\"https:\\\/\\\/xaviergimeno.net\\\/ca\\\/qui-soc\",\"name\":\"Qui \u00e9s Xavier Gimeno Torrent\",\"isPartOf\":{\"@id\":\"https:\\\/\\\/xaviergimeno.net\\\/#website\"},\"primaryImageOfPage\":{\"@id\":\"https:\\\/\\\/xaviergimeno.net\\\/ca\\\/qui-soc#primaryimage\"},\"image\":{\"@id\":\"https:\\\/\\\/xaviergimeno.net\\\/ca\\\/qui-soc#primaryimage\"},\"thumbnailUrl\":\"https:\\\/\\\/xaviergimeno.net\\\/files\\\/xavi.jpg\",\"datePublished\":\"2010-08-20T22:05:13+00:00\",\"dateModified\":\"2025-01-16T17:13:23+00:00\",\"description\":\"Xavier Gimeno Torrent \u00e9s soci\u00f2leg i investigador independent.\",\"breadcrumb\":{\"@id\":\"https:\\\/\\\/xaviergimeno.net\\\/ca\\\/qui-soc#breadcrumb\"},\"inLanguage\":\"ca\",\"potentialAction\":[{\"@type\":\"ReadAction\",\"target\":[\"https:\\\/\\\/xaviergimeno.net\\\/ca\\\/qui-soc\"]}]},{\"@type\":\"ImageObject\",\"inLanguage\":\"ca\",\"@id\":\"https:\\\/\\\/xaviergimeno.net\\\/ca\\\/qui-soc#primaryimage\",\"url\":\"https:\\\/\\\/xaviergimeno.net\\\/files\\\/xavi.jpg\",\"contentUrl\":\"https:\\\/\\\/xaviergimeno.net\\\/files\\\/xavi.jpg\"},{\"@type\":\"BreadcrumbList\",\"@id\":\"https:\\\/\\\/xaviergimeno.net\\\/ca\\\/qui-soc#breadcrumb\",\"itemListElement\":[{\"@type\":\"ListItem\",\"position\":1,\"name\":\"Home\",\"item\":\"https:\\\/\\\/xaviergimeno.net\\\/ca\"},{\"@type\":\"ListItem\",\"position\":2,\"name\":\"Qui s\u00f3c\"}]},{\"@type\":\"WebSite\",\"@id\":\"https:\\\/\\\/xaviergimeno.net\\\/#website\",\"url\":\"https:\\\/\\\/xaviergimeno.net\\\/\",\"name\":\"Xavier Gimeno Torrent\",\"description\":\"soci\u00f2leg i traductor\",\"potentialAction\":[{\"@type\":\"SearchAction\",\"target\":{\"@type\":\"EntryPoint\",\"urlTemplate\":\"https:\\\/\\\/xaviergimeno.net\\\/?s={search_term_string}\"},\"query-input\":{\"@type\":\"PropertyValueSpecification\",\"valueRequired\":true,\"valueName\":\"search_term_string\"}}],\"inLanguage\":\"ca\"}]}<\/script>\n<!-- \/ Yoast SEO plugin. -->","yoast_head_json":{"title":"Qui \u00e9s Xavier Gimeno Torrent","description":"Xavier Gimeno Torrent \u00e9s soci\u00f2leg i investigador independent.","robots":{"index":"index","follow":"follow","max-snippet":"max-snippet:-1","max-image-preview":"max-image-preview:large","max-video-preview":"max-video-preview:-1"},"canonical":"https:\/\/xaviergimeno.net\/ca\/qui-soc","og_locale":"ca_ES","og_type":"article","og_title":"Qui \u00e9s Xavier Gimeno Torrent","og_description":"Xavier Gimeno Torrent \u00e9s soci\u00f2leg i investigador independent.","og_url":"https:\/\/xaviergimeno.net\/ca\/qui-soc","og_site_name":"Xavier Gimeno Torrent","article_publisher":"https:\/\/www.facebook.com\/XavierGimenoTorrent","article_modified_time":"2025-01-16T17:13:23+00:00","og_image":[{"width":120,"height":120,"url":"https:\/\/xaviergimeno.net\/files\/xavi.jpg","type":"image\/jpeg"}],"twitter_card":"summary_large_image","twitter_site":"@Xavier_Gimeno","twitter_misc":{"Temps estimat de lectura":"2 minuts"},"schema":{"@context":"https:\/\/schema.org","@graph":[{"@type":"WebPage","@id":"https:\/\/xaviergimeno.net\/ca\/qui-soc","url":"https:\/\/xaviergimeno.net\/ca\/qui-soc","name":"Qui \u00e9s Xavier Gimeno Torrent","isPartOf":{"@id":"https:\/\/xaviergimeno.net\/#website"},"primaryImageOfPage":{"@id":"https:\/\/xaviergimeno.net\/ca\/qui-soc#primaryimage"},"image":{"@id":"https:\/\/xaviergimeno.net\/ca\/qui-soc#primaryimage"},"thumbnailUrl":"https:\/\/xaviergimeno.net\/files\/xavi.jpg","datePublished":"2010-08-20T22:05:13+00:00","dateModified":"2025-01-16T17:13:23+00:00","description":"Xavier Gimeno Torrent \u00e9s soci\u00f2leg i investigador independent.","breadcrumb":{"@id":"https:\/\/xaviergimeno.net\/ca\/qui-soc#breadcrumb"},"inLanguage":"ca","potentialAction":[{"@type":"ReadAction","target":["https:\/\/xaviergimeno.net\/ca\/qui-soc"]}]},{"@type":"ImageObject","inLanguage":"ca","@id":"https:\/\/xaviergimeno.net\/ca\/qui-soc#primaryimage","url":"https:\/\/xaviergimeno.net\/files\/xavi.jpg","contentUrl":"https:\/\/xaviergimeno.net\/files\/xavi.jpg"},{"@type":"BreadcrumbList","@id":"https:\/\/xaviergimeno.net\/ca\/qui-soc#breadcrumb","itemListElement":[{"@type":"ListItem","position":1,"name":"Home","item":"https:\/\/xaviergimeno.net\/ca"},{"@type":"ListItem","position":2,"name":"Qui s\u00f3c"}]},{"@type":"WebSite","@id":"https:\/\/xaviergimeno.net\/#website","url":"https:\/\/xaviergimeno.net\/","name":"Xavier Gimeno Torrent","description":"soci\u00f2leg i traductor","potentialAction":[{"@type":"SearchAction","target":{"@type":"EntryPoint","urlTemplate":"https:\/\/xaviergimeno.net\/?s={search_term_string}"},"query-input":{"@type":"PropertyValueSpecification","valueRequired":true,"valueName":"search_term_string"}}],"inLanguage":"ca"}]}},"_links":{"self":[{"href":"https:\/\/xaviergimeno.net\/ca\/wp-json\/wp\/v2\/pages\/4795","targetHints":{"allow":["GET"]}}],"collection":[{"href":"https:\/\/xaviergimeno.net\/ca\/wp-json\/wp\/v2\/pages"}],"about":[{"href":"https:\/\/xaviergimeno.net\/ca\/wp-json\/wp\/v2\/types\/page"}],"author":[{"embeddable":true,"href":"https:\/\/xaviergimeno.net\/ca\/wp-json\/wp\/v2\/users\/3"}],"replies":[{"embeddable":true,"href":"https:\/\/xaviergimeno.net\/ca\/wp-json\/wp\/v2\/comments?post=4795"}],"version-history":[{"count":0,"href":"https:\/\/xaviergimeno.net\/ca\/wp-json\/wp\/v2\/pages\/4795\/revisions"}],"wp:attachment":[{"href":"https:\/\/xaviergimeno.net\/ca\/wp-json\/wp\/v2\/media?parent=4795"}],"curies":[{"name":"wp","href":"https:\/\/api.w.org\/{rel}","templated":true}]}}