{"id":4948,"date":"2010-08-22T17:42:20","date_gmt":"2010-08-22T15:42:20","guid":{"rendered":"https:\/\/www.xaviergimeno.net\/ca\/?page_id=4948"},"modified":"2026-02-18T16:41:34","modified_gmt":"2026-02-18T15:41:34","slug":"capitol-6-mass-persuasion","status":"publish","type":"page","link":"https:\/\/xaviergimeno.net\/ca\/papers\/capitol-6-mass-persuasion","title":{"rendered":"Cap\u00edtol 6 de Mass Persuasion: El context social i cultural de la persuasi\u00f3 de massa"},"content":{"rendered":"<p style=\"text-align: left;\"><em>Cap\u00edtol 6: El context social i cultural de la persuasi\u00f3 de massa de l\u2019obra Mass Persuasion de Robert K. Merton, tradu\u00eft al catal\u00e0 i introdu\u00eft per Xavier Gimeno Torrent. Publicat a Papers: Revista de Sociologia, 2013, volum 98, n\u00famero 1: 177-207.<\/em><\/p>\n<p><i>Mass Persuasion <\/i>\u00e9s el primer estudi a gran escala en qu\u00e8 s\u2019empra el m\u00e8tode de l\u2019entrevista enfocada. El llibre \u00e9s, en aquest sentit, un bon exemple d\u2019\u00fas del m\u00e8tode, aix\u00ed com tamb\u00e9 un cas exemplar de triangulaci\u00f3 de les t\u00e8cniques quantitatives i qualitatives, en un moment en qu\u00e8 el concepte de triangulaci\u00f3 encara no s\u2019havia plantejat expl\u00edcitament. D\u2019altra banda, \u00e9s un dels primers fruits de la col\u2022laboraci\u00f3 que s\u2019estableix entre Paul Felix Lazarsfeld i Robert King Merton quan s\u2019integra en el Bureau of Applied Social Research (BASR) de la Columbia University, on es desenvolupar\u00e0 la major part de la seva traject\u00f2ria cient\u00edfica. \u00c9s una de les obres m\u00e9s importants de Robert Merton sobre els mitjans de comunicaci\u00f3 i tamb\u00e9 un cas paradigm\u00e0tic d\u2019un dels seus treballs m\u00e9s memorables en el camp de la comunicaci\u00f3 de massa, una tem\u00e0tica que va practicar escassament per\u00f2 amb resultats brillants que s\u00f3n del tot reivindicables.<\/p>\n<div class=\"addthis-pagines\">\n<div class=\"a2a_kit a2a_default_style\" data-a2a-icon-color=\"#6C981A\">\n<div class=\"addtoany_shortcode\"><div class=\"a2a_kit a2a_kit_size_32 addtoany_list\" data-a2a-url=\"https:\/\/xaviergimeno.net\/ca\/papers\/capitol-6-mass-persuasion\" data-a2a-title=\"Cap\u00edtol 6 de Mass Persuasion: El context social i cultural de la persuasi\u00f3 de massa\"><a class=\"a2a_button_facebook\" href=\"https:\/\/www.addtoany.com\/add_to\/facebook?linkurl=https%3A%2F%2Fxaviergimeno.net%2Fca%2Fpapers%2Fcapitol-6-mass-persuasion&amp;linkname=Cap%C3%ADtol%206%20de%20Mass%20Persuasion%3A%20El%20context%20social%20i%20cultural%20de%20la%20persuasi%C3%B3%20de%20massa\" title=\"Facebook\" rel=\"nofollow noopener\" target=\"_blank\"><\/a><a class=\"a2a_button_x\" href=\"https:\/\/www.addtoany.com\/add_to\/x?linkurl=https%3A%2F%2Fxaviergimeno.net%2Fca%2Fpapers%2Fcapitol-6-mass-persuasion&amp;linkname=Cap%C3%ADtol%206%20de%20Mass%20Persuasion%3A%20El%20context%20social%20i%20cultural%20de%20la%20persuasi%C3%B3%20de%20massa\" title=\"X\" rel=\"nofollow noopener\" target=\"_blank\"><\/a><a class=\"a2a_button_email\" href=\"https:\/\/www.addtoany.com\/add_to\/email?linkurl=https%3A%2F%2Fxaviergimeno.net%2Fca%2Fpapers%2Fcapitol-6-mass-persuasion&amp;linkname=Cap%C3%ADtol%206%20de%20Mass%20Persuasion%3A%20El%20context%20social%20i%20cultural%20de%20la%20persuasi%C3%B3%20de%20massa\" title=\"Email\" rel=\"nofollow noopener\" target=\"_blank\"><\/a><a class=\"a2a_button_print\" href=\"https:\/\/www.addtoany.com\/add_to\/print?linkurl=https%3A%2F%2Fxaviergimeno.net%2Fca%2Fpapers%2Fcapitol-6-mass-persuasion&amp;linkname=Cap%C3%ADtol%206%20de%20Mass%20Persuasion%3A%20El%20context%20social%20i%20cultural%20de%20la%20persuasi%C3%B3%20de%20massa\" title=\"Print\" rel=\"nofollow noopener\" target=\"_blank\"><\/a><a class=\"a2a_button_printfriendly\" href=\"https:\/\/www.addtoany.com\/add_to\/printfriendly?linkurl=https%3A%2F%2Fxaviergimeno.net%2Fca%2Fpapers%2Fcapitol-6-mass-persuasion&amp;linkname=Cap%C3%ADtol%206%20de%20Mass%20Persuasion%3A%20El%20context%20social%20i%20cultural%20de%20la%20persuasi%C3%B3%20de%20massa\" title=\"PrintFriendly\" rel=\"nofollow noopener\" target=\"_blank\"><\/a><a class=\"a2a_button_mendeley\" href=\"https:\/\/www.addtoany.com\/add_to\/mendeley?linkurl=https%3A%2F%2Fxaviergimeno.net%2Fca%2Fpapers%2Fcapitol-6-mass-persuasion&amp;linkname=Cap%C3%ADtol%206%20de%20Mass%20Persuasion%3A%20El%20context%20social%20i%20cultural%20de%20la%20persuasi%C3%B3%20de%20massa\" title=\"Mendeley\" rel=\"nofollow noopener\" target=\"_blank\"><\/a><a class=\"a2a_dd addtoany_share_save addtoany_share\" href=\"https:\/\/www.addtoany.com\/share\"><\/a><\/div><\/div><a style=\"float: right;\" title=\"Cap\u00edtol 6 de Mass Persuasion: El context social i cultural de la persuasi\u00f3 de massa\" href=\"https:\/\/xaviergimeno.net\/files\/capitol6.pdf\" target=\"_blank\" rel=\"noopener\">Text complet en PDF<\/a>\n<\/div>\n<\/div>\n","protected":false},"excerpt":{"rendered":"<p>Cap\u00edtol 6: El context social i cultural de la persuasi\u00f3 de massa&#8230;<\/p>\n","protected":false},"author":3,"featured_media":0,"parent":4660,"menu_order":11,"comment_status":"closed","ping_status":"closed","template":"template-fullwidth.php","meta":{"_monsterinsights_skip_tracking":false,"_monsterinsights_sitenote_active":false,"_monsterinsights_sitenote_note":"","_monsterinsights_sitenote_category":0,"footnotes":""},"class_list":["post-4948","page","type-page","status-publish","hentry"],"yoast_head":"<!-- This site is optimized with the Yoast SEO plugin v27.4 - https:\/\/yoast.com\/product\/yoast-seo-wordpress\/ -->\n<title>Cap\u00edtol 6 de Mass Persuasion: El context social i cultural<\/title>\n<meta name=\"description\" content=\"Traducci\u00f3 catalana del Cap\u00edtol 6 de l\u2019obra Mass Persuasion de Robert K. Merton.\" \/>\n<meta name=\"robots\" content=\"index, follow, max-snippet:-1, max-image-preview:large, max-video-preview:-1\" \/>\n<link rel=\"canonical\" href=\"https:\/\/xaviergimeno.net\/ca\/papers\/capitol-6-mass-persuasion\" \/>\n<meta property=\"og:locale\" content=\"ca_ES\" \/>\n<meta property=\"og:type\" content=\"article\" \/>\n<meta property=\"og:title\" content=\"Cap\u00edtol 6 de Mass Persuasion: El context social i cultural\" \/>\n<meta property=\"og:description\" content=\"Traducci\u00f3 catalana del Cap\u00edtol 6 de l\u2019obra Mass Persuasion de Robert K. Merton.\" \/>\n<meta property=\"og:url\" content=\"https:\/\/xaviergimeno.net\/ca\/papers\/capitol-6-mass-persuasion\" \/>\n<meta property=\"og:site_name\" content=\"Xavier Gimeno Torrent\" \/>\n<meta property=\"article:publisher\" content=\"https:\/\/www.facebook.com\/XavierGimenoTorrent\" \/>\n<meta property=\"article:modified_time\" content=\"2026-02-18T15:41:34+00:00\" \/>\n<meta name=\"twitter:card\" content=\"summary_large_image\" \/>\n<meta name=\"twitter:site\" content=\"@Xavier_Gimeno\" \/>\n<meta name=\"twitter:label1\" content=\"Temps estimat de lectura\" \/>\n\t<meta name=\"twitter:data1\" content=\"1 minut\" \/>\n<script type=\"application\/ld+json\" class=\"yoast-schema-graph\">{\"@context\":\"https:\\\/\\\/schema.org\",\"@graph\":[{\"@type\":\"WebPage\",\"@id\":\"https:\\\/\\\/xaviergimeno.net\\\/ca\\\/papers\\\/capitol-6-mass-persuasion\",\"url\":\"https:\\\/\\\/xaviergimeno.net\\\/ca\\\/papers\\\/capitol-6-mass-persuasion\",\"name\":\"Cap\u00edtol 6 de Mass Persuasion: El context social i cultural\",\"isPartOf\":{\"@id\":\"https:\\\/\\\/xaviergimeno.net\\\/#website\"},\"datePublished\":\"2010-08-22T15:42:20+00:00\",\"dateModified\":\"2026-02-18T15:41:34+00:00\",\"description\":\"Traducci\u00f3 catalana del Cap\u00edtol 6 de l\u2019obra Mass Persuasion de Robert K. Merton.\",\"breadcrumb\":{\"@id\":\"https:\\\/\\\/xaviergimeno.net\\\/ca\\\/papers\\\/capitol-6-mass-persuasion#breadcrumb\"},\"inLanguage\":\"ca\",\"potentialAction\":[{\"@type\":\"ReadAction\",\"target\":[\"https:\\\/\\\/xaviergimeno.net\\\/ca\\\/papers\\\/capitol-6-mass-persuasion\"]}]},{\"@type\":\"BreadcrumbList\",\"@id\":\"https:\\\/\\\/xaviergimeno.net\\\/ca\\\/papers\\\/capitol-6-mass-persuasion#breadcrumb\",\"itemListElement\":[{\"@type\":\"ListItem\",\"position\":1,\"name\":\"Home\",\"item\":\"https:\\\/\\\/xaviergimeno.net\\\/ca\"},{\"@type\":\"ListItem\",\"position\":2,\"name\":\"Papers\",\"item\":\"https:\\\/\\\/xaviergimeno.net\\\/ca\\\/papers\"},{\"@type\":\"ListItem\",\"position\":3,\"name\":\"Cap\u00edtol 6 de Mass Persuasion: El context social i cultural de la persuasi\u00f3 de massa\"}]},{\"@type\":\"WebSite\",\"@id\":\"https:\\\/\\\/xaviergimeno.net\\\/#website\",\"url\":\"https:\\\/\\\/xaviergimeno.net\\\/\",\"name\":\"Xavier Gimeno Torrent\",\"description\":\"soci\u00f2leg i traductor\",\"potentialAction\":[{\"@type\":\"SearchAction\",\"target\":{\"@type\":\"EntryPoint\",\"urlTemplate\":\"https:\\\/\\\/xaviergimeno.net\\\/?s={search_term_string}\"},\"query-input\":{\"@type\":\"PropertyValueSpecification\",\"valueRequired\":true,\"valueName\":\"search_term_string\"}}],\"inLanguage\":\"ca\"}]}<\/script>\n<!-- \/ Yoast SEO plugin. -->","yoast_head_json":{"title":"Cap\u00edtol 6 de Mass Persuasion: El context social i cultural","description":"Traducci\u00f3 catalana del Cap\u00edtol 6 de l\u2019obra Mass Persuasion de Robert K. Merton.","robots":{"index":"index","follow":"follow","max-snippet":"max-snippet:-1","max-image-preview":"max-image-preview:large","max-video-preview":"max-video-preview:-1"},"canonical":"https:\/\/xaviergimeno.net\/ca\/papers\/capitol-6-mass-persuasion","og_locale":"ca_ES","og_type":"article","og_title":"Cap\u00edtol 6 de Mass Persuasion: El context social i cultural","og_description":"Traducci\u00f3 catalana del Cap\u00edtol 6 de l\u2019obra Mass Persuasion de Robert K. Merton.","og_url":"https:\/\/xaviergimeno.net\/ca\/papers\/capitol-6-mass-persuasion","og_site_name":"Xavier Gimeno Torrent","article_publisher":"https:\/\/www.facebook.com\/XavierGimenoTorrent","article_modified_time":"2026-02-18T15:41:34+00:00","twitter_card":"summary_large_image","twitter_site":"@Xavier_Gimeno","twitter_misc":{"Temps estimat de lectura":"1 minut"},"schema":{"@context":"https:\/\/schema.org","@graph":[{"@type":"WebPage","@id":"https:\/\/xaviergimeno.net\/ca\/papers\/capitol-6-mass-persuasion","url":"https:\/\/xaviergimeno.net\/ca\/papers\/capitol-6-mass-persuasion","name":"Cap\u00edtol 6 de Mass Persuasion: El context social i cultural","isPartOf":{"@id":"https:\/\/xaviergimeno.net\/#website"},"datePublished":"2010-08-22T15:42:20+00:00","dateModified":"2026-02-18T15:41:34+00:00","description":"Traducci\u00f3 catalana del Cap\u00edtol 6 de l\u2019obra Mass Persuasion de Robert K. Merton.","breadcrumb":{"@id":"https:\/\/xaviergimeno.net\/ca\/papers\/capitol-6-mass-persuasion#breadcrumb"},"inLanguage":"ca","potentialAction":[{"@type":"ReadAction","target":["https:\/\/xaviergimeno.net\/ca\/papers\/capitol-6-mass-persuasion"]}]},{"@type":"BreadcrumbList","@id":"https:\/\/xaviergimeno.net\/ca\/papers\/capitol-6-mass-persuasion#breadcrumb","itemListElement":[{"@type":"ListItem","position":1,"name":"Home","item":"https:\/\/xaviergimeno.net\/ca"},{"@type":"ListItem","position":2,"name":"Papers","item":"https:\/\/xaviergimeno.net\/ca\/papers"},{"@type":"ListItem","position":3,"name":"Cap\u00edtol 6 de Mass Persuasion: El context social i cultural de la persuasi\u00f3 de massa"}]},{"@type":"WebSite","@id":"https:\/\/xaviergimeno.net\/#website","url":"https:\/\/xaviergimeno.net\/","name":"Xavier Gimeno Torrent","description":"soci\u00f2leg i traductor","potentialAction":[{"@type":"SearchAction","target":{"@type":"EntryPoint","urlTemplate":"https:\/\/xaviergimeno.net\/?s={search_term_string}"},"query-input":{"@type":"PropertyValueSpecification","valueRequired":true,"valueName":"search_term_string"}}],"inLanguage":"ca"}]}},"_links":{"self":[{"href":"https:\/\/xaviergimeno.net\/ca\/wp-json\/wp\/v2\/pages\/4948","targetHints":{"allow":["GET"]}}],"collection":[{"href":"https:\/\/xaviergimeno.net\/ca\/wp-json\/wp\/v2\/pages"}],"about":[{"href":"https:\/\/xaviergimeno.net\/ca\/wp-json\/wp\/v2\/types\/page"}],"author":[{"embeddable":true,"href":"https:\/\/xaviergimeno.net\/ca\/wp-json\/wp\/v2\/users\/3"}],"replies":[{"embeddable":true,"href":"https:\/\/xaviergimeno.net\/ca\/wp-json\/wp\/v2\/comments?post=4948"}],"version-history":[{"count":0,"href":"https:\/\/xaviergimeno.net\/ca\/wp-json\/wp\/v2\/pages\/4948\/revisions"}],"up":[{"embeddable":true,"href":"https:\/\/xaviergimeno.net\/ca\/wp-json\/wp\/v2\/pages\/4660"}],"wp:attachment":[{"href":"https:\/\/xaviergimeno.net\/ca\/wp-json\/wp\/v2\/media?parent=4948"}],"curies":[{"name":"wp","href":"https:\/\/api.w.org\/{rel}","templated":true}]}}