{"id":4976,"date":"2010-08-22T17:34:12","date_gmt":"2010-08-22T15:34:12","guid":{"rendered":"https:\/\/www.xaviergimeno.net\/ca\/?page_id=4976"},"modified":"2026-02-18T16:38:50","modified_gmt":"2026-02-18T15:38:50","slug":"introduccio-2a-edicio-focused-interview","status":"publish","type":"page","link":"https:\/\/xaviergimeno.net\/ca\/papers\/introduccio-2a-edicio-focused-interview","title":{"rendered":"Introducci\u00f3 a la segona edici\u00f3 de The Focused Interview de Robert K. Merton"},"content":{"rendered":"<p style=\"text-align: left;\"><em>Traducci\u00f3 catalana per Xavier Gimeno Torrent de \u00abThe Focussed Interview and Focus Groups: Continuities and Discontinuities\u00bb de Robert K. Merton. <\/em><em>Publicat a Revista Catalana de Sociologia, 2011, n\u00famero 27: 89-103.<\/em><\/p>\n<p>Han passat m\u00e9s de quaranta anys d\u2019en\u00e7\u00e0 que <i>The Focused Interview<\/i> es va comen\u00e7ar a formular al Bureau of Applied Social Research (BASR), llavors en la seva primera d\u00e8cada d\u2019exist\u00e8ncia a la Universitat de Columbia. En primer lloc, l\u2019informe \u00e9s una guia \u00fatil per entrevistar individualment i en grup, concebuda a partir d\u2019un avan\u00e7at coneixement de les teories de l\u2019intercanvi social i dels requisits cient\u00edfics per recollir dades i contrastar hip\u00f2tesis. Tamb\u00e9 \u00e9s un testimoni de la col\u2022laboraci\u00f3 singularment fruct\u00edfera del fundador del BASR Paul F. Lazarsfeld amb el seu col\u2022lega de tota la vida Robert K. Merton, aix\u00ed com tamb\u00e9 amb Patricia Kendall. Aix\u00ed que, el llibre (i la reveladora nova introducci\u00f3 de Merton) tindr\u00e0 molt inter\u00e8s pels historiadors de les ci\u00e8ncies socials.<\/p>\n<div class=\"addthis-pagines\">\n<div class=\"a2a_kit a2a_default_style\" data-a2a-icon-color=\"#6C981A\">\n<div class=\"addtoany_shortcode\"><div class=\"a2a_kit a2a_kit_size_32 addtoany_list\" data-a2a-url=\"https:\/\/xaviergimeno.net\/ca\/papers\/introduccio-2a-edicio-focused-interview\" data-a2a-title=\"Introducci\u00f3 a la segona edici\u00f3 de The Focused Interview de Robert K. Merton\"><a class=\"a2a_button_facebook\" href=\"https:\/\/www.addtoany.com\/add_to\/facebook?linkurl=https%3A%2F%2Fxaviergimeno.net%2Fca%2Fpapers%2Fintroduccio-2a-edicio-focused-interview&amp;linkname=Introducci%C3%B3%20a%20la%20segona%20edici%C3%B3%20de%20The%20Focused%20Interview%20de%20Robert%20K.%20Merton\" title=\"Facebook\" rel=\"nofollow noopener\" target=\"_blank\"><\/a><a class=\"a2a_button_x\" href=\"https:\/\/www.addtoany.com\/add_to\/x?linkurl=https%3A%2F%2Fxaviergimeno.net%2Fca%2Fpapers%2Fintroduccio-2a-edicio-focused-interview&amp;linkname=Introducci%C3%B3%20a%20la%20segona%20edici%C3%B3%20de%20The%20Focused%20Interview%20de%20Robert%20K.%20Merton\" title=\"X\" rel=\"nofollow noopener\" target=\"_blank\"><\/a><a class=\"a2a_button_email\" href=\"https:\/\/www.addtoany.com\/add_to\/email?linkurl=https%3A%2F%2Fxaviergimeno.net%2Fca%2Fpapers%2Fintroduccio-2a-edicio-focused-interview&amp;linkname=Introducci%C3%B3%20a%20la%20segona%20edici%C3%B3%20de%20The%20Focused%20Interview%20de%20Robert%20K.%20Merton\" title=\"Email\" rel=\"nofollow noopener\" target=\"_blank\"><\/a><a class=\"a2a_button_print\" href=\"https:\/\/www.addtoany.com\/add_to\/print?linkurl=https%3A%2F%2Fxaviergimeno.net%2Fca%2Fpapers%2Fintroduccio-2a-edicio-focused-interview&amp;linkname=Introducci%C3%B3%20a%20la%20segona%20edici%C3%B3%20de%20The%20Focused%20Interview%20de%20Robert%20K.%20Merton\" title=\"Print\" rel=\"nofollow noopener\" target=\"_blank\"><\/a><a class=\"a2a_button_printfriendly\" href=\"https:\/\/www.addtoany.com\/add_to\/printfriendly?linkurl=https%3A%2F%2Fxaviergimeno.net%2Fca%2Fpapers%2Fintroduccio-2a-edicio-focused-interview&amp;linkname=Introducci%C3%B3%20a%20la%20segona%20edici%C3%B3%20de%20The%20Focused%20Interview%20de%20Robert%20K.%20Merton\" title=\"PrintFriendly\" rel=\"nofollow noopener\" target=\"_blank\"><\/a><a class=\"a2a_button_mendeley\" href=\"https:\/\/www.addtoany.com\/add_to\/mendeley?linkurl=https%3A%2F%2Fxaviergimeno.net%2Fca%2Fpapers%2Fintroduccio-2a-edicio-focused-interview&amp;linkname=Introducci%C3%B3%20a%20la%20segona%20edici%C3%B3%20de%20The%20Focused%20Interview%20de%20Robert%20K.%20Merton\" title=\"Mendeley\" rel=\"nofollow noopener\" target=\"_blank\"><\/a><a class=\"a2a_dd addtoany_share_save addtoany_share\" href=\"https:\/\/www.addtoany.com\/share\"><\/a><\/div><\/div><a style=\"float: right;\" title=\"Introducci\u00f3 a la segona edici\u00f3 de The Focused Interview de Robert K. Merton\" href=\"https:\/\/xaviergimeno.net\/files\/focused.pdf\" target=\"_blank\" rel=\"noopener\">Text complet en PDF<\/a><\/div>\n<\/div>\n","protected":false},"excerpt":{"rendered":"<p>Traducci\u00f3 catalana per Xavier Gimeno Torrent de \u00abThe Focussed Interview and Focus&#8230;<\/p>\n","protected":false},"author":3,"featured_media":0,"parent":4660,"menu_order":12,"comment_status":"closed","ping_status":"closed","template":"template-fullwidth.php","meta":{"_monsterinsights_skip_tracking":false,"_monsterinsights_sitenote_active":false,"_monsterinsights_sitenote_note":"","_monsterinsights_sitenote_category":0,"footnotes":""},"class_list":["post-4976","page","type-page","status-publish","hentry"],"yoast_head":"<!-- This site is optimized with the Yoast SEO plugin v27.4 - https:\/\/yoast.com\/product\/yoast-seo-wordpress\/ -->\n<title>Introducci\u00f3 a la segona edici\u00f3 de The Focused Interview<\/title>\n<meta name=\"description\" content=\"Traducci\u00f3 catalana de \u00abThe Focussed Interview and Focus Groups\u00bb de Robert Merton.\" \/>\n<meta name=\"robots\" content=\"index, follow, max-snippet:-1, max-image-preview:large, max-video-preview:-1\" \/>\n<link rel=\"canonical\" href=\"https:\/\/xaviergimeno.net\/ca\/papers\/introduccio-2a-edicio-focused-interview\" \/>\n<meta property=\"og:locale\" content=\"ca_ES\" \/>\n<meta property=\"og:type\" content=\"article\" \/>\n<meta property=\"og:title\" content=\"Introducci\u00f3 a la segona edici\u00f3 de The Focused Interview\" \/>\n<meta property=\"og:description\" content=\"Traducci\u00f3 catalana de \u00abThe Focussed Interview and Focus Groups\u00bb de Robert Merton.\" \/>\n<meta property=\"og:url\" content=\"https:\/\/xaviergimeno.net\/ca\/papers\/introduccio-2a-edicio-focused-interview\" \/>\n<meta property=\"og:site_name\" content=\"Xavier Gimeno Torrent\" \/>\n<meta property=\"article:publisher\" content=\"https:\/\/www.facebook.com\/XavierGimenoTorrent\" \/>\n<meta property=\"article:modified_time\" content=\"2026-02-18T15:38:50+00:00\" \/>\n<meta name=\"twitter:card\" content=\"summary_large_image\" \/>\n<meta name=\"twitter:site\" content=\"@Xavier_Gimeno\" \/>\n<meta name=\"twitter:label1\" content=\"Temps estimat de lectura\" \/>\n\t<meta name=\"twitter:data1\" content=\"1 minut\" \/>\n<script type=\"application\/ld+json\" class=\"yoast-schema-graph\">{\"@context\":\"https:\\\/\\\/schema.org\",\"@graph\":[{\"@type\":\"WebPage\",\"@id\":\"https:\\\/\\\/xaviergimeno.net\\\/ca\\\/papers\\\/introduccio-2a-edicio-focused-interview\",\"url\":\"https:\\\/\\\/xaviergimeno.net\\\/ca\\\/papers\\\/introduccio-2a-edicio-focused-interview\",\"name\":\"Introducci\u00f3 a la segona edici\u00f3 de The Focused Interview\",\"isPartOf\":{\"@id\":\"https:\\\/\\\/xaviergimeno.net\\\/#website\"},\"datePublished\":\"2010-08-22T15:34:12+00:00\",\"dateModified\":\"2026-02-18T15:38:50+00:00\",\"description\":\"Traducci\u00f3 catalana de \u00abThe Focussed Interview and Focus Groups\u00bb de Robert Merton.\",\"breadcrumb\":{\"@id\":\"https:\\\/\\\/xaviergimeno.net\\\/ca\\\/papers\\\/introduccio-2a-edicio-focused-interview#breadcrumb\"},\"inLanguage\":\"ca\",\"potentialAction\":[{\"@type\":\"ReadAction\",\"target\":[\"https:\\\/\\\/xaviergimeno.net\\\/ca\\\/papers\\\/introduccio-2a-edicio-focused-interview\"]}]},{\"@type\":\"BreadcrumbList\",\"@id\":\"https:\\\/\\\/xaviergimeno.net\\\/ca\\\/papers\\\/introduccio-2a-edicio-focused-interview#breadcrumb\",\"itemListElement\":[{\"@type\":\"ListItem\",\"position\":1,\"name\":\"Home\",\"item\":\"https:\\\/\\\/xaviergimeno.net\\\/ca\"},{\"@type\":\"ListItem\",\"position\":2,\"name\":\"Papers\",\"item\":\"https:\\\/\\\/xaviergimeno.net\\\/ca\\\/papers\"},{\"@type\":\"ListItem\",\"position\":3,\"name\":\"Introducci\u00f3 a la segona edici\u00f3 de The Focused Interview de Robert K. Merton\"}]},{\"@type\":\"WebSite\",\"@id\":\"https:\\\/\\\/xaviergimeno.net\\\/#website\",\"url\":\"https:\\\/\\\/xaviergimeno.net\\\/\",\"name\":\"Xavier Gimeno Torrent\",\"description\":\"soci\u00f2leg i traductor\",\"potentialAction\":[{\"@type\":\"SearchAction\",\"target\":{\"@type\":\"EntryPoint\",\"urlTemplate\":\"https:\\\/\\\/xaviergimeno.net\\\/?s={search_term_string}\"},\"query-input\":{\"@type\":\"PropertyValueSpecification\",\"valueRequired\":true,\"valueName\":\"search_term_string\"}}],\"inLanguage\":\"ca\"}]}<\/script>\n<!-- \/ Yoast SEO plugin. -->","yoast_head_json":{"title":"Introducci\u00f3 a la segona edici\u00f3 de The Focused Interview","description":"Traducci\u00f3 catalana de \u00abThe Focussed Interview and Focus Groups\u00bb de Robert Merton.","robots":{"index":"index","follow":"follow","max-snippet":"max-snippet:-1","max-image-preview":"max-image-preview:large","max-video-preview":"max-video-preview:-1"},"canonical":"https:\/\/xaviergimeno.net\/ca\/papers\/introduccio-2a-edicio-focused-interview","og_locale":"ca_ES","og_type":"article","og_title":"Introducci\u00f3 a la segona edici\u00f3 de The Focused Interview","og_description":"Traducci\u00f3 catalana de \u00abThe Focussed Interview and Focus Groups\u00bb de Robert Merton.","og_url":"https:\/\/xaviergimeno.net\/ca\/papers\/introduccio-2a-edicio-focused-interview","og_site_name":"Xavier Gimeno Torrent","article_publisher":"https:\/\/www.facebook.com\/XavierGimenoTorrent","article_modified_time":"2026-02-18T15:38:50+00:00","twitter_card":"summary_large_image","twitter_site":"@Xavier_Gimeno","twitter_misc":{"Temps estimat de lectura":"1 minut"},"schema":{"@context":"https:\/\/schema.org","@graph":[{"@type":"WebPage","@id":"https:\/\/xaviergimeno.net\/ca\/papers\/introduccio-2a-edicio-focused-interview","url":"https:\/\/xaviergimeno.net\/ca\/papers\/introduccio-2a-edicio-focused-interview","name":"Introducci\u00f3 a la segona edici\u00f3 de The Focused Interview","isPartOf":{"@id":"https:\/\/xaviergimeno.net\/#website"},"datePublished":"2010-08-22T15:34:12+00:00","dateModified":"2026-02-18T15:38:50+00:00","description":"Traducci\u00f3 catalana de \u00abThe Focussed Interview and Focus Groups\u00bb de Robert Merton.","breadcrumb":{"@id":"https:\/\/xaviergimeno.net\/ca\/papers\/introduccio-2a-edicio-focused-interview#breadcrumb"},"inLanguage":"ca","potentialAction":[{"@type":"ReadAction","target":["https:\/\/xaviergimeno.net\/ca\/papers\/introduccio-2a-edicio-focused-interview"]}]},{"@type":"BreadcrumbList","@id":"https:\/\/xaviergimeno.net\/ca\/papers\/introduccio-2a-edicio-focused-interview#breadcrumb","itemListElement":[{"@type":"ListItem","position":1,"name":"Home","item":"https:\/\/xaviergimeno.net\/ca"},{"@type":"ListItem","position":2,"name":"Papers","item":"https:\/\/xaviergimeno.net\/ca\/papers"},{"@type":"ListItem","position":3,"name":"Introducci\u00f3 a la segona edici\u00f3 de The Focused Interview de Robert K. Merton"}]},{"@type":"WebSite","@id":"https:\/\/xaviergimeno.net\/#website","url":"https:\/\/xaviergimeno.net\/","name":"Xavier Gimeno Torrent","description":"soci\u00f2leg i traductor","potentialAction":[{"@type":"SearchAction","target":{"@type":"EntryPoint","urlTemplate":"https:\/\/xaviergimeno.net\/?s={search_term_string}"},"query-input":{"@type":"PropertyValueSpecification","valueRequired":true,"valueName":"search_term_string"}}],"inLanguage":"ca"}]}},"_links":{"self":[{"href":"https:\/\/xaviergimeno.net\/ca\/wp-json\/wp\/v2\/pages\/4976","targetHints":{"allow":["GET"]}}],"collection":[{"href":"https:\/\/xaviergimeno.net\/ca\/wp-json\/wp\/v2\/pages"}],"about":[{"href":"https:\/\/xaviergimeno.net\/ca\/wp-json\/wp\/v2\/types\/page"}],"author":[{"embeddable":true,"href":"https:\/\/xaviergimeno.net\/ca\/wp-json\/wp\/v2\/users\/3"}],"replies":[{"embeddable":true,"href":"https:\/\/xaviergimeno.net\/ca\/wp-json\/wp\/v2\/comments?post=4976"}],"version-history":[{"count":0,"href":"https:\/\/xaviergimeno.net\/ca\/wp-json\/wp\/v2\/pages\/4976\/revisions"}],"up":[{"embeddable":true,"href":"https:\/\/xaviergimeno.net\/ca\/wp-json\/wp\/v2\/pages\/4660"}],"wp:attachment":[{"href":"https:\/\/xaviergimeno.net\/ca\/wp-json\/wp\/v2\/media?parent=4976"}],"curies":[{"name":"wp","href":"https:\/\/api.w.org\/{rel}","templated":true}]}}