{"id":5005,"date":"2011-03-24T12:31:04","date_gmt":"2011-03-24T11:31:04","guid":{"rendered":"https:\/\/www.xaviergimeno.net\/ca\/?page_id=5005"},"modified":"2026-02-18T16:35:55","modified_gmt":"2026-02-18T15:35:55","slug":"polititzacio-camp-sociologic-catalunya","status":"publish","type":"page","link":"https:\/\/xaviergimeno.net\/ca\/papers\/polititzacio-camp-sociologic-catalunya","title":{"rendered":"La polititzaci\u00f3 del camp sociol\u00f2gic a Catalunya: un indicador estructural comparatiu"},"content":{"rendered":"<p style=\"text-align: left;\"><em>Comunicaci\u00f3 presentada al IV Congr\u00e9s Catal\u00e0 de Joves Soci\u00f2legs, Bellaterra, 2011.<\/em><\/p>\n<p style=\"text-align: left;\">Objectiu: La comunicaci\u00f3 s\u2019emmarca dins del programa de recerca sobre l\u2019estudi de la institucionalitzaci\u00f3 de la sociologia i \u00e9s un primer intent d\u2019establir un model anal\u00edtic i un sistema d\u2019hip\u00f2tesis per investigar el fenomen de la polititzaci\u00f3 de la sociologia catalana. M\u00e8tode: En aquest sentit s\u2019han elaborat dues bases de dades, una de soci\u00f2legs (409 registres v\u00e0lids) i una altra de polit\u00f2legs (131 registres v\u00e0lids), per tal de, comparant-les, elaborar un primer indicador estructural comparatiu de polititzaci\u00f3 del camp. El treball es recolza en antecedents proposats per Franck Poupeau, Pierre Bourdieu i Raimon Bonal i fuig de les alternatives subjectivistes, ja que el punt de vista adoptat va m\u00e9s enll\u00e0 de les actituds, motivacions i posicionaments individuals. Resultats: Palesen que les relacions que el camp sociol\u00f2gic estableix amb l\u2019\u00e0mbit de l\u2019Estat i, per tant, amb el poder pol\u00edtic s\u00f3n id\u00e8ntiques a les que estableix amb el camp de la ci\u00e8ncia pol\u00edtica: el 48% dels soci\u00f2legs de la mostra i el 47% de polit\u00f2legs treballen per l\u2019Estat. Un resultat que convida a aprofundir en l\u2019estudi de les relacions que el camp sociol\u00f2gic estableix amb el poder pol\u00edtic.<\/p>\n<div class=\"addthis-pagines\">\n<div class=\"a2a_kit a2a_default_style\" data-a2a-icon-color=\"#6C981A\">\n<div class=\"addtoany_shortcode\"><div class=\"a2a_kit a2a_kit_size_32 addtoany_list\" data-a2a-url=\"https:\/\/xaviergimeno.net\/ca\/papers\/polititzacio-camp-sociologic-catalunya\" data-a2a-title=\"La polititzaci\u00f3 del camp sociol\u00f2gic a Catalunya: un indicador estructural comparatiu\"><a class=\"a2a_button_facebook\" href=\"https:\/\/www.addtoany.com\/add_to\/facebook?linkurl=https%3A%2F%2Fxaviergimeno.net%2Fca%2Fpapers%2Fpolititzacio-camp-sociologic-catalunya&amp;linkname=La%20polititzaci%C3%B3%20del%20camp%20sociol%C3%B2gic%20a%20Catalunya%3A%20un%20indicador%20estructural%20comparatiu\" title=\"Facebook\" rel=\"nofollow noopener\" target=\"_blank\"><\/a><a class=\"a2a_button_x\" href=\"https:\/\/www.addtoany.com\/add_to\/x?linkurl=https%3A%2F%2Fxaviergimeno.net%2Fca%2Fpapers%2Fpolititzacio-camp-sociologic-catalunya&amp;linkname=La%20polititzaci%C3%B3%20del%20camp%20sociol%C3%B2gic%20a%20Catalunya%3A%20un%20indicador%20estructural%20comparatiu\" title=\"X\" rel=\"nofollow noopener\" target=\"_blank\"><\/a><a class=\"a2a_button_email\" href=\"https:\/\/www.addtoany.com\/add_to\/email?linkurl=https%3A%2F%2Fxaviergimeno.net%2Fca%2Fpapers%2Fpolititzacio-camp-sociologic-catalunya&amp;linkname=La%20polititzaci%C3%B3%20del%20camp%20sociol%C3%B2gic%20a%20Catalunya%3A%20un%20indicador%20estructural%20comparatiu\" title=\"Email\" rel=\"nofollow noopener\" target=\"_blank\"><\/a><a class=\"a2a_button_print\" href=\"https:\/\/www.addtoany.com\/add_to\/print?linkurl=https%3A%2F%2Fxaviergimeno.net%2Fca%2Fpapers%2Fpolititzacio-camp-sociologic-catalunya&amp;linkname=La%20polititzaci%C3%B3%20del%20camp%20sociol%C3%B2gic%20a%20Catalunya%3A%20un%20indicador%20estructural%20comparatiu\" title=\"Print\" rel=\"nofollow noopener\" target=\"_blank\"><\/a><a class=\"a2a_button_printfriendly\" href=\"https:\/\/www.addtoany.com\/add_to\/printfriendly?linkurl=https%3A%2F%2Fxaviergimeno.net%2Fca%2Fpapers%2Fpolititzacio-camp-sociologic-catalunya&amp;linkname=La%20polititzaci%C3%B3%20del%20camp%20sociol%C3%B2gic%20a%20Catalunya%3A%20un%20indicador%20estructural%20comparatiu\" title=\"PrintFriendly\" rel=\"nofollow noopener\" target=\"_blank\"><\/a><a class=\"a2a_button_mendeley\" href=\"https:\/\/www.addtoany.com\/add_to\/mendeley?linkurl=https%3A%2F%2Fxaviergimeno.net%2Fca%2Fpapers%2Fpolititzacio-camp-sociologic-catalunya&amp;linkname=La%20polititzaci%C3%B3%20del%20camp%20sociol%C3%B2gic%20a%20Catalunya%3A%20un%20indicador%20estructural%20comparatiu\" title=\"Mendeley\" rel=\"nofollow noopener\" target=\"_blank\"><\/a><a class=\"a2a_dd addtoany_share_save addtoany_share\" href=\"https:\/\/www.addtoany.com\/share\"><\/a><\/div><\/div><a style=\"float: right;\" title=\"La polititzaci\u00f3 del camp sociol\u00f2gic a Catalunya: un indicador estructural comparatiu\" href=\"https:\/\/xaviergimeno.net\/files\/comunijs.pdf\" target=\"_blank\" rel=\"noopener\">Text complet en PDF<\/a><\/div>\n<\/div>\n","protected":false},"excerpt":{"rendered":"<p>Comunicaci\u00f3 presentada al IV Congr\u00e9s Catal\u00e0 de Joves Soci\u00f2legs, Bellaterra, 2011. Objectiu:&#8230;<\/p>\n","protected":false},"author":3,"featured_media":0,"parent":4660,"menu_order":13,"comment_status":"closed","ping_status":"closed","template":"template-fullwidth.php","meta":{"_monsterinsights_skip_tracking":false,"_monsterinsights_sitenote_active":false,"_monsterinsights_sitenote_note":"","_monsterinsights_sitenote_category":0,"footnotes":""},"class_list":["post-5005","page","type-page","status-publish","hentry"],"yoast_head":"<!-- This site is optimized with the Yoast SEO plugin v27.4 - https:\/\/yoast.com\/product\/yoast-seo-wordpress\/ -->\n<title>La polititzaci\u00f3 del camp sociol\u00f2gic a Catalunya<\/title>\n<meta name=\"description\" content=\"Esb\u00f3s preliminar d&#039;indicador estructural de polititzaci\u00f3 del camp sociol\u00f2gic a Catalunya.\" \/>\n<meta name=\"robots\" content=\"index, follow, max-snippet:-1, max-image-preview:large, max-video-preview:-1\" \/>\n<link rel=\"canonical\" href=\"https:\/\/xaviergimeno.net\/ca\/papers\/polititzacio-camp-sociologic-catalunya\" \/>\n<meta property=\"og:locale\" content=\"ca_ES\" \/>\n<meta property=\"og:type\" content=\"article\" \/>\n<meta property=\"og:title\" content=\"La polititzaci\u00f3 del camp sociol\u00f2gic a Catalunya\" \/>\n<meta property=\"og:description\" content=\"Esb\u00f3s preliminar d&#039;indicador estructural de polititzaci\u00f3 del camp sociol\u00f2gic a Catalunya.\" \/>\n<meta property=\"og:url\" content=\"https:\/\/xaviergimeno.net\/ca\/papers\/polititzacio-camp-sociologic-catalunya\" \/>\n<meta property=\"og:site_name\" content=\"Xavier Gimeno Torrent\" \/>\n<meta property=\"article:publisher\" content=\"https:\/\/www.facebook.com\/XavierGimenoTorrent\" \/>\n<meta property=\"article:modified_time\" content=\"2026-02-18T15:35:55+00:00\" \/>\n<meta name=\"twitter:card\" content=\"summary_large_image\" \/>\n<meta name=\"twitter:site\" content=\"@Xavier_Gimeno\" \/>\n<meta name=\"twitter:label1\" content=\"Temps estimat de lectura\" \/>\n\t<meta name=\"twitter:data1\" content=\"1 minut\" \/>\n<script type=\"application\/ld+json\" class=\"yoast-schema-graph\">{\"@context\":\"https:\\\/\\\/schema.org\",\"@graph\":[{\"@type\":\"WebPage\",\"@id\":\"https:\\\/\\\/xaviergimeno.net\\\/ca\\\/papers\\\/polititzacio-camp-sociologic-catalunya\",\"url\":\"https:\\\/\\\/xaviergimeno.net\\\/ca\\\/papers\\\/polititzacio-camp-sociologic-catalunya\",\"name\":\"La polititzaci\u00f3 del camp sociol\u00f2gic a Catalunya\",\"isPartOf\":{\"@id\":\"https:\\\/\\\/xaviergimeno.net\\\/#website\"},\"datePublished\":\"2011-03-24T11:31:04+00:00\",\"dateModified\":\"2026-02-18T15:35:55+00:00\",\"description\":\"Esb\u00f3s preliminar d'indicador estructural de polititzaci\u00f3 del camp sociol\u00f2gic a Catalunya.\",\"breadcrumb\":{\"@id\":\"https:\\\/\\\/xaviergimeno.net\\\/ca\\\/papers\\\/polititzacio-camp-sociologic-catalunya#breadcrumb\"},\"inLanguage\":\"ca\",\"potentialAction\":[{\"@type\":\"ReadAction\",\"target\":[\"https:\\\/\\\/xaviergimeno.net\\\/ca\\\/papers\\\/polititzacio-camp-sociologic-catalunya\"]}]},{\"@type\":\"BreadcrumbList\",\"@id\":\"https:\\\/\\\/xaviergimeno.net\\\/ca\\\/papers\\\/polititzacio-camp-sociologic-catalunya#breadcrumb\",\"itemListElement\":[{\"@type\":\"ListItem\",\"position\":1,\"name\":\"Home\",\"item\":\"https:\\\/\\\/xaviergimeno.net\\\/ca\"},{\"@type\":\"ListItem\",\"position\":2,\"name\":\"Papers\",\"item\":\"https:\\\/\\\/xaviergimeno.net\\\/ca\\\/papers\"},{\"@type\":\"ListItem\",\"position\":3,\"name\":\"La polititzaci\u00f3 del camp sociol\u00f2gic a Catalunya: un indicador estructural comparatiu\"}]},{\"@type\":\"WebSite\",\"@id\":\"https:\\\/\\\/xaviergimeno.net\\\/#website\",\"url\":\"https:\\\/\\\/xaviergimeno.net\\\/\",\"name\":\"Xavier Gimeno Torrent\",\"description\":\"soci\u00f2leg i traductor\",\"potentialAction\":[{\"@type\":\"SearchAction\",\"target\":{\"@type\":\"EntryPoint\",\"urlTemplate\":\"https:\\\/\\\/xaviergimeno.net\\\/?s={search_term_string}\"},\"query-input\":{\"@type\":\"PropertyValueSpecification\",\"valueRequired\":true,\"valueName\":\"search_term_string\"}}],\"inLanguage\":\"ca\"}]}<\/script>\n<!-- \/ Yoast SEO plugin. -->","yoast_head_json":{"title":"La polititzaci\u00f3 del camp sociol\u00f2gic a Catalunya","description":"Esb\u00f3s preliminar d'indicador estructural de polititzaci\u00f3 del camp sociol\u00f2gic a Catalunya.","robots":{"index":"index","follow":"follow","max-snippet":"max-snippet:-1","max-image-preview":"max-image-preview:large","max-video-preview":"max-video-preview:-1"},"canonical":"https:\/\/xaviergimeno.net\/ca\/papers\/polititzacio-camp-sociologic-catalunya","og_locale":"ca_ES","og_type":"article","og_title":"La polititzaci\u00f3 del camp sociol\u00f2gic a Catalunya","og_description":"Esb\u00f3s preliminar d'indicador estructural de polititzaci\u00f3 del camp sociol\u00f2gic a Catalunya.","og_url":"https:\/\/xaviergimeno.net\/ca\/papers\/polititzacio-camp-sociologic-catalunya","og_site_name":"Xavier Gimeno Torrent","article_publisher":"https:\/\/www.facebook.com\/XavierGimenoTorrent","article_modified_time":"2026-02-18T15:35:55+00:00","twitter_card":"summary_large_image","twitter_site":"@Xavier_Gimeno","twitter_misc":{"Temps estimat de lectura":"1 minut"},"schema":{"@context":"https:\/\/schema.org","@graph":[{"@type":"WebPage","@id":"https:\/\/xaviergimeno.net\/ca\/papers\/polititzacio-camp-sociologic-catalunya","url":"https:\/\/xaviergimeno.net\/ca\/papers\/polititzacio-camp-sociologic-catalunya","name":"La polititzaci\u00f3 del camp sociol\u00f2gic a Catalunya","isPartOf":{"@id":"https:\/\/xaviergimeno.net\/#website"},"datePublished":"2011-03-24T11:31:04+00:00","dateModified":"2026-02-18T15:35:55+00:00","description":"Esb\u00f3s preliminar d'indicador estructural de polititzaci\u00f3 del camp sociol\u00f2gic a Catalunya.","breadcrumb":{"@id":"https:\/\/xaviergimeno.net\/ca\/papers\/polititzacio-camp-sociologic-catalunya#breadcrumb"},"inLanguage":"ca","potentialAction":[{"@type":"ReadAction","target":["https:\/\/xaviergimeno.net\/ca\/papers\/polititzacio-camp-sociologic-catalunya"]}]},{"@type":"BreadcrumbList","@id":"https:\/\/xaviergimeno.net\/ca\/papers\/polititzacio-camp-sociologic-catalunya#breadcrumb","itemListElement":[{"@type":"ListItem","position":1,"name":"Home","item":"https:\/\/xaviergimeno.net\/ca"},{"@type":"ListItem","position":2,"name":"Papers","item":"https:\/\/xaviergimeno.net\/ca\/papers"},{"@type":"ListItem","position":3,"name":"La polititzaci\u00f3 del camp sociol\u00f2gic a Catalunya: un indicador estructural comparatiu"}]},{"@type":"WebSite","@id":"https:\/\/xaviergimeno.net\/#website","url":"https:\/\/xaviergimeno.net\/","name":"Xavier Gimeno Torrent","description":"soci\u00f2leg i traductor","potentialAction":[{"@type":"SearchAction","target":{"@type":"EntryPoint","urlTemplate":"https:\/\/xaviergimeno.net\/?s={search_term_string}"},"query-input":{"@type":"PropertyValueSpecification","valueRequired":true,"valueName":"search_term_string"}}],"inLanguage":"ca"}]}},"_links":{"self":[{"href":"https:\/\/xaviergimeno.net\/ca\/wp-json\/wp\/v2\/pages\/5005","targetHints":{"allow":["GET"]}}],"collection":[{"href":"https:\/\/xaviergimeno.net\/ca\/wp-json\/wp\/v2\/pages"}],"about":[{"href":"https:\/\/xaviergimeno.net\/ca\/wp-json\/wp\/v2\/types\/page"}],"author":[{"embeddable":true,"href":"https:\/\/xaviergimeno.net\/ca\/wp-json\/wp\/v2\/users\/3"}],"replies":[{"embeddable":true,"href":"https:\/\/xaviergimeno.net\/ca\/wp-json\/wp\/v2\/comments?post=5005"}],"version-history":[{"count":0,"href":"https:\/\/xaviergimeno.net\/ca\/wp-json\/wp\/v2\/pages\/5005\/revisions"}],"up":[{"embeddable":true,"href":"https:\/\/xaviergimeno.net\/ca\/wp-json\/wp\/v2\/pages\/4660"}],"wp:attachment":[{"href":"https:\/\/xaviergimeno.net\/ca\/wp-json\/wp\/v2\/media?parent=5005"}],"curies":[{"name":"wp","href":"https:\/\/api.w.org\/{rel}","templated":true}]}}