{"id":5045,"date":"2010-11-11T16:43:16","date_gmt":"2010-11-11T15:43:16","guid":{"rendered":"https:\/\/www.xaviergimeno.net\/ca\/?page_id=5045"},"modified":"2026-02-18T16:26:08","modified_gmt":"2026-02-18T15:26:08","slug":"estudi-institucionalitzacio-sociologia-ii-castella","status":"publish","type":"page","link":"https:\/\/xaviergimeno.net\/ca\/papers\/estudi-institucionalitzacio-sociologia-ii-castella","title":{"rendered":"L\u2019estudi de la institucionalitzaci\u00f3 de la sociologia a Catalunya (II): un model d\u2019an\u00e0lisi i un sistema d\u2019hip\u00f2tesis (traducci\u00f3 castellana)"},"content":{"rendered":"<p style=\"text-align: left;\"><em>Publicat a Revista Catalana de Sociologia, 2010, n\u00famero 25: 75-83.<\/em><\/p>\n<p style=\"text-align: left;\">Tota recerca parteix de preguntes que es dirigeixen des d\u2019alguna posici\u00f3 que condiciona el punt de vista a trav\u00e9s del qual s\u00f3n formulades. Partint d\u2019aquesta hip\u00f2tesi, cl\u00e0ssica de la sociologia del coneixement, aquest escrit intenta suggerir algunes possibles direccions a considerar en emprendre l\u2019estudi de la institucionalitzaci\u00f3 de la sociologia a Catalunya. I, molt especialment, en fer-ho, pret\u00e9n fomentar el debat a l\u2019entorn d\u2019aquest tema per part de la comunitat sociol\u00f2gica, de manera que aquesta contribuci\u00f3 pugui resultar enriquida gr\u00e0cies a les aportacions de tots aquells i totes aquelles que, des de perspectives diferents i potser amb inquietuds diferents a l\u2019entorn de la mateixa q\u00fcesti\u00f3, no vegin del tot o gens representat el seu punt de vista en aquest treball.<\/p>\n<div class=\"addthis-pagines\">\n<div class=\"a2a_kit a2a_default_style\" data-a2a-icon-color=\"#6C981A\">\n<div class=\"addtoany_shortcode\"><div class=\"a2a_kit a2a_kit_size_32 addtoany_list\" data-a2a-url=\"https:\/\/xaviergimeno.net\/ca\/papers\/estudi-institucionalitzacio-sociologia-ii-castella\" data-a2a-title=\"L\u2019estudi de la institucionalitzaci\u00f3 de la sociologia a Catalunya (II): un model d\u2019an\u00e0lisi i un sistema d\u2019hip\u00f2tesis (traducci\u00f3 castellana)\"><a class=\"a2a_button_facebook\" href=\"https:\/\/www.addtoany.com\/add_to\/facebook?linkurl=https%3A%2F%2Fxaviergimeno.net%2Fca%2Fpapers%2Festudi-institucionalitzacio-sociologia-ii-castella&amp;linkname=L%E2%80%99estudi%20de%20la%20institucionalitzaci%C3%B3%20de%20la%20sociologia%20a%20Catalunya%20%28II%29%3A%20un%20model%20d%E2%80%99an%C3%A0lisi%20i%20un%20sistema%20d%E2%80%99hip%C3%B2tesis%20%28traducci%C3%B3%20castellana%29\" title=\"Facebook\" rel=\"nofollow noopener\" target=\"_blank\"><\/a><a class=\"a2a_button_x\" href=\"https:\/\/www.addtoany.com\/add_to\/x?linkurl=https%3A%2F%2Fxaviergimeno.net%2Fca%2Fpapers%2Festudi-institucionalitzacio-sociologia-ii-castella&amp;linkname=L%E2%80%99estudi%20de%20la%20institucionalitzaci%C3%B3%20de%20la%20sociologia%20a%20Catalunya%20%28II%29%3A%20un%20model%20d%E2%80%99an%C3%A0lisi%20i%20un%20sistema%20d%E2%80%99hip%C3%B2tesis%20%28traducci%C3%B3%20castellana%29\" title=\"X\" rel=\"nofollow noopener\" target=\"_blank\"><\/a><a class=\"a2a_button_email\" href=\"https:\/\/www.addtoany.com\/add_to\/email?linkurl=https%3A%2F%2Fxaviergimeno.net%2Fca%2Fpapers%2Festudi-institucionalitzacio-sociologia-ii-castella&amp;linkname=L%E2%80%99estudi%20de%20la%20institucionalitzaci%C3%B3%20de%20la%20sociologia%20a%20Catalunya%20%28II%29%3A%20un%20model%20d%E2%80%99an%C3%A0lisi%20i%20un%20sistema%20d%E2%80%99hip%C3%B2tesis%20%28traducci%C3%B3%20castellana%29\" title=\"Email\" rel=\"nofollow noopener\" target=\"_blank\"><\/a><a class=\"a2a_button_print\" href=\"https:\/\/www.addtoany.com\/add_to\/print?linkurl=https%3A%2F%2Fxaviergimeno.net%2Fca%2Fpapers%2Festudi-institucionalitzacio-sociologia-ii-castella&amp;linkname=L%E2%80%99estudi%20de%20la%20institucionalitzaci%C3%B3%20de%20la%20sociologia%20a%20Catalunya%20%28II%29%3A%20un%20model%20d%E2%80%99an%C3%A0lisi%20i%20un%20sistema%20d%E2%80%99hip%C3%B2tesis%20%28traducci%C3%B3%20castellana%29\" title=\"Print\" rel=\"nofollow noopener\" target=\"_blank\"><\/a><a class=\"a2a_button_printfriendly\" href=\"https:\/\/www.addtoany.com\/add_to\/printfriendly?linkurl=https%3A%2F%2Fxaviergimeno.net%2Fca%2Fpapers%2Festudi-institucionalitzacio-sociologia-ii-castella&amp;linkname=L%E2%80%99estudi%20de%20la%20institucionalitzaci%C3%B3%20de%20la%20sociologia%20a%20Catalunya%20%28II%29%3A%20un%20model%20d%E2%80%99an%C3%A0lisi%20i%20un%20sistema%20d%E2%80%99hip%C3%B2tesis%20%28traducci%C3%B3%20castellana%29\" title=\"PrintFriendly\" rel=\"nofollow noopener\" target=\"_blank\"><\/a><a class=\"a2a_button_mendeley\" href=\"https:\/\/www.addtoany.com\/add_to\/mendeley?linkurl=https%3A%2F%2Fxaviergimeno.net%2Fca%2Fpapers%2Festudi-institucionalitzacio-sociologia-ii-castella&amp;linkname=L%E2%80%99estudi%20de%20la%20institucionalitzaci%C3%B3%20de%20la%20sociologia%20a%20Catalunya%20%28II%29%3A%20un%20model%20d%E2%80%99an%C3%A0lisi%20i%20un%20sistema%20d%E2%80%99hip%C3%B2tesis%20%28traducci%C3%B3%20castellana%29\" title=\"Mendeley\" rel=\"nofollow noopener\" target=\"_blank\"><\/a><a class=\"a2a_dd addtoany_share_save addtoany_share\" href=\"https:\/\/www.addtoany.com\/share\"><\/a><\/div><\/div><a style=\"float: right;\" title=\"L\u2019estudi de la institucionalitzaci\u00f3 de la sociologia a Catalunya (II): un model d\u2019an\u00e0lisi i un sistema d\u2019hip\u00f2tesis (traducci\u00f3 castellana)\" href=\"https:\/\/xaviergimeno.net\/files\/estudio2.pdf\" target=\"_blank\" rel=\"noopener\">Text complet en PDF<\/a><\/div>\n<\/div>\n","protected":false},"excerpt":{"rendered":"<p>Publicat a Revista Catalana de Sociologia, 2010, n\u00famero 25: 75-83. Tota recerca&#8230;<\/p>\n","protected":false},"author":3,"featured_media":0,"parent":4660,"menu_order":16,"comment_status":"closed","ping_status":"closed","template":"template-fullwidth.php","meta":{"_monsterinsights_skip_tracking":false,"_monsterinsights_sitenote_active":false,"_monsterinsights_sitenote_note":"","_monsterinsights_sitenote_category":0,"footnotes":""},"class_list":["post-5045","page","type-page","status-publish","hentry"],"yoast_head":"<!-- This site is optimized with the Yoast SEO plugin v27.4 - https:\/\/yoast.com\/product\/yoast-seo-wordpress\/ -->\n<title>L\u2019estudi de la institucionalitzaci\u00f3 de la sociologia a Catalunya (II)<\/title>\n<meta name=\"description\" content=\"Article sobre l&#039;estudi de la institucionalitzaci\u00f3 de la sociologia a Catalunya. Tradu\u00eft al castell\u00e0 a partir de l&#039;original en catal\u00e0.\" \/>\n<meta name=\"robots\" content=\"index, follow, max-snippet:-1, max-image-preview:large, max-video-preview:-1\" \/>\n<link rel=\"canonical\" href=\"https:\/\/xaviergimeno.net\/ca\/papers\/estudi-institucionalitzacio-sociologia-ii-castella\" \/>\n<meta property=\"og:locale\" content=\"ca_ES\" \/>\n<meta property=\"og:type\" content=\"article\" \/>\n<meta property=\"og:title\" content=\"L\u2019estudi de la institucionalitzaci\u00f3 de la sociologia a Catalunya (II)\" \/>\n<meta property=\"og:description\" content=\"Article sobre l&#039;estudi de la institucionalitzaci\u00f3 de la sociologia a Catalunya. Tradu\u00eft al castell\u00e0 a partir de l&#039;original en catal\u00e0.\" \/>\n<meta property=\"og:url\" content=\"https:\/\/xaviergimeno.net\/ca\/papers\/estudi-institucionalitzacio-sociologia-ii-castella\" \/>\n<meta property=\"og:site_name\" content=\"Xavier Gimeno Torrent\" \/>\n<meta property=\"article:publisher\" content=\"https:\/\/www.facebook.com\/XavierGimenoTorrent\" \/>\n<meta property=\"article:modified_time\" content=\"2026-02-18T15:26:08+00:00\" \/>\n<meta name=\"twitter:card\" content=\"summary_large_image\" \/>\n<meta name=\"twitter:site\" content=\"@Xavier_Gimeno\" \/>\n<meta name=\"twitter:label1\" content=\"Temps estimat de lectura\" \/>\n\t<meta name=\"twitter:data1\" content=\"1 minut\" \/>\n<script type=\"application\/ld+json\" class=\"yoast-schema-graph\">{\"@context\":\"https:\\\/\\\/schema.org\",\"@graph\":[{\"@type\":\"WebPage\",\"@id\":\"https:\\\/\\\/xaviergimeno.net\\\/ca\\\/papers\\\/estudi-institucionalitzacio-sociologia-ii-castella\",\"url\":\"https:\\\/\\\/xaviergimeno.net\\\/ca\\\/papers\\\/estudi-institucionalitzacio-sociologia-ii-castella\",\"name\":\"L\u2019estudi de la institucionalitzaci\u00f3 de la sociologia a Catalunya (II)\",\"isPartOf\":{\"@id\":\"https:\\\/\\\/xaviergimeno.net\\\/#website\"},\"datePublished\":\"2010-11-11T15:43:16+00:00\",\"dateModified\":\"2026-02-18T15:26:08+00:00\",\"description\":\"Article sobre l'estudi de la institucionalitzaci\u00f3 de la sociologia a Catalunya. Tradu\u00eft al castell\u00e0 a partir de l'original en catal\u00e0.\",\"breadcrumb\":{\"@id\":\"https:\\\/\\\/xaviergimeno.net\\\/ca\\\/papers\\\/estudi-institucionalitzacio-sociologia-ii-castella#breadcrumb\"},\"inLanguage\":\"ca\",\"potentialAction\":[{\"@type\":\"ReadAction\",\"target\":[\"https:\\\/\\\/xaviergimeno.net\\\/ca\\\/papers\\\/estudi-institucionalitzacio-sociologia-ii-castella\"]}]},{\"@type\":\"BreadcrumbList\",\"@id\":\"https:\\\/\\\/xaviergimeno.net\\\/ca\\\/papers\\\/estudi-institucionalitzacio-sociologia-ii-castella#breadcrumb\",\"itemListElement\":[{\"@type\":\"ListItem\",\"position\":1,\"name\":\"Home\",\"item\":\"https:\\\/\\\/xaviergimeno.net\\\/ca\"},{\"@type\":\"ListItem\",\"position\":2,\"name\":\"Papers\",\"item\":\"https:\\\/\\\/xaviergimeno.net\\\/ca\\\/papers\"},{\"@type\":\"ListItem\",\"position\":3,\"name\":\"L\u2019estudi de la institucionalitzaci\u00f3 de la sociologia a Catalunya (II): un model d\u2019an\u00e0lisi i un sistema d\u2019hip\u00f2tesis (traducci\u00f3 castellana)\"}]},{\"@type\":\"WebSite\",\"@id\":\"https:\\\/\\\/xaviergimeno.net\\\/#website\",\"url\":\"https:\\\/\\\/xaviergimeno.net\\\/\",\"name\":\"Xavier Gimeno Torrent\",\"description\":\"soci\u00f2leg i traductor\",\"potentialAction\":[{\"@type\":\"SearchAction\",\"target\":{\"@type\":\"EntryPoint\",\"urlTemplate\":\"https:\\\/\\\/xaviergimeno.net\\\/?s={search_term_string}\"},\"query-input\":{\"@type\":\"PropertyValueSpecification\",\"valueRequired\":true,\"valueName\":\"search_term_string\"}}],\"inLanguage\":\"ca\"}]}<\/script>\n<!-- \/ Yoast SEO plugin. -->","yoast_head_json":{"title":"L\u2019estudi de la institucionalitzaci\u00f3 de la sociologia a Catalunya (II)","description":"Article sobre l'estudi de la institucionalitzaci\u00f3 de la sociologia a Catalunya. Tradu\u00eft al castell\u00e0 a partir de l'original en catal\u00e0.","robots":{"index":"index","follow":"follow","max-snippet":"max-snippet:-1","max-image-preview":"max-image-preview:large","max-video-preview":"max-video-preview:-1"},"canonical":"https:\/\/xaviergimeno.net\/ca\/papers\/estudi-institucionalitzacio-sociologia-ii-castella","og_locale":"ca_ES","og_type":"article","og_title":"L\u2019estudi de la institucionalitzaci\u00f3 de la sociologia a Catalunya (II)","og_description":"Article sobre l'estudi de la institucionalitzaci\u00f3 de la sociologia a Catalunya. Tradu\u00eft al castell\u00e0 a partir de l'original en catal\u00e0.","og_url":"https:\/\/xaviergimeno.net\/ca\/papers\/estudi-institucionalitzacio-sociologia-ii-castella","og_site_name":"Xavier Gimeno Torrent","article_publisher":"https:\/\/www.facebook.com\/XavierGimenoTorrent","article_modified_time":"2026-02-18T15:26:08+00:00","twitter_card":"summary_large_image","twitter_site":"@Xavier_Gimeno","twitter_misc":{"Temps estimat de lectura":"1 minut"},"schema":{"@context":"https:\/\/schema.org","@graph":[{"@type":"WebPage","@id":"https:\/\/xaviergimeno.net\/ca\/papers\/estudi-institucionalitzacio-sociologia-ii-castella","url":"https:\/\/xaviergimeno.net\/ca\/papers\/estudi-institucionalitzacio-sociologia-ii-castella","name":"L\u2019estudi de la institucionalitzaci\u00f3 de la sociologia a Catalunya (II)","isPartOf":{"@id":"https:\/\/xaviergimeno.net\/#website"},"datePublished":"2010-11-11T15:43:16+00:00","dateModified":"2026-02-18T15:26:08+00:00","description":"Article sobre l'estudi de la institucionalitzaci\u00f3 de la sociologia a Catalunya. Tradu\u00eft al castell\u00e0 a partir de l'original en catal\u00e0.","breadcrumb":{"@id":"https:\/\/xaviergimeno.net\/ca\/papers\/estudi-institucionalitzacio-sociologia-ii-castella#breadcrumb"},"inLanguage":"ca","potentialAction":[{"@type":"ReadAction","target":["https:\/\/xaviergimeno.net\/ca\/papers\/estudi-institucionalitzacio-sociologia-ii-castella"]}]},{"@type":"BreadcrumbList","@id":"https:\/\/xaviergimeno.net\/ca\/papers\/estudi-institucionalitzacio-sociologia-ii-castella#breadcrumb","itemListElement":[{"@type":"ListItem","position":1,"name":"Home","item":"https:\/\/xaviergimeno.net\/ca"},{"@type":"ListItem","position":2,"name":"Papers","item":"https:\/\/xaviergimeno.net\/ca\/papers"},{"@type":"ListItem","position":3,"name":"L\u2019estudi de la institucionalitzaci\u00f3 de la sociologia a Catalunya (II): un model d\u2019an\u00e0lisi i un sistema d\u2019hip\u00f2tesis (traducci\u00f3 castellana)"}]},{"@type":"WebSite","@id":"https:\/\/xaviergimeno.net\/#website","url":"https:\/\/xaviergimeno.net\/","name":"Xavier Gimeno Torrent","description":"soci\u00f2leg i traductor","potentialAction":[{"@type":"SearchAction","target":{"@type":"EntryPoint","urlTemplate":"https:\/\/xaviergimeno.net\/?s={search_term_string}"},"query-input":{"@type":"PropertyValueSpecification","valueRequired":true,"valueName":"search_term_string"}}],"inLanguage":"ca"}]}},"_links":{"self":[{"href":"https:\/\/xaviergimeno.net\/ca\/wp-json\/wp\/v2\/pages\/5045","targetHints":{"allow":["GET"]}}],"collection":[{"href":"https:\/\/xaviergimeno.net\/ca\/wp-json\/wp\/v2\/pages"}],"about":[{"href":"https:\/\/xaviergimeno.net\/ca\/wp-json\/wp\/v2\/types\/page"}],"author":[{"embeddable":true,"href":"https:\/\/xaviergimeno.net\/ca\/wp-json\/wp\/v2\/users\/3"}],"replies":[{"embeddable":true,"href":"https:\/\/xaviergimeno.net\/ca\/wp-json\/wp\/v2\/comments?post=5045"}],"version-history":[{"count":0,"href":"https:\/\/xaviergimeno.net\/ca\/wp-json\/wp\/v2\/pages\/5045\/revisions"}],"up":[{"embeddable":true,"href":"https:\/\/xaviergimeno.net\/ca\/wp-json\/wp\/v2\/pages\/4660"}],"wp:attachment":[{"href":"https:\/\/xaviergimeno.net\/ca\/wp-json\/wp\/v2\/media?parent=5045"}],"curies":[{"name":"wp","href":"https:\/\/api.w.org\/{rel}","templated":true}]}}