{"id":5085,"date":"2010-08-22T16:16:14","date_gmt":"2010-08-22T14:16:14","guid":{"rendered":"https:\/\/www.xaviergimeno.net\/ca\/?page_id=5085"},"modified":"2026-02-18T16:21:11","modified_gmt":"2026-02-18T15:21:11","slug":"estudi-institucionalitzacio-sociologia-i-castella","status":"publish","type":"page","link":"https:\/\/xaviergimeno.net\/ca\/papers\/estudi-institucionalitzacio-sociologia-i-castella","title":{"rendered":"L\u2019estudi de la institucionalitzaci\u00f3 de la sociologia a Catalunya (I): un estat de la q\u00fcesti\u00f3 (traducci\u00f3 castellana)"},"content":{"rendered":"<p style=\"text-align: left;\"><em>Publicat a Revista Catalana de Sociologia, 2009, n\u00famero 24: 69-77.<\/em><\/p>\n<p style=\"text-align: left;\">Des de fa alguns anys comptem a Catalunya amb el que es podria anomenar un \u00abcorrent\u00bb interessat en l\u2019estudi de la institucionalitzaci\u00f3 de la sociologia a Catalunya. Tot i que \u00e9s cert que aquest corrent ha estat molt circumscrit a determinats \u00e0mbits acad\u00e8mics i que ha estat protagonitzat per un nombre molt redu\u00eft de soci\u00f2legs que no ha arribat mai a poder proveir-se de les infraestructures de recerca adequades per tal d\u2019endegar un estudi sistem\u00e0tic de la q\u00fcesti\u00f3; tot i que tamb\u00e9 \u00e9s cert que la majoria dels treballs dedicats a l\u2019estudi d\u2019aquest tema se centren en aspectes molt concrets del proc\u00e9s d\u2019institucionalitzaci\u00f3; i tot i que \u00e9s cert que aquests documents s\u00f3n poc nombrosos i que s\u00f3n, majorit\u00e0riament, el producte d\u2019unes circumst\u00e0ncies pol\u00edtiques i hist\u00f2riques molt concretes (final de la dictadura i inici del per\u00edode democr\u00e0tic) que provocaren una especial efervesc\u00e8ncia cultural que va reflectir-se tamb\u00e9 en el camp sociol\u00f2gic, no \u00e9s possible negar ni desestimar el valor de les aportacions que, en conjunt i fins al moment, s\u2019han centrat en l\u2019estudi d\u2019aquest objecte. \u00c9s per aix\u00f2 que totes aquestes contribucions poden molt b\u00e9 i han de ser aprofitades en la tasca d\u2019elaborar la hist\u00f2ria de la sociologia a Catalunya, que encara resta per fer. Aquest breu article intenta no nom\u00e9s sintetitzar-les de forma acurada, sin\u00f3 tamb\u00e9 retre un petit homenatge a tots i a totes les que han contribu\u00eft a l\u2019estudi de la institucionalitzaci\u00f3 de la sociologia a Catalunya fins a aquest moment.<\/p>\n<div class=\"addthis-pagines\">\n<div class=\"a2a_kit a2a_default_style\" data-a2a-icon-color=\"#6C981A\">\n<div class=\"addtoany_shortcode\"><div class=\"a2a_kit a2a_kit_size_32 addtoany_list\" data-a2a-url=\"https:\/\/xaviergimeno.net\/ca\/papers\/estudi-institucionalitzacio-sociologia-i-castella\" data-a2a-title=\"L\u2019estudi de la institucionalitzaci\u00f3 de la sociologia a Catalunya (I): un estat de la q\u00fcesti\u00f3 (traducci\u00f3 castellana)\"><a class=\"a2a_button_facebook\" href=\"https:\/\/www.addtoany.com\/add_to\/facebook?linkurl=https%3A%2F%2Fxaviergimeno.net%2Fca%2Fpapers%2Festudi-institucionalitzacio-sociologia-i-castella&amp;linkname=L%E2%80%99estudi%20de%20la%20institucionalitzaci%C3%B3%20de%20la%20sociologia%20a%20Catalunya%20%28I%29%3A%20un%20estat%20de%20la%20q%C3%BCesti%C3%B3%20%28traducci%C3%B3%20castellana%29\" title=\"Facebook\" rel=\"nofollow noopener\" target=\"_blank\"><\/a><a class=\"a2a_button_x\" href=\"https:\/\/www.addtoany.com\/add_to\/x?linkurl=https%3A%2F%2Fxaviergimeno.net%2Fca%2Fpapers%2Festudi-institucionalitzacio-sociologia-i-castella&amp;linkname=L%E2%80%99estudi%20de%20la%20institucionalitzaci%C3%B3%20de%20la%20sociologia%20a%20Catalunya%20%28I%29%3A%20un%20estat%20de%20la%20q%C3%BCesti%C3%B3%20%28traducci%C3%B3%20castellana%29\" title=\"X\" rel=\"nofollow noopener\" target=\"_blank\"><\/a><a class=\"a2a_button_email\" href=\"https:\/\/www.addtoany.com\/add_to\/email?linkurl=https%3A%2F%2Fxaviergimeno.net%2Fca%2Fpapers%2Festudi-institucionalitzacio-sociologia-i-castella&amp;linkname=L%E2%80%99estudi%20de%20la%20institucionalitzaci%C3%B3%20de%20la%20sociologia%20a%20Catalunya%20%28I%29%3A%20un%20estat%20de%20la%20q%C3%BCesti%C3%B3%20%28traducci%C3%B3%20castellana%29\" title=\"Email\" rel=\"nofollow noopener\" target=\"_blank\"><\/a><a class=\"a2a_button_print\" href=\"https:\/\/www.addtoany.com\/add_to\/print?linkurl=https%3A%2F%2Fxaviergimeno.net%2Fca%2Fpapers%2Festudi-institucionalitzacio-sociologia-i-castella&amp;linkname=L%E2%80%99estudi%20de%20la%20institucionalitzaci%C3%B3%20de%20la%20sociologia%20a%20Catalunya%20%28I%29%3A%20un%20estat%20de%20la%20q%C3%BCesti%C3%B3%20%28traducci%C3%B3%20castellana%29\" title=\"Print\" rel=\"nofollow noopener\" target=\"_blank\"><\/a><a class=\"a2a_button_printfriendly\" href=\"https:\/\/www.addtoany.com\/add_to\/printfriendly?linkurl=https%3A%2F%2Fxaviergimeno.net%2Fca%2Fpapers%2Festudi-institucionalitzacio-sociologia-i-castella&amp;linkname=L%E2%80%99estudi%20de%20la%20institucionalitzaci%C3%B3%20de%20la%20sociologia%20a%20Catalunya%20%28I%29%3A%20un%20estat%20de%20la%20q%C3%BCesti%C3%B3%20%28traducci%C3%B3%20castellana%29\" title=\"PrintFriendly\" rel=\"nofollow noopener\" target=\"_blank\"><\/a><a class=\"a2a_button_mendeley\" href=\"https:\/\/www.addtoany.com\/add_to\/mendeley?linkurl=https%3A%2F%2Fxaviergimeno.net%2Fca%2Fpapers%2Festudi-institucionalitzacio-sociologia-i-castella&amp;linkname=L%E2%80%99estudi%20de%20la%20institucionalitzaci%C3%B3%20de%20la%20sociologia%20a%20Catalunya%20%28I%29%3A%20un%20estat%20de%20la%20q%C3%BCesti%C3%B3%20%28traducci%C3%B3%20castellana%29\" title=\"Mendeley\" rel=\"nofollow noopener\" target=\"_blank\"><\/a><a class=\"a2a_dd addtoany_share_save addtoany_share\" href=\"https:\/\/www.addtoany.com\/share\"><\/a><\/div><\/div><a style=\"float: right;\" title=\"L\u2019estudi de la institucionalitzaci\u00f3 de la sociologia a Catalunya (I): un estat de la q\u00fcesti\u00f3 (traducci\u00f3 castellana)\" href=\"https:\/\/xaviergimeno.net\/files\/estudio1.pdf\" target=\"_blank\" rel=\"noopener\">Text complet en PDF<\/a><\/div>\n<\/div>\n","protected":false},"excerpt":{"rendered":"<p>Publicat a Revista Catalana de Sociologia, 2009, n\u00famero 24: 69-77. Des de&#8230;<\/p>\n","protected":false},"author":3,"featured_media":0,"parent":4660,"menu_order":18,"comment_status":"closed","ping_status":"closed","template":"template-fullwidth.php","meta":{"_monsterinsights_skip_tracking":false,"_monsterinsights_sitenote_active":false,"_monsterinsights_sitenote_note":"","_monsterinsights_sitenote_category":0,"footnotes":""},"class_list":["post-5085","page","type-page","status-publish","hentry"],"yoast_head":"<!-- This site is optimized with the Yoast SEO plugin v27.4 - https:\/\/yoast.com\/product\/yoast-seo-wordpress\/ -->\n<title>L\u2019estudi de la institucionalitzaci\u00f3 de la sociologia a Catalunya (I)<\/title>\n<meta name=\"description\" content=\"Article que resumeix els treballs sobre l\u2019estudi del camp sociol\u00f2gic a Catalunya. Tradu\u00eft al castell\u00e0 a partir de l&#039;original en catal\u00e0.\" \/>\n<meta name=\"robots\" content=\"index, follow, max-snippet:-1, max-image-preview:large, max-video-preview:-1\" \/>\n<link rel=\"canonical\" href=\"https:\/\/xaviergimeno.net\/ca\/papers\/estudi-institucionalitzacio-sociologia-i-castella\" \/>\n<meta property=\"og:locale\" content=\"ca_ES\" \/>\n<meta property=\"og:type\" content=\"article\" \/>\n<meta property=\"og:title\" content=\"L\u2019estudi de la institucionalitzaci\u00f3 de la sociologia a Catalunya (I)\" \/>\n<meta property=\"og:description\" content=\"Article que resumeix els treballs sobre l\u2019estudi del camp sociol\u00f2gic a Catalunya. Tradu\u00eft al castell\u00e0 a partir de l&#039;original en catal\u00e0.\" \/>\n<meta property=\"og:url\" content=\"https:\/\/xaviergimeno.net\/ca\/papers\/estudi-institucionalitzacio-sociologia-i-castella\" \/>\n<meta property=\"og:site_name\" content=\"Xavier Gimeno Torrent\" \/>\n<meta property=\"article:publisher\" content=\"https:\/\/www.facebook.com\/XavierGimenoTorrent\" \/>\n<meta property=\"article:modified_time\" content=\"2026-02-18T15:21:11+00:00\" \/>\n<meta name=\"twitter:card\" content=\"summary_large_image\" \/>\n<meta name=\"twitter:site\" content=\"@Xavier_Gimeno\" \/>\n<meta name=\"twitter:label1\" content=\"Temps estimat de lectura\" \/>\n\t<meta name=\"twitter:data1\" content=\"2 minuts\" \/>\n<script type=\"application\/ld+json\" class=\"yoast-schema-graph\">{\"@context\":\"https:\\\/\\\/schema.org\",\"@graph\":[{\"@type\":\"WebPage\",\"@id\":\"https:\\\/\\\/xaviergimeno.net\\\/ca\\\/papers\\\/estudi-institucionalitzacio-sociologia-i-castella\",\"url\":\"https:\\\/\\\/xaviergimeno.net\\\/ca\\\/papers\\\/estudi-institucionalitzacio-sociologia-i-castella\",\"name\":\"L\u2019estudi de la institucionalitzaci\u00f3 de la sociologia a Catalunya (I)\",\"isPartOf\":{\"@id\":\"https:\\\/\\\/xaviergimeno.net\\\/#website\"},\"datePublished\":\"2010-08-22T14:16:14+00:00\",\"dateModified\":\"2026-02-18T15:21:11+00:00\",\"description\":\"Article que resumeix els treballs sobre l\u2019estudi del camp sociol\u00f2gic a Catalunya. Tradu\u00eft al castell\u00e0 a partir de l'original en catal\u00e0.\",\"breadcrumb\":{\"@id\":\"https:\\\/\\\/xaviergimeno.net\\\/ca\\\/papers\\\/estudi-institucionalitzacio-sociologia-i-castella#breadcrumb\"},\"inLanguage\":\"ca\",\"potentialAction\":[{\"@type\":\"ReadAction\",\"target\":[\"https:\\\/\\\/xaviergimeno.net\\\/ca\\\/papers\\\/estudi-institucionalitzacio-sociologia-i-castella\"]}]},{\"@type\":\"BreadcrumbList\",\"@id\":\"https:\\\/\\\/xaviergimeno.net\\\/ca\\\/papers\\\/estudi-institucionalitzacio-sociologia-i-castella#breadcrumb\",\"itemListElement\":[{\"@type\":\"ListItem\",\"position\":1,\"name\":\"Home\",\"item\":\"https:\\\/\\\/xaviergimeno.net\\\/ca\"},{\"@type\":\"ListItem\",\"position\":2,\"name\":\"Papers\",\"item\":\"https:\\\/\\\/xaviergimeno.net\\\/ca\\\/papers\"},{\"@type\":\"ListItem\",\"position\":3,\"name\":\"L\u2019estudi de la institucionalitzaci\u00f3 de la sociologia a Catalunya (I): un estat de la q\u00fcesti\u00f3 (traducci\u00f3 castellana)\"}]},{\"@type\":\"WebSite\",\"@id\":\"https:\\\/\\\/xaviergimeno.net\\\/#website\",\"url\":\"https:\\\/\\\/xaviergimeno.net\\\/\",\"name\":\"Xavier Gimeno Torrent\",\"description\":\"soci\u00f2leg i traductor\",\"potentialAction\":[{\"@type\":\"SearchAction\",\"target\":{\"@type\":\"EntryPoint\",\"urlTemplate\":\"https:\\\/\\\/xaviergimeno.net\\\/?s={search_term_string}\"},\"query-input\":{\"@type\":\"PropertyValueSpecification\",\"valueRequired\":true,\"valueName\":\"search_term_string\"}}],\"inLanguage\":\"ca\"}]}<\/script>\n<!-- \/ Yoast SEO plugin. -->","yoast_head_json":{"title":"L\u2019estudi de la institucionalitzaci\u00f3 de la sociologia a Catalunya (I)","description":"Article que resumeix els treballs sobre l\u2019estudi del camp sociol\u00f2gic a Catalunya. Tradu\u00eft al castell\u00e0 a partir de l'original en catal\u00e0.","robots":{"index":"index","follow":"follow","max-snippet":"max-snippet:-1","max-image-preview":"max-image-preview:large","max-video-preview":"max-video-preview:-1"},"canonical":"https:\/\/xaviergimeno.net\/ca\/papers\/estudi-institucionalitzacio-sociologia-i-castella","og_locale":"ca_ES","og_type":"article","og_title":"L\u2019estudi de la institucionalitzaci\u00f3 de la sociologia a Catalunya (I)","og_description":"Article que resumeix els treballs sobre l\u2019estudi del camp sociol\u00f2gic a Catalunya. Tradu\u00eft al castell\u00e0 a partir de l'original en catal\u00e0.","og_url":"https:\/\/xaviergimeno.net\/ca\/papers\/estudi-institucionalitzacio-sociologia-i-castella","og_site_name":"Xavier Gimeno Torrent","article_publisher":"https:\/\/www.facebook.com\/XavierGimenoTorrent","article_modified_time":"2026-02-18T15:21:11+00:00","twitter_card":"summary_large_image","twitter_site":"@Xavier_Gimeno","twitter_misc":{"Temps estimat de lectura":"2 minuts"},"schema":{"@context":"https:\/\/schema.org","@graph":[{"@type":"WebPage","@id":"https:\/\/xaviergimeno.net\/ca\/papers\/estudi-institucionalitzacio-sociologia-i-castella","url":"https:\/\/xaviergimeno.net\/ca\/papers\/estudi-institucionalitzacio-sociologia-i-castella","name":"L\u2019estudi de la institucionalitzaci\u00f3 de la sociologia a Catalunya (I)","isPartOf":{"@id":"https:\/\/xaviergimeno.net\/#website"},"datePublished":"2010-08-22T14:16:14+00:00","dateModified":"2026-02-18T15:21:11+00:00","description":"Article que resumeix els treballs sobre l\u2019estudi del camp sociol\u00f2gic a Catalunya. Tradu\u00eft al castell\u00e0 a partir de l'original en catal\u00e0.","breadcrumb":{"@id":"https:\/\/xaviergimeno.net\/ca\/papers\/estudi-institucionalitzacio-sociologia-i-castella#breadcrumb"},"inLanguage":"ca","potentialAction":[{"@type":"ReadAction","target":["https:\/\/xaviergimeno.net\/ca\/papers\/estudi-institucionalitzacio-sociologia-i-castella"]}]},{"@type":"BreadcrumbList","@id":"https:\/\/xaviergimeno.net\/ca\/papers\/estudi-institucionalitzacio-sociologia-i-castella#breadcrumb","itemListElement":[{"@type":"ListItem","position":1,"name":"Home","item":"https:\/\/xaviergimeno.net\/ca"},{"@type":"ListItem","position":2,"name":"Papers","item":"https:\/\/xaviergimeno.net\/ca\/papers"},{"@type":"ListItem","position":3,"name":"L\u2019estudi de la institucionalitzaci\u00f3 de la sociologia a Catalunya (I): un estat de la q\u00fcesti\u00f3 (traducci\u00f3 castellana)"}]},{"@type":"WebSite","@id":"https:\/\/xaviergimeno.net\/#website","url":"https:\/\/xaviergimeno.net\/","name":"Xavier Gimeno Torrent","description":"soci\u00f2leg i traductor","potentialAction":[{"@type":"SearchAction","target":{"@type":"EntryPoint","urlTemplate":"https:\/\/xaviergimeno.net\/?s={search_term_string}"},"query-input":{"@type":"PropertyValueSpecification","valueRequired":true,"valueName":"search_term_string"}}],"inLanguage":"ca"}]}},"_links":{"self":[{"href":"https:\/\/xaviergimeno.net\/ca\/wp-json\/wp\/v2\/pages\/5085","targetHints":{"allow":["GET"]}}],"collection":[{"href":"https:\/\/xaviergimeno.net\/ca\/wp-json\/wp\/v2\/pages"}],"about":[{"href":"https:\/\/xaviergimeno.net\/ca\/wp-json\/wp\/v2\/types\/page"}],"author":[{"embeddable":true,"href":"https:\/\/xaviergimeno.net\/ca\/wp-json\/wp\/v2\/users\/3"}],"replies":[{"embeddable":true,"href":"https:\/\/xaviergimeno.net\/ca\/wp-json\/wp\/v2\/comments?post=5085"}],"version-history":[{"count":0,"href":"https:\/\/xaviergimeno.net\/ca\/wp-json\/wp\/v2\/pages\/5085\/revisions"}],"up":[{"embeddable":true,"href":"https:\/\/xaviergimeno.net\/ca\/wp-json\/wp\/v2\/pages\/4660"}],"wp:attachment":[{"href":"https:\/\/xaviergimeno.net\/ca\/wp-json\/wp\/v2\/media?parent=5085"}],"curies":[{"name":"wp","href":"https:\/\/api.w.org\/{rel}","templated":true}]}}