{"id":5115,"date":"2010-08-22T17:03:08","date_gmt":"2010-08-22T15:03:08","guid":{"rendered":"https:\/\/www.xaviergimeno.net\/ca\/?page_id=5115"},"modified":"2026-02-18T16:17:52","modified_gmt":"2026-02-18T15:17:52","slug":"constitucio-barri-santa-maria-palafolls","status":"publish","type":"page","link":"https:\/\/xaviergimeno.net\/ca\/papers\/constitucio-barri-santa-maria-palafolls","title":{"rendered":"El proc\u00e9s de constituci\u00f3 del Barri Santa Maria de Palafolls. Protocol de recerca"},"content":{"rendered":"<p><em>Paper gris, 2012.<\/em><\/p>\n<p>Resum no disponible.<\/p>\n<div class=\"addthis-pagines\">\n<div class=\"a2a_kit a2a_default_style\" data-a2a-icon-color=\"#6C981A\">\n<div class=\"addtoany_shortcode\"><div class=\"a2a_kit a2a_kit_size_32 addtoany_list\" data-a2a-url=\"https:\/\/xaviergimeno.net\/ca\/papers\/constitucio-barri-santa-maria-palafolls\" data-a2a-title=\"El proc\u00e9s de constituci\u00f3 del Barri Santa Maria de Palafolls. Protocol de recerca\"><a class=\"a2a_button_facebook\" href=\"https:\/\/www.addtoany.com\/add_to\/facebook?linkurl=https%3A%2F%2Fxaviergimeno.net%2Fca%2Fpapers%2Fconstitucio-barri-santa-maria-palafolls&amp;linkname=El%20proc%C3%A9s%20de%20constituci%C3%B3%20del%20Barri%20Santa%20Maria%20de%20Palafolls.%20Protocol%20de%20recerca\" title=\"Facebook\" rel=\"nofollow noopener\" target=\"_blank\"><\/a><a class=\"a2a_button_x\" href=\"https:\/\/www.addtoany.com\/add_to\/x?linkurl=https%3A%2F%2Fxaviergimeno.net%2Fca%2Fpapers%2Fconstitucio-barri-santa-maria-palafolls&amp;linkname=El%20proc%C3%A9s%20de%20constituci%C3%B3%20del%20Barri%20Santa%20Maria%20de%20Palafolls.%20Protocol%20de%20recerca\" title=\"X\" rel=\"nofollow noopener\" target=\"_blank\"><\/a><a class=\"a2a_button_email\" href=\"https:\/\/www.addtoany.com\/add_to\/email?linkurl=https%3A%2F%2Fxaviergimeno.net%2Fca%2Fpapers%2Fconstitucio-barri-santa-maria-palafolls&amp;linkname=El%20proc%C3%A9s%20de%20constituci%C3%B3%20del%20Barri%20Santa%20Maria%20de%20Palafolls.%20Protocol%20de%20recerca\" title=\"Email\" rel=\"nofollow noopener\" target=\"_blank\"><\/a><a class=\"a2a_button_print\" href=\"https:\/\/www.addtoany.com\/add_to\/print?linkurl=https%3A%2F%2Fxaviergimeno.net%2Fca%2Fpapers%2Fconstitucio-barri-santa-maria-palafolls&amp;linkname=El%20proc%C3%A9s%20de%20constituci%C3%B3%20del%20Barri%20Santa%20Maria%20de%20Palafolls.%20Protocol%20de%20recerca\" title=\"Print\" rel=\"nofollow noopener\" target=\"_blank\"><\/a><a class=\"a2a_button_printfriendly\" href=\"https:\/\/www.addtoany.com\/add_to\/printfriendly?linkurl=https%3A%2F%2Fxaviergimeno.net%2Fca%2Fpapers%2Fconstitucio-barri-santa-maria-palafolls&amp;linkname=El%20proc%C3%A9s%20de%20constituci%C3%B3%20del%20Barri%20Santa%20Maria%20de%20Palafolls.%20Protocol%20de%20recerca\" title=\"PrintFriendly\" rel=\"nofollow noopener\" target=\"_blank\"><\/a><a class=\"a2a_button_mendeley\" href=\"https:\/\/www.addtoany.com\/add_to\/mendeley?linkurl=https%3A%2F%2Fxaviergimeno.net%2Fca%2Fpapers%2Fconstitucio-barri-santa-maria-palafolls&amp;linkname=El%20proc%C3%A9s%20de%20constituci%C3%B3%20del%20Barri%20Santa%20Maria%20de%20Palafolls.%20Protocol%20de%20recerca\" title=\"Mendeley\" rel=\"nofollow noopener\" target=\"_blank\"><\/a><a class=\"a2a_dd addtoany_share_save addtoany_share\" href=\"https:\/\/www.addtoany.com\/share\"><\/a><\/div><\/div><a style=\"float: right;\" title=\"El proc\u00e9s de constituci\u00f3 del Barri Santa Maria de Palafolls. Protocol de recerca\" href=\"https:\/\/xaviergimeno.net\/files\/procbsmp.pdf\" target=\"_blank\" rel=\"noopener\">Text complet en PDF<\/a><\/div>\n<\/div>\n","protected":false},"excerpt":{"rendered":"<p>Paper gris, 2012. Resum no disponible. Text complet en PDF<\/p>\n","protected":false},"author":3,"featured_media":0,"parent":4660,"menu_order":20,"comment_status":"closed","ping_status":"closed","template":"template-fullwidth.php","meta":{"_monsterinsights_skip_tracking":false,"_monsterinsights_sitenote_active":false,"_monsterinsights_sitenote_note":"","_monsterinsights_sitenote_category":0,"footnotes":""},"class_list":["post-5115","page","type-page","status-publish","hentry"],"yoast_head":"<!-- This site is optimized with the Yoast SEO plugin v27.4 - https:\/\/yoast.com\/product\/yoast-seo-wordpress\/ -->\n<title>El proc\u00e9s de constituci\u00f3 del Barri Santa Maria de Palafolls<\/title>\n<meta name=\"description\" content=\"Protocol de recerca per estudiar la relaci\u00f3 entre immigraci\u00f3, crisi i racisme, aplicat al cas del Barri Santa Maria de Palafolls.\" \/>\n<meta name=\"robots\" content=\"index, follow, max-snippet:-1, max-image-preview:large, max-video-preview:-1\" \/>\n<link rel=\"canonical\" href=\"https:\/\/xaviergimeno.net\/ca\/papers\/constitucio-barri-santa-maria-palafolls\" \/>\n<meta property=\"og:locale\" content=\"ca_ES\" \/>\n<meta property=\"og:type\" content=\"article\" \/>\n<meta property=\"og:title\" content=\"El proc\u00e9s de constituci\u00f3 del Barri Santa Maria de Palafolls\" \/>\n<meta property=\"og:description\" content=\"Protocol de recerca per estudiar la relaci\u00f3 entre immigraci\u00f3, crisi i racisme, aplicat al cas del Barri Santa Maria de Palafolls.\" \/>\n<meta property=\"og:url\" content=\"https:\/\/xaviergimeno.net\/ca\/papers\/constitucio-barri-santa-maria-palafolls\" \/>\n<meta property=\"og:site_name\" content=\"Xavier Gimeno Torrent\" \/>\n<meta property=\"article:publisher\" content=\"https:\/\/www.facebook.com\/XavierGimenoTorrent\" \/>\n<meta property=\"article:modified_time\" content=\"2026-02-18T15:17:52+00:00\" \/>\n<meta name=\"twitter:card\" content=\"summary_large_image\" \/>\n<meta name=\"twitter:site\" content=\"@Xavier_Gimeno\" \/>\n<meta name=\"twitter:label1\" content=\"Temps estimat de lectura\" \/>\n\t<meta name=\"twitter:data1\" content=\"1 minut\" \/>\n<script type=\"application\/ld+json\" class=\"yoast-schema-graph\">{\"@context\":\"https:\\\/\\\/schema.org\",\"@graph\":[{\"@type\":\"WebPage\",\"@id\":\"https:\\\/\\\/xaviergimeno.net\\\/ca\\\/papers\\\/constitucio-barri-santa-maria-palafolls\",\"url\":\"https:\\\/\\\/xaviergimeno.net\\\/ca\\\/papers\\\/constitucio-barri-santa-maria-palafolls\",\"name\":\"El proc\u00e9s de constituci\u00f3 del Barri Santa Maria de Palafolls\",\"isPartOf\":{\"@id\":\"https:\\\/\\\/xaviergimeno.net\\\/#website\"},\"datePublished\":\"2010-08-22T15:03:08+00:00\",\"dateModified\":\"2026-02-18T15:17:52+00:00\",\"description\":\"Protocol de recerca per estudiar la relaci\u00f3 entre immigraci\u00f3, crisi i racisme, aplicat al cas del Barri Santa Maria de Palafolls.\",\"breadcrumb\":{\"@id\":\"https:\\\/\\\/xaviergimeno.net\\\/ca\\\/papers\\\/constitucio-barri-santa-maria-palafolls#breadcrumb\"},\"inLanguage\":\"ca\",\"potentialAction\":[{\"@type\":\"ReadAction\",\"target\":[\"https:\\\/\\\/xaviergimeno.net\\\/ca\\\/papers\\\/constitucio-barri-santa-maria-palafolls\"]}]},{\"@type\":\"BreadcrumbList\",\"@id\":\"https:\\\/\\\/xaviergimeno.net\\\/ca\\\/papers\\\/constitucio-barri-santa-maria-palafolls#breadcrumb\",\"itemListElement\":[{\"@type\":\"ListItem\",\"position\":1,\"name\":\"Home\",\"item\":\"https:\\\/\\\/xaviergimeno.net\\\/ca\"},{\"@type\":\"ListItem\",\"position\":2,\"name\":\"Papers\",\"item\":\"https:\\\/\\\/xaviergimeno.net\\\/ca\\\/papers\"},{\"@type\":\"ListItem\",\"position\":3,\"name\":\"El proc\u00e9s de constituci\u00f3 del Barri Santa Maria de Palafolls. Protocol de recerca\"}]},{\"@type\":\"WebSite\",\"@id\":\"https:\\\/\\\/xaviergimeno.net\\\/#website\",\"url\":\"https:\\\/\\\/xaviergimeno.net\\\/\",\"name\":\"Xavier Gimeno Torrent\",\"description\":\"soci\u00f2leg i traductor\",\"potentialAction\":[{\"@type\":\"SearchAction\",\"target\":{\"@type\":\"EntryPoint\",\"urlTemplate\":\"https:\\\/\\\/xaviergimeno.net\\\/?s={search_term_string}\"},\"query-input\":{\"@type\":\"PropertyValueSpecification\",\"valueRequired\":true,\"valueName\":\"search_term_string\"}}],\"inLanguage\":\"ca\"}]}<\/script>\n<!-- \/ Yoast SEO plugin. -->","yoast_head_json":{"title":"El proc\u00e9s de constituci\u00f3 del Barri Santa Maria de Palafolls","description":"Protocol de recerca per estudiar la relaci\u00f3 entre immigraci\u00f3, crisi i racisme, aplicat al cas del Barri Santa Maria de Palafolls.","robots":{"index":"index","follow":"follow","max-snippet":"max-snippet:-1","max-image-preview":"max-image-preview:large","max-video-preview":"max-video-preview:-1"},"canonical":"https:\/\/xaviergimeno.net\/ca\/papers\/constitucio-barri-santa-maria-palafolls","og_locale":"ca_ES","og_type":"article","og_title":"El proc\u00e9s de constituci\u00f3 del Barri Santa Maria de Palafolls","og_description":"Protocol de recerca per estudiar la relaci\u00f3 entre immigraci\u00f3, crisi i racisme, aplicat al cas del Barri Santa Maria de Palafolls.","og_url":"https:\/\/xaviergimeno.net\/ca\/papers\/constitucio-barri-santa-maria-palafolls","og_site_name":"Xavier Gimeno Torrent","article_publisher":"https:\/\/www.facebook.com\/XavierGimenoTorrent","article_modified_time":"2026-02-18T15:17:52+00:00","twitter_card":"summary_large_image","twitter_site":"@Xavier_Gimeno","twitter_misc":{"Temps estimat de lectura":"1 minut"},"schema":{"@context":"https:\/\/schema.org","@graph":[{"@type":"WebPage","@id":"https:\/\/xaviergimeno.net\/ca\/papers\/constitucio-barri-santa-maria-palafolls","url":"https:\/\/xaviergimeno.net\/ca\/papers\/constitucio-barri-santa-maria-palafolls","name":"El proc\u00e9s de constituci\u00f3 del Barri Santa Maria de Palafolls","isPartOf":{"@id":"https:\/\/xaviergimeno.net\/#website"},"datePublished":"2010-08-22T15:03:08+00:00","dateModified":"2026-02-18T15:17:52+00:00","description":"Protocol de recerca per estudiar la relaci\u00f3 entre immigraci\u00f3, crisi i racisme, aplicat al cas del Barri Santa Maria de Palafolls.","breadcrumb":{"@id":"https:\/\/xaviergimeno.net\/ca\/papers\/constitucio-barri-santa-maria-palafolls#breadcrumb"},"inLanguage":"ca","potentialAction":[{"@type":"ReadAction","target":["https:\/\/xaviergimeno.net\/ca\/papers\/constitucio-barri-santa-maria-palafolls"]}]},{"@type":"BreadcrumbList","@id":"https:\/\/xaviergimeno.net\/ca\/papers\/constitucio-barri-santa-maria-palafolls#breadcrumb","itemListElement":[{"@type":"ListItem","position":1,"name":"Home","item":"https:\/\/xaviergimeno.net\/ca"},{"@type":"ListItem","position":2,"name":"Papers","item":"https:\/\/xaviergimeno.net\/ca\/papers"},{"@type":"ListItem","position":3,"name":"El proc\u00e9s de constituci\u00f3 del Barri Santa Maria de Palafolls. Protocol de recerca"}]},{"@type":"WebSite","@id":"https:\/\/xaviergimeno.net\/#website","url":"https:\/\/xaviergimeno.net\/","name":"Xavier Gimeno Torrent","description":"soci\u00f2leg i traductor","potentialAction":[{"@type":"SearchAction","target":{"@type":"EntryPoint","urlTemplate":"https:\/\/xaviergimeno.net\/?s={search_term_string}"},"query-input":{"@type":"PropertyValueSpecification","valueRequired":true,"valueName":"search_term_string"}}],"inLanguage":"ca"}]}},"_links":{"self":[{"href":"https:\/\/xaviergimeno.net\/ca\/wp-json\/wp\/v2\/pages\/5115","targetHints":{"allow":["GET"]}}],"collection":[{"href":"https:\/\/xaviergimeno.net\/ca\/wp-json\/wp\/v2\/pages"}],"about":[{"href":"https:\/\/xaviergimeno.net\/ca\/wp-json\/wp\/v2\/types\/page"}],"author":[{"embeddable":true,"href":"https:\/\/xaviergimeno.net\/ca\/wp-json\/wp\/v2\/users\/3"}],"replies":[{"embeddable":true,"href":"https:\/\/xaviergimeno.net\/ca\/wp-json\/wp\/v2\/comments?post=5115"}],"version-history":[{"count":0,"href":"https:\/\/xaviergimeno.net\/ca\/wp-json\/wp\/v2\/pages\/5115\/revisions"}],"up":[{"embeddable":true,"href":"https:\/\/xaviergimeno.net\/ca\/wp-json\/wp\/v2\/pages\/4660"}],"wp:attachment":[{"href":"https:\/\/xaviergimeno.net\/ca\/wp-json\/wp\/v2\/media?parent=5115"}],"curies":[{"name":"wp","href":"https:\/\/api.w.org\/{rel}","templated":true}]}}