{"id":5131,"date":"2010-08-22T15:48:19","date_gmt":"2010-08-22T13:48:19","guid":{"rendered":"https:\/\/www.xaviergimeno.net\/ca\/?page_id=5131"},"modified":"2026-02-18T16:16:33","modified_gmt":"2026-02-18T15:16:33","slug":"institucionalitzacio-sociologia-protocol","status":"publish","type":"page","link":"https:\/\/xaviergimeno.net\/ca\/papers\/institucionalitzacio-sociologia-protocol","title":{"rendered":"El proc\u00e9s d&#8217;institucionalitzaci\u00f3 de la sociologia a Catalunya. Protocol de recerca"},"content":{"rendered":"<p style=\"text-align: left;\"><em>Projecte de tesi de doctorat, 2009.<\/em><\/p>\n<p style=\"text-align: left;\">Aquest treball inclou un esb\u00f3s preliminar per a l\u2019estudi del proc\u00e9s d\u2019institucionalitzaci\u00f3 de la sociologia a Catalunya i est\u00e0 constitu\u00eft per un model d\u2019an\u00e0lisi un sistema d\u2019hip\u00f2tesis. L\u2019objectiu del model \u00e9s analitzar com els diversos agents que participen en el proc\u00e9s van establint una determinada estructura de relacions (camp), quines desigualtats genera la institucionalitzaci\u00f3 d\u2019aquesta estructura, i en quines condicions socials t\u00e9 lloc aquest proc\u00e9s. Per entendre aquestes condicions socials s\u2019argumenta que s\u00f3n tres els processos que incideixen en la configuraci\u00f3 del sistema de relacions o camp sociol\u00f2gic a Catalunya: 1) el proc\u00e9s de conquesta de les llibertats que t\u00e9 lloc durant les darreres etapes del franquisme, 2) les contradiccions del capitalisme tard\u00e0 que afecten a una societat en vies d\u2019industrialitzaci\u00f3 i modernitzaci\u00f3 i 3) el problema hist\u00f2ric d\u2019opressi\u00f3 cultural (nacional). Aquestes tres hip\u00f2tesis directores s\u00f3n progressivament perfilades i concretades al llarg de l\u2019informe. Aix\u00f2 es fa emprant els treballs sobre sociologia de la sociologia de Pierre Bourdieu, que pivoten al voltant dels conceptes clau de capital cient\u00edfic institucional, capital cient\u00edfic pur, i metacapital medi\u00e0tic. El resultat final d\u2019aplicar el sistema de Bourdieu a aquestes tres hip\u00f2tesis directores \u00e9s l\u2019establiment progressiu d\u2019un sistema d\u2019hip\u00f2tesis m\u00e9s perfilat i concret, m\u00e9s adequat per ser testat emp\u00edricament. Aix\u00ed s\u2019argumenta que es configura un sistema de relacions al camp sociol\u00f2gic catal\u00e0 en qu\u00e8 els soci\u00f2legs tenen ben poca autonomia cient\u00edfica (capital cient\u00edfic pur), ja que depenen extraordin\u00e0riament dels clients que els encomanen produccions sociol\u00f2giques i que els atorguen medis per fer recerca (capital cient\u00edfic institucional). \u00c9s a dir, es trasplanta el model de relacions vigent en l\u2019\u00e0mbit pol\u00edtic a l\u2019\u00e0mbit de la sociologia. La principal caracter\u00edstica d\u2019aquest sistema de relacions \u00e9s l\u2019exist\u00e8ncia d\u2019un doble circuit: un circuit que dep\u00e8n dels agents pol\u00edtics \u00abespanyols\u00bb i en qu\u00e8 participen els soci\u00f2legs que depenen d\u2019aquests, i un altre circuit que dep\u00e8n dels agents pol\u00edtics \u00abcatalans\u00bb i en qu\u00e8 participen els soci\u00f2legs afins a aquesta \u00f2rbita. Una altra caracter\u00edstica central \u00e9s que aquest sistema parasita tamb\u00e9 el mercat laboral sociol\u00f2gic. A la part final del text es repr\u00e8n el tema de la inserci\u00f3 laboral del soci\u00f2leg i la professionalitzaci\u00f3 de la sociologia i s\u2019explicita de quina manera l\u2019estudi del proc\u00e9s d\u2019institucionalitzaci\u00f3 de la sociologia pot servir per explicar causalment fen\u00f2mens com la baixa inserci\u00f3 dels soci\u00f2legs en el mercat de treball o altres fets com la imatge social del soci\u00f2leg en la societat catalana.<\/p>\n<div class=\"addthis-pagines\">\n<div class=\"a2a_kit a2a_default_style\" data-a2a-icon-color=\"#6C981A\">\n<div class=\"addtoany_shortcode\"><div class=\"a2a_kit a2a_kit_size_32 addtoany_list\" data-a2a-url=\"https:\/\/xaviergimeno.net\/ca\/papers\/institucionalitzacio-sociologia-protocol\" data-a2a-title=\"El proc\u00e9s d\u2019institucionalitzaci\u00f3 de la sociologia a Catalunya. Protocol de recerca\"><a class=\"a2a_button_facebook\" href=\"https:\/\/www.addtoany.com\/add_to\/facebook?linkurl=https%3A%2F%2Fxaviergimeno.net%2Fca%2Fpapers%2Finstitucionalitzacio-sociologia-protocol&amp;linkname=El%20proc%C3%A9s%20d%E2%80%99institucionalitzaci%C3%B3%20de%20la%20sociologia%20a%20Catalunya.%20Protocol%20de%20recerca\" title=\"Facebook\" rel=\"nofollow noopener\" target=\"_blank\"><\/a><a class=\"a2a_button_x\" href=\"https:\/\/www.addtoany.com\/add_to\/x?linkurl=https%3A%2F%2Fxaviergimeno.net%2Fca%2Fpapers%2Finstitucionalitzacio-sociologia-protocol&amp;linkname=El%20proc%C3%A9s%20d%E2%80%99institucionalitzaci%C3%B3%20de%20la%20sociologia%20a%20Catalunya.%20Protocol%20de%20recerca\" title=\"X\" rel=\"nofollow noopener\" target=\"_blank\"><\/a><a class=\"a2a_button_email\" href=\"https:\/\/www.addtoany.com\/add_to\/email?linkurl=https%3A%2F%2Fxaviergimeno.net%2Fca%2Fpapers%2Finstitucionalitzacio-sociologia-protocol&amp;linkname=El%20proc%C3%A9s%20d%E2%80%99institucionalitzaci%C3%B3%20de%20la%20sociologia%20a%20Catalunya.%20Protocol%20de%20recerca\" title=\"Email\" rel=\"nofollow noopener\" target=\"_blank\"><\/a><a class=\"a2a_button_print\" href=\"https:\/\/www.addtoany.com\/add_to\/print?linkurl=https%3A%2F%2Fxaviergimeno.net%2Fca%2Fpapers%2Finstitucionalitzacio-sociologia-protocol&amp;linkname=El%20proc%C3%A9s%20d%E2%80%99institucionalitzaci%C3%B3%20de%20la%20sociologia%20a%20Catalunya.%20Protocol%20de%20recerca\" title=\"Print\" rel=\"nofollow noopener\" target=\"_blank\"><\/a><a class=\"a2a_button_printfriendly\" href=\"https:\/\/www.addtoany.com\/add_to\/printfriendly?linkurl=https%3A%2F%2Fxaviergimeno.net%2Fca%2Fpapers%2Finstitucionalitzacio-sociologia-protocol&amp;linkname=El%20proc%C3%A9s%20d%E2%80%99institucionalitzaci%C3%B3%20de%20la%20sociologia%20a%20Catalunya.%20Protocol%20de%20recerca\" title=\"PrintFriendly\" rel=\"nofollow noopener\" target=\"_blank\"><\/a><a class=\"a2a_button_mendeley\" href=\"https:\/\/www.addtoany.com\/add_to\/mendeley?linkurl=https%3A%2F%2Fxaviergimeno.net%2Fca%2Fpapers%2Finstitucionalitzacio-sociologia-protocol&amp;linkname=El%20proc%C3%A9s%20d%E2%80%99institucionalitzaci%C3%B3%20de%20la%20sociologia%20a%20Catalunya.%20Protocol%20de%20recerca\" title=\"Mendeley\" rel=\"nofollow noopener\" target=\"_blank\"><\/a><a class=\"a2a_dd addtoany_share_save addtoany_share\" href=\"https:\/\/www.addtoany.com\/share\"><\/a><\/div><\/div><a style=\"float: right;\" title=\"El proc\u00e9s d'institucionalitzaci\u00f3 de la sociologia a Catalunya. Protocol de recerca\" href=\"https:\/\/xaviergimeno.net\/files\/protesi.pdf\" target=\"_blank\" rel=\"noopener\">Text complet en PDF<\/a><\/div>\n<\/div>\n","protected":false},"excerpt":{"rendered":"<p>Projecte de tesi de doctorat, 2009. Aquest treball inclou un esb\u00f3s preliminar&#8230;<\/p>\n","protected":false},"author":3,"featured_media":0,"parent":4660,"menu_order":21,"comment_status":"closed","ping_status":"closed","template":"template-fullwidth.php","meta":{"_monsterinsights_skip_tracking":false,"_monsterinsights_sitenote_active":false,"_monsterinsights_sitenote_note":"","_monsterinsights_sitenote_category":0,"footnotes":""},"class_list":["post-5131","page","type-page","status-publish","hentry"],"yoast_head":"<!-- This site is optimized with the Yoast SEO plugin v27.4 - https:\/\/yoast.com\/product\/yoast-seo-wordpress\/ -->\n<title>El proc\u00e9s d&#039;institucionalitzaci\u00f3 de la sociologia a Catalunya<\/title>\n<meta name=\"description\" content=\"Protocol de recerca per a l&#039;estudi de la sociologia a Catalunya.\" \/>\n<meta name=\"robots\" content=\"index, follow, max-snippet:-1, max-image-preview:large, max-video-preview:-1\" \/>\n<link rel=\"canonical\" href=\"https:\/\/xaviergimeno.net\/ca\/papers\/institucionalitzacio-sociologia-protocol\" \/>\n<meta property=\"og:locale\" content=\"ca_ES\" \/>\n<meta property=\"og:type\" content=\"article\" \/>\n<meta property=\"og:title\" content=\"El proc\u00e9s d&#039;institucionalitzaci\u00f3 de la sociologia a Catalunya\" \/>\n<meta property=\"og:description\" content=\"Protocol de recerca per a l&#039;estudi de la sociologia a Catalunya.\" \/>\n<meta property=\"og:url\" content=\"https:\/\/xaviergimeno.net\/ca\/papers\/institucionalitzacio-sociologia-protocol\" \/>\n<meta property=\"og:site_name\" content=\"Xavier Gimeno Torrent\" \/>\n<meta property=\"article:publisher\" content=\"https:\/\/www.facebook.com\/XavierGimenoTorrent\" \/>\n<meta property=\"article:modified_time\" content=\"2026-02-18T15:16:33+00:00\" \/>\n<meta name=\"twitter:card\" content=\"summary_large_image\" \/>\n<meta name=\"twitter:site\" content=\"@Xavier_Gimeno\" \/>\n<meta name=\"twitter:label1\" content=\"Temps estimat de lectura\" \/>\n\t<meta name=\"twitter:data1\" content=\"2 minuts\" \/>\n<script type=\"application\/ld+json\" class=\"yoast-schema-graph\">{\"@context\":\"https:\\\/\\\/schema.org\",\"@graph\":[{\"@type\":\"WebPage\",\"@id\":\"https:\\\/\\\/xaviergimeno.net\\\/ca\\\/papers\\\/institucionalitzacio-sociologia-protocol\",\"url\":\"https:\\\/\\\/xaviergimeno.net\\\/ca\\\/papers\\\/institucionalitzacio-sociologia-protocol\",\"name\":\"El proc\u00e9s d'institucionalitzaci\u00f3 de la sociologia a Catalunya\",\"isPartOf\":{\"@id\":\"https:\\\/\\\/xaviergimeno.net\\\/#website\"},\"datePublished\":\"2010-08-22T13:48:19+00:00\",\"dateModified\":\"2026-02-18T15:16:33+00:00\",\"description\":\"Protocol de recerca per a l'estudi de la sociologia a Catalunya.\",\"breadcrumb\":{\"@id\":\"https:\\\/\\\/xaviergimeno.net\\\/ca\\\/papers\\\/institucionalitzacio-sociologia-protocol#breadcrumb\"},\"inLanguage\":\"ca\",\"potentialAction\":[{\"@type\":\"ReadAction\",\"target\":[\"https:\\\/\\\/xaviergimeno.net\\\/ca\\\/papers\\\/institucionalitzacio-sociologia-protocol\"]}]},{\"@type\":\"BreadcrumbList\",\"@id\":\"https:\\\/\\\/xaviergimeno.net\\\/ca\\\/papers\\\/institucionalitzacio-sociologia-protocol#breadcrumb\",\"itemListElement\":[{\"@type\":\"ListItem\",\"position\":1,\"name\":\"Home\",\"item\":\"https:\\\/\\\/xaviergimeno.net\\\/ca\"},{\"@type\":\"ListItem\",\"position\":2,\"name\":\"Papers\",\"item\":\"https:\\\/\\\/xaviergimeno.net\\\/ca\\\/papers\"},{\"@type\":\"ListItem\",\"position\":3,\"name\":\"El proc\u00e9s d&#8217;institucionalitzaci\u00f3 de la sociologia a Catalunya. Protocol de recerca\"}]},{\"@type\":\"WebSite\",\"@id\":\"https:\\\/\\\/xaviergimeno.net\\\/#website\",\"url\":\"https:\\\/\\\/xaviergimeno.net\\\/\",\"name\":\"Xavier Gimeno Torrent\",\"description\":\"soci\u00f2leg i traductor\",\"potentialAction\":[{\"@type\":\"SearchAction\",\"target\":{\"@type\":\"EntryPoint\",\"urlTemplate\":\"https:\\\/\\\/xaviergimeno.net\\\/?s={search_term_string}\"},\"query-input\":{\"@type\":\"PropertyValueSpecification\",\"valueRequired\":true,\"valueName\":\"search_term_string\"}}],\"inLanguage\":\"ca\"}]}<\/script>\n<!-- \/ Yoast SEO plugin. -->","yoast_head_json":{"title":"El proc\u00e9s d'institucionalitzaci\u00f3 de la sociologia a Catalunya","description":"Protocol de recerca per a l'estudi de la sociologia a Catalunya.","robots":{"index":"index","follow":"follow","max-snippet":"max-snippet:-1","max-image-preview":"max-image-preview:large","max-video-preview":"max-video-preview:-1"},"canonical":"https:\/\/xaviergimeno.net\/ca\/papers\/institucionalitzacio-sociologia-protocol","og_locale":"ca_ES","og_type":"article","og_title":"El proc\u00e9s d'institucionalitzaci\u00f3 de la sociologia a Catalunya","og_description":"Protocol de recerca per a l'estudi de la sociologia a Catalunya.","og_url":"https:\/\/xaviergimeno.net\/ca\/papers\/institucionalitzacio-sociologia-protocol","og_site_name":"Xavier Gimeno Torrent","article_publisher":"https:\/\/www.facebook.com\/XavierGimenoTorrent","article_modified_time":"2026-02-18T15:16:33+00:00","twitter_card":"summary_large_image","twitter_site":"@Xavier_Gimeno","twitter_misc":{"Temps estimat de lectura":"2 minuts"},"schema":{"@context":"https:\/\/schema.org","@graph":[{"@type":"WebPage","@id":"https:\/\/xaviergimeno.net\/ca\/papers\/institucionalitzacio-sociologia-protocol","url":"https:\/\/xaviergimeno.net\/ca\/papers\/institucionalitzacio-sociologia-protocol","name":"El proc\u00e9s d'institucionalitzaci\u00f3 de la sociologia a Catalunya","isPartOf":{"@id":"https:\/\/xaviergimeno.net\/#website"},"datePublished":"2010-08-22T13:48:19+00:00","dateModified":"2026-02-18T15:16:33+00:00","description":"Protocol de recerca per a l'estudi de la sociologia a Catalunya.","breadcrumb":{"@id":"https:\/\/xaviergimeno.net\/ca\/papers\/institucionalitzacio-sociologia-protocol#breadcrumb"},"inLanguage":"ca","potentialAction":[{"@type":"ReadAction","target":["https:\/\/xaviergimeno.net\/ca\/papers\/institucionalitzacio-sociologia-protocol"]}]},{"@type":"BreadcrumbList","@id":"https:\/\/xaviergimeno.net\/ca\/papers\/institucionalitzacio-sociologia-protocol#breadcrumb","itemListElement":[{"@type":"ListItem","position":1,"name":"Home","item":"https:\/\/xaviergimeno.net\/ca"},{"@type":"ListItem","position":2,"name":"Papers","item":"https:\/\/xaviergimeno.net\/ca\/papers"},{"@type":"ListItem","position":3,"name":"El proc\u00e9s d&#8217;institucionalitzaci\u00f3 de la sociologia a Catalunya. Protocol de recerca"}]},{"@type":"WebSite","@id":"https:\/\/xaviergimeno.net\/#website","url":"https:\/\/xaviergimeno.net\/","name":"Xavier Gimeno Torrent","description":"soci\u00f2leg i traductor","potentialAction":[{"@type":"SearchAction","target":{"@type":"EntryPoint","urlTemplate":"https:\/\/xaviergimeno.net\/?s={search_term_string}"},"query-input":{"@type":"PropertyValueSpecification","valueRequired":true,"valueName":"search_term_string"}}],"inLanguage":"ca"}]}},"_links":{"self":[{"href":"https:\/\/xaviergimeno.net\/ca\/wp-json\/wp\/v2\/pages\/5131","targetHints":{"allow":["GET"]}}],"collection":[{"href":"https:\/\/xaviergimeno.net\/ca\/wp-json\/wp\/v2\/pages"}],"about":[{"href":"https:\/\/xaviergimeno.net\/ca\/wp-json\/wp\/v2\/types\/page"}],"author":[{"embeddable":true,"href":"https:\/\/xaviergimeno.net\/ca\/wp-json\/wp\/v2\/users\/3"}],"replies":[{"embeddable":true,"href":"https:\/\/xaviergimeno.net\/ca\/wp-json\/wp\/v2\/comments?post=5131"}],"version-history":[{"count":0,"href":"https:\/\/xaviergimeno.net\/ca\/wp-json\/wp\/v2\/pages\/5131\/revisions"}],"up":[{"embeddable":true,"href":"https:\/\/xaviergimeno.net\/ca\/wp-json\/wp\/v2\/pages\/4660"}],"wp:attachment":[{"href":"https:\/\/xaviergimeno.net\/ca\/wp-json\/wp\/v2\/media?parent=5131"}],"curies":[{"name":"wp","href":"https:\/\/api.w.org\/{rel}","templated":true}]}}