{"id":5145,"date":"2010-08-22T15:28:52","date_gmt":"2010-08-22T13:28:52","guid":{"rendered":"https:\/\/www.xaviergimeno.net\/ca\/?page_id=5145"},"modified":"2026-02-18T16:15:12","modified_gmt":"2026-02-18T15:15:12","slug":"comunicacio-sociologia-catalunya","status":"publish","type":"page","link":"https:\/\/xaviergimeno.net\/ca\/papers\/comunicacio-sociologia-catalunya","title":{"rendered":"Un model d\u2019an\u00e0lisi i un sistema d\u2019hip\u00f2tesis per a l\u2019estudi del proc\u00e9s d\u2019institucionalitzaci\u00f3 de la sociologia a Catalunya"},"content":{"rendered":"<p style=\"text-align: left;\"><em>Comunicaci\u00f3 presentada al V Congr\u00e9s Catal\u00e0 de Sociologia, Bellaterra, 2009.<\/em><\/p>\n<p style=\"text-align: left;\">En aquesta comunicaci\u00f3 s\u2019apunta, en primer lloc, la necessitat de trencar amb la tant comuna preocupaci\u00f3 entre els soci\u00f2legs del nostre pa\u00eds, inspiradora de nombrosos estudis \u2014ja siguin \u00abquantitatius\u00bb com \u00abqualitatius\u00bb\u2014 empresos per les m\u00e9s diverses inst\u00e0ncies (universitats, col\u2022legis professionals, etc.), sobre la professionalitzaci\u00f3 i la inserci\u00f3 professional dels soci\u00f2legs, si es vol dur a terme l\u2019estudi rigor\u00f3s del proc\u00e9s d\u2019institucionalitzaci\u00f3 de la sociologia a Catalunya, que podria servir (com a possible aplicaci\u00f3) per localitzar el veritable origen dels problemes que tenen a veure amb el mercat sociol\u00f2gic catal\u00e0. En segon lloc, s\u2019apunten algunes de les hip\u00f2tesis m\u00e9s comunes sobre el proc\u00e9s d\u2019institucionalitzaci\u00f3 de la sociologia a Catalunya, prenent-ne tres, apuntades de forma expl\u00edcita per coneguts soci\u00f2legs catalans i que giren a l\u2019entorn de la opressi\u00f3 de la naci\u00f3 catalana, les contradiccions del capitalisme tard\u00e0, i el proc\u00e9s de conquesta de les llibertats durant el final del franquisme. A continuaci\u00f3, i en tercer lloc, aquestes hip\u00f2tesis s\u00f3n discutides de forma reflexiva per desentrellar qu\u00e8 desvetllen, en realitat, sobre el camp sociol\u00f2gic a Catalunya. Es palesa que parlen, sobretot, de l\u2019alt grau de polititzaci\u00f3 de la sociologia practicada a Catalunya. En quart lloc, es presenta el model d\u2019an\u00e0lisi aplicat a l\u2019hora de definir l\u2019objecte d\u2019estudi. Gr\u00e0cies a l\u2019\u00fas d\u2019aquest model es desvetlla la principal hip\u00f2tesi sobre la polititzaci\u00f3 del camp i es configura el sistema d\u2019hip\u00f2tesis que constitueix el cos d\u2019aquest treball. Com es veur\u00e0, la presentaci\u00f3 del model i del sistema d\u2019hip\u00f2tesis s\u2019efectuen en el mateix moment, ja que aquests dos processos s\u00f3n indestriables. El model d\u2019an\u00e0lisi utilitzat ha estat desenvolupat per Pierre Bourdieu al llarg de diverses recerques, i es basa en la necessitat d\u2019aplicar al mateix camp sociol\u00f2gic les troballes m\u00e9s comunes de la sociologia del coneixement i de la ci\u00e8ncia. En donar a con\u00e8ixer aquest sistema d\u2019hip\u00f2tesis i emprar la perspectiva desenvolupada per Pierre Bourdieu, la intenci\u00f3 expl\u00edcita del treball \u00e9s, finalment, fomentar el debat a l\u2019entorn d\u2019aquest tema per part de la comunitat sociol\u00f2gica catalana, ja que l\u2019estudi de la g\u00e8nesi del camp sociol\u00f2gic a Catalunya pot molt b\u00e9 ser una ocasi\u00f3 no nom\u00e9s per reflexionar sobre la seva hist\u00f2ria passada, sin\u00f3 molt especialment per preguntar-se sobre de quina manera aquesta hist\u00f2ria condiciona les pr\u00e0ctiques sociol\u00f2giques presents a Catalunya, donant-los la seva forma caracter\u00edstica. D\u2019aquesta forma, a l\u2019hora d\u2019assolir aquest prop\u00f2sit, \u00e9s indispensable comptar amb les aportacions de tots aquells i totes aquelles que, formant part de l\u2019objecte d\u2019estudi, considerin que el seu punt de vista mereix ser conegut i reconegut, ja que \u00fanicament aix\u00ed s\u2019assolir\u00e0 el prop\u00f2sit que presideix aquesta recerca.<\/p>\n<div class=\"addthis-pagines\">\n<div class=\"a2a_kit a2a_default_style\" data-a2a-icon-color=\"#6C981A\">\n<div class=\"addtoany_shortcode\"><div class=\"a2a_kit a2a_kit_size_32 addtoany_list\" data-a2a-url=\"https:\/\/xaviergimeno.net\/ca\/papers\/comunicacio-sociologia-catalunya\" data-a2a-title=\"Un model d\u2019an\u00e0lisi i un sistema d\u2019hip\u00f2tesis per a l\u2019estudi del proc\u00e9s d\u2019institucionalitzaci\u00f3 de la sociologia a Catalunya\"><a class=\"a2a_button_facebook\" href=\"https:\/\/www.addtoany.com\/add_to\/facebook?linkurl=https%3A%2F%2Fxaviergimeno.net%2Fca%2Fpapers%2Fcomunicacio-sociologia-catalunya&amp;linkname=Un%20model%20d%E2%80%99an%C3%A0lisi%20i%20un%20sistema%20d%E2%80%99hip%C3%B2tesis%20per%20a%20l%E2%80%99estudi%20del%20proc%C3%A9s%20d%E2%80%99institucionalitzaci%C3%B3%20de%20la%20sociologia%20a%20Catalunya\" title=\"Facebook\" rel=\"nofollow noopener\" target=\"_blank\"><\/a><a class=\"a2a_button_x\" href=\"https:\/\/www.addtoany.com\/add_to\/x?linkurl=https%3A%2F%2Fxaviergimeno.net%2Fca%2Fpapers%2Fcomunicacio-sociologia-catalunya&amp;linkname=Un%20model%20d%E2%80%99an%C3%A0lisi%20i%20un%20sistema%20d%E2%80%99hip%C3%B2tesis%20per%20a%20l%E2%80%99estudi%20del%20proc%C3%A9s%20d%E2%80%99institucionalitzaci%C3%B3%20de%20la%20sociologia%20a%20Catalunya\" title=\"X\" rel=\"nofollow noopener\" target=\"_blank\"><\/a><a class=\"a2a_button_email\" href=\"https:\/\/www.addtoany.com\/add_to\/email?linkurl=https%3A%2F%2Fxaviergimeno.net%2Fca%2Fpapers%2Fcomunicacio-sociologia-catalunya&amp;linkname=Un%20model%20d%E2%80%99an%C3%A0lisi%20i%20un%20sistema%20d%E2%80%99hip%C3%B2tesis%20per%20a%20l%E2%80%99estudi%20del%20proc%C3%A9s%20d%E2%80%99institucionalitzaci%C3%B3%20de%20la%20sociologia%20a%20Catalunya\" title=\"Email\" rel=\"nofollow noopener\" target=\"_blank\"><\/a><a class=\"a2a_button_print\" href=\"https:\/\/www.addtoany.com\/add_to\/print?linkurl=https%3A%2F%2Fxaviergimeno.net%2Fca%2Fpapers%2Fcomunicacio-sociologia-catalunya&amp;linkname=Un%20model%20d%E2%80%99an%C3%A0lisi%20i%20un%20sistema%20d%E2%80%99hip%C3%B2tesis%20per%20a%20l%E2%80%99estudi%20del%20proc%C3%A9s%20d%E2%80%99institucionalitzaci%C3%B3%20de%20la%20sociologia%20a%20Catalunya\" title=\"Print\" rel=\"nofollow noopener\" target=\"_blank\"><\/a><a class=\"a2a_button_printfriendly\" href=\"https:\/\/www.addtoany.com\/add_to\/printfriendly?linkurl=https%3A%2F%2Fxaviergimeno.net%2Fca%2Fpapers%2Fcomunicacio-sociologia-catalunya&amp;linkname=Un%20model%20d%E2%80%99an%C3%A0lisi%20i%20un%20sistema%20d%E2%80%99hip%C3%B2tesis%20per%20a%20l%E2%80%99estudi%20del%20proc%C3%A9s%20d%E2%80%99institucionalitzaci%C3%B3%20de%20la%20sociologia%20a%20Catalunya\" title=\"PrintFriendly\" rel=\"nofollow noopener\" target=\"_blank\"><\/a><a class=\"a2a_button_mendeley\" href=\"https:\/\/www.addtoany.com\/add_to\/mendeley?linkurl=https%3A%2F%2Fxaviergimeno.net%2Fca%2Fpapers%2Fcomunicacio-sociologia-catalunya&amp;linkname=Un%20model%20d%E2%80%99an%C3%A0lisi%20i%20un%20sistema%20d%E2%80%99hip%C3%B2tesis%20per%20a%20l%E2%80%99estudi%20del%20proc%C3%A9s%20d%E2%80%99institucionalitzaci%C3%B3%20de%20la%20sociologia%20a%20Catalunya\" title=\"Mendeley\" rel=\"nofollow noopener\" target=\"_blank\"><\/a><a class=\"a2a_dd addtoany_share_save addtoany_share\" href=\"https:\/\/www.addtoany.com\/share\"><\/a><\/div><\/div><a style=\"float: right;\" title=\"Un model d\u2019an\u00e0lisi i un sistema d\u2019hip\u00f2tesis per a l\u2019estudi del proc\u00e9s d\u2019institucionalitzaci\u00f3 de la sociologia a Catalunya\" href=\"https:\/\/xaviergimeno.net\/files\/congres.pdf\" target=\"_blank\" rel=\"noopener\">Text complet en PDF<\/a><\/div>\n<\/div>\n","protected":false},"excerpt":{"rendered":"<p>Comunicaci\u00f3 presentada al V Congr\u00e9s Catal\u00e0 de Sociologia, Bellaterra, 2009. En aquesta&#8230;<\/p>\n","protected":false},"author":3,"featured_media":0,"parent":4660,"menu_order":22,"comment_status":"closed","ping_status":"closed","template":"template-fullwidth.php","meta":{"_monsterinsights_skip_tracking":false,"_monsterinsights_sitenote_active":false,"_monsterinsights_sitenote_note":"","_monsterinsights_sitenote_category":0,"footnotes":""},"class_list":["post-5145","page","type-page","status-publish","hentry"],"yoast_head":"<!-- This site is optimized with the Yoast SEO plugin v27.4 - https:\/\/yoast.com\/product\/yoast-seo-wordpress\/ -->\n<title>Un model d\u2019an\u00e0lisi i hip\u00f2tesis per estudiar la sociologia de Catalunya<\/title>\n<meta name=\"description\" content=\"Comunicaci\u00f3 sobre la institucionalitzaci\u00f3 de la sociologia a Catalunya.\" \/>\n<meta name=\"robots\" content=\"index, follow, max-snippet:-1, max-image-preview:large, max-video-preview:-1\" \/>\n<link rel=\"canonical\" href=\"https:\/\/xaviergimeno.net\/ca\/papers\/comunicacio-sociologia-catalunya\" \/>\n<meta property=\"og:locale\" content=\"ca_ES\" \/>\n<meta property=\"og:type\" content=\"article\" \/>\n<meta property=\"og:title\" content=\"Un model d\u2019an\u00e0lisi i hip\u00f2tesis per estudiar la sociologia de Catalunya\" \/>\n<meta property=\"og:description\" content=\"Comunicaci\u00f3 sobre la institucionalitzaci\u00f3 de la sociologia a Catalunya.\" \/>\n<meta property=\"og:url\" content=\"https:\/\/xaviergimeno.net\/ca\/papers\/comunicacio-sociologia-catalunya\" \/>\n<meta property=\"og:site_name\" content=\"Xavier Gimeno Torrent\" \/>\n<meta property=\"article:publisher\" content=\"https:\/\/www.facebook.com\/XavierGimenoTorrent\" \/>\n<meta property=\"article:modified_time\" content=\"2026-02-18T15:15:12+00:00\" \/>\n<meta name=\"twitter:card\" content=\"summary_large_image\" \/>\n<meta name=\"twitter:site\" content=\"@Xavier_Gimeno\" \/>\n<meta name=\"twitter:label1\" content=\"Temps estimat de lectura\" \/>\n\t<meta name=\"twitter:data1\" content=\"2 minuts\" \/>\n<script type=\"application\/ld+json\" class=\"yoast-schema-graph\">{\"@context\":\"https:\\\/\\\/schema.org\",\"@graph\":[{\"@type\":\"WebPage\",\"@id\":\"https:\\\/\\\/xaviergimeno.net\\\/ca\\\/papers\\\/comunicacio-sociologia-catalunya\",\"url\":\"https:\\\/\\\/xaviergimeno.net\\\/ca\\\/papers\\\/comunicacio-sociologia-catalunya\",\"name\":\"Un model d\u2019an\u00e0lisi i hip\u00f2tesis per estudiar la sociologia de Catalunya\",\"isPartOf\":{\"@id\":\"https:\\\/\\\/xaviergimeno.net\\\/#website\"},\"datePublished\":\"2010-08-22T13:28:52+00:00\",\"dateModified\":\"2026-02-18T15:15:12+00:00\",\"description\":\"Comunicaci\u00f3 sobre la institucionalitzaci\u00f3 de la sociologia a Catalunya.\",\"breadcrumb\":{\"@id\":\"https:\\\/\\\/xaviergimeno.net\\\/ca\\\/papers\\\/comunicacio-sociologia-catalunya#breadcrumb\"},\"inLanguage\":\"ca\",\"potentialAction\":[{\"@type\":\"ReadAction\",\"target\":[\"https:\\\/\\\/xaviergimeno.net\\\/ca\\\/papers\\\/comunicacio-sociologia-catalunya\"]}]},{\"@type\":\"BreadcrumbList\",\"@id\":\"https:\\\/\\\/xaviergimeno.net\\\/ca\\\/papers\\\/comunicacio-sociologia-catalunya#breadcrumb\",\"itemListElement\":[{\"@type\":\"ListItem\",\"position\":1,\"name\":\"Home\",\"item\":\"https:\\\/\\\/xaviergimeno.net\\\/ca\"},{\"@type\":\"ListItem\",\"position\":2,\"name\":\"Papers\",\"item\":\"https:\\\/\\\/xaviergimeno.net\\\/ca\\\/papers\"},{\"@type\":\"ListItem\",\"position\":3,\"name\":\"Un model d\u2019an\u00e0lisi i un sistema d\u2019hip\u00f2tesis per a l\u2019estudi del proc\u00e9s d\u2019institucionalitzaci\u00f3 de la sociologia a Catalunya\"}]},{\"@type\":\"WebSite\",\"@id\":\"https:\\\/\\\/xaviergimeno.net\\\/#website\",\"url\":\"https:\\\/\\\/xaviergimeno.net\\\/\",\"name\":\"Xavier Gimeno Torrent\",\"description\":\"soci\u00f2leg i traductor\",\"potentialAction\":[{\"@type\":\"SearchAction\",\"target\":{\"@type\":\"EntryPoint\",\"urlTemplate\":\"https:\\\/\\\/xaviergimeno.net\\\/?s={search_term_string}\"},\"query-input\":{\"@type\":\"PropertyValueSpecification\",\"valueRequired\":true,\"valueName\":\"search_term_string\"}}],\"inLanguage\":\"ca\"}]}<\/script>\n<!-- \/ Yoast SEO plugin. -->","yoast_head_json":{"title":"Un model d\u2019an\u00e0lisi i hip\u00f2tesis per estudiar la sociologia de Catalunya","description":"Comunicaci\u00f3 sobre la institucionalitzaci\u00f3 de la sociologia a Catalunya.","robots":{"index":"index","follow":"follow","max-snippet":"max-snippet:-1","max-image-preview":"max-image-preview:large","max-video-preview":"max-video-preview:-1"},"canonical":"https:\/\/xaviergimeno.net\/ca\/papers\/comunicacio-sociologia-catalunya","og_locale":"ca_ES","og_type":"article","og_title":"Un model d\u2019an\u00e0lisi i hip\u00f2tesis per estudiar la sociologia de Catalunya","og_description":"Comunicaci\u00f3 sobre la institucionalitzaci\u00f3 de la sociologia a Catalunya.","og_url":"https:\/\/xaviergimeno.net\/ca\/papers\/comunicacio-sociologia-catalunya","og_site_name":"Xavier Gimeno Torrent","article_publisher":"https:\/\/www.facebook.com\/XavierGimenoTorrent","article_modified_time":"2026-02-18T15:15:12+00:00","twitter_card":"summary_large_image","twitter_site":"@Xavier_Gimeno","twitter_misc":{"Temps estimat de lectura":"2 minuts"},"schema":{"@context":"https:\/\/schema.org","@graph":[{"@type":"WebPage","@id":"https:\/\/xaviergimeno.net\/ca\/papers\/comunicacio-sociologia-catalunya","url":"https:\/\/xaviergimeno.net\/ca\/papers\/comunicacio-sociologia-catalunya","name":"Un model d\u2019an\u00e0lisi i hip\u00f2tesis per estudiar la sociologia de Catalunya","isPartOf":{"@id":"https:\/\/xaviergimeno.net\/#website"},"datePublished":"2010-08-22T13:28:52+00:00","dateModified":"2026-02-18T15:15:12+00:00","description":"Comunicaci\u00f3 sobre la institucionalitzaci\u00f3 de la sociologia a Catalunya.","breadcrumb":{"@id":"https:\/\/xaviergimeno.net\/ca\/papers\/comunicacio-sociologia-catalunya#breadcrumb"},"inLanguage":"ca","potentialAction":[{"@type":"ReadAction","target":["https:\/\/xaviergimeno.net\/ca\/papers\/comunicacio-sociologia-catalunya"]}]},{"@type":"BreadcrumbList","@id":"https:\/\/xaviergimeno.net\/ca\/papers\/comunicacio-sociologia-catalunya#breadcrumb","itemListElement":[{"@type":"ListItem","position":1,"name":"Home","item":"https:\/\/xaviergimeno.net\/ca"},{"@type":"ListItem","position":2,"name":"Papers","item":"https:\/\/xaviergimeno.net\/ca\/papers"},{"@type":"ListItem","position":3,"name":"Un model d\u2019an\u00e0lisi i un sistema d\u2019hip\u00f2tesis per a l\u2019estudi del proc\u00e9s d\u2019institucionalitzaci\u00f3 de la sociologia a Catalunya"}]},{"@type":"WebSite","@id":"https:\/\/xaviergimeno.net\/#website","url":"https:\/\/xaviergimeno.net\/","name":"Xavier Gimeno Torrent","description":"soci\u00f2leg i traductor","potentialAction":[{"@type":"SearchAction","target":{"@type":"EntryPoint","urlTemplate":"https:\/\/xaviergimeno.net\/?s={search_term_string}"},"query-input":{"@type":"PropertyValueSpecification","valueRequired":true,"valueName":"search_term_string"}}],"inLanguage":"ca"}]}},"_links":{"self":[{"href":"https:\/\/xaviergimeno.net\/ca\/wp-json\/wp\/v2\/pages\/5145","targetHints":{"allow":["GET"]}}],"collection":[{"href":"https:\/\/xaviergimeno.net\/ca\/wp-json\/wp\/v2\/pages"}],"about":[{"href":"https:\/\/xaviergimeno.net\/ca\/wp-json\/wp\/v2\/types\/page"}],"author":[{"embeddable":true,"href":"https:\/\/xaviergimeno.net\/ca\/wp-json\/wp\/v2\/users\/3"}],"replies":[{"embeddable":true,"href":"https:\/\/xaviergimeno.net\/ca\/wp-json\/wp\/v2\/comments?post=5145"}],"version-history":[{"count":0,"href":"https:\/\/xaviergimeno.net\/ca\/wp-json\/wp\/v2\/pages\/5145\/revisions"}],"up":[{"embeddable":true,"href":"https:\/\/xaviergimeno.net\/ca\/wp-json\/wp\/v2\/pages\/4660"}],"wp:attachment":[{"href":"https:\/\/xaviergimeno.net\/ca\/wp-json\/wp\/v2\/media?parent=5145"}],"curies":[{"name":"wp","href":"https:\/\/api.w.org\/{rel}","templated":true}]}}