{"id":5169,"date":"2010-08-21T16:50:44","date_gmt":"2010-08-21T14:50:44","guid":{"rendered":"https:\/\/www.xaviergimeno.net\/ca\/?page_id=5169"},"modified":"2026-02-18T16:12:40","modified_gmt":"2026-02-18T15:12:40","slug":"incidencies-treball-camp","status":"publish","type":"page","link":"https:\/\/xaviergimeno.net\/ca\/papers\/incidencies-treball-camp","title":{"rendered":"Incid\u00e8ncies durant el treball de camp amb enquestes personals en estudis epidemiol\u00f2gics (en castell\u00e0)"},"content":{"rendered":"<p style=\"text-align: left;\"><em>Coescrit amb Clara Llorens, Salvador Moncada i Albert Navarro. Publicat a Metodolog\u00eda de Encuestas, 2006, volum 8: 61-74 (Monogr\u00e1fico: Incidencias en el trabajo de campo).<\/em><\/p>\n<p style=\"text-align: left;\">OBJECTIU: L&#8217;objectiu d&#8217;aquest article \u00e9s descriure quines s\u00f3n les incid\u00e8ncies m\u00e9s comuns que tenen lloc durant la realitzaci\u00f3 del treball de camp en investigacions epidemiol\u00f2giques mitjan\u00e7ant enquesta personal. M\u00c8TODE: Per aix\u00f2 es va construir una base de dades que contenia les incid\u00e8ncies registrades al llarg de la segona \u2014d&#8217;un total de tres\u2014 onada (2.540 enquestes) de la investigaci\u00f3 epidemiol\u00f2gica \u00abexposici\u00f3 a factors psicosocials a la feina, precarietat laboral, doble pres\u00e8ncia i salut\u00bb, al llarg de la qual es van realitzar en total 7.650 entrevistes. La base de dades d&#8217;incid\u00e8ncies contenia, a m\u00e9s de les variables dependents relatives a les incid\u00e8ncies (7 variables), unes altres 3 variables que servien per a descriure, des del punt de vista sociodemogr\u00e0fic, a les seccions censals on es van realitzar les enquestes. Aquesta base de dades es va analitzar usant la t\u00e8cnica de l&#8217;an\u00e0lisi de taules de conting\u00e8ncia mitjan\u00e7ant \u03c72, per tractar-se d&#8217;una t\u00e8cnica a mig cam\u00ed entre la descripci\u00f3 i l&#8217;an\u00e0lisi, molt adequada per a la investigaci\u00f3 d&#8217;objectes encara poc definits (com \u00e9s el cas). RESULTATS: Els resultats suggereixen la necessitat de considerar dos nivells explicatius: el municipi pel que fa al nombre d&#8217;habitants, com a primera caracter\u00edstica, i les caracter\u00edstiques sociodemogr\u00e0fiques de les seccions censals, ja que les incid\u00e8ncies es relacionen diferentment amb unes (per exemple, la immigraci\u00f3 en determinades seccions) o altres caracter\u00edstiques de les seccions censals (per exemple, l&#8217;envelliment de la poblaci\u00f3 en altres seccions) segons es tracti de capitals de prov\u00edncia, de ciutats grans, petites, o pobles.<\/p>\n<div class=\"addthis-pagines\">\n<div class=\"a2a_kit a2a_default_style\" data-a2a-icon-color=\"#6C981A\">\n<div class=\"addtoany_shortcode\"><div class=\"a2a_kit a2a_kit_size_32 addtoany_list\" data-a2a-url=\"https:\/\/xaviergimeno.net\/ca\/papers\/incidencies-treball-camp\" data-a2a-title=\"Incid\u00e8ncies durant el treball de camp amb enquestes personals en estudis epidemiol\u00f2gics (en castell\u00e0)\"><a class=\"a2a_button_facebook\" href=\"https:\/\/www.addtoany.com\/add_to\/facebook?linkurl=https%3A%2F%2Fxaviergimeno.net%2Fca%2Fpapers%2Fincidencies-treball-camp&amp;linkname=Incid%C3%A8ncies%20durant%20el%20treball%20de%20camp%20amb%20enquestes%20personals%20en%20estudis%20epidemiol%C3%B2gics%20%28en%20castell%C3%A0%29\" title=\"Facebook\" rel=\"nofollow noopener\" target=\"_blank\"><\/a><a class=\"a2a_button_x\" href=\"https:\/\/www.addtoany.com\/add_to\/x?linkurl=https%3A%2F%2Fxaviergimeno.net%2Fca%2Fpapers%2Fincidencies-treball-camp&amp;linkname=Incid%C3%A8ncies%20durant%20el%20treball%20de%20camp%20amb%20enquestes%20personals%20en%20estudis%20epidemiol%C3%B2gics%20%28en%20castell%C3%A0%29\" title=\"X\" rel=\"nofollow noopener\" target=\"_blank\"><\/a><a class=\"a2a_button_email\" href=\"https:\/\/www.addtoany.com\/add_to\/email?linkurl=https%3A%2F%2Fxaviergimeno.net%2Fca%2Fpapers%2Fincidencies-treball-camp&amp;linkname=Incid%C3%A8ncies%20durant%20el%20treball%20de%20camp%20amb%20enquestes%20personals%20en%20estudis%20epidemiol%C3%B2gics%20%28en%20castell%C3%A0%29\" title=\"Email\" rel=\"nofollow noopener\" target=\"_blank\"><\/a><a class=\"a2a_button_print\" href=\"https:\/\/www.addtoany.com\/add_to\/print?linkurl=https%3A%2F%2Fxaviergimeno.net%2Fca%2Fpapers%2Fincidencies-treball-camp&amp;linkname=Incid%C3%A8ncies%20durant%20el%20treball%20de%20camp%20amb%20enquestes%20personals%20en%20estudis%20epidemiol%C3%B2gics%20%28en%20castell%C3%A0%29\" title=\"Print\" rel=\"nofollow noopener\" target=\"_blank\"><\/a><a class=\"a2a_button_printfriendly\" href=\"https:\/\/www.addtoany.com\/add_to\/printfriendly?linkurl=https%3A%2F%2Fxaviergimeno.net%2Fca%2Fpapers%2Fincidencies-treball-camp&amp;linkname=Incid%C3%A8ncies%20durant%20el%20treball%20de%20camp%20amb%20enquestes%20personals%20en%20estudis%20epidemiol%C3%B2gics%20%28en%20castell%C3%A0%29\" title=\"PrintFriendly\" rel=\"nofollow noopener\" target=\"_blank\"><\/a><a class=\"a2a_button_mendeley\" href=\"https:\/\/www.addtoany.com\/add_to\/mendeley?linkurl=https%3A%2F%2Fxaviergimeno.net%2Fca%2Fpapers%2Fincidencies-treball-camp&amp;linkname=Incid%C3%A8ncies%20durant%20el%20treball%20de%20camp%20amb%20enquestes%20personals%20en%20estudis%20epidemiol%C3%B2gics%20%28en%20castell%C3%A0%29\" title=\"Mendeley\" rel=\"nofollow noopener\" target=\"_blank\"><\/a><a class=\"a2a_dd addtoany_share_save addtoany_share\" href=\"https:\/\/www.addtoany.com\/share\"><\/a><\/div><\/div><a style=\"float: right;\" title=\"Incid\u00e8ncies durant el treball de camp amb enquestes personals en estudis epidemiol\u00f2gics (en castell\u00e0)\" href=\"https:\/\/xaviergimeno.net\/files\/incidenc.pdf\" target=\"_blank\" rel=\"noopener\">Text complet en PDF<\/a><\/div>\n<\/div>\n","protected":false},"excerpt":{"rendered":"<p>Coescrit amb Clara Llorens, Salvador Moncada i Albert Navarro. Publicat a Metodolog\u00eda&#8230;<\/p>\n","protected":false},"author":3,"featured_media":0,"parent":4660,"menu_order":24,"comment_status":"closed","ping_status":"closed","template":"template-fullwidth.php","meta":{"_monsterinsights_skip_tracking":false,"_monsterinsights_sitenote_active":false,"_monsterinsights_sitenote_note":"","_monsterinsights_sitenote_category":0,"footnotes":""},"class_list":["post-5169","page","type-page","status-publish","hentry"],"yoast_head":"<!-- This site is optimized with the Yoast SEO plugin v27.4 - https:\/\/yoast.com\/product\/yoast-seo-wordpress\/ -->\n<title>Incid\u00e8ncies durant el treball de camp amb enquestes personals<\/title>\n<meta name=\"description\" content=\"Article sobre incid\u00e8ncies durant el treball de camp amb enquestes personals.\" \/>\n<meta name=\"robots\" content=\"index, follow, max-snippet:-1, max-image-preview:large, max-video-preview:-1\" \/>\n<link rel=\"canonical\" href=\"https:\/\/xaviergimeno.net\/ca\/papers\/incidencies-treball-camp\" \/>\n<meta property=\"og:locale\" content=\"ca_ES\" \/>\n<meta property=\"og:type\" content=\"article\" \/>\n<meta property=\"og:title\" content=\"Incid\u00e8ncies durant el treball de camp amb enquestes personals\" \/>\n<meta property=\"og:description\" content=\"Article sobre incid\u00e8ncies durant el treball de camp amb enquestes personals.\" \/>\n<meta property=\"og:url\" content=\"https:\/\/xaviergimeno.net\/ca\/papers\/incidencies-treball-camp\" \/>\n<meta property=\"og:site_name\" content=\"Xavier Gimeno Torrent\" \/>\n<meta property=\"article:publisher\" content=\"https:\/\/www.facebook.com\/XavierGimenoTorrent\" \/>\n<meta property=\"article:modified_time\" content=\"2026-02-18T15:12:40+00:00\" \/>\n<meta name=\"twitter:card\" content=\"summary_large_image\" \/>\n<meta name=\"twitter:site\" content=\"@Xavier_Gimeno\" \/>\n<meta name=\"twitter:label1\" content=\"Temps estimat de lectura\" \/>\n\t<meta name=\"twitter:data1\" content=\"2 minuts\" \/>\n<script type=\"application\/ld+json\" class=\"yoast-schema-graph\">{\"@context\":\"https:\\\/\\\/schema.org\",\"@graph\":[{\"@type\":\"WebPage\",\"@id\":\"https:\\\/\\\/xaviergimeno.net\\\/ca\\\/papers\\\/incidencies-treball-camp\",\"url\":\"https:\\\/\\\/xaviergimeno.net\\\/ca\\\/papers\\\/incidencies-treball-camp\",\"name\":\"Incid\u00e8ncies durant el treball de camp amb enquestes personals\",\"isPartOf\":{\"@id\":\"https:\\\/\\\/xaviergimeno.net\\\/#website\"},\"datePublished\":\"2010-08-21T14:50:44+00:00\",\"dateModified\":\"2026-02-18T15:12:40+00:00\",\"description\":\"Article sobre incid\u00e8ncies durant el treball de camp amb enquestes personals.\",\"breadcrumb\":{\"@id\":\"https:\\\/\\\/xaviergimeno.net\\\/ca\\\/papers\\\/incidencies-treball-camp#breadcrumb\"},\"inLanguage\":\"ca\",\"potentialAction\":[{\"@type\":\"ReadAction\",\"target\":[\"https:\\\/\\\/xaviergimeno.net\\\/ca\\\/papers\\\/incidencies-treball-camp\"]}]},{\"@type\":\"BreadcrumbList\",\"@id\":\"https:\\\/\\\/xaviergimeno.net\\\/ca\\\/papers\\\/incidencies-treball-camp#breadcrumb\",\"itemListElement\":[{\"@type\":\"ListItem\",\"position\":1,\"name\":\"Home\",\"item\":\"https:\\\/\\\/xaviergimeno.net\\\/ca\"},{\"@type\":\"ListItem\",\"position\":2,\"name\":\"Papers\",\"item\":\"https:\\\/\\\/xaviergimeno.net\\\/ca\\\/papers\"},{\"@type\":\"ListItem\",\"position\":3,\"name\":\"Incid\u00e8ncies durant el treball de camp amb enquestes personals en estudis epidemiol\u00f2gics (en castell\u00e0)\"}]},{\"@type\":\"WebSite\",\"@id\":\"https:\\\/\\\/xaviergimeno.net\\\/#website\",\"url\":\"https:\\\/\\\/xaviergimeno.net\\\/\",\"name\":\"Xavier Gimeno Torrent\",\"description\":\"soci\u00f2leg i traductor\",\"potentialAction\":[{\"@type\":\"SearchAction\",\"target\":{\"@type\":\"EntryPoint\",\"urlTemplate\":\"https:\\\/\\\/xaviergimeno.net\\\/?s={search_term_string}\"},\"query-input\":{\"@type\":\"PropertyValueSpecification\",\"valueRequired\":true,\"valueName\":\"search_term_string\"}}],\"inLanguage\":\"ca\"}]}<\/script>\n<!-- \/ Yoast SEO plugin. -->","yoast_head_json":{"title":"Incid\u00e8ncies durant el treball de camp amb enquestes personals","description":"Article sobre incid\u00e8ncies durant el treball de camp amb enquestes personals.","robots":{"index":"index","follow":"follow","max-snippet":"max-snippet:-1","max-image-preview":"max-image-preview:large","max-video-preview":"max-video-preview:-1"},"canonical":"https:\/\/xaviergimeno.net\/ca\/papers\/incidencies-treball-camp","og_locale":"ca_ES","og_type":"article","og_title":"Incid\u00e8ncies durant el treball de camp amb enquestes personals","og_description":"Article sobre incid\u00e8ncies durant el treball de camp amb enquestes personals.","og_url":"https:\/\/xaviergimeno.net\/ca\/papers\/incidencies-treball-camp","og_site_name":"Xavier Gimeno Torrent","article_publisher":"https:\/\/www.facebook.com\/XavierGimenoTorrent","article_modified_time":"2026-02-18T15:12:40+00:00","twitter_card":"summary_large_image","twitter_site":"@Xavier_Gimeno","twitter_misc":{"Temps estimat de lectura":"2 minuts"},"schema":{"@context":"https:\/\/schema.org","@graph":[{"@type":"WebPage","@id":"https:\/\/xaviergimeno.net\/ca\/papers\/incidencies-treball-camp","url":"https:\/\/xaviergimeno.net\/ca\/papers\/incidencies-treball-camp","name":"Incid\u00e8ncies durant el treball de camp amb enquestes personals","isPartOf":{"@id":"https:\/\/xaviergimeno.net\/#website"},"datePublished":"2010-08-21T14:50:44+00:00","dateModified":"2026-02-18T15:12:40+00:00","description":"Article sobre incid\u00e8ncies durant el treball de camp amb enquestes personals.","breadcrumb":{"@id":"https:\/\/xaviergimeno.net\/ca\/papers\/incidencies-treball-camp#breadcrumb"},"inLanguage":"ca","potentialAction":[{"@type":"ReadAction","target":["https:\/\/xaviergimeno.net\/ca\/papers\/incidencies-treball-camp"]}]},{"@type":"BreadcrumbList","@id":"https:\/\/xaviergimeno.net\/ca\/papers\/incidencies-treball-camp#breadcrumb","itemListElement":[{"@type":"ListItem","position":1,"name":"Home","item":"https:\/\/xaviergimeno.net\/ca"},{"@type":"ListItem","position":2,"name":"Papers","item":"https:\/\/xaviergimeno.net\/ca\/papers"},{"@type":"ListItem","position":3,"name":"Incid\u00e8ncies durant el treball de camp amb enquestes personals en estudis epidemiol\u00f2gics (en castell\u00e0)"}]},{"@type":"WebSite","@id":"https:\/\/xaviergimeno.net\/#website","url":"https:\/\/xaviergimeno.net\/","name":"Xavier Gimeno Torrent","description":"soci\u00f2leg i traductor","potentialAction":[{"@type":"SearchAction","target":{"@type":"EntryPoint","urlTemplate":"https:\/\/xaviergimeno.net\/?s={search_term_string}"},"query-input":{"@type":"PropertyValueSpecification","valueRequired":true,"valueName":"search_term_string"}}],"inLanguage":"ca"}]}},"_links":{"self":[{"href":"https:\/\/xaviergimeno.net\/ca\/wp-json\/wp\/v2\/pages\/5169","targetHints":{"allow":["GET"]}}],"collection":[{"href":"https:\/\/xaviergimeno.net\/ca\/wp-json\/wp\/v2\/pages"}],"about":[{"href":"https:\/\/xaviergimeno.net\/ca\/wp-json\/wp\/v2\/types\/page"}],"author":[{"embeddable":true,"href":"https:\/\/xaviergimeno.net\/ca\/wp-json\/wp\/v2\/users\/3"}],"replies":[{"embeddable":true,"href":"https:\/\/xaviergimeno.net\/ca\/wp-json\/wp\/v2\/comments?post=5169"}],"version-history":[{"count":0,"href":"https:\/\/xaviergimeno.net\/ca\/wp-json\/wp\/v2\/pages\/5169\/revisions"}],"up":[{"embeddable":true,"href":"https:\/\/xaviergimeno.net\/ca\/wp-json\/wp\/v2\/pages\/4660"}],"wp:attachment":[{"href":"https:\/\/xaviergimeno.net\/ca\/wp-json\/wp\/v2\/media?parent=5169"}],"curies":[{"name":"wp","href":"https:\/\/api.w.org\/{rel}","templated":true}]}}