{"id":5187,"date":"2010-08-21T16:05:29","date_gmt":"2010-08-21T14:05:29","guid":{"rendered":"https:\/\/www.xaviergimeno.net\/ca\/?page_id=5187"},"modified":"2026-02-18T16:10:59","modified_gmt":"2026-02-18T15:10:59","slug":"classificacio-jerarquia","status":"publish","type":"page","link":"https:\/\/xaviergimeno.net\/ca\/papers\/classificacio-jerarquia","title":{"rendered":"Classificaci\u00f3 i jerarquia. L&#8217;estructura de desigualtats del Departament de Sociologia de la UAB (1998-2003) vista a trav\u00e9s de l&#8217;an\u00e0lisi de l&#8217;estructura de relacions"},"content":{"rendered":"<p style=\"text-align: left;\"><em>Treball finalista al IX Concurs de Joves Soci\u00f2legs (2005). Publicat a Revista Catalana de Sociologia, 2006, n\u00famero 21: 77-112.<\/em><\/p>\n<p style=\"text-align: left;\">L\u2019objectiu d\u2019aquest treball \u00e9s efectuar una primera descripci\u00f3 d\u2019algunes de les desigualtats institu\u00efdes en el camp sociol\u00f2gic a Catalunya. Amb aquesta finalitat s\u2019ha estudiat el cas del Departament de Sociologia de la UAB durant el per\u00edode 1998-2003, analitzant, mitjan\u00e7ant la t\u00e8cnica de l\u2019an\u00e0lisi de xarxes socials i la de l\u2019an\u00e0lisi de taules de conting\u00e8ncia, les relacions de citaci\u00f3 que s\u2019estableixen entre tots els membres del Departament. S\u2019ha usat aquest indicador relatiu al capital social com a indicador susceptible de mostrar les desigualtats de car\u00e0cter simb\u00f2lic (prestigi) que depenen de les desigualtats de car\u00e0cter material, en tant que la xarxa de relacions socials establertes \u00e9s realment un indicador dels recursos materials que s\u2019associen a cadascuna de les posicions que ocupen els agents i no exactament del prestigi dels agents, ja que no s\u2019ha analitzat quines aportacions s\u00f3n m\u00e9s valorades, sin\u00f3 quines s\u00f3n m\u00e9s nombroses. I \u00e9s versemblant pensar que se cita m\u00e9s aquells que tenen m\u00e9s recursos per fer recerca, que s\u00f3n, tamb\u00e9, aquells que m\u00e9s poden publicar. Els resultats obtinguts sembla que manifesten la import\u00e0ncia de diverses divisions que poden suposar majors o menors desigualtats: el grau de divisi\u00f3 del treball (sociologia artesanal versus sociologia especialitzada), la subespecialitat (sociologia emp\u00edrica versus sociologia te\u00f2rica), les diverses l\u00ednies de recerca existents (en qu\u00e8 s\u00f3n centrals la sociologia de la formaci\u00f3 i l\u2019ocupaci\u00f3, la sociologia del treball i la metodologia) i, molt especialment, el sexe del subjecte de recerca, que \u00e9s un dels eixos de desigualtat en principi m\u00e9s importants i que constitueix una veritable frontera de g\u00e8nere.<\/p>\n<div class=\"addthis-pagines\">\n<div class=\"a2a_kit a2a_default_style\" data-a2a-icon-color=\"#6C981A\">\n<div class=\"addtoany_shortcode\"><div class=\"a2a_kit a2a_kit_size_32 addtoany_list\" data-a2a-url=\"https:\/\/xaviergimeno.net\/ca\/papers\/classificacio-jerarquia\" data-a2a-title=\"Classificaci\u00f3 i jerarquia. L\u2019estructura de desigualtats del Departament de Sociologia de la UAB (1998-2003) vista a trav\u00e9s de l\u2019an\u00e0lisi de l\u2019estructura de relacions\"><a class=\"a2a_button_facebook\" href=\"https:\/\/www.addtoany.com\/add_to\/facebook?linkurl=https%3A%2F%2Fxaviergimeno.net%2Fca%2Fpapers%2Fclassificacio-jerarquia&amp;linkname=Classificaci%C3%B3%20i%20jerarquia.%20L%E2%80%99estructura%20de%20desigualtats%20del%20Departament%20de%20Sociologia%20de%20la%20UAB%20%281998-2003%29%20vista%20a%20trav%C3%A9s%20de%20l%E2%80%99an%C3%A0lisi%20de%20l%E2%80%99estructura%20de%20relacions\" title=\"Facebook\" rel=\"nofollow noopener\" target=\"_blank\"><\/a><a class=\"a2a_button_x\" href=\"https:\/\/www.addtoany.com\/add_to\/x?linkurl=https%3A%2F%2Fxaviergimeno.net%2Fca%2Fpapers%2Fclassificacio-jerarquia&amp;linkname=Classificaci%C3%B3%20i%20jerarquia.%20L%E2%80%99estructura%20de%20desigualtats%20del%20Departament%20de%20Sociologia%20de%20la%20UAB%20%281998-2003%29%20vista%20a%20trav%C3%A9s%20de%20l%E2%80%99an%C3%A0lisi%20de%20l%E2%80%99estructura%20de%20relacions\" title=\"X\" rel=\"nofollow noopener\" target=\"_blank\"><\/a><a class=\"a2a_button_email\" href=\"https:\/\/www.addtoany.com\/add_to\/email?linkurl=https%3A%2F%2Fxaviergimeno.net%2Fca%2Fpapers%2Fclassificacio-jerarquia&amp;linkname=Classificaci%C3%B3%20i%20jerarquia.%20L%E2%80%99estructura%20de%20desigualtats%20del%20Departament%20de%20Sociologia%20de%20la%20UAB%20%281998-2003%29%20vista%20a%20trav%C3%A9s%20de%20l%E2%80%99an%C3%A0lisi%20de%20l%E2%80%99estructura%20de%20relacions\" title=\"Email\" rel=\"nofollow noopener\" target=\"_blank\"><\/a><a class=\"a2a_button_print\" href=\"https:\/\/www.addtoany.com\/add_to\/print?linkurl=https%3A%2F%2Fxaviergimeno.net%2Fca%2Fpapers%2Fclassificacio-jerarquia&amp;linkname=Classificaci%C3%B3%20i%20jerarquia.%20L%E2%80%99estructura%20de%20desigualtats%20del%20Departament%20de%20Sociologia%20de%20la%20UAB%20%281998-2003%29%20vista%20a%20trav%C3%A9s%20de%20l%E2%80%99an%C3%A0lisi%20de%20l%E2%80%99estructura%20de%20relacions\" title=\"Print\" rel=\"nofollow noopener\" target=\"_blank\"><\/a><a class=\"a2a_button_printfriendly\" href=\"https:\/\/www.addtoany.com\/add_to\/printfriendly?linkurl=https%3A%2F%2Fxaviergimeno.net%2Fca%2Fpapers%2Fclassificacio-jerarquia&amp;linkname=Classificaci%C3%B3%20i%20jerarquia.%20L%E2%80%99estructura%20de%20desigualtats%20del%20Departament%20de%20Sociologia%20de%20la%20UAB%20%281998-2003%29%20vista%20a%20trav%C3%A9s%20de%20l%E2%80%99an%C3%A0lisi%20de%20l%E2%80%99estructura%20de%20relacions\" title=\"PrintFriendly\" rel=\"nofollow noopener\" target=\"_blank\"><\/a><a class=\"a2a_button_mendeley\" href=\"https:\/\/www.addtoany.com\/add_to\/mendeley?linkurl=https%3A%2F%2Fxaviergimeno.net%2Fca%2Fpapers%2Fclassificacio-jerarquia&amp;linkname=Classificaci%C3%B3%20i%20jerarquia.%20L%E2%80%99estructura%20de%20desigualtats%20del%20Departament%20de%20Sociologia%20de%20la%20UAB%20%281998-2003%29%20vista%20a%20trav%C3%A9s%20de%20l%E2%80%99an%C3%A0lisi%20de%20l%E2%80%99estructura%20de%20relacions\" title=\"Mendeley\" rel=\"nofollow noopener\" target=\"_blank\"><\/a><a class=\"a2a_dd addtoany_share_save addtoany_share\" href=\"https:\/\/www.addtoany.com\/share\"><\/a><\/div><\/div><a style=\"float: right;\" title=\"Classificaci\u00f3 i jerarquia. L'estructura de desigualtats del Departament de Sociologia de la UAB (1998-2003) vista a trav\u00e9s de l'an\u00e0lisi de l'estructura de relacions\" href=\"https:\/\/xaviergimeno.net\/files\/clasjerq.pdf\" target=\"_blank\" rel=\"noopener\">Text complet en PDF<\/a><\/div>\n<\/div>\n","protected":false},"excerpt":{"rendered":"<p>Treball finalista al IX Concurs de Joves Soci\u00f2legs (2005). Publicat a Revista&#8230;<\/p>\n","protected":false},"author":3,"featured_media":0,"parent":4660,"menu_order":25,"comment_status":"closed","ping_status":"closed","template":"template-fullwidth.php","meta":{"_monsterinsights_skip_tracking":false,"_monsterinsights_sitenote_active":false,"_monsterinsights_sitenote_note":"","_monsterinsights_sitenote_category":0,"footnotes":""},"class_list":["post-5187","page","type-page","status-publish","hentry"],"yoast_head":"<!-- This site is optimized with the Yoast SEO plugin v27.4 - https:\/\/yoast.com\/product\/yoast-seo-wordpress\/ -->\n<title>Classificaci\u00f3 i jerarquia<\/title>\n<meta name=\"description\" content=\"Classificaci\u00f3 i jerarquia. Article premiat al IX Concurs de Joves Soci\u00f2legs (2005).\" \/>\n<meta name=\"robots\" content=\"index, follow, max-snippet:-1, max-image-preview:large, max-video-preview:-1\" \/>\n<link rel=\"canonical\" href=\"https:\/\/xaviergimeno.net\/ca\/papers\/classificacio-jerarquia\" \/>\n<meta property=\"og:locale\" content=\"ca_ES\" \/>\n<meta property=\"og:type\" content=\"article\" \/>\n<meta property=\"og:title\" content=\"Classificaci\u00f3 i jerarquia\" \/>\n<meta property=\"og:description\" content=\"Classificaci\u00f3 i jerarquia. Article premiat al IX Concurs de Joves Soci\u00f2legs (2005).\" \/>\n<meta property=\"og:url\" content=\"https:\/\/xaviergimeno.net\/ca\/papers\/classificacio-jerarquia\" \/>\n<meta property=\"og:site_name\" content=\"Xavier Gimeno Torrent\" \/>\n<meta property=\"article:publisher\" content=\"https:\/\/www.facebook.com\/XavierGimenoTorrent\" \/>\n<meta property=\"article:modified_time\" content=\"2026-02-18T15:10:59+00:00\" \/>\n<meta name=\"twitter:card\" content=\"summary_large_image\" \/>\n<meta name=\"twitter:site\" content=\"@Xavier_Gimeno\" \/>\n<meta name=\"twitter:label1\" content=\"Temps estimat de lectura\" \/>\n\t<meta name=\"twitter:data1\" content=\"2 minuts\" \/>\n<script type=\"application\/ld+json\" class=\"yoast-schema-graph\">{\"@context\":\"https:\\\/\\\/schema.org\",\"@graph\":[{\"@type\":\"WebPage\",\"@id\":\"https:\\\/\\\/xaviergimeno.net\\\/ca\\\/papers\\\/classificacio-jerarquia\",\"url\":\"https:\\\/\\\/xaviergimeno.net\\\/ca\\\/papers\\\/classificacio-jerarquia\",\"name\":\"Classificaci\u00f3 i jerarquia\",\"isPartOf\":{\"@id\":\"https:\\\/\\\/xaviergimeno.net\\\/#website\"},\"datePublished\":\"2010-08-21T14:05:29+00:00\",\"dateModified\":\"2026-02-18T15:10:59+00:00\",\"description\":\"Classificaci\u00f3 i jerarquia. Article premiat al IX Concurs de Joves Soci\u00f2legs (2005).\",\"breadcrumb\":{\"@id\":\"https:\\\/\\\/xaviergimeno.net\\\/ca\\\/papers\\\/classificacio-jerarquia#breadcrumb\"},\"inLanguage\":\"ca\",\"potentialAction\":[{\"@type\":\"ReadAction\",\"target\":[\"https:\\\/\\\/xaviergimeno.net\\\/ca\\\/papers\\\/classificacio-jerarquia\"]}]},{\"@type\":\"BreadcrumbList\",\"@id\":\"https:\\\/\\\/xaviergimeno.net\\\/ca\\\/papers\\\/classificacio-jerarquia#breadcrumb\",\"itemListElement\":[{\"@type\":\"ListItem\",\"position\":1,\"name\":\"Home\",\"item\":\"https:\\\/\\\/xaviergimeno.net\\\/ca\"},{\"@type\":\"ListItem\",\"position\":2,\"name\":\"Papers\",\"item\":\"https:\\\/\\\/xaviergimeno.net\\\/ca\\\/papers\"},{\"@type\":\"ListItem\",\"position\":3,\"name\":\"Classificaci\u00f3 i jerarquia. L&#8217;estructura de desigualtats del Departament de Sociologia de la UAB (1998-2003) vista a trav\u00e9s de l&#8217;an\u00e0lisi de l&#8217;estructura de relacions\"}]},{\"@type\":\"WebSite\",\"@id\":\"https:\\\/\\\/xaviergimeno.net\\\/#website\",\"url\":\"https:\\\/\\\/xaviergimeno.net\\\/\",\"name\":\"Xavier Gimeno Torrent\",\"description\":\"soci\u00f2leg i traductor\",\"potentialAction\":[{\"@type\":\"SearchAction\",\"target\":{\"@type\":\"EntryPoint\",\"urlTemplate\":\"https:\\\/\\\/xaviergimeno.net\\\/?s={search_term_string}\"},\"query-input\":{\"@type\":\"PropertyValueSpecification\",\"valueRequired\":true,\"valueName\":\"search_term_string\"}}],\"inLanguage\":\"ca\"}]}<\/script>\n<!-- \/ Yoast SEO plugin. -->","yoast_head_json":{"title":"Classificaci\u00f3 i jerarquia","description":"Classificaci\u00f3 i jerarquia. Article premiat al IX Concurs de Joves Soci\u00f2legs (2005).","robots":{"index":"index","follow":"follow","max-snippet":"max-snippet:-1","max-image-preview":"max-image-preview:large","max-video-preview":"max-video-preview:-1"},"canonical":"https:\/\/xaviergimeno.net\/ca\/papers\/classificacio-jerarquia","og_locale":"ca_ES","og_type":"article","og_title":"Classificaci\u00f3 i jerarquia","og_description":"Classificaci\u00f3 i jerarquia. Article premiat al IX Concurs de Joves Soci\u00f2legs (2005).","og_url":"https:\/\/xaviergimeno.net\/ca\/papers\/classificacio-jerarquia","og_site_name":"Xavier Gimeno Torrent","article_publisher":"https:\/\/www.facebook.com\/XavierGimenoTorrent","article_modified_time":"2026-02-18T15:10:59+00:00","twitter_card":"summary_large_image","twitter_site":"@Xavier_Gimeno","twitter_misc":{"Temps estimat de lectura":"2 minuts"},"schema":{"@context":"https:\/\/schema.org","@graph":[{"@type":"WebPage","@id":"https:\/\/xaviergimeno.net\/ca\/papers\/classificacio-jerarquia","url":"https:\/\/xaviergimeno.net\/ca\/papers\/classificacio-jerarquia","name":"Classificaci\u00f3 i jerarquia","isPartOf":{"@id":"https:\/\/xaviergimeno.net\/#website"},"datePublished":"2010-08-21T14:05:29+00:00","dateModified":"2026-02-18T15:10:59+00:00","description":"Classificaci\u00f3 i jerarquia. Article premiat al IX Concurs de Joves Soci\u00f2legs (2005).","breadcrumb":{"@id":"https:\/\/xaviergimeno.net\/ca\/papers\/classificacio-jerarquia#breadcrumb"},"inLanguage":"ca","potentialAction":[{"@type":"ReadAction","target":["https:\/\/xaviergimeno.net\/ca\/papers\/classificacio-jerarquia"]}]},{"@type":"BreadcrumbList","@id":"https:\/\/xaviergimeno.net\/ca\/papers\/classificacio-jerarquia#breadcrumb","itemListElement":[{"@type":"ListItem","position":1,"name":"Home","item":"https:\/\/xaviergimeno.net\/ca"},{"@type":"ListItem","position":2,"name":"Papers","item":"https:\/\/xaviergimeno.net\/ca\/papers"},{"@type":"ListItem","position":3,"name":"Classificaci\u00f3 i jerarquia. L&#8217;estructura de desigualtats del Departament de Sociologia de la UAB (1998-2003) vista a trav\u00e9s de l&#8217;an\u00e0lisi de l&#8217;estructura de relacions"}]},{"@type":"WebSite","@id":"https:\/\/xaviergimeno.net\/#website","url":"https:\/\/xaviergimeno.net\/","name":"Xavier Gimeno Torrent","description":"soci\u00f2leg i traductor","potentialAction":[{"@type":"SearchAction","target":{"@type":"EntryPoint","urlTemplate":"https:\/\/xaviergimeno.net\/?s={search_term_string}"},"query-input":{"@type":"PropertyValueSpecification","valueRequired":true,"valueName":"search_term_string"}}],"inLanguage":"ca"}]}},"_links":{"self":[{"href":"https:\/\/xaviergimeno.net\/ca\/wp-json\/wp\/v2\/pages\/5187","targetHints":{"allow":["GET"]}}],"collection":[{"href":"https:\/\/xaviergimeno.net\/ca\/wp-json\/wp\/v2\/pages"}],"about":[{"href":"https:\/\/xaviergimeno.net\/ca\/wp-json\/wp\/v2\/types\/page"}],"author":[{"embeddable":true,"href":"https:\/\/xaviergimeno.net\/ca\/wp-json\/wp\/v2\/users\/3"}],"replies":[{"embeddable":true,"href":"https:\/\/xaviergimeno.net\/ca\/wp-json\/wp\/v2\/comments?post=5187"}],"version-history":[{"count":0,"href":"https:\/\/xaviergimeno.net\/ca\/wp-json\/wp\/v2\/pages\/5187\/revisions"}],"up":[{"embeddable":true,"href":"https:\/\/xaviergimeno.net\/ca\/wp-json\/wp\/v2\/pages\/4660"}],"wp:attachment":[{"href":"https:\/\/xaviergimeno.net\/ca\/wp-json\/wp\/v2\/media?parent=5187"}],"curies":[{"name":"wp","href":"https:\/\/api.w.org\/{rel}","templated":true}]}}