{"id":5227,"date":"2010-08-23T16:23:19","date_gmt":"2010-08-23T14:23:19","guid":{"rendered":"https:\/\/www.xaviergimeno.net\/ca\/?page_id=5227"},"modified":"2023-08-11T13:55:32","modified_gmt":"2023-08-11T11:55:32","slug":"camp-politic","status":"publish","type":"page","link":"https:\/\/xaviergimeno.net\/ca\/llibres\/camp-politic","title":{"rendered":"El camp pol\u00edtic"},"content":{"rendered":"<p><em>Traducci\u00f3 catalana de Propos sur le champ politique de Pierre Bourdieu i Philippe Fritsch. Gedisa, 2017.<\/em><\/p>\n<p>Es pot callar quan es divisa un perill? La resposta a aquesta pregunta \u00e9s, certament, moral i pol\u00edtica. Tot i aix\u00f2, en la confer\u00e8ncia que dict\u00e0 a Li\u00f3 l\u201911 de febrer de 1999 i que constitueix el nucli d\u2019aquesta obra, Pierre Bourdieu la respon, preferentment, en qualitat de soci\u00f2leg. Centrades en el <em>camp pol\u00edtic<\/em>, les seves propostes van perfilant progressivament el significat d\u2019aquesta noci\u00f3 i el que permet copsar, les condicions socials de la dominaci\u00f3 pol\u00edtica i el que suposa el silenci de les multituds, per\u00f2 tamb\u00e9 el que es pot aconseguir amb la for\u00e7a cr\u00edtica de la ci\u00e8ncia. Les recerques en qu\u00e8 es basa la seva resposta les evoca Philippe Fritsch en una introducci\u00f3 on es palesen les successives troballes i on es repassa tant la continu\u00eftat com la diversitat d\u2019aquesta problem\u00e0tica. Aquests treballs d\u2019investigaci\u00f3 s\u2019evoquen, un cop m\u00e9s, al llarg de la transcripci\u00f3 de l\u2019entrevista que, aquell mateix dia, Pierre Bourdieu va concedir a Philippe Fritsch i que va tractar sobre les relacions entre les ci\u00e8ncies socials i la pol\u00edtica. En darrer lloc, aquests mateixos treballs s\u00f3n directament recordats pels quatre textos in\u00e8dits que aplega el volum en la seva part final, i que donen const\u00e0ncia d\u2019una preocupaci\u00f3 i de la varietat de registres de la seva enunciaci\u00f3.<\/p>\n<div class=\"addthis-pagines\">\n<div class=\"a2a_kit a2a_default_style\" data-a2a-icon-color=\"#6C981A\">\n<div class=\"addtoany_shortcode\"><div class=\"a2a_kit a2a_kit_size_32 addtoany_list\" data-a2a-url=\"https:\/\/xaviergimeno.net\/ca\/llibres\/camp-politic\" data-a2a-title=\"El camp pol\u00edtic\"><a class=\"a2a_button_facebook\" href=\"https:\/\/www.addtoany.com\/add_to\/facebook?linkurl=https%3A%2F%2Fxaviergimeno.net%2Fca%2Fllibres%2Fcamp-politic&amp;linkname=El%20camp%20pol%C3%ADtic\" title=\"Facebook\" rel=\"nofollow noopener\" target=\"_blank\"><\/a><a class=\"a2a_button_x\" href=\"https:\/\/www.addtoany.com\/add_to\/x?linkurl=https%3A%2F%2Fxaviergimeno.net%2Fca%2Fllibres%2Fcamp-politic&amp;linkname=El%20camp%20pol%C3%ADtic\" title=\"X\" rel=\"nofollow noopener\" target=\"_blank\"><\/a><a class=\"a2a_button_email\" href=\"https:\/\/www.addtoany.com\/add_to\/email?linkurl=https%3A%2F%2Fxaviergimeno.net%2Fca%2Fllibres%2Fcamp-politic&amp;linkname=El%20camp%20pol%C3%ADtic\" title=\"Email\" rel=\"nofollow noopener\" target=\"_blank\"><\/a><a class=\"a2a_button_print\" href=\"https:\/\/www.addtoany.com\/add_to\/print?linkurl=https%3A%2F%2Fxaviergimeno.net%2Fca%2Fllibres%2Fcamp-politic&amp;linkname=El%20camp%20pol%C3%ADtic\" title=\"Print\" rel=\"nofollow noopener\" target=\"_blank\"><\/a><a class=\"a2a_button_printfriendly\" href=\"https:\/\/www.addtoany.com\/add_to\/printfriendly?linkurl=https%3A%2F%2Fxaviergimeno.net%2Fca%2Fllibres%2Fcamp-politic&amp;linkname=El%20camp%20pol%C3%ADtic\" title=\"PrintFriendly\" rel=\"nofollow noopener\" target=\"_blank\"><\/a><a class=\"a2a_button_mendeley\" href=\"https:\/\/www.addtoany.com\/add_to\/mendeley?linkurl=https%3A%2F%2Fxaviergimeno.net%2Fca%2Fllibres%2Fcamp-politic&amp;linkname=El%20camp%20pol%C3%ADtic\" title=\"Mendeley\" rel=\"nofollow noopener\" target=\"_blank\"><\/a><a class=\"a2a_dd addtoany_share_save addtoany_share\" href=\"https:\/\/www.addtoany.com\/share\"><\/a><\/div><\/div><a style=\"float: right;\" title=\"El camp pol\u00edtic\" href=\"https:\/\/books.google.com\/books?id=_Ks_DwAAQBAJ&#038;printsec=frontcover&#038;redir_esc=y#v=onepage&#038;q&#038;f=false\" target=\"_blank\" rel=\"noopener noreferrer\">El camp pol\u00edtic<\/a><\/div>\n<\/div>\n","protected":false},"excerpt":{"rendered":"<p>Traducci\u00f3 catalana de Propos sur le champ politique de Pierre Bourdieu i&#8230;<\/p>\n","protected":false},"author":3,"featured_media":0,"parent":5196,"menu_order":2,"comment_status":"closed","ping_status":"closed","template":"template-fullwidth.php","meta":{"_monsterinsights_skip_tracking":false,"_monsterinsights_sitenote_active":false,"_monsterinsights_sitenote_note":"","_monsterinsights_sitenote_category":0,"footnotes":""},"class_list":["post-5227","page","type-page","status-publish","hentry"],"yoast_head":"<!-- This site is optimized with the Yoast SEO plugin v27.4 - https:\/\/yoast.com\/product\/yoast-seo-wordpress\/ -->\n<title>El camp pol\u00edtic<\/title>\n<meta name=\"description\" content=\"Traducci\u00f3 catalana de Propos sur le champ politique de Pierre Bourdieu i Philippe Fritsch.\" \/>\n<meta name=\"robots\" content=\"index, follow, max-snippet:-1, max-image-preview:large, max-video-preview:-1\" \/>\n<link rel=\"canonical\" href=\"https:\/\/xaviergimeno.net\/ca\/llibres\/camp-politic\" \/>\n<meta property=\"og:locale\" content=\"ca_ES\" \/>\n<meta property=\"og:type\" content=\"article\" \/>\n<meta property=\"og:title\" content=\"El camp pol\u00edtic\" \/>\n<meta property=\"og:description\" content=\"Traducci\u00f3 catalana de Propos sur le champ politique de Pierre Bourdieu i Philippe Fritsch.\" \/>\n<meta property=\"og:url\" content=\"https:\/\/xaviergimeno.net\/ca\/llibres\/camp-politic\" \/>\n<meta property=\"og:site_name\" content=\"Xavier Gimeno Torrent\" \/>\n<meta property=\"article:publisher\" content=\"https:\/\/www.facebook.com\/XavierGimenoTorrent\" \/>\n<meta property=\"article:modified_time\" content=\"2023-08-11T11:55:32+00:00\" \/>\n<meta name=\"twitter:card\" content=\"summary_large_image\" \/>\n<meta name=\"twitter:site\" content=\"@Xavier_Gimeno\" \/>\n<meta name=\"twitter:label1\" content=\"Temps estimat de lectura\" \/>\n\t<meta name=\"twitter:data1\" content=\"2 minuts\" \/>\n<script type=\"application\/ld+json\" class=\"yoast-schema-graph\">{\"@context\":\"https:\\\/\\\/schema.org\",\"@graph\":[{\"@type\":\"WebPage\",\"@id\":\"https:\\\/\\\/xaviergimeno.net\\\/ca\\\/llibres\\\/camp-politic\",\"url\":\"https:\\\/\\\/xaviergimeno.net\\\/ca\\\/llibres\\\/camp-politic\",\"name\":\"El camp pol\u00edtic\",\"isPartOf\":{\"@id\":\"https:\\\/\\\/xaviergimeno.net\\\/#website\"},\"datePublished\":\"2010-08-23T14:23:19+00:00\",\"dateModified\":\"2023-08-11T11:55:32+00:00\",\"description\":\"Traducci\u00f3 catalana de Propos sur le champ politique de Pierre Bourdieu i Philippe Fritsch.\",\"breadcrumb\":{\"@id\":\"https:\\\/\\\/xaviergimeno.net\\\/ca\\\/llibres\\\/camp-politic#breadcrumb\"},\"inLanguage\":\"ca\",\"potentialAction\":[{\"@type\":\"ReadAction\",\"target\":[\"https:\\\/\\\/xaviergimeno.net\\\/ca\\\/llibres\\\/camp-politic\"]}]},{\"@type\":\"BreadcrumbList\",\"@id\":\"https:\\\/\\\/xaviergimeno.net\\\/ca\\\/llibres\\\/camp-politic#breadcrumb\",\"itemListElement\":[{\"@type\":\"ListItem\",\"position\":1,\"name\":\"Home\",\"item\":\"https:\\\/\\\/xaviergimeno.net\\\/ca\"},{\"@type\":\"ListItem\",\"position\":2,\"name\":\"Llibres\",\"item\":\"https:\\\/\\\/xaviergimeno.net\\\/ca\\\/llibres\"},{\"@type\":\"ListItem\",\"position\":3,\"name\":\"El camp pol\u00edtic\"}]},{\"@type\":\"WebSite\",\"@id\":\"https:\\\/\\\/xaviergimeno.net\\\/#website\",\"url\":\"https:\\\/\\\/xaviergimeno.net\\\/\",\"name\":\"Xavier Gimeno Torrent\",\"description\":\"soci\u00f2leg i traductor\",\"potentialAction\":[{\"@type\":\"SearchAction\",\"target\":{\"@type\":\"EntryPoint\",\"urlTemplate\":\"https:\\\/\\\/xaviergimeno.net\\\/?s={search_term_string}\"},\"query-input\":{\"@type\":\"PropertyValueSpecification\",\"valueRequired\":true,\"valueName\":\"search_term_string\"}}],\"inLanguage\":\"ca\"}]}<\/script>\n<!-- \/ Yoast SEO plugin. -->","yoast_head_json":{"title":"El camp pol\u00edtic","description":"Traducci\u00f3 catalana de Propos sur le champ politique de Pierre Bourdieu i Philippe Fritsch.","robots":{"index":"index","follow":"follow","max-snippet":"max-snippet:-1","max-image-preview":"max-image-preview:large","max-video-preview":"max-video-preview:-1"},"canonical":"https:\/\/xaviergimeno.net\/ca\/llibres\/camp-politic","og_locale":"ca_ES","og_type":"article","og_title":"El camp pol\u00edtic","og_description":"Traducci\u00f3 catalana de Propos sur le champ politique de Pierre Bourdieu i Philippe Fritsch.","og_url":"https:\/\/xaviergimeno.net\/ca\/llibres\/camp-politic","og_site_name":"Xavier Gimeno Torrent","article_publisher":"https:\/\/www.facebook.com\/XavierGimenoTorrent","article_modified_time":"2023-08-11T11:55:32+00:00","twitter_card":"summary_large_image","twitter_site":"@Xavier_Gimeno","twitter_misc":{"Temps estimat de lectura":"2 minuts"},"schema":{"@context":"https:\/\/schema.org","@graph":[{"@type":"WebPage","@id":"https:\/\/xaviergimeno.net\/ca\/llibres\/camp-politic","url":"https:\/\/xaviergimeno.net\/ca\/llibres\/camp-politic","name":"El camp pol\u00edtic","isPartOf":{"@id":"https:\/\/xaviergimeno.net\/#website"},"datePublished":"2010-08-23T14:23:19+00:00","dateModified":"2023-08-11T11:55:32+00:00","description":"Traducci\u00f3 catalana de Propos sur le champ politique de Pierre Bourdieu i Philippe Fritsch.","breadcrumb":{"@id":"https:\/\/xaviergimeno.net\/ca\/llibres\/camp-politic#breadcrumb"},"inLanguage":"ca","potentialAction":[{"@type":"ReadAction","target":["https:\/\/xaviergimeno.net\/ca\/llibres\/camp-politic"]}]},{"@type":"BreadcrumbList","@id":"https:\/\/xaviergimeno.net\/ca\/llibres\/camp-politic#breadcrumb","itemListElement":[{"@type":"ListItem","position":1,"name":"Home","item":"https:\/\/xaviergimeno.net\/ca"},{"@type":"ListItem","position":2,"name":"Llibres","item":"https:\/\/xaviergimeno.net\/ca\/llibres"},{"@type":"ListItem","position":3,"name":"El camp pol\u00edtic"}]},{"@type":"WebSite","@id":"https:\/\/xaviergimeno.net\/#website","url":"https:\/\/xaviergimeno.net\/","name":"Xavier Gimeno Torrent","description":"soci\u00f2leg i traductor","potentialAction":[{"@type":"SearchAction","target":{"@type":"EntryPoint","urlTemplate":"https:\/\/xaviergimeno.net\/?s={search_term_string}"},"query-input":{"@type":"PropertyValueSpecification","valueRequired":true,"valueName":"search_term_string"}}],"inLanguage":"ca"}]}},"_links":{"self":[{"href":"https:\/\/xaviergimeno.net\/ca\/wp-json\/wp\/v2\/pages\/5227","targetHints":{"allow":["GET"]}}],"collection":[{"href":"https:\/\/xaviergimeno.net\/ca\/wp-json\/wp\/v2\/pages"}],"about":[{"href":"https:\/\/xaviergimeno.net\/ca\/wp-json\/wp\/v2\/types\/page"}],"author":[{"embeddable":true,"href":"https:\/\/xaviergimeno.net\/ca\/wp-json\/wp\/v2\/users\/3"}],"replies":[{"embeddable":true,"href":"https:\/\/xaviergimeno.net\/ca\/wp-json\/wp\/v2\/comments?post=5227"}],"version-history":[{"count":0,"href":"https:\/\/xaviergimeno.net\/ca\/wp-json\/wp\/v2\/pages\/5227\/revisions"}],"up":[{"embeddable":true,"href":"https:\/\/xaviergimeno.net\/ca\/wp-json\/wp\/v2\/pages\/5196"}],"wp:attachment":[{"href":"https:\/\/xaviergimeno.net\/ca\/wp-json\/wp\/v2\/media?parent=5227"}],"curies":[{"name":"wp","href":"https:\/\/api.w.org\/{rel}","templated":true}]}}