{"id":5298,"date":"2010-08-23T15:31:12","date_gmt":"2010-08-23T13:31:12","guid":{"rendered":"https:\/\/www.xaviergimeno.net\/ca\/?page_id=5298"},"modified":"2025-01-16T17:50:41","modified_gmt":"2025-01-16T16:50:41","slug":"organitzacio-treball-factors-psicosocials","status":"publish","type":"page","link":"https:\/\/xaviergimeno.net\/ca\/llibres\/organitzacio-treball-factors-psicosocials","title":{"rendered":"Organitzaci\u00f3 del treball: Factors Psicosocials i Salut. Experi\u00e8ncies de prevenci\u00f3 (en castell\u00e0)"},"content":{"rendered":"<p><em>Diversos autors, Madrid: ISTAS, 2007.<\/em><\/p>\n<p style=\"text-align: left;\">El V F\u00f2rum ISTAS de Salut Laboral va transmetre el missatge que \u00e9s possible prevenir els riscos psicosocials. Es van presentar pon\u00e8ncies sobre l&#8217;estat de la q\u00fcesti\u00f3, centrades en els estudis sobre les relacions entre organitzaci\u00f3 del treball, riscos psicosocials, salut de treballadors i treballadores i accions preventives. A m\u00e9s, es van presentar dades sobre la realitat espanyola. Tamb\u00e9 es va presentar un ampli ventall d&#8217;experi\u00e8ncies d&#8217;intervenci\u00f3 en empreses, que mostraren com fer-ho: des de la prevenci\u00f3 en l&#8217;origen, canviant l&#8217;organitzaci\u00f3 del treball perqu\u00e8 aquesta sigui m\u00e9s saludable, m\u00e9s justa i democr\u00e0tica i amb la participaci\u00f3 de tots els agents implicats.<\/p>\n<p style=\"text-align: left;\">&#8211; Cap\u00edtol \u201cExposici\u00f3n laboral a riesgos psicosociales en la poblaci\u00f3n asalariada espa\u00f1ola\u201d. Pp. 35-45. Autors: Salvador Moncada Llu\u00eds; Clara Llorens Serrano; Xavier Gimeno Torrent; Ariadna Font Corominas.<\/p>\n<p style=\"text-align: left;\">&#8211; Cap\u00edtol \u201cExposici\u00f3n a riesgos psicosociales y pr\u00e1cticas empresariales de gesti\u00f3n de la mano de obra. Una aproximaci\u00f3n\u201d. Pp. 46-55. Autors: Clara Llorens; Salvador Moncada; Ramon Al\u00f3s; Ernest Cano; Ariadna Font; Xavier Gimeno; Pere J\u00f3dar; Vicente L\u00f3pez; Amat S\u00e1nchez.<\/p>\n<div class=\"addthis-pagines\">\n<div class=\"a2a_kit a2a_default_style\" data-a2a-icon-color=\"#6C981A\">\n<div class=\"addtoany_shortcode\"><div class=\"a2a_kit a2a_kit_size_32 addtoany_list\" data-a2a-url=\"https:\/\/xaviergimeno.net\/ca\/llibres\/organitzacio-treball-factors-psicosocials\" data-a2a-title=\"Organitzaci\u00f3 del treball: Factors Psicosocials i Salut. Experi\u00e8ncies de prevenci\u00f3 (en castell\u00e0)\"><a class=\"a2a_button_facebook\" href=\"https:\/\/www.addtoany.com\/add_to\/facebook?linkurl=https%3A%2F%2Fxaviergimeno.net%2Fca%2Fllibres%2Forganitzacio-treball-factors-psicosocials&amp;linkname=Organitzaci%C3%B3%20del%20treball%3A%20Factors%20Psicosocials%20i%20Salut.%20Experi%C3%A8ncies%20de%20prevenci%C3%B3%20%28en%20castell%C3%A0%29\" title=\"Facebook\" rel=\"nofollow noopener\" target=\"_blank\"><\/a><a class=\"a2a_button_x\" href=\"https:\/\/www.addtoany.com\/add_to\/x?linkurl=https%3A%2F%2Fxaviergimeno.net%2Fca%2Fllibres%2Forganitzacio-treball-factors-psicosocials&amp;linkname=Organitzaci%C3%B3%20del%20treball%3A%20Factors%20Psicosocials%20i%20Salut.%20Experi%C3%A8ncies%20de%20prevenci%C3%B3%20%28en%20castell%C3%A0%29\" title=\"X\" rel=\"nofollow noopener\" target=\"_blank\"><\/a><a class=\"a2a_button_email\" href=\"https:\/\/www.addtoany.com\/add_to\/email?linkurl=https%3A%2F%2Fxaviergimeno.net%2Fca%2Fllibres%2Forganitzacio-treball-factors-psicosocials&amp;linkname=Organitzaci%C3%B3%20del%20treball%3A%20Factors%20Psicosocials%20i%20Salut.%20Experi%C3%A8ncies%20de%20prevenci%C3%B3%20%28en%20castell%C3%A0%29\" title=\"Email\" rel=\"nofollow noopener\" target=\"_blank\"><\/a><a class=\"a2a_button_print\" href=\"https:\/\/www.addtoany.com\/add_to\/print?linkurl=https%3A%2F%2Fxaviergimeno.net%2Fca%2Fllibres%2Forganitzacio-treball-factors-psicosocials&amp;linkname=Organitzaci%C3%B3%20del%20treball%3A%20Factors%20Psicosocials%20i%20Salut.%20Experi%C3%A8ncies%20de%20prevenci%C3%B3%20%28en%20castell%C3%A0%29\" title=\"Print\" rel=\"nofollow noopener\" target=\"_blank\"><\/a><a class=\"a2a_button_printfriendly\" href=\"https:\/\/www.addtoany.com\/add_to\/printfriendly?linkurl=https%3A%2F%2Fxaviergimeno.net%2Fca%2Fllibres%2Forganitzacio-treball-factors-psicosocials&amp;linkname=Organitzaci%C3%B3%20del%20treball%3A%20Factors%20Psicosocials%20i%20Salut.%20Experi%C3%A8ncies%20de%20prevenci%C3%B3%20%28en%20castell%C3%A0%29\" title=\"PrintFriendly\" rel=\"nofollow noopener\" target=\"_blank\"><\/a><a class=\"a2a_button_mendeley\" href=\"https:\/\/www.addtoany.com\/add_to\/mendeley?linkurl=https%3A%2F%2Fxaviergimeno.net%2Fca%2Fllibres%2Forganitzacio-treball-factors-psicosocials&amp;linkname=Organitzaci%C3%B3%20del%20treball%3A%20Factors%20Psicosocials%20i%20Salut.%20Experi%C3%A8ncies%20de%20prevenci%C3%B3%20%28en%20castell%C3%A0%29\" title=\"Mendeley\" rel=\"nofollow noopener\" target=\"_blank\"><\/a><a class=\"a2a_dd addtoany_share_save addtoany_share\" href=\"https:\/\/www.addtoany.com\/share\"><\/a><\/div><\/div><a style=\"float: right;\" title=\"Organitzaci\u00f3 del treball: Factors Psicosocials i Salut. Experi\u00e8ncies de prevenci\u00f3 (en castell\u00e0)\" href=\"https:\/\/xaviergimeno.net\/files\/foroistas.pdf\" target=\"_blank\" rel=\"noopener\">Text complet en PDF<\/a><\/div>\n<\/div>\n","protected":false},"excerpt":{"rendered":"<p>Diversos autors, Madrid: ISTAS, 2007. El V F\u00f2rum ISTAS de Salut Laboral&#8230;<\/p>\n","protected":false},"author":3,"featured_media":0,"parent":5196,"menu_order":4,"comment_status":"closed","ping_status":"closed","template":"template-fullwidth.php","meta":{"_monsterinsights_skip_tracking":false,"_monsterinsights_sitenote_active":false,"_monsterinsights_sitenote_note":"","_monsterinsights_sitenote_category":0,"footnotes":""},"class_list":["post-5298","page","type-page","status-publish","hentry"],"yoast_head":"<!-- This site is optimized with the Yoast SEO plugin v27.4 - https:\/\/yoast.com\/product\/yoast-seo-wordpress\/ -->\n<title>Organitzaci\u00f3 del treball: Factors Psicosocials i Salut<\/title>\n<meta name=\"description\" content=\"Pon\u00e8ncia presentada al V F\u00f2rum ISTAS de Salut Laboral, sobre organitzaci\u00f3 del treball i factors psicosocials.\" \/>\n<meta name=\"robots\" content=\"index, follow, max-snippet:-1, max-image-preview:large, max-video-preview:-1\" \/>\n<link rel=\"canonical\" href=\"https:\/\/xaviergimeno.net\/ca\/llibres\/organitzacio-treball-factors-psicosocials\" \/>\n<meta property=\"og:locale\" content=\"ca_ES\" \/>\n<meta property=\"og:type\" content=\"article\" \/>\n<meta property=\"og:title\" content=\"Organitzaci\u00f3 del treball: Factors Psicosocials i Salut\" \/>\n<meta property=\"og:description\" content=\"Pon\u00e8ncia presentada al V F\u00f2rum ISTAS de Salut Laboral, sobre organitzaci\u00f3 del treball i factors psicosocials.\" \/>\n<meta property=\"og:url\" content=\"https:\/\/xaviergimeno.net\/ca\/llibres\/organitzacio-treball-factors-psicosocials\" \/>\n<meta property=\"og:site_name\" content=\"Xavier Gimeno Torrent\" \/>\n<meta property=\"article:publisher\" content=\"https:\/\/www.facebook.com\/XavierGimenoTorrent\" \/>\n<meta property=\"article:modified_time\" content=\"2025-01-16T16:50:41+00:00\" \/>\n<meta name=\"twitter:card\" content=\"summary_large_image\" \/>\n<meta name=\"twitter:site\" content=\"@Xavier_Gimeno\" \/>\n<meta name=\"twitter:label1\" content=\"Temps estimat de lectura\" \/>\n\t<meta name=\"twitter:data1\" content=\"1 minut\" \/>\n<script type=\"application\/ld+json\" class=\"yoast-schema-graph\">{\"@context\":\"https:\\\/\\\/schema.org\",\"@graph\":[{\"@type\":\"WebPage\",\"@id\":\"https:\\\/\\\/xaviergimeno.net\\\/ca\\\/llibres\\\/organitzacio-treball-factors-psicosocials\",\"url\":\"https:\\\/\\\/xaviergimeno.net\\\/ca\\\/llibres\\\/organitzacio-treball-factors-psicosocials\",\"name\":\"Organitzaci\u00f3 del treball: Factors Psicosocials i Salut\",\"isPartOf\":{\"@id\":\"https:\\\/\\\/xaviergimeno.net\\\/#website\"},\"datePublished\":\"2010-08-23T13:31:12+00:00\",\"dateModified\":\"2025-01-16T16:50:41+00:00\",\"description\":\"Pon\u00e8ncia presentada al V F\u00f2rum ISTAS de Salut Laboral, sobre organitzaci\u00f3 del treball i factors psicosocials.\",\"breadcrumb\":{\"@id\":\"https:\\\/\\\/xaviergimeno.net\\\/ca\\\/llibres\\\/organitzacio-treball-factors-psicosocials#breadcrumb\"},\"inLanguage\":\"ca\",\"potentialAction\":[{\"@type\":\"ReadAction\",\"target\":[\"https:\\\/\\\/xaviergimeno.net\\\/ca\\\/llibres\\\/organitzacio-treball-factors-psicosocials\"]}]},{\"@type\":\"BreadcrumbList\",\"@id\":\"https:\\\/\\\/xaviergimeno.net\\\/ca\\\/llibres\\\/organitzacio-treball-factors-psicosocials#breadcrumb\",\"itemListElement\":[{\"@type\":\"ListItem\",\"position\":1,\"name\":\"Home\",\"item\":\"https:\\\/\\\/xaviergimeno.net\\\/ca\"},{\"@type\":\"ListItem\",\"position\":2,\"name\":\"Llibres\",\"item\":\"https:\\\/\\\/xaviergimeno.net\\\/ca\\\/llibres\"},{\"@type\":\"ListItem\",\"position\":3,\"name\":\"Organitzaci\u00f3 del treball: Factors Psicosocials i Salut. Experi\u00e8ncies de prevenci\u00f3 (en castell\u00e0)\"}]},{\"@type\":\"WebSite\",\"@id\":\"https:\\\/\\\/xaviergimeno.net\\\/#website\",\"url\":\"https:\\\/\\\/xaviergimeno.net\\\/\",\"name\":\"Xavier Gimeno Torrent\",\"description\":\"soci\u00f2leg i traductor\",\"potentialAction\":[{\"@type\":\"SearchAction\",\"target\":{\"@type\":\"EntryPoint\",\"urlTemplate\":\"https:\\\/\\\/xaviergimeno.net\\\/?s={search_term_string}\"},\"query-input\":{\"@type\":\"PropertyValueSpecification\",\"valueRequired\":true,\"valueName\":\"search_term_string\"}}],\"inLanguage\":\"ca\"}]}<\/script>\n<!-- \/ Yoast SEO plugin. -->","yoast_head_json":{"title":"Organitzaci\u00f3 del treball: Factors Psicosocials i Salut","description":"Pon\u00e8ncia presentada al V F\u00f2rum ISTAS de Salut Laboral, sobre organitzaci\u00f3 del treball i factors psicosocials.","robots":{"index":"index","follow":"follow","max-snippet":"max-snippet:-1","max-image-preview":"max-image-preview:large","max-video-preview":"max-video-preview:-1"},"canonical":"https:\/\/xaviergimeno.net\/ca\/llibres\/organitzacio-treball-factors-psicosocials","og_locale":"ca_ES","og_type":"article","og_title":"Organitzaci\u00f3 del treball: Factors Psicosocials i Salut","og_description":"Pon\u00e8ncia presentada al V F\u00f2rum ISTAS de Salut Laboral, sobre organitzaci\u00f3 del treball i factors psicosocials.","og_url":"https:\/\/xaviergimeno.net\/ca\/llibres\/organitzacio-treball-factors-psicosocials","og_site_name":"Xavier Gimeno Torrent","article_publisher":"https:\/\/www.facebook.com\/XavierGimenoTorrent","article_modified_time":"2025-01-16T16:50:41+00:00","twitter_card":"summary_large_image","twitter_site":"@Xavier_Gimeno","twitter_misc":{"Temps estimat de lectura":"1 minut"},"schema":{"@context":"https:\/\/schema.org","@graph":[{"@type":"WebPage","@id":"https:\/\/xaviergimeno.net\/ca\/llibres\/organitzacio-treball-factors-psicosocials","url":"https:\/\/xaviergimeno.net\/ca\/llibres\/organitzacio-treball-factors-psicosocials","name":"Organitzaci\u00f3 del treball: Factors Psicosocials i Salut","isPartOf":{"@id":"https:\/\/xaviergimeno.net\/#website"},"datePublished":"2010-08-23T13:31:12+00:00","dateModified":"2025-01-16T16:50:41+00:00","description":"Pon\u00e8ncia presentada al V F\u00f2rum ISTAS de Salut Laboral, sobre organitzaci\u00f3 del treball i factors psicosocials.","breadcrumb":{"@id":"https:\/\/xaviergimeno.net\/ca\/llibres\/organitzacio-treball-factors-psicosocials#breadcrumb"},"inLanguage":"ca","potentialAction":[{"@type":"ReadAction","target":["https:\/\/xaviergimeno.net\/ca\/llibres\/organitzacio-treball-factors-psicosocials"]}]},{"@type":"BreadcrumbList","@id":"https:\/\/xaviergimeno.net\/ca\/llibres\/organitzacio-treball-factors-psicosocials#breadcrumb","itemListElement":[{"@type":"ListItem","position":1,"name":"Home","item":"https:\/\/xaviergimeno.net\/ca"},{"@type":"ListItem","position":2,"name":"Llibres","item":"https:\/\/xaviergimeno.net\/ca\/llibres"},{"@type":"ListItem","position":3,"name":"Organitzaci\u00f3 del treball: Factors Psicosocials i Salut. Experi\u00e8ncies de prevenci\u00f3 (en castell\u00e0)"}]},{"@type":"WebSite","@id":"https:\/\/xaviergimeno.net\/#website","url":"https:\/\/xaviergimeno.net\/","name":"Xavier Gimeno Torrent","description":"soci\u00f2leg i traductor","potentialAction":[{"@type":"SearchAction","target":{"@type":"EntryPoint","urlTemplate":"https:\/\/xaviergimeno.net\/?s={search_term_string}"},"query-input":{"@type":"PropertyValueSpecification","valueRequired":true,"valueName":"search_term_string"}}],"inLanguage":"ca"}]}},"_links":{"self":[{"href":"https:\/\/xaviergimeno.net\/ca\/wp-json\/wp\/v2\/pages\/5298","targetHints":{"allow":["GET"]}}],"collection":[{"href":"https:\/\/xaviergimeno.net\/ca\/wp-json\/wp\/v2\/pages"}],"about":[{"href":"https:\/\/xaviergimeno.net\/ca\/wp-json\/wp\/v2\/types\/page"}],"author":[{"embeddable":true,"href":"https:\/\/xaviergimeno.net\/ca\/wp-json\/wp\/v2\/users\/3"}],"replies":[{"embeddable":true,"href":"https:\/\/xaviergimeno.net\/ca\/wp-json\/wp\/v2\/comments?post=5298"}],"version-history":[{"count":0,"href":"https:\/\/xaviergimeno.net\/ca\/wp-json\/wp\/v2\/pages\/5298\/revisions"}],"up":[{"embeddable":true,"href":"https:\/\/xaviergimeno.net\/ca\/wp-json\/wp\/v2\/pages\/5196"}],"wp:attachment":[{"href":"https:\/\/xaviergimeno.net\/ca\/wp-json\/wp\/v2\/media?parent=5298"}],"curies":[{"name":"wp","href":"https:\/\/api.w.org\/{rel}","templated":true}]}}