{"id":5314,"date":"2010-08-23T15:59:45","date_gmt":"2010-08-23T13:59:45","guid":{"rendered":"https:\/\/www.xaviergimeno.net\/ca\/?page_id=5314"},"modified":"2025-01-16T17:51:36","modified_gmt":"2025-01-16T16:51:36","slug":"negociacio-colectiva-catalunya","status":"publish","type":"page","link":"https:\/\/xaviergimeno.net\/ca\/llibres\/negociacio-colectiva-catalunya","title":{"rendered":"La negociaci\u00f3 col\u2022lectiva a Catalunya"},"content":{"rendered":"<p style=\"text-align: left;\"><em>Diversos autors, Barcelona: CTESC, 2006.<\/em><\/p>\n<p style=\"text-align: left;\">L\u2019estudi de la negociaci\u00f3 col\u2022lectiva a Catalunya ofereix una visi\u00f3 de la realitat negocial del nostre pa\u00eds i, per aix\u00f2, el seu objecte d\u2019an\u00e0lisi consisteix en una mostra representativa dels convenis col\u2022lectius vigents a Catalunya entre 2003 i el primer trimestre del 2004. La construcci\u00f3 de la mostra representativa de convenis es va encarregar a un soci\u00f2leg, que, en funci\u00f3 de diversos criteris objectius com ara el nivell de negociaci\u00f3, el sector d\u2019activitat, l\u2019\u00e0mbit territorial, el nombre de treballadors afectats pel conveni, el nombre d\u2019empreses cobertes pel conveni o el tipus de sector \u2014p\u00fablic o privat\u2014, va efectuar una selecci\u00f3 de convenis representativa de la realitat negocial de Catalunya. Pel que fa als convenis col\u2022lectius que es tracten en l\u2019estudi, aquests fan refer\u00e8ncia als d\u2019empresa i els de sector, tant en l\u2019\u00e0mbit provincial com en l\u2019interprovincial, l\u2019auton\u00f2mic o l\u2019estatal, sense entrar a considerar els pactes de funcionaris, els acords d\u2019empresa o una altra mena de documents.<\/p>\n<p style=\"text-align: left;\">&#8211; Cap\u00edtol \u201cConstrucci\u00f3 de la mostra representativa\u201d.<\/p>\n<div class=\"addthis-pagines\">\n<div class=\"a2a_kit a2a_default_style\" data-a2a-icon-color=\"#6C981A\">\n<div class=\"addtoany_shortcode\"><div class=\"a2a_kit a2a_kit_size_32 addtoany_list\" data-a2a-url=\"https:\/\/xaviergimeno.net\/ca\/llibres\/negociacio-colectiva-catalunya\" data-a2a-title=\"La negociaci\u00f3 col\u2022lectiva a Catalunya\"><a class=\"a2a_button_facebook\" href=\"https:\/\/www.addtoany.com\/add_to\/facebook?linkurl=https%3A%2F%2Fxaviergimeno.net%2Fca%2Fllibres%2Fnegociacio-colectiva-catalunya&amp;linkname=La%20negociaci%C3%B3%20col%E2%80%A2lectiva%20a%20Catalunya\" title=\"Facebook\" rel=\"nofollow noopener\" target=\"_blank\"><\/a><a class=\"a2a_button_x\" href=\"https:\/\/www.addtoany.com\/add_to\/x?linkurl=https%3A%2F%2Fxaviergimeno.net%2Fca%2Fllibres%2Fnegociacio-colectiva-catalunya&amp;linkname=La%20negociaci%C3%B3%20col%E2%80%A2lectiva%20a%20Catalunya\" title=\"X\" rel=\"nofollow noopener\" target=\"_blank\"><\/a><a class=\"a2a_button_email\" href=\"https:\/\/www.addtoany.com\/add_to\/email?linkurl=https%3A%2F%2Fxaviergimeno.net%2Fca%2Fllibres%2Fnegociacio-colectiva-catalunya&amp;linkname=La%20negociaci%C3%B3%20col%E2%80%A2lectiva%20a%20Catalunya\" title=\"Email\" rel=\"nofollow noopener\" target=\"_blank\"><\/a><a class=\"a2a_button_print\" href=\"https:\/\/www.addtoany.com\/add_to\/print?linkurl=https%3A%2F%2Fxaviergimeno.net%2Fca%2Fllibres%2Fnegociacio-colectiva-catalunya&amp;linkname=La%20negociaci%C3%B3%20col%E2%80%A2lectiva%20a%20Catalunya\" title=\"Print\" rel=\"nofollow noopener\" target=\"_blank\"><\/a><a class=\"a2a_button_printfriendly\" href=\"https:\/\/www.addtoany.com\/add_to\/printfriendly?linkurl=https%3A%2F%2Fxaviergimeno.net%2Fca%2Fllibres%2Fnegociacio-colectiva-catalunya&amp;linkname=La%20negociaci%C3%B3%20col%E2%80%A2lectiva%20a%20Catalunya\" title=\"PrintFriendly\" rel=\"nofollow noopener\" target=\"_blank\"><\/a><a class=\"a2a_button_mendeley\" href=\"https:\/\/www.addtoany.com\/add_to\/mendeley?linkurl=https%3A%2F%2Fxaviergimeno.net%2Fca%2Fllibres%2Fnegociacio-colectiva-catalunya&amp;linkname=La%20negociaci%C3%B3%20col%E2%80%A2lectiva%20a%20Catalunya\" title=\"Mendeley\" rel=\"nofollow noopener\" target=\"_blank\"><\/a><a class=\"a2a_dd addtoany_share_save addtoany_share\" href=\"https:\/\/www.addtoany.com\/share\"><\/a><\/div><\/div><a style=\"float: right;\" title=\"La negociaci\u00f3 col\u2022lectiva a Catalunya\" href=\"https:\/\/xaviergimeno.net\/files\/mostractesc.pdf\" target=\"_blank\" rel=\"noopener\">Text complet en PDF<\/a><\/div>\n<\/div>\n","protected":false},"excerpt":{"rendered":"<p>Diversos autors, Barcelona: CTESC, 2006. L\u2019estudi de la negociaci\u00f3 col\u2022lectiva a Catalunya&#8230;<\/p>\n","protected":false},"author":3,"featured_media":0,"parent":5196,"menu_order":5,"comment_status":"closed","ping_status":"closed","template":"template-fullwidth.php","meta":{"_monsterinsights_skip_tracking":false,"_monsterinsights_sitenote_active":false,"_monsterinsights_sitenote_note":"","_monsterinsights_sitenote_category":0,"footnotes":""},"class_list":["post-5314","page","type-page","status-publish","hentry"],"yoast_head":"<!-- This site is optimized with the Yoast SEO plugin v27.4 - https:\/\/yoast.com\/product\/yoast-seo-wordpress\/ -->\n<title>La negociaci\u00f3 col\u2022lectiva a Catalunya<\/title>\n<meta name=\"description\" content=\"Construcci\u00f3 d&#039;una mostra de convenis col\u2022lectius vigents entre 2003 i 2004.\" \/>\n<meta name=\"robots\" content=\"index, follow, max-snippet:-1, max-image-preview:large, max-video-preview:-1\" \/>\n<link rel=\"canonical\" href=\"https:\/\/xaviergimeno.net\/ca\/llibres\/negociacio-colectiva-catalunya\" \/>\n<meta property=\"og:locale\" content=\"ca_ES\" \/>\n<meta property=\"og:type\" content=\"article\" \/>\n<meta property=\"og:title\" content=\"La negociaci\u00f3 col\u2022lectiva a Catalunya\" \/>\n<meta property=\"og:description\" content=\"Construcci\u00f3 d&#039;una mostra de convenis col\u2022lectius vigents entre 2003 i 2004.\" \/>\n<meta property=\"og:url\" content=\"https:\/\/xaviergimeno.net\/ca\/llibres\/negociacio-colectiva-catalunya\" \/>\n<meta property=\"og:site_name\" content=\"Xavier Gimeno Torrent\" \/>\n<meta property=\"article:publisher\" content=\"https:\/\/www.facebook.com\/XavierGimenoTorrent\" \/>\n<meta property=\"article:modified_time\" content=\"2025-01-16T16:51:36+00:00\" \/>\n<meta name=\"twitter:card\" content=\"summary_large_image\" \/>\n<meta name=\"twitter:site\" content=\"@Xavier_Gimeno\" \/>\n<meta name=\"twitter:label1\" content=\"Temps estimat de lectura\" \/>\n\t<meta name=\"twitter:data1\" content=\"1 minut\" \/>\n<script type=\"application\/ld+json\" class=\"yoast-schema-graph\">{\"@context\":\"https:\\\/\\\/schema.org\",\"@graph\":[{\"@type\":\"WebPage\",\"@id\":\"https:\\\/\\\/xaviergimeno.net\\\/ca\\\/llibres\\\/negociacio-colectiva-catalunya\",\"url\":\"https:\\\/\\\/xaviergimeno.net\\\/ca\\\/llibres\\\/negociacio-colectiva-catalunya\",\"name\":\"La negociaci\u00f3 col\u2022lectiva a Catalunya\",\"isPartOf\":{\"@id\":\"https:\\\/\\\/xaviergimeno.net\\\/#website\"},\"datePublished\":\"2010-08-23T13:59:45+00:00\",\"dateModified\":\"2025-01-16T16:51:36+00:00\",\"description\":\"Construcci\u00f3 d'una mostra de convenis col\u2022lectius vigents entre 2003 i 2004.\",\"breadcrumb\":{\"@id\":\"https:\\\/\\\/xaviergimeno.net\\\/ca\\\/llibres\\\/negociacio-colectiva-catalunya#breadcrumb\"},\"inLanguage\":\"ca\",\"potentialAction\":[{\"@type\":\"ReadAction\",\"target\":[\"https:\\\/\\\/xaviergimeno.net\\\/ca\\\/llibres\\\/negociacio-colectiva-catalunya\"]}]},{\"@type\":\"BreadcrumbList\",\"@id\":\"https:\\\/\\\/xaviergimeno.net\\\/ca\\\/llibres\\\/negociacio-colectiva-catalunya#breadcrumb\",\"itemListElement\":[{\"@type\":\"ListItem\",\"position\":1,\"name\":\"Home\",\"item\":\"https:\\\/\\\/xaviergimeno.net\\\/ca\"},{\"@type\":\"ListItem\",\"position\":2,\"name\":\"Llibres\",\"item\":\"https:\\\/\\\/xaviergimeno.net\\\/ca\\\/llibres\"},{\"@type\":\"ListItem\",\"position\":3,\"name\":\"La negociaci\u00f3 col\u2022lectiva a Catalunya\"}]},{\"@type\":\"WebSite\",\"@id\":\"https:\\\/\\\/xaviergimeno.net\\\/#website\",\"url\":\"https:\\\/\\\/xaviergimeno.net\\\/\",\"name\":\"Xavier Gimeno Torrent\",\"description\":\"soci\u00f2leg i traductor\",\"potentialAction\":[{\"@type\":\"SearchAction\",\"target\":{\"@type\":\"EntryPoint\",\"urlTemplate\":\"https:\\\/\\\/xaviergimeno.net\\\/?s={search_term_string}\"},\"query-input\":{\"@type\":\"PropertyValueSpecification\",\"valueRequired\":true,\"valueName\":\"search_term_string\"}}],\"inLanguage\":\"ca\"}]}<\/script>\n<!-- \/ Yoast SEO plugin. -->","yoast_head_json":{"title":"La negociaci\u00f3 col\u2022lectiva a Catalunya","description":"Construcci\u00f3 d'una mostra de convenis col\u2022lectius vigents entre 2003 i 2004.","robots":{"index":"index","follow":"follow","max-snippet":"max-snippet:-1","max-image-preview":"max-image-preview:large","max-video-preview":"max-video-preview:-1"},"canonical":"https:\/\/xaviergimeno.net\/ca\/llibres\/negociacio-colectiva-catalunya","og_locale":"ca_ES","og_type":"article","og_title":"La negociaci\u00f3 col\u2022lectiva a Catalunya","og_description":"Construcci\u00f3 d'una mostra de convenis col\u2022lectius vigents entre 2003 i 2004.","og_url":"https:\/\/xaviergimeno.net\/ca\/llibres\/negociacio-colectiva-catalunya","og_site_name":"Xavier Gimeno Torrent","article_publisher":"https:\/\/www.facebook.com\/XavierGimenoTorrent","article_modified_time":"2025-01-16T16:51:36+00:00","twitter_card":"summary_large_image","twitter_site":"@Xavier_Gimeno","twitter_misc":{"Temps estimat de lectura":"1 minut"},"schema":{"@context":"https:\/\/schema.org","@graph":[{"@type":"WebPage","@id":"https:\/\/xaviergimeno.net\/ca\/llibres\/negociacio-colectiva-catalunya","url":"https:\/\/xaviergimeno.net\/ca\/llibres\/negociacio-colectiva-catalunya","name":"La negociaci\u00f3 col\u2022lectiva a Catalunya","isPartOf":{"@id":"https:\/\/xaviergimeno.net\/#website"},"datePublished":"2010-08-23T13:59:45+00:00","dateModified":"2025-01-16T16:51:36+00:00","description":"Construcci\u00f3 d'una mostra de convenis col\u2022lectius vigents entre 2003 i 2004.","breadcrumb":{"@id":"https:\/\/xaviergimeno.net\/ca\/llibres\/negociacio-colectiva-catalunya#breadcrumb"},"inLanguage":"ca","potentialAction":[{"@type":"ReadAction","target":["https:\/\/xaviergimeno.net\/ca\/llibres\/negociacio-colectiva-catalunya"]}]},{"@type":"BreadcrumbList","@id":"https:\/\/xaviergimeno.net\/ca\/llibres\/negociacio-colectiva-catalunya#breadcrumb","itemListElement":[{"@type":"ListItem","position":1,"name":"Home","item":"https:\/\/xaviergimeno.net\/ca"},{"@type":"ListItem","position":2,"name":"Llibres","item":"https:\/\/xaviergimeno.net\/ca\/llibres"},{"@type":"ListItem","position":3,"name":"La negociaci\u00f3 col\u2022lectiva a Catalunya"}]},{"@type":"WebSite","@id":"https:\/\/xaviergimeno.net\/#website","url":"https:\/\/xaviergimeno.net\/","name":"Xavier Gimeno Torrent","description":"soci\u00f2leg i traductor","potentialAction":[{"@type":"SearchAction","target":{"@type":"EntryPoint","urlTemplate":"https:\/\/xaviergimeno.net\/?s={search_term_string}"},"query-input":{"@type":"PropertyValueSpecification","valueRequired":true,"valueName":"search_term_string"}}],"inLanguage":"ca"}]}},"_links":{"self":[{"href":"https:\/\/xaviergimeno.net\/ca\/wp-json\/wp\/v2\/pages\/5314","targetHints":{"allow":["GET"]}}],"collection":[{"href":"https:\/\/xaviergimeno.net\/ca\/wp-json\/wp\/v2\/pages"}],"about":[{"href":"https:\/\/xaviergimeno.net\/ca\/wp-json\/wp\/v2\/types\/page"}],"author":[{"embeddable":true,"href":"https:\/\/xaviergimeno.net\/ca\/wp-json\/wp\/v2\/users\/3"}],"replies":[{"embeddable":true,"href":"https:\/\/xaviergimeno.net\/ca\/wp-json\/wp\/v2\/comments?post=5314"}],"version-history":[{"count":0,"href":"https:\/\/xaviergimeno.net\/ca\/wp-json\/wp\/v2\/pages\/5314\/revisions"}],"up":[{"embeddable":true,"href":"https:\/\/xaviergimeno.net\/ca\/wp-json\/wp\/v2\/pages\/5196"}],"wp:attachment":[{"href":"https:\/\/xaviergimeno.net\/ca\/wp-json\/wp\/v2\/media?parent=5314"}],"curies":[{"name":"wp","href":"https:\/\/api.w.org\/{rel}","templated":true}]}}