{"id":5570,"date":"2014-04-05T22:27:40","date_gmt":"2014-04-05T20:27:40","guid":{"rendered":"https:\/\/www.xaviergimeno.net\/ca\/?page_id=5570"},"modified":"2023-06-15T18:34:12","modified_gmt":"2023-06-15T16:34:12","slug":"mapa-lloc","status":"publish","type":"page","link":"https:\/\/xaviergimeno.net\/ca\/mapa-lloc","title":{"rendered":"Mapa del lloc"},"content":{"rendered":"<ul id=\"sitemap_list\" class=\"sitemap_disp_level_0\">\n<li class=\"home-item\"><a href=\"https:\/\/xaviergimeno.net\/ca\" title=\"Xavier Gimeno Torrent\">Xavier Gimeno Torrent<\/a><\/li>\n<li class=\"page_item page-item-5570\"><a href=\"https:\/\/xaviergimeno.net\/ca\/mapa-lloc\">Mapa del lloc<\/a><\/li>\n<li class=\"page_item page-item-4940\"><a href=\"https:\/\/xaviergimeno.net\/ca\/politica-privadesa\">Pol\u00edtica de privadesa<\/a><\/li>\n<li class=\"page_item page-item-4632 current_page_parent\"><a href=\"https:\/\/xaviergimeno.net\/ca\/blog\">Blog<\/a><\/li>\n<li class=\"page_item page-item-4795\"><a href=\"https:\/\/xaviergimeno.net\/ca\/qui-soc\">Qui s\u00f3c<\/a><\/li>\n<li class=\"page_item page-item-4660 page_item_has_children\"><a href=\"https:\/\/xaviergimeno.net\/ca\/papers\">Papers<\/a>\n<ul class='children'>\n\t<li class=\"page_item page-item-7515\"><a href=\"https:\/\/xaviergimeno.net\/ca\/papers\/formulacio-escala-violencia-simbolica\">Formulaci\u00f3 d\u2019un q\u00fcestionari d\u2019escala de viol\u00e8ncia simb\u00f2lica: la import\u00e0ncia de la construcci\u00f3 epistemol\u00f2gica, te\u00f2rica, i metodol\u00f2gica de l\u2019objecte d\u2019estudi<\/a><\/li>\n\t<li class=\"page_item page-item-6878\"><a href=\"https:\/\/xaviergimeno.net\/ca\/papers\/herois-ela\">Els herois de l\u2019ELA: l\u2019estructura social dels discursos triomfalistes de superaci\u00f3 i celebraci\u00f3 d\u2019un malalt i legitimaci\u00f3 d\u2019una malaltia. Sociologia comparada d\u2019una ideologia del malalt com a heroi<\/a><\/li>\n\t<li class=\"page_item page-item-6691\"><a href=\"https:\/\/xaviergimeno.net\/ca\/papers\/poster-circuit-violencia-simbolica\">El circuit de la viol\u00e8ncia simb\u00f2lica en la S\u00edndrome de Fatiga Cr\u00f2nica (SFC)\/Encefalomielitis Mi\u00e0lgica (EM): Formulaci\u00f3 preliminar d\u2019un model d\u2019an\u00e0lisi a partir de l\u2019estudi de les cartes al director de diaris<\/a><\/li>\n\t<li class=\"page_item page-item-6470\"><a href=\"https:\/\/xaviergimeno.net\/ca\/papers\/circuit-violencia-simbolica-sfc-i\">El circuit de la viol\u00e8ncia simb\u00f2lica en la S\u00edndrome de Fatiga Cr\u00f2nica (SFC)\/Encefalomielitis Mi\u00e0lgica (EM) (I): Un estudi preliminar<\/a><\/li>\n\t<li class=\"page_item page-item-4655\"><a href=\"https:\/\/xaviergimeno.net\/ca\/papers\/why-we-fight-focused-interview\">Why We Fight i The Focused Interview. Cinema i ci\u00e8ncia social durant la Segona Guerra Mundial (en angl\u00e8s)<\/a><\/li>\n\t<li class=\"page_item page-item-4694\"><a href=\"https:\/\/xaviergimeno.net\/ca\/papers\/recensio-division-trabajo-social\">Recensi\u00f3 de La divisi\u00f3n del trabajo social d\u2019\u00c9mile Durkheim<\/a><\/li>\n\t<li class=\"page_item page-item-4948\"><a href=\"https:\/\/xaviergimeno.net\/ca\/papers\/capitol-6-mass-persuasion\">Cap\u00edtol 6 de Mass Persuasion: El context social i cultural de la persuasi\u00f3 de massa<\/a><\/li>\n\t<li class=\"page_item page-item-4976\"><a href=\"https:\/\/xaviergimeno.net\/ca\/papers\/introduccio-2a-edicio-focused-interview\">Introducci\u00f3 a la segona edici\u00f3 de The Focused Interview de Robert K. Merton<\/a><\/li>\n\t<li class=\"page_item page-item-5005\"><a href=\"https:\/\/xaviergimeno.net\/ca\/papers\/polititzacio-camp-sociologic-catalunya\">La polititzaci\u00f3 del camp sociol\u00f2gic a Catalunya: un indicador estructural comparatiu<\/a><\/li>\n\t<li class=\"page_item page-item-5014\"><a href=\"https:\/\/xaviergimeno.net\/ca\/papers\/recensio-esbos-autoanalisi\">Recensi\u00f3 d&#8217;Esb\u00f3s d&#8217;autoan\u00e0lisi de Pierre Bourdieu<\/a><\/li>\n\t<li class=\"page_item page-item-5034\"><a href=\"https:\/\/xaviergimeno.net\/ca\/papers\/mostreig-sobrerepresentacio-divisio-sexual-treball\">Mostreig, sobrerepresentaci\u00f3 de categories socials i la divisi\u00f3 sexual del treball: formulaci\u00f3 d&#8217;una hip\u00f2tesi sobre el doble treball (en castell\u00e0)<\/a><\/li>\n\t<li class=\"page_item page-item-5045\"><a href=\"https:\/\/xaviergimeno.net\/ca\/papers\/estudi-institucionalitzacio-sociologia-ii-castella\">L\u2019estudi de la institucionalitzaci\u00f3 de la sociologia a Catalunya (II): un model d\u2019an\u00e0lisi i un sistema d\u2019hip\u00f2tesis (traducci\u00f3 castellana)<\/a><\/li>\n\t<li class=\"page_item page-item-5056\"><a href=\"https:\/\/xaviergimeno.net\/ca\/papers\/estudi-institucionalitzacio-sociologia-ii\">L\u2019estudi de la institucionalitzaci\u00f3 de la sociologia a Catalunya (II): un model d\u2019an\u00e0lisi i un sistema d\u2019hip\u00f2tesis<\/a><\/li>\n\t<li class=\"page_item page-item-5085\"><a href=\"https:\/\/xaviergimeno.net\/ca\/papers\/estudi-institucionalitzacio-sociologia-i-castella\">L\u2019estudi de la institucionalitzaci\u00f3 de la sociologia a Catalunya (I): un estat de la q\u00fcesti\u00f3 (traducci\u00f3 castellana)<\/a><\/li>\n\t<li class=\"page_item page-item-5103\"><a href=\"https:\/\/xaviergimeno.net\/ca\/papers\/estudi-institucionalitzacio-sociologia-i\">L\u2019estudi de la institucionalitzaci\u00f3 de la sociologia a Catalunya (I): un estat de la q\u00fcesti\u00f3<\/a><\/li>\n\t<li class=\"page_item page-item-5115\"><a href=\"https:\/\/xaviergimeno.net\/ca\/papers\/constitucio-barri-santa-maria-palafolls\">El proc\u00e9s de constituci\u00f3 del Barri Santa Maria de Palafolls. Protocol de recerca<\/a><\/li>\n\t<li class=\"page_item page-item-5131\"><a href=\"https:\/\/xaviergimeno.net\/ca\/papers\/institucionalitzacio-sociologia-protocol\">El proc\u00e9s d&#8217;institucionalitzaci\u00f3 de la sociologia a Catalunya. Protocol de recerca<\/a><\/li>\n\t<li class=\"page_item page-item-5145\"><a href=\"https:\/\/xaviergimeno.net\/ca\/papers\/comunicacio-sociologia-catalunya\">Un model d\u2019an\u00e0lisi i un sistema d\u2019hip\u00f2tesis per a l\u2019estudi del proc\u00e9s d\u2019institucionalitzaci\u00f3 de la sociologia a Catalunya<\/a><\/li>\n\t<li class=\"page_item page-item-5159\"><a href=\"https:\/\/xaviergimeno.net\/ca\/papers\/tesina-mostra-convenis-colectius\">Proposta de model per a l\u2019estudi de la negociaci\u00f3 col\u2022lectiva. Formulaci\u00f3 arran del treball de construcci\u00f3 d\u2019una mostra de convenis col\u2022lectius<\/a><\/li>\n\t<li class=\"page_item page-item-5169\"><a href=\"https:\/\/xaviergimeno.net\/ca\/papers\/incidencies-treball-camp\">Incid\u00e8ncies durant el treball de camp amb enquestes personals en estudis epidemiol\u00f2gics (en castell\u00e0)<\/a><\/li>\n\t<li class=\"page_item page-item-5187\"><a href=\"https:\/\/xaviergimeno.net\/ca\/papers\/classificacio-jerarquia\">Classificaci\u00f3 i jerarquia. L&#8217;estructura de desigualtats del Departament de Sociologia de la UAB (1998-2003) vista a trav\u00e9s de l&#8217;an\u00e0lisi de l&#8217;estructura de relacions<\/a><\/li>\n<\/ul>\n<\/li>\n<li class=\"page_item page-item-5196 page_item_has_children\"><a href=\"https:\/\/xaviergimeno.net\/ca\/llibres\">Llibres<\/a>\n<ul class='children'>\n\t<li class=\"page_item page-item-5207\"><a href=\"https:\/\/xaviergimeno.net\/ca\/llibres\/entrevista-enfocada\">L\u2019entrevista enfocada. Una guia pr\u00e0ctica de problemes i procediments<\/a><\/li>\n\t<li class=\"page_item page-item-5227\"><a href=\"https:\/\/xaviergimeno.net\/ca\/llibres\/camp-politic\">El camp pol\u00edtic<\/a><\/li>\n\t<li class=\"page_item page-item-5285\"><a href=\"https:\/\/xaviergimeno.net\/ca\/llibres\/esbos-autoanalisi\">Esb\u00f3s d&#8217;autoan\u00e0lisi<\/a><\/li>\n\t<li class=\"page_item page-item-5298\"><a href=\"https:\/\/xaviergimeno.net\/ca\/llibres\/organitzacio-treball-factors-psicosocials\">Organitzaci\u00f3 del treball: Factors Psicosocials i Salut. Experi\u00e8ncies de prevenci\u00f3 (en castell\u00e0)<\/a><\/li>\n\t<li class=\"page_item page-item-5314\"><a href=\"https:\/\/xaviergimeno.net\/ca\/llibres\/negociacio-colectiva-catalunya\">La negociaci\u00f3 col\u2022lectiva a Catalunya<\/a><\/li>\n<\/ul>\n<\/li>\n<li class=\"page_item page-item-5923 page_item_has_children\"><a href=\"https:\/\/xaviergimeno.net\/ca\/sociologia-tv\">Sociologia TV<\/a>\n<ul class='children'>\n\t<li class=\"page_item page-item-5763\"><a href=\"https:\/\/xaviergimeno.net\/ca\/sociologia-tv\/bourdieu-passeron-i\">Bourdieu i Passeron<\/a><\/li>\n\t<li class=\"page_item page-item-6122\"><a href=\"https:\/\/xaviergimeno.net\/ca\/sociologia-tv\/bourdieu-passeron-ii\">Bourdieu i Passeron<\/a><\/li>\n<\/ul>\n<\/li>\n<li class=\"page_item page-item-4622\"><a href=\"https:\/\/xaviergimeno.net\/ca\/contacte\">Contacte<\/a><\/li>\n<li class=\"cat-item cat-item-89\"><a href=\"https:\/\/xaviergimeno.net\/ca\/category\/epistemologia-ciencies-socials\" title=\"Epistemologia ci\u00e8ncies soc.\">Epistemologia ci\u00e8ncies soc.<\/a>\n<ul>\n\t<li class=\"post-item post-item-5599\"><a href=\"https:\/\/xaviergimeno.net\/ca\/percepcio-social-violencia-simbolica-5599\" title=\"Percepci\u00f3 i viol\u00e8ncia simb\u00f2lica\">Percepci\u00f3 i viol\u00e8ncia simb\u00f2lica<\/a><\/li>\n\t<li class=\"post-item post-item-5455\"><a href=\"https:\/\/xaviergimeno.net\/ca\/racisme-crisi-5455\" title=\"Racisme i crisi\">Racisme i crisi<\/a><\/li>\n\t<li class=\"post-item post-item-5472\"><a href=\"https:\/\/xaviergimeno.net\/ca\/vigilancia-epistemologica-mostreig-5472\" title=\"Vigil\u00e0ncia epistemol\u00f2gica i mostreig\">Vigil\u00e0ncia epistemol\u00f2gica i mostreig<\/a><\/li>\n\t<li class=\"post-item post-item-5491\"><a href=\"https:\/\/xaviergimeno.net\/ca\/posicio-social-socioleg-5491\" title=\"La posici\u00f3 social i el soci\u00f2leg\">La posici\u00f3 social i el soci\u00f2leg<\/a><\/li>\n\t<li class=\"post-item post-item-5503\"><a href=\"https:\/\/xaviergimeno.net\/ca\/ruptura-epistemologica-5503\" title=\"La ruptura epistemol\u00f2gica\">La ruptura epistemol\u00f2gica<\/a><\/li>\n<\/ul>\n<\/li>\n<li class=\"cat-item cat-item-66\"><a href=\"https:\/\/xaviergimeno.net\/ca\/category\/metodologia\" title=\"Metodologia\">Metodologia<\/a>\n<ul>\n\t<li class=\"post-item post-item-5323\"><a href=\"https:\/\/xaviergimeno.net\/ca\/entrevistant-elits-5323\" title=\"Entrevistant les elits\">Entrevistant les elits<\/a><\/li>\n\t<li class=\"post-item post-item-5472\"><a href=\"https:\/\/xaviergimeno.net\/ca\/vigilancia-epistemologica-mostreig-5472\" title=\"Vigil\u00e0ncia epistemol\u00f2gica i mostreig\">Vigil\u00e0ncia epistemol\u00f2gica i mostreig<\/a><\/li>\n<\/ul>\n<\/li>\n<li class=\"cat-item cat-item-101\"><a href=\"https:\/\/xaviergimeno.net\/ca\/category\/sociologia-mitjans-comunicacio\" title=\"Sociol. mitjans comunicaci\u00f3\">Sociol. mitjans comunicaci\u00f3<\/a>\n<ul>\n\t<li class=\"post-item post-item-5402\"><a href=\"https:\/\/xaviergimeno.net\/ca\/camp-politic-camp-mediatic-5402\" title=\"Camp pol\u00edtic i camp medi\u00e0tic\">Camp pol\u00edtic i camp medi\u00e0tic<\/a><\/li>\n<\/ul>\n<\/li>\n<li class=\"cat-item cat-item-97\"><a href=\"https:\/\/xaviergimeno.net\/ca\/category\/sociolegs\" title=\"Soci\u00f2legs\">Soci\u00f2legs<\/a>\n<ul>\n\t<li class=\"post-item post-item-5436\"><a href=\"https:\/\/xaviergimeno.net\/ca\/comunicacio-dos-passos-5436\" title=\"La comunicaci\u00f3 en dos passos\">La comunicaci\u00f3 en dos passos<\/a><\/li>\n\t<li class=\"post-item post-item-5418\"><a href=\"https:\/\/xaviergimeno.net\/ca\/llegir-bourdieu-5418\" title=\"Llegir Bourdieu\">Llegir Bourdieu<\/a><\/li>\n<\/ul>\n<\/li>\n<li class=\"cat-item cat-item-99\"><a href=\"https:\/\/xaviergimeno.net\/ca\/category\/sociologia-coneixement\" title=\"Sociologia del coneixement\">Sociologia del coneixement<\/a>\n<ul>\n\t<li class=\"post-item post-item-5599\"><a href=\"https:\/\/xaviergimeno.net\/ca\/percepcio-social-violencia-simbolica-5599\" title=\"Percepci\u00f3 i viol\u00e8ncia simb\u00f2lica\">Percepci\u00f3 i viol\u00e8ncia simb\u00f2lica<\/a><\/li>\n\t<li class=\"post-item post-item-5402\"><a href=\"https:\/\/xaviergimeno.net\/ca\/camp-politic-camp-mediatic-5402\" title=\"Camp pol\u00edtic i camp medi\u00e0tic\">Camp pol\u00edtic i camp medi\u00e0tic<\/a><\/li>\n<\/ul>\n<\/li>\n<li class=\"cat-item cat-item-72\"><a href=\"https:\/\/xaviergimeno.net\/ca\/category\/sociologia-genere\" title=\"Sociologia del g\u00e8nere\">Sociologia del g\u00e8nere<\/a>\n<ul>\n\t<li class=\"post-item post-item-5599\"><a href=\"https:\/\/xaviergimeno.net\/ca\/percepcio-social-violencia-simbolica-5599\" title=\"Percepci\u00f3 i viol\u00e8ncia simb\u00f2lica\">Percepci\u00f3 i viol\u00e8ncia simb\u00f2lica<\/a><\/li>\n\t<li class=\"post-item post-item-5364\"><a href=\"https:\/\/xaviergimeno.net\/ca\/webs-cites-masclisme-5364\" title=\"Webs de cites i masclisme\">Webs de cites i masclisme<\/a><\/li>\n\t<li class=\"post-item post-item-5337\"><a href=\"https:\/\/xaviergimeno.net\/ca\/manca-iniciativa-5337\" title=\"La manca d&#039;iniciativa\">La manca d&#039;iniciativa<\/a><\/li>\n<\/ul>\n<\/li>\n<li class=\"cat-item cat-item-93\"><a href=\"https:\/\/xaviergimeno.net\/ca\/category\/sociologia-politica\" title=\"Sociologia pol\u00edtica\">Sociologia pol\u00edtica<\/a>\n<ul>\n\t<li class=\"post-item post-item-5402\"><a href=\"https:\/\/xaviergimeno.net\/ca\/camp-politic-camp-mediatic-5402\" title=\"Camp pol\u00edtic i camp medi\u00e0tic\">Camp pol\u00edtic i camp medi\u00e0tic<\/a><\/li>\n<\/ul>\n<\/li>\n<li class=\"cat-item cat-item-95\"><a href=\"https:\/\/xaviergimeno.net\/ca\/category\/teoria-social\" title=\"Teoria social\">Teoria social<\/a>\n<ul>\n\t<li class=\"post-item post-item-5436\"><a href=\"https:\/\/xaviergimeno.net\/ca\/comunicacio-dos-passos-5436\" title=\"La comunicaci\u00f3 en dos passos\">La comunicaci\u00f3 en dos passos<\/a><\/li>\n\t<li class=\"post-item post-item-5455\"><a href=\"https:\/\/xaviergimeno.net\/ca\/racisme-crisi-5455\" title=\"Racisme i crisi\">Racisme i crisi<\/a><\/li>\n\t<li class=\"post-item post-item-5491\"><a href=\"https:\/\/xaviergimeno.net\/ca\/posicio-social-socioleg-5491\" title=\"La posici\u00f3 social i el soci\u00f2leg\">La posici\u00f3 social i el soci\u00f2leg<\/a><\/li>\n\t<li class=\"post-item post-item-5503\"><a href=\"https:\/\/xaviergimeno.net\/ca\/ruptura-epistemologica-5503\" title=\"La ruptura epistemol\u00f2gica\">La ruptura epistemol\u00f2gica<\/a><\/li>\n<\/ul>\n<\/li>\n<\/ul>\n\n","protected":false},"excerpt":{"rendered":"<p>Xavier Gimeno Torrent Mapa del lloc Pol\u00edtica de privadesa Blog Qui s\u00f3c&#8230;<\/p>\n","protected":false},"author":3,"featured_media":0,"parent":0,"menu_order":1,"comment_status":"closed","ping_status":"closed","template":"template-fullwidth.php","meta":{"_monsterinsights_skip_tracking":false,"_monsterinsights_sitenote_active":false,"_monsterinsights_sitenote_note":"","_monsterinsights_sitenote_category":0,"footnotes":""},"class_list":["post-5570","page","type-page","status-publish","hentry"],"yoast_head":"<!-- This site is optimized with the Yoast SEO plugin v27.4 - https:\/\/yoast.com\/product\/yoast-seo-wordpress\/ -->\n<title>Mapa del lloc web de Xavier Gimeno Torrent<\/title>\n<meta name=\"description\" content=\"Mapa del lloc web de Xavier Gimeno Torrent, soci\u00f2leg i traductor.\" \/>\n<meta name=\"robots\" content=\"index, follow, max-snippet:-1, max-image-preview:large, max-video-preview:-1\" \/>\n<link rel=\"canonical\" href=\"https:\/\/xaviergimeno.net\/ca\/mapa-lloc\" \/>\n<meta property=\"og:locale\" content=\"ca_ES\" \/>\n<meta property=\"og:type\" content=\"article\" \/>\n<meta property=\"og:title\" content=\"Mapa del lloc web de Xavier Gimeno Torrent\" \/>\n<meta property=\"og:description\" content=\"Mapa del lloc web de Xavier Gimeno Torrent, soci\u00f2leg i traductor.\" \/>\n<meta property=\"og:url\" content=\"https:\/\/xaviergimeno.net\/ca\/mapa-lloc\" \/>\n<meta property=\"og:site_name\" content=\"Xavier Gimeno Torrent\" \/>\n<meta property=\"article:publisher\" content=\"https:\/\/www.facebook.com\/XavierGimenoTorrent\" \/>\n<meta property=\"article:modified_time\" content=\"2023-06-15T16:34:12+00:00\" \/>\n<meta name=\"twitter:card\" content=\"summary_large_image\" \/>\n<meta name=\"twitter:site\" content=\"@Xavier_Gimeno\" \/>\n<script type=\"application\/ld+json\" class=\"yoast-schema-graph\">{\"@context\":\"https:\\\/\\\/schema.org\",\"@graph\":[{\"@type\":\"WebPage\",\"@id\":\"https:\\\/\\\/xaviergimeno.net\\\/ca\\\/mapa-lloc\",\"url\":\"https:\\\/\\\/xaviergimeno.net\\\/ca\\\/mapa-lloc\",\"name\":\"Mapa del lloc web de Xavier Gimeno Torrent\",\"isPartOf\":{\"@id\":\"https:\\\/\\\/xaviergimeno.net\\\/#website\"},\"datePublished\":\"2014-04-05T20:27:40+00:00\",\"dateModified\":\"2023-06-15T16:34:12+00:00\",\"description\":\"Mapa del lloc web de Xavier Gimeno Torrent, soci\u00f2leg i traductor.\",\"breadcrumb\":{\"@id\":\"https:\\\/\\\/xaviergimeno.net\\\/ca\\\/mapa-lloc#breadcrumb\"},\"inLanguage\":\"ca\",\"potentialAction\":[{\"@type\":\"ReadAction\",\"target\":[\"https:\\\/\\\/xaviergimeno.net\\\/ca\\\/mapa-lloc\"]}]},{\"@type\":\"BreadcrumbList\",\"@id\":\"https:\\\/\\\/xaviergimeno.net\\\/ca\\\/mapa-lloc#breadcrumb\",\"itemListElement\":[{\"@type\":\"ListItem\",\"position\":1,\"name\":\"Home\",\"item\":\"https:\\\/\\\/xaviergimeno.net\\\/ca\"},{\"@type\":\"ListItem\",\"position\":2,\"name\":\"Mapa del lloc\"}]},{\"@type\":\"WebSite\",\"@id\":\"https:\\\/\\\/xaviergimeno.net\\\/#website\",\"url\":\"https:\\\/\\\/xaviergimeno.net\\\/\",\"name\":\"Xavier Gimeno Torrent\",\"description\":\"soci\u00f2leg i traductor\",\"potentialAction\":[{\"@type\":\"SearchAction\",\"target\":{\"@type\":\"EntryPoint\",\"urlTemplate\":\"https:\\\/\\\/xaviergimeno.net\\\/?s={search_term_string}\"},\"query-input\":{\"@type\":\"PropertyValueSpecification\",\"valueRequired\":true,\"valueName\":\"search_term_string\"}}],\"inLanguage\":\"ca\"}]}<\/script>\n<!-- \/ Yoast SEO plugin. -->","yoast_head_json":{"title":"Mapa del lloc web de Xavier Gimeno Torrent","description":"Mapa del lloc web de Xavier Gimeno Torrent, soci\u00f2leg i traductor.","robots":{"index":"index","follow":"follow","max-snippet":"max-snippet:-1","max-image-preview":"max-image-preview:large","max-video-preview":"max-video-preview:-1"},"canonical":"https:\/\/xaviergimeno.net\/ca\/mapa-lloc","og_locale":"ca_ES","og_type":"article","og_title":"Mapa del lloc web de Xavier Gimeno Torrent","og_description":"Mapa del lloc web de Xavier Gimeno Torrent, soci\u00f2leg i traductor.","og_url":"https:\/\/xaviergimeno.net\/ca\/mapa-lloc","og_site_name":"Xavier Gimeno Torrent","article_publisher":"https:\/\/www.facebook.com\/XavierGimenoTorrent","article_modified_time":"2023-06-15T16:34:12+00:00","twitter_card":"summary_large_image","twitter_site":"@Xavier_Gimeno","schema":{"@context":"https:\/\/schema.org","@graph":[{"@type":"WebPage","@id":"https:\/\/xaviergimeno.net\/ca\/mapa-lloc","url":"https:\/\/xaviergimeno.net\/ca\/mapa-lloc","name":"Mapa del lloc web de Xavier Gimeno Torrent","isPartOf":{"@id":"https:\/\/xaviergimeno.net\/#website"},"datePublished":"2014-04-05T20:27:40+00:00","dateModified":"2023-06-15T16:34:12+00:00","description":"Mapa del lloc web de Xavier Gimeno Torrent, soci\u00f2leg i traductor.","breadcrumb":{"@id":"https:\/\/xaviergimeno.net\/ca\/mapa-lloc#breadcrumb"},"inLanguage":"ca","potentialAction":[{"@type":"ReadAction","target":["https:\/\/xaviergimeno.net\/ca\/mapa-lloc"]}]},{"@type":"BreadcrumbList","@id":"https:\/\/xaviergimeno.net\/ca\/mapa-lloc#breadcrumb","itemListElement":[{"@type":"ListItem","position":1,"name":"Home","item":"https:\/\/xaviergimeno.net\/ca"},{"@type":"ListItem","position":2,"name":"Mapa del lloc"}]},{"@type":"WebSite","@id":"https:\/\/xaviergimeno.net\/#website","url":"https:\/\/xaviergimeno.net\/","name":"Xavier Gimeno Torrent","description":"soci\u00f2leg i traductor","potentialAction":[{"@type":"SearchAction","target":{"@type":"EntryPoint","urlTemplate":"https:\/\/xaviergimeno.net\/?s={search_term_string}"},"query-input":{"@type":"PropertyValueSpecification","valueRequired":true,"valueName":"search_term_string"}}],"inLanguage":"ca"}]}},"_links":{"self":[{"href":"https:\/\/xaviergimeno.net\/ca\/wp-json\/wp\/v2\/pages\/5570","targetHints":{"allow":["GET"]}}],"collection":[{"href":"https:\/\/xaviergimeno.net\/ca\/wp-json\/wp\/v2\/pages"}],"about":[{"href":"https:\/\/xaviergimeno.net\/ca\/wp-json\/wp\/v2\/types\/page"}],"author":[{"embeddable":true,"href":"https:\/\/xaviergimeno.net\/ca\/wp-json\/wp\/v2\/users\/3"}],"replies":[{"embeddable":true,"href":"https:\/\/xaviergimeno.net\/ca\/wp-json\/wp\/v2\/comments?post=5570"}],"version-history":[{"count":0,"href":"https:\/\/xaviergimeno.net\/ca\/wp-json\/wp\/v2\/pages\/5570\/revisions"}],"wp:attachment":[{"href":"https:\/\/xaviergimeno.net\/ca\/wp-json\/wp\/v2\/media?parent=5570"}],"curies":[{"name":"wp","href":"https:\/\/api.w.org\/{rel}","templated":true}]}}