{"id":5763,"date":"2018-05-17T03:41:57","date_gmt":"2018-05-17T01:41:57","guid":{"rendered":"https:\/\/www.xaviergimeno.net?page_id=5763"},"modified":"2023-08-11T13:59:48","modified_gmt":"2023-08-11T11:59:48","slug":"bourdieu-passeron-i","status":"publish","type":"page","link":"https:\/\/xaviergimeno.net\/ca\/sociologia-tv\/bourdieu-passeron-i","title":{"rendered":"Bourdieu i Passeron"},"content":{"rendered":"<h2>Introducci\u00f3 a la sociologia I<\/h2>\n<div class=\"contenidor-videos\"><iframe loading=\"lazy\" width=\"560\" height=\"315\" src=\"https:\/\/www.youtube.com\/embed\/y1HRK6P5M2s?hl=ca&#038;cc_load_policy=1&#038;cc_lang_pref=ca&#038;rel=0\" frameborder=\"0\" allow=\"autoplay; encrypted-media\" allowfullscreen><\/iframe><\/div>\n<\/p>\n<div class=\"a2a_kit a2a_kit_size_32 a2a_default_style a2a_flex_style\" data-a2a-icon-color=\"#6c981a\">\n    <a class=\"a2a_button_facebook\" style=\"background-color:#6c981a;\"><\/a><br \/>\n    <a class=\"a2a_button_x\" style=\"background-color:#6c981a;\"><\/a><br \/>\n    <a class=\"a2a_button_email\" style=\"background-color:#6c981a;\"><\/a><br \/>\n    <a class=\"a2a_dd\" style=\"background-color:#6c981a;\"><\/a>\n<\/div>\n","protected":false},"excerpt":{"rendered":"<p>Introducci\u00f3 a la sociologia I<\/p>\n","protected":false},"author":3,"featured_media":0,"parent":5923,"menu_order":1,"comment_status":"closed","ping_status":"closed","template":"template-fullwidth.php","meta":{"_monsterinsights_skip_tracking":false,"_monsterinsights_sitenote_active":false,"_monsterinsights_sitenote_note":"","_monsterinsights_sitenote_category":0,"footnotes":""},"class_list":["post-5763","page","type-page","status-publish","hentry"],"yoast_head":"<!-- This site is optimized with the Yoast SEO plugin v27.4 - https:\/\/yoast.com\/product\/yoast-seo-wordpress\/ -->\n<title>Sociologia TV: Bourdieu i Passeron \u2013 Introducci\u00f3 a la sociologia I<\/title>\n<meta name=\"description\" content=\"Primera part d&#039;una entrevista entre Bourdieu i Passeron explicant de manera molt did\u00e0ctica qu\u00e8 \u00e9s la sociologia i quins s\u00f3n els seus fonaments epistemol\u00f2gics.\" \/>\n<meta name=\"robots\" content=\"index, follow, max-snippet:-1, max-image-preview:large, max-video-preview:-1\" \/>\n<link rel=\"canonical\" href=\"https:\/\/xaviergimeno.net\/ca\/sociologia-tv\/bourdieu-passeron-i\" \/>\n<meta property=\"og:locale\" content=\"ca_ES\" \/>\n<meta property=\"og:type\" content=\"article\" \/>\n<meta property=\"og:title\" content=\"Sociologia TV: Bourdieu i Passeron \u2013 Introducci\u00f3 a la sociologia I\" \/>\n<meta property=\"og:description\" content=\"Primera part d&#039;una entrevista entre Bourdieu i Passeron explicant de manera molt did\u00e0ctica qu\u00e8 \u00e9s la sociologia i quins s\u00f3n els seus fonaments epistemol\u00f2gics.\" \/>\n<meta property=\"og:url\" content=\"https:\/\/xaviergimeno.net\/ca\/sociologia-tv\/bourdieu-passeron-i\" \/>\n<meta property=\"og:site_name\" content=\"Xavier Gimeno Torrent\" \/>\n<meta property=\"article:publisher\" content=\"https:\/\/www.facebook.com\/XavierGimenoTorrent\" \/>\n<meta property=\"article:modified_time\" content=\"2023-08-11T11:59:48+00:00\" \/>\n<meta name=\"twitter:card\" content=\"summary_large_image\" \/>\n<meta name=\"twitter:site\" content=\"@Xavier_Gimeno\" \/>\n<meta name=\"twitter:label1\" content=\"Temps estimat de lectura\" \/>\n\t<meta name=\"twitter:data1\" content=\"1 minut\" \/>\n<script type=\"application\/ld+json\" class=\"yoast-schema-graph\">{\"@context\":\"https:\\\/\\\/schema.org\",\"@graph\":[{\"@type\":\"WebPage\",\"@id\":\"https:\\\/\\\/xaviergimeno.net\\\/ca\\\/sociologia-tv\\\/bourdieu-passeron-i\",\"url\":\"https:\\\/\\\/xaviergimeno.net\\\/ca\\\/sociologia-tv\\\/bourdieu-passeron-i\",\"name\":\"Sociologia TV: Bourdieu i Passeron \u2013 Introducci\u00f3 a la sociologia I\",\"isPartOf\":{\"@id\":\"https:\\\/\\\/xaviergimeno.net\\\/#website\"},\"datePublished\":\"2018-05-17T01:41:57+00:00\",\"dateModified\":\"2023-08-11T11:59:48+00:00\",\"description\":\"Primera part d'una entrevista entre Bourdieu i Passeron explicant de manera molt did\u00e0ctica qu\u00e8 \u00e9s la sociologia i quins s\u00f3n els seus fonaments epistemol\u00f2gics.\",\"breadcrumb\":{\"@id\":\"https:\\\/\\\/xaviergimeno.net\\\/ca\\\/sociologia-tv\\\/bourdieu-passeron-i#breadcrumb\"},\"inLanguage\":\"ca\",\"potentialAction\":[{\"@type\":\"ReadAction\",\"target\":[\"https:\\\/\\\/xaviergimeno.net\\\/ca\\\/sociologia-tv\\\/bourdieu-passeron-i\"]}]},{\"@type\":\"BreadcrumbList\",\"@id\":\"https:\\\/\\\/xaviergimeno.net\\\/ca\\\/sociologia-tv\\\/bourdieu-passeron-i#breadcrumb\",\"itemListElement\":[{\"@type\":\"ListItem\",\"position\":1,\"name\":\"Home\",\"item\":\"https:\\\/\\\/xaviergimeno.net\\\/ca\"},{\"@type\":\"ListItem\",\"position\":2,\"name\":\"Sociologia TV\",\"item\":\"https:\\\/\\\/xaviergimeno.net\\\/ca\\\/sociologia-tv\"},{\"@type\":\"ListItem\",\"position\":3,\"name\":\"Bourdieu i Passeron\"}]},{\"@type\":\"WebSite\",\"@id\":\"https:\\\/\\\/xaviergimeno.net\\\/#website\",\"url\":\"https:\\\/\\\/xaviergimeno.net\\\/\",\"name\":\"Xavier Gimeno Torrent\",\"description\":\"soci\u00f2leg i traductor\",\"potentialAction\":[{\"@type\":\"SearchAction\",\"target\":{\"@type\":\"EntryPoint\",\"urlTemplate\":\"https:\\\/\\\/xaviergimeno.net\\\/?s={search_term_string}\"},\"query-input\":{\"@type\":\"PropertyValueSpecification\",\"valueRequired\":true,\"valueName\":\"search_term_string\"}}],\"inLanguage\":\"ca\"}]}<\/script>\n<!-- \/ Yoast SEO plugin. -->","yoast_head_json":{"title":"Sociologia TV: Bourdieu i Passeron \u2013 Introducci\u00f3 a la sociologia I","description":"Primera part d'una entrevista entre Bourdieu i Passeron explicant de manera molt did\u00e0ctica qu\u00e8 \u00e9s la sociologia i quins s\u00f3n els seus fonaments epistemol\u00f2gics.","robots":{"index":"index","follow":"follow","max-snippet":"max-snippet:-1","max-image-preview":"max-image-preview:large","max-video-preview":"max-video-preview:-1"},"canonical":"https:\/\/xaviergimeno.net\/ca\/sociologia-tv\/bourdieu-passeron-i","og_locale":"ca_ES","og_type":"article","og_title":"Sociologia TV: Bourdieu i Passeron \u2013 Introducci\u00f3 a la sociologia I","og_description":"Primera part d'una entrevista entre Bourdieu i Passeron explicant de manera molt did\u00e0ctica qu\u00e8 \u00e9s la sociologia i quins s\u00f3n els seus fonaments epistemol\u00f2gics.","og_url":"https:\/\/xaviergimeno.net\/ca\/sociologia-tv\/bourdieu-passeron-i","og_site_name":"Xavier Gimeno Torrent","article_publisher":"https:\/\/www.facebook.com\/XavierGimenoTorrent","article_modified_time":"2023-08-11T11:59:48+00:00","twitter_card":"summary_large_image","twitter_site":"@Xavier_Gimeno","twitter_misc":{"Temps estimat de lectura":"1 minut"},"schema":{"@context":"https:\/\/schema.org","@graph":[{"@type":"WebPage","@id":"https:\/\/xaviergimeno.net\/ca\/sociologia-tv\/bourdieu-passeron-i","url":"https:\/\/xaviergimeno.net\/ca\/sociologia-tv\/bourdieu-passeron-i","name":"Sociologia TV: Bourdieu i Passeron \u2013 Introducci\u00f3 a la sociologia I","isPartOf":{"@id":"https:\/\/xaviergimeno.net\/#website"},"datePublished":"2018-05-17T01:41:57+00:00","dateModified":"2023-08-11T11:59:48+00:00","description":"Primera part d'una entrevista entre Bourdieu i Passeron explicant de manera molt did\u00e0ctica qu\u00e8 \u00e9s la sociologia i quins s\u00f3n els seus fonaments epistemol\u00f2gics.","breadcrumb":{"@id":"https:\/\/xaviergimeno.net\/ca\/sociologia-tv\/bourdieu-passeron-i#breadcrumb"},"inLanguage":"ca","potentialAction":[{"@type":"ReadAction","target":["https:\/\/xaviergimeno.net\/ca\/sociologia-tv\/bourdieu-passeron-i"]}]},{"@type":"BreadcrumbList","@id":"https:\/\/xaviergimeno.net\/ca\/sociologia-tv\/bourdieu-passeron-i#breadcrumb","itemListElement":[{"@type":"ListItem","position":1,"name":"Home","item":"https:\/\/xaviergimeno.net\/ca"},{"@type":"ListItem","position":2,"name":"Sociologia TV","item":"https:\/\/xaviergimeno.net\/ca\/sociologia-tv"},{"@type":"ListItem","position":3,"name":"Bourdieu i Passeron"}]},{"@type":"WebSite","@id":"https:\/\/xaviergimeno.net\/#website","url":"https:\/\/xaviergimeno.net\/","name":"Xavier Gimeno Torrent","description":"soci\u00f2leg i traductor","potentialAction":[{"@type":"SearchAction","target":{"@type":"EntryPoint","urlTemplate":"https:\/\/xaviergimeno.net\/?s={search_term_string}"},"query-input":{"@type":"PropertyValueSpecification","valueRequired":true,"valueName":"search_term_string"}}],"inLanguage":"ca"}]}},"_links":{"self":[{"href":"https:\/\/xaviergimeno.net\/ca\/wp-json\/wp\/v2\/pages\/5763","targetHints":{"allow":["GET"]}}],"collection":[{"href":"https:\/\/xaviergimeno.net\/ca\/wp-json\/wp\/v2\/pages"}],"about":[{"href":"https:\/\/xaviergimeno.net\/ca\/wp-json\/wp\/v2\/types\/page"}],"author":[{"embeddable":true,"href":"https:\/\/xaviergimeno.net\/ca\/wp-json\/wp\/v2\/users\/3"}],"replies":[{"embeddable":true,"href":"https:\/\/xaviergimeno.net\/ca\/wp-json\/wp\/v2\/comments?post=5763"}],"version-history":[{"count":0,"href":"https:\/\/xaviergimeno.net\/ca\/wp-json\/wp\/v2\/pages\/5763\/revisions"}],"up":[{"embeddable":true,"href":"https:\/\/xaviergimeno.net\/ca\/wp-json\/wp\/v2\/pages\/5923"}],"wp:attachment":[{"href":"https:\/\/xaviergimeno.net\/ca\/wp-json\/wp\/v2\/media?parent=5763"}],"curies":[{"name":"wp","href":"https:\/\/api.w.org\/{rel}","templated":true}]}}