{"id":6470,"date":"2021-06-14T15:55:06","date_gmt":"2021-06-14T13:55:06","guid":{"rendered":"https:\/\/www.xaviergimeno.net\/?page_id=6470"},"modified":"2026-02-18T16:47:17","modified_gmt":"2026-02-18T15:47:17","slug":"circuit-violencia-simbolica-sfc-i","status":"publish","type":"page","link":"https:\/\/xaviergimeno.net\/ca\/papers\/circuit-violencia-simbolica-sfc-i","title":{"rendered":"El circuit de la viol\u00e8ncia simb\u00f2lica en la S\u00edndrome de Fatiga Cr\u00f2nica (SFC)\/Encefalomielitis Mi\u00e0lgica (EM) (I): Un estudi preliminar"},"content":{"rendered":"<p><em>Publicat a Health Care for Women International, 2022, volum 43, n\u00famero 1-3: 5-41. doi:10.1080\/07399332.2021.1925900.<\/em><\/p>\n<p align=\"LEFT\">Objectiu: Com pot ser que una malaltia tan greu com la S\u00edndrome de Fatiga Cr\u00f2nica (SFC) que afecta un nombre tan elevat de persones sigui tan desconeguda per la poblaci\u00f3 general? La resposta a aquesta pregunta es basa en les an\u00e0lisis de Pierre Bourdieu sobre la viol\u00e8ncia simb\u00f2lica, un camp d\u2019estudi del qual va ser el precursor i principal te\u00f2ric. M\u00e8tode: Les &#8220;cartes al director&#8221; de malalts de SFC a tres diaris nacionals espanyols foren sotmeses a diverses an\u00e0lisis qualitatives (an\u00e0lisi de temes i subtemes) i quantitatives (descripci\u00f3 univariada per temes i An\u00e0lisi de Correspond\u00e8ncies M\u00faltiples [ACM] combinada amb una An\u00e0lisi Jer\u00e0rquica de Conglomerats [AJC]). Resultats: A partir de les an\u00e0lisis qualitatives i la seva interpretaci\u00f3 te\u00f2rica, es van identificar 13 mecanismes de viol\u00e8ncia simb\u00f2lica: no-reconeixement (27%), desatenci\u00f3 institucionalitzada (16%), condescend\u00e8ncia (0%), imposici\u00f3 autoritzada de veredictes il\u00b7leg\u00edtims (15%), deslegitimaci\u00f3 (11%), desintegraci\u00f3 (16%), imposici\u00f3 del discurs (1%), eufemitzaci\u00f3 (4%), silenciament (1%), invisibilitzaci\u00f3 (2%), a\u00efllament (3%), incomunicaci\u00f3 (0 %) i autoculpabilitzaci\u00f3 (4%). L&#8217;ACM va permetre identificar que els mecanismes estructurals (no-reconeixement, desintegraci\u00f3) es combinaven amb els m\u00e9s simb\u00f2lics (\u00e9s a dir, la imposici\u00f3 del discurs, o l&#8217;eufemitzaci\u00f3), que es col\u00b7loquen en primer pla produint els efectes observats de viol\u00e8ncia simb\u00f2lica. Els 13 conglomerats obtinguts a l&#8217;AJC confirmaren aquest resultat.<\/p>\n<div class=\"addthis-pagines\">\n<div class=\"a2a_kit a2a_default_style\" data-a2a-icon-color=\"#6C981A\">\n<div class=\"addtoany_shortcode\"><div class=\"a2a_kit a2a_kit_size_32 addtoany_list\" data-a2a-url=\"https:\/\/xaviergimeno.net\/ca\/papers\/circuit-violencia-simbolica-sfc-i\" data-a2a-title=\"El circuit de la viol\u00e8ncia simb\u00f2lica en la S\u00edndrome de Fatiga Cr\u00f2nica (SFC)\/Encefalomielitis Mi\u00e0lgica (EM) (I): Un estudi preliminar\"><a class=\"a2a_button_facebook\" href=\"https:\/\/www.addtoany.com\/add_to\/facebook?linkurl=https%3A%2F%2Fxaviergimeno.net%2Fca%2Fpapers%2Fcircuit-violencia-simbolica-sfc-i&amp;linkname=El%20circuit%20de%20la%20viol%C3%A8ncia%20simb%C3%B2lica%20en%20la%20S%C3%ADndrome%20de%20Fatiga%20Cr%C3%B2nica%20%28SFC%29%2FEncefalomielitis%20Mi%C3%A0lgica%20%28EM%29%20%28I%29%3A%20Un%20estudi%20preliminar\" title=\"Facebook\" rel=\"nofollow noopener\" target=\"_blank\"><\/a><a class=\"a2a_button_x\" href=\"https:\/\/www.addtoany.com\/add_to\/x?linkurl=https%3A%2F%2Fxaviergimeno.net%2Fca%2Fpapers%2Fcircuit-violencia-simbolica-sfc-i&amp;linkname=El%20circuit%20de%20la%20viol%C3%A8ncia%20simb%C3%B2lica%20en%20la%20S%C3%ADndrome%20de%20Fatiga%20Cr%C3%B2nica%20%28SFC%29%2FEncefalomielitis%20Mi%C3%A0lgica%20%28EM%29%20%28I%29%3A%20Un%20estudi%20preliminar\" title=\"X\" rel=\"nofollow noopener\" target=\"_blank\"><\/a><a class=\"a2a_button_email\" href=\"https:\/\/www.addtoany.com\/add_to\/email?linkurl=https%3A%2F%2Fxaviergimeno.net%2Fca%2Fpapers%2Fcircuit-violencia-simbolica-sfc-i&amp;linkname=El%20circuit%20de%20la%20viol%C3%A8ncia%20simb%C3%B2lica%20en%20la%20S%C3%ADndrome%20de%20Fatiga%20Cr%C3%B2nica%20%28SFC%29%2FEncefalomielitis%20Mi%C3%A0lgica%20%28EM%29%20%28I%29%3A%20Un%20estudi%20preliminar\" title=\"Email\" rel=\"nofollow noopener\" target=\"_blank\"><\/a><a class=\"a2a_button_print\" href=\"https:\/\/www.addtoany.com\/add_to\/print?linkurl=https%3A%2F%2Fxaviergimeno.net%2Fca%2Fpapers%2Fcircuit-violencia-simbolica-sfc-i&amp;linkname=El%20circuit%20de%20la%20viol%C3%A8ncia%20simb%C3%B2lica%20en%20la%20S%C3%ADndrome%20de%20Fatiga%20Cr%C3%B2nica%20%28SFC%29%2FEncefalomielitis%20Mi%C3%A0lgica%20%28EM%29%20%28I%29%3A%20Un%20estudi%20preliminar\" title=\"Print\" rel=\"nofollow noopener\" target=\"_blank\"><\/a><a class=\"a2a_button_printfriendly\" href=\"https:\/\/www.addtoany.com\/add_to\/printfriendly?linkurl=https%3A%2F%2Fxaviergimeno.net%2Fca%2Fpapers%2Fcircuit-violencia-simbolica-sfc-i&amp;linkname=El%20circuit%20de%20la%20viol%C3%A8ncia%20simb%C3%B2lica%20en%20la%20S%C3%ADndrome%20de%20Fatiga%20Cr%C3%B2nica%20%28SFC%29%2FEncefalomielitis%20Mi%C3%A0lgica%20%28EM%29%20%28I%29%3A%20Un%20estudi%20preliminar\" title=\"PrintFriendly\" rel=\"nofollow noopener\" target=\"_blank\"><\/a><a class=\"a2a_button_mendeley\" href=\"https:\/\/www.addtoany.com\/add_to\/mendeley?linkurl=https%3A%2F%2Fxaviergimeno.net%2Fca%2Fpapers%2Fcircuit-violencia-simbolica-sfc-i&amp;linkname=El%20circuit%20de%20la%20viol%C3%A8ncia%20simb%C3%B2lica%20en%20la%20S%C3%ADndrome%20de%20Fatiga%20Cr%C3%B2nica%20%28SFC%29%2FEncefalomielitis%20Mi%C3%A0lgica%20%28EM%29%20%28I%29%3A%20Un%20estudi%20preliminar\" title=\"Mendeley\" rel=\"nofollow noopener\" target=\"_blank\"><\/a><a class=\"a2a_dd addtoany_share_save addtoany_share\" href=\"https:\/\/www.addtoany.com\/share\"><\/a><\/div><\/div><a style=\"float: right;\" title=\"El circuit de la viol\u00e8ncia simb\u00f2lica en la S\u00edndrome de Fatiga Cr\u00f2nica (SFC)\/Encefalomielitis Mi\u00e0lgica (EM) (I): Un estudi preliminar\" href=\"https:\/\/xaviergimeno.net\/files\/SFC_violencia_simbolica_1ca.pdf\" target=\"_blank\" rel=\"noopener\">Text complet en PDF<\/a>\n<\/div>\n<\/div>\n","protected":false},"excerpt":{"rendered":"<p>Publicat a Health Care for Women International, 2022, volum 43, n\u00famero 1-3:&#8230;<\/p>\n","protected":false},"author":3,"featured_media":0,"parent":4660,"menu_order":8,"comment_status":"closed","ping_status":"closed","template":"template-fullwidth.php","meta":{"_monsterinsights_skip_tracking":false,"_monsterinsights_sitenote_active":false,"_monsterinsights_sitenote_note":"","_monsterinsights_sitenote_category":0,"footnotes":""},"class_list":["post-6470","page","type-page","status-publish","hentry"],"yoast_head":"<!-- This site is optimized with the Yoast SEO plugin v27.4 - https:\/\/yoast.com\/product\/yoast-seo-wordpress\/ -->\n<title>El circuit de la viol\u00e8ncia simb\u00f2lica en la S\u00edndrome de Fatiga Cr\u00f2nica (SFC)<\/title>\n<meta name=\"description\" content=\"Article sobre els mecanismes socials que condueixen a la relegaci\u00f3 simb\u00f2lica i social de les persones afectades de S\u00edndrome de Fatiga Cr\u00f2nica (SFC).\" \/>\n<meta name=\"robots\" content=\"index, follow, max-snippet:-1, max-image-preview:large, max-video-preview:-1\" \/>\n<link rel=\"canonical\" href=\"https:\/\/xaviergimeno.net\/ca\/papers\/circuit-violencia-simbolica-sfc-i\" \/>\n<meta property=\"og:locale\" content=\"ca_ES\" \/>\n<meta property=\"og:type\" content=\"article\" \/>\n<meta property=\"og:title\" content=\"El circuit de la viol\u00e8ncia simb\u00f2lica en la S\u00edndrome de Fatiga Cr\u00f2nica (SFC)\" \/>\n<meta property=\"og:description\" content=\"Article sobre els mecanismes socials que condueixen a la relegaci\u00f3 simb\u00f2lica i social de les persones afectades de S\u00edndrome de Fatiga Cr\u00f2nica (SFC).\" \/>\n<meta property=\"og:url\" content=\"https:\/\/xaviergimeno.net\/ca\/papers\/circuit-violencia-simbolica-sfc-i\" \/>\n<meta property=\"og:site_name\" content=\"Xavier Gimeno Torrent\" \/>\n<meta property=\"article:publisher\" content=\"https:\/\/www.facebook.com\/XavierGimenoTorrent\" \/>\n<meta property=\"article:modified_time\" content=\"2026-02-18T15:47:17+00:00\" \/>\n<meta name=\"twitter:card\" content=\"summary_large_image\" \/>\n<meta name=\"twitter:site\" content=\"@Xavier_Gimeno\" \/>\n<meta name=\"twitter:label1\" content=\"Temps estimat de lectura\" \/>\n\t<meta name=\"twitter:data1\" content=\"1 minut\" \/>\n<script type=\"application\/ld+json\" class=\"yoast-schema-graph\">{\"@context\":\"https:\\\/\\\/schema.org\",\"@graph\":[{\"@type\":\"WebPage\",\"@id\":\"https:\\\/\\\/xaviergimeno.net\\\/ca\\\/papers\\\/circuit-violencia-simbolica-sfc-i\",\"url\":\"https:\\\/\\\/xaviergimeno.net\\\/ca\\\/papers\\\/circuit-violencia-simbolica-sfc-i\",\"name\":\"El circuit de la viol\u00e8ncia simb\u00f2lica en la S\u00edndrome de Fatiga Cr\u00f2nica (SFC)\",\"isPartOf\":{\"@id\":\"https:\\\/\\\/xaviergimeno.net\\\/#website\"},\"datePublished\":\"2021-06-14T13:55:06+00:00\",\"dateModified\":\"2026-02-18T15:47:17+00:00\",\"description\":\"Article sobre els mecanismes socials que condueixen a la relegaci\u00f3 simb\u00f2lica i social de les persones afectades de S\u00edndrome de Fatiga Cr\u00f2nica (SFC).\",\"breadcrumb\":{\"@id\":\"https:\\\/\\\/xaviergimeno.net\\\/ca\\\/papers\\\/circuit-violencia-simbolica-sfc-i#breadcrumb\"},\"inLanguage\":\"ca\",\"potentialAction\":[{\"@type\":\"ReadAction\",\"target\":[\"https:\\\/\\\/xaviergimeno.net\\\/ca\\\/papers\\\/circuit-violencia-simbolica-sfc-i\"]}]},{\"@type\":\"BreadcrumbList\",\"@id\":\"https:\\\/\\\/xaviergimeno.net\\\/ca\\\/papers\\\/circuit-violencia-simbolica-sfc-i#breadcrumb\",\"itemListElement\":[{\"@type\":\"ListItem\",\"position\":1,\"name\":\"Home\",\"item\":\"https:\\\/\\\/xaviergimeno.net\\\/ca\"},{\"@type\":\"ListItem\",\"position\":2,\"name\":\"Papers\",\"item\":\"https:\\\/\\\/xaviergimeno.net\\\/ca\\\/papers\"},{\"@type\":\"ListItem\",\"position\":3,\"name\":\"El circuit de la viol\u00e8ncia simb\u00f2lica en la S\u00edndrome de Fatiga Cr\u00f2nica (SFC)\\\/Encefalomielitis Mi\u00e0lgica (EM) (I): Un estudi preliminar\"}]},{\"@type\":\"WebSite\",\"@id\":\"https:\\\/\\\/xaviergimeno.net\\\/#website\",\"url\":\"https:\\\/\\\/xaviergimeno.net\\\/\",\"name\":\"Xavier Gimeno Torrent\",\"description\":\"soci\u00f2leg i traductor\",\"potentialAction\":[{\"@type\":\"SearchAction\",\"target\":{\"@type\":\"EntryPoint\",\"urlTemplate\":\"https:\\\/\\\/xaviergimeno.net\\\/?s={search_term_string}\"},\"query-input\":{\"@type\":\"PropertyValueSpecification\",\"valueRequired\":true,\"valueName\":\"search_term_string\"}}],\"inLanguage\":\"ca\"}]}<\/script>\n<!-- \/ Yoast SEO plugin. -->","yoast_head_json":{"title":"El circuit de la viol\u00e8ncia simb\u00f2lica en la S\u00edndrome de Fatiga Cr\u00f2nica (SFC)","description":"Article sobre els mecanismes socials que condueixen a la relegaci\u00f3 simb\u00f2lica i social de les persones afectades de S\u00edndrome de Fatiga Cr\u00f2nica (SFC).","robots":{"index":"index","follow":"follow","max-snippet":"max-snippet:-1","max-image-preview":"max-image-preview:large","max-video-preview":"max-video-preview:-1"},"canonical":"https:\/\/xaviergimeno.net\/ca\/papers\/circuit-violencia-simbolica-sfc-i","og_locale":"ca_ES","og_type":"article","og_title":"El circuit de la viol\u00e8ncia simb\u00f2lica en la S\u00edndrome de Fatiga Cr\u00f2nica (SFC)","og_description":"Article sobre els mecanismes socials que condueixen a la relegaci\u00f3 simb\u00f2lica i social de les persones afectades de S\u00edndrome de Fatiga Cr\u00f2nica (SFC).","og_url":"https:\/\/xaviergimeno.net\/ca\/papers\/circuit-violencia-simbolica-sfc-i","og_site_name":"Xavier Gimeno Torrent","article_publisher":"https:\/\/www.facebook.com\/XavierGimenoTorrent","article_modified_time":"2026-02-18T15:47:17+00:00","twitter_card":"summary_large_image","twitter_site":"@Xavier_Gimeno","twitter_misc":{"Temps estimat de lectura":"1 minut"},"schema":{"@context":"https:\/\/schema.org","@graph":[{"@type":"WebPage","@id":"https:\/\/xaviergimeno.net\/ca\/papers\/circuit-violencia-simbolica-sfc-i","url":"https:\/\/xaviergimeno.net\/ca\/papers\/circuit-violencia-simbolica-sfc-i","name":"El circuit de la viol\u00e8ncia simb\u00f2lica en la S\u00edndrome de Fatiga Cr\u00f2nica (SFC)","isPartOf":{"@id":"https:\/\/xaviergimeno.net\/#website"},"datePublished":"2021-06-14T13:55:06+00:00","dateModified":"2026-02-18T15:47:17+00:00","description":"Article sobre els mecanismes socials que condueixen a la relegaci\u00f3 simb\u00f2lica i social de les persones afectades de S\u00edndrome de Fatiga Cr\u00f2nica (SFC).","breadcrumb":{"@id":"https:\/\/xaviergimeno.net\/ca\/papers\/circuit-violencia-simbolica-sfc-i#breadcrumb"},"inLanguage":"ca","potentialAction":[{"@type":"ReadAction","target":["https:\/\/xaviergimeno.net\/ca\/papers\/circuit-violencia-simbolica-sfc-i"]}]},{"@type":"BreadcrumbList","@id":"https:\/\/xaviergimeno.net\/ca\/papers\/circuit-violencia-simbolica-sfc-i#breadcrumb","itemListElement":[{"@type":"ListItem","position":1,"name":"Home","item":"https:\/\/xaviergimeno.net\/ca"},{"@type":"ListItem","position":2,"name":"Papers","item":"https:\/\/xaviergimeno.net\/ca\/papers"},{"@type":"ListItem","position":3,"name":"El circuit de la viol\u00e8ncia simb\u00f2lica en la S\u00edndrome de Fatiga Cr\u00f2nica (SFC)\/Encefalomielitis Mi\u00e0lgica (EM) (I): Un estudi preliminar"}]},{"@type":"WebSite","@id":"https:\/\/xaviergimeno.net\/#website","url":"https:\/\/xaviergimeno.net\/","name":"Xavier Gimeno Torrent","description":"soci\u00f2leg i traductor","potentialAction":[{"@type":"SearchAction","target":{"@type":"EntryPoint","urlTemplate":"https:\/\/xaviergimeno.net\/?s={search_term_string}"},"query-input":{"@type":"PropertyValueSpecification","valueRequired":true,"valueName":"search_term_string"}}],"inLanguage":"ca"}]}},"_links":{"self":[{"href":"https:\/\/xaviergimeno.net\/ca\/wp-json\/wp\/v2\/pages\/6470","targetHints":{"allow":["GET"]}}],"collection":[{"href":"https:\/\/xaviergimeno.net\/ca\/wp-json\/wp\/v2\/pages"}],"about":[{"href":"https:\/\/xaviergimeno.net\/ca\/wp-json\/wp\/v2\/types\/page"}],"author":[{"embeddable":true,"href":"https:\/\/xaviergimeno.net\/ca\/wp-json\/wp\/v2\/users\/3"}],"replies":[{"embeddable":true,"href":"https:\/\/xaviergimeno.net\/ca\/wp-json\/wp\/v2\/comments?post=6470"}],"version-history":[{"count":0,"href":"https:\/\/xaviergimeno.net\/ca\/wp-json\/wp\/v2\/pages\/6470\/revisions"}],"up":[{"embeddable":true,"href":"https:\/\/xaviergimeno.net\/ca\/wp-json\/wp\/v2\/pages\/4660"}],"wp:attachment":[{"href":"https:\/\/xaviergimeno.net\/ca\/wp-json\/wp\/v2\/media?parent=6470"}],"curies":[{"name":"wp","href":"https:\/\/api.w.org\/{rel}","templated":true}]}}