{"id":6878,"date":"2023-06-15T19:08:37","date_gmt":"2023-06-15T17:08:37","guid":{"rendered":"https:\/\/www.xaviergimeno.net\/?page_id=6878"},"modified":"2026-02-18T16:50:02","modified_gmt":"2026-02-18T15:50:02","slug":"herois-ela","status":"publish","type":"page","link":"https:\/\/xaviergimeno.net\/ca\/papers\/herois-ela","title":{"rendered":"Els herois de l\u2019ELA: l\u2019estructura social dels discursos triomfalistes de superaci\u00f3 i celebraci\u00f3 d\u2019un malalt i legitimaci\u00f3 d\u2019una malaltia. Sociologia comparada d\u2019una ideologia del malalt com a heroi"},"content":{"rendered":"<p><em>Publicat a Papers: Revista de Sociologia, 2024, volum 109, n\u00famero 1: e3225. doi:10.5565\/rev\/papers.3225.<\/em><\/p>\n<p align=\"LEFT\"><em>Objectiu:<\/em> L\u2019objectiu d\u2019aquest article \u00e9s entendre les condicions socials de producci\u00f3 o estructura social dels discursos o ideologies del malalt com a heroi a partir de la teoria de les preses de posici\u00f3 i les posicions dins l\u2019espai social de Pierre Bourdieu, posant especial \u00e8mfasi en si l\u2019Estat del benestar i de dret juga algun paper en la producci\u00f3 d\u2019aquests discursos, i en si apareixen altres tipus de discursos, especialment protagonitzats per la religi\u00f3, si aquest Estat \u00e9s feble o inexistent. <em>M\u00e8tode:<\/em> A tal efecte es va construir una base de dades amb les 1.068 respostes dels 1.068 individus diferents que a Twitter van respondre a una piulada d\u2019una persona amb una malaltia legitimada com l\u2019ELA. Mitjan\u00e7ant diverses an\u00e0lisis (an\u00e0lisi tem\u00e0tica de continguts qualitativa, An\u00e0lisi de Correspond\u00e8ncies M\u00faltiples [ACM], i An\u00e0lisi Jer\u00e0rquica de Conglomerats [AJC]) es va aconseguir construir l\u2019estructura social dels discursos heroics. <em>Resultats:<\/em> S\u2019obtingueren 12 tipus de respostes, que es podien dividir en dos grans grups: discursos de superaci\u00f3 o heroics, i discursos religiosos sobre la malaltia. <em>Conclusi\u00f3:<\/em> Es va evidenciar que hi havia una clara relaci\u00f3 entre el tipus d\u2019Estat del benestar i de dret (m\u00e9s o menys feble) i el tipus de discursos, de manera que, en entorns amb Estats del benestar i de dret relativament m\u00e9s forts (com Espanya), els discursos dominants eren els discursos o les ideologies del malalt com a heroi, i en els que tenien Estats del benestar m\u00e9s febles (com Vene\u00e7uela), la religi\u00f3 monopolitzava el discurs i les ideologies a partir de les quals es constru\u00efa la imatge social del malalt.<\/p>\n<div class=\"addthis-pagines\">\n<div class=\"a2a_kit a2a_default_style\" data-a2a-icon-color=\"#6C981A\">\n<div class=\"addtoany_shortcode\"><div class=\"a2a_kit a2a_kit_size_32 addtoany_list\" data-a2a-url=\"https:\/\/xaviergimeno.net\/ca\/papers\/herois-ela\" data-a2a-title=\"Els herois de l\u2019ELA: l\u2019estructura social dels discursos triomfalistes de superaci\u00f3 i celebraci\u00f3 d\u2019un malalt i legitimaci\u00f3 d\u2019una malaltia. Sociologia comparada d\u2019una ideologia del malalt com a heroi\"><a class=\"a2a_button_facebook\" href=\"https:\/\/www.addtoany.com\/add_to\/facebook?linkurl=https%3A%2F%2Fxaviergimeno.net%2Fca%2Fpapers%2Fherois-ela&amp;linkname=Els%20herois%20de%20l%E2%80%99ELA%3A%20l%E2%80%99estructura%20social%20dels%20discursos%20triomfalistes%20de%20superaci%C3%B3%20i%20celebraci%C3%B3%20d%E2%80%99un%20malalt%20i%20legitimaci%C3%B3%20d%E2%80%99una%20malaltia.%20Sociologia%20comparada%20d%E2%80%99una%20ideologia%20del%20malalt%20com%20a%20heroi\" title=\"Facebook\" rel=\"nofollow noopener\" target=\"_blank\"><\/a><a class=\"a2a_button_x\" href=\"https:\/\/www.addtoany.com\/add_to\/x?linkurl=https%3A%2F%2Fxaviergimeno.net%2Fca%2Fpapers%2Fherois-ela&amp;linkname=Els%20herois%20de%20l%E2%80%99ELA%3A%20l%E2%80%99estructura%20social%20dels%20discursos%20triomfalistes%20de%20superaci%C3%B3%20i%20celebraci%C3%B3%20d%E2%80%99un%20malalt%20i%20legitimaci%C3%B3%20d%E2%80%99una%20malaltia.%20Sociologia%20comparada%20d%E2%80%99una%20ideologia%20del%20malalt%20com%20a%20heroi\" title=\"X\" rel=\"nofollow noopener\" target=\"_blank\"><\/a><a class=\"a2a_button_email\" href=\"https:\/\/www.addtoany.com\/add_to\/email?linkurl=https%3A%2F%2Fxaviergimeno.net%2Fca%2Fpapers%2Fherois-ela&amp;linkname=Els%20herois%20de%20l%E2%80%99ELA%3A%20l%E2%80%99estructura%20social%20dels%20discursos%20triomfalistes%20de%20superaci%C3%B3%20i%20celebraci%C3%B3%20d%E2%80%99un%20malalt%20i%20legitimaci%C3%B3%20d%E2%80%99una%20malaltia.%20Sociologia%20comparada%20d%E2%80%99una%20ideologia%20del%20malalt%20com%20a%20heroi\" title=\"Email\" rel=\"nofollow noopener\" target=\"_blank\"><\/a><a class=\"a2a_button_print\" href=\"https:\/\/www.addtoany.com\/add_to\/print?linkurl=https%3A%2F%2Fxaviergimeno.net%2Fca%2Fpapers%2Fherois-ela&amp;linkname=Els%20herois%20de%20l%E2%80%99ELA%3A%20l%E2%80%99estructura%20social%20dels%20discursos%20triomfalistes%20de%20superaci%C3%B3%20i%20celebraci%C3%B3%20d%E2%80%99un%20malalt%20i%20legitimaci%C3%B3%20d%E2%80%99una%20malaltia.%20Sociologia%20comparada%20d%E2%80%99una%20ideologia%20del%20malalt%20com%20a%20heroi\" title=\"Print\" rel=\"nofollow noopener\" target=\"_blank\"><\/a><a class=\"a2a_button_printfriendly\" href=\"https:\/\/www.addtoany.com\/add_to\/printfriendly?linkurl=https%3A%2F%2Fxaviergimeno.net%2Fca%2Fpapers%2Fherois-ela&amp;linkname=Els%20herois%20de%20l%E2%80%99ELA%3A%20l%E2%80%99estructura%20social%20dels%20discursos%20triomfalistes%20de%20superaci%C3%B3%20i%20celebraci%C3%B3%20d%E2%80%99un%20malalt%20i%20legitimaci%C3%B3%20d%E2%80%99una%20malaltia.%20Sociologia%20comparada%20d%E2%80%99una%20ideologia%20del%20malalt%20com%20a%20heroi\" title=\"PrintFriendly\" rel=\"nofollow noopener\" target=\"_blank\"><\/a><a class=\"a2a_button_mendeley\" href=\"https:\/\/www.addtoany.com\/add_to\/mendeley?linkurl=https%3A%2F%2Fxaviergimeno.net%2Fca%2Fpapers%2Fherois-ela&amp;linkname=Els%20herois%20de%20l%E2%80%99ELA%3A%20l%E2%80%99estructura%20social%20dels%20discursos%20triomfalistes%20de%20superaci%C3%B3%20i%20celebraci%C3%B3%20d%E2%80%99un%20malalt%20i%20legitimaci%C3%B3%20d%E2%80%99una%20malaltia.%20Sociologia%20comparada%20d%E2%80%99una%20ideologia%20del%20malalt%20com%20a%20heroi\" title=\"Mendeley\" rel=\"nofollow noopener\" target=\"_blank\"><\/a><a class=\"a2a_dd addtoany_share_save addtoany_share\" href=\"https:\/\/www.addtoany.com\/share\"><\/a><\/div><\/div><a style=\"float: right;\" title=\"Els herois de l\u2019ELA: l\u2019estructura social dels discursos triomfalistes de superaci\u00f3 i celebraci\u00f3 d\u2019un malalt i legitimaci\u00f3 d\u2019una malaltia. Sociologia comparada d\u2019una ideologia del malalt com a heroi\" href=\"https:\/\/xaviergimeno.net\/files\/herois_ela_3ca.pdf\" target=\"_blank\" rel=\"noopener\">Text complet en PDF<\/a>\n<\/div>\n<\/div>\n","protected":false},"excerpt":{"rendered":"<p>Publicat a Papers: Revista de Sociologia, 2024, volum 109, n\u00famero 1: e3225&#8230;.<\/p>\n","protected":false},"author":3,"featured_media":0,"parent":4660,"menu_order":6,"comment_status":"closed","ping_status":"closed","template":"template-fullwidth.php","meta":{"_monsterinsights_skip_tracking":false,"_monsterinsights_sitenote_active":false,"_monsterinsights_sitenote_note":"","_monsterinsights_sitenote_category":0,"footnotes":""},"class_list":["post-6878","page","type-page","status-publish","hentry"],"yoast_head":"<!-- This site is optimized with the Yoast SEO plugin v27.4 - https:\/\/yoast.com\/product\/yoast-seo-wordpress\/ -->\n<title>Els herois de l\u2019ELA: L\u2019estructura social d\u2019una ideologia del malalt com a heroi<\/title>\n<meta name=\"description\" content=\"Article sobre l\u2019estructura social dels discursos i les ideologies del malalt com a heroi.\" \/>\n<meta name=\"robots\" content=\"index, follow, max-snippet:-1, max-image-preview:large, max-video-preview:-1\" \/>\n<link rel=\"canonical\" href=\"https:\/\/xaviergimeno.net\/ca\/papers\/herois-ela\" \/>\n<meta property=\"og:locale\" content=\"ca_ES\" \/>\n<meta property=\"og:type\" content=\"article\" \/>\n<meta property=\"og:title\" content=\"Els herois de l\u2019ELA: L\u2019estructura social d\u2019una ideologia del malalt com a heroi\" \/>\n<meta property=\"og:description\" content=\"Article sobre l\u2019estructura social dels discursos i les ideologies del malalt com a heroi.\" \/>\n<meta property=\"og:url\" content=\"https:\/\/xaviergimeno.net\/ca\/papers\/herois-ela\" \/>\n<meta property=\"og:site_name\" content=\"Xavier Gimeno Torrent\" \/>\n<meta property=\"article:publisher\" content=\"https:\/\/www.facebook.com\/XavierGimenoTorrent\" \/>\n<meta property=\"article:modified_time\" content=\"2026-02-18T15:50:02+00:00\" \/>\n<meta name=\"twitter:card\" content=\"summary_large_image\" \/>\n<meta name=\"twitter:site\" content=\"@Xavier_Gimeno\" \/>\n<meta name=\"twitter:label1\" content=\"Temps estimat de lectura\" \/>\n\t<meta name=\"twitter:data1\" content=\"2 minuts\" \/>\n<script type=\"application\/ld+json\" class=\"yoast-schema-graph\">{\"@context\":\"https:\\\/\\\/schema.org\",\"@graph\":[{\"@type\":\"WebPage\",\"@id\":\"https:\\\/\\\/xaviergimeno.net\\\/ca\\\/papers\\\/herois-ela\",\"url\":\"https:\\\/\\\/xaviergimeno.net\\\/ca\\\/papers\\\/herois-ela\",\"name\":\"Els herois de l\u2019ELA: L\u2019estructura social d\u2019una ideologia del malalt com a heroi\",\"isPartOf\":{\"@id\":\"https:\\\/\\\/xaviergimeno.net\\\/#website\"},\"datePublished\":\"2023-06-15T17:08:37+00:00\",\"dateModified\":\"2026-02-18T15:50:02+00:00\",\"description\":\"Article sobre l\u2019estructura social dels discursos i les ideologies del malalt com a heroi.\",\"breadcrumb\":{\"@id\":\"https:\\\/\\\/xaviergimeno.net\\\/ca\\\/papers\\\/herois-ela#breadcrumb\"},\"inLanguage\":\"ca\",\"potentialAction\":[{\"@type\":\"ReadAction\",\"target\":[\"https:\\\/\\\/xaviergimeno.net\\\/ca\\\/papers\\\/herois-ela\"]}]},{\"@type\":\"BreadcrumbList\",\"@id\":\"https:\\\/\\\/xaviergimeno.net\\\/ca\\\/papers\\\/herois-ela#breadcrumb\",\"itemListElement\":[{\"@type\":\"ListItem\",\"position\":1,\"name\":\"Home\",\"item\":\"https:\\\/\\\/xaviergimeno.net\\\/ca\"},{\"@type\":\"ListItem\",\"position\":2,\"name\":\"Papers\",\"item\":\"https:\\\/\\\/xaviergimeno.net\\\/ca\\\/papers\"},{\"@type\":\"ListItem\",\"position\":3,\"name\":\"Els herois de l\u2019ELA: l\u2019estructura social dels discursos triomfalistes de superaci\u00f3 i celebraci\u00f3 d\u2019un malalt i legitimaci\u00f3 d\u2019una malaltia. Sociologia comparada d\u2019una ideologia del malalt com a heroi\"}]},{\"@type\":\"WebSite\",\"@id\":\"https:\\\/\\\/xaviergimeno.net\\\/#website\",\"url\":\"https:\\\/\\\/xaviergimeno.net\\\/\",\"name\":\"Xavier Gimeno Torrent\",\"description\":\"soci\u00f2leg i traductor\",\"potentialAction\":[{\"@type\":\"SearchAction\",\"target\":{\"@type\":\"EntryPoint\",\"urlTemplate\":\"https:\\\/\\\/xaviergimeno.net\\\/?s={search_term_string}\"},\"query-input\":{\"@type\":\"PropertyValueSpecification\",\"valueRequired\":true,\"valueName\":\"search_term_string\"}}],\"inLanguage\":\"ca\"}]}<\/script>\n<!-- \/ Yoast SEO plugin. -->","yoast_head_json":{"title":"Els herois de l\u2019ELA: L\u2019estructura social d\u2019una ideologia del malalt com a heroi","description":"Article sobre l\u2019estructura social dels discursos i les ideologies del malalt com a heroi.","robots":{"index":"index","follow":"follow","max-snippet":"max-snippet:-1","max-image-preview":"max-image-preview:large","max-video-preview":"max-video-preview:-1"},"canonical":"https:\/\/xaviergimeno.net\/ca\/papers\/herois-ela","og_locale":"ca_ES","og_type":"article","og_title":"Els herois de l\u2019ELA: L\u2019estructura social d\u2019una ideologia del malalt com a heroi","og_description":"Article sobre l\u2019estructura social dels discursos i les ideologies del malalt com a heroi.","og_url":"https:\/\/xaviergimeno.net\/ca\/papers\/herois-ela","og_site_name":"Xavier Gimeno Torrent","article_publisher":"https:\/\/www.facebook.com\/XavierGimenoTorrent","article_modified_time":"2026-02-18T15:50:02+00:00","twitter_card":"summary_large_image","twitter_site":"@Xavier_Gimeno","twitter_misc":{"Temps estimat de lectura":"2 minuts"},"schema":{"@context":"https:\/\/schema.org","@graph":[{"@type":"WebPage","@id":"https:\/\/xaviergimeno.net\/ca\/papers\/herois-ela","url":"https:\/\/xaviergimeno.net\/ca\/papers\/herois-ela","name":"Els herois de l\u2019ELA: L\u2019estructura social d\u2019una ideologia del malalt com a heroi","isPartOf":{"@id":"https:\/\/xaviergimeno.net\/#website"},"datePublished":"2023-06-15T17:08:37+00:00","dateModified":"2026-02-18T15:50:02+00:00","description":"Article sobre l\u2019estructura social dels discursos i les ideologies del malalt com a heroi.","breadcrumb":{"@id":"https:\/\/xaviergimeno.net\/ca\/papers\/herois-ela#breadcrumb"},"inLanguage":"ca","potentialAction":[{"@type":"ReadAction","target":["https:\/\/xaviergimeno.net\/ca\/papers\/herois-ela"]}]},{"@type":"BreadcrumbList","@id":"https:\/\/xaviergimeno.net\/ca\/papers\/herois-ela#breadcrumb","itemListElement":[{"@type":"ListItem","position":1,"name":"Home","item":"https:\/\/xaviergimeno.net\/ca"},{"@type":"ListItem","position":2,"name":"Papers","item":"https:\/\/xaviergimeno.net\/ca\/papers"},{"@type":"ListItem","position":3,"name":"Els herois de l\u2019ELA: l\u2019estructura social dels discursos triomfalistes de superaci\u00f3 i celebraci\u00f3 d\u2019un malalt i legitimaci\u00f3 d\u2019una malaltia. Sociologia comparada d\u2019una ideologia del malalt com a heroi"}]},{"@type":"WebSite","@id":"https:\/\/xaviergimeno.net\/#website","url":"https:\/\/xaviergimeno.net\/","name":"Xavier Gimeno Torrent","description":"soci\u00f2leg i traductor","potentialAction":[{"@type":"SearchAction","target":{"@type":"EntryPoint","urlTemplate":"https:\/\/xaviergimeno.net\/?s={search_term_string}"},"query-input":{"@type":"PropertyValueSpecification","valueRequired":true,"valueName":"search_term_string"}}],"inLanguage":"ca"}]}},"_links":{"self":[{"href":"https:\/\/xaviergimeno.net\/ca\/wp-json\/wp\/v2\/pages\/6878","targetHints":{"allow":["GET"]}}],"collection":[{"href":"https:\/\/xaviergimeno.net\/ca\/wp-json\/wp\/v2\/pages"}],"about":[{"href":"https:\/\/xaviergimeno.net\/ca\/wp-json\/wp\/v2\/types\/page"}],"author":[{"embeddable":true,"href":"https:\/\/xaviergimeno.net\/ca\/wp-json\/wp\/v2\/users\/3"}],"replies":[{"embeddable":true,"href":"https:\/\/xaviergimeno.net\/ca\/wp-json\/wp\/v2\/comments?post=6878"}],"version-history":[{"count":0,"href":"https:\/\/xaviergimeno.net\/ca\/wp-json\/wp\/v2\/pages\/6878\/revisions"}],"up":[{"embeddable":true,"href":"https:\/\/xaviergimeno.net\/ca\/wp-json\/wp\/v2\/pages\/4660"}],"wp:attachment":[{"href":"https:\/\/xaviergimeno.net\/ca\/wp-json\/wp\/v2\/media?parent=6878"}],"curies":[{"name":"wp","href":"https:\/\/api.w.org\/{rel}","templated":true}]}}