{"id":7515,"date":"2024-03-16T15:24:52","date_gmt":"2024-03-16T14:24:52","guid":{"rendered":"https:\/\/www.xaviergimeno.net\/?page_id=7515"},"modified":"2026-02-18T16:51:16","modified_gmt":"2026-02-18T15:51:16","slug":"formulacio-escala-violencia-simbolica","status":"publish","type":"page","link":"https:\/\/xaviergimeno.net\/ca\/papers\/formulacio-escala-violencia-simbolica","title":{"rendered":"Formulaci\u00f3 d\u2019un q\u00fcestionari d\u2019escala de viol\u00e8ncia simb\u00f2lica: la import\u00e0ncia de la construcci\u00f3 epistemol\u00f2gica, te\u00f2rica, i metodol\u00f2gica de l\u2019objecte d\u2019estudi"},"content":{"rendered":"<p><em>Document gris. Versi\u00f3 0 o preliminar o pretest de l\u2019escala de viol\u00e8ncia simb\u00f2lica en la SFC\/EM.<\/em><\/p>\n<p align=\"LEFT\"><em>Objectiu:<\/em> L\u2019objectiu d\u2019aquest article \u00e9s elaborar una versi\u00f3 0 o preliminar de l\u2019escala de viol\u00e8ncia simb\u00f2lica en la s\u00edndrome de fatiga cr\u00f2nica\/encefalomielitis mi\u00e0lgica (SFC\/EM). Atesa la car\u00e8ncia generalitzada en el panorama internacional d\u2019instruments de mesura que proporcionin informacions estandarditzades i comparables sobre les circumst\u00e0ncies socials que envolten a aquests malalts i a aquesta malaltia, l\u2019obtenci\u00f3 de tal escala \u00e9s urgent. <em>M\u00e8tode:<\/em> A tal efecte, en primer lloc es presenten els fonaments epistemol\u00f2gics, te\u00f2rics, i metodol\u00f2gics del que, a partir dels plantejaments de Pierre Bourdieu, s\u2019ha considerat que ha de ser un bon q\u00fcestionari d\u2019escala. En segon lloc, sobre la base de materials qualitatius pr\u00e8viament existents, s\u2019efectuaren les an\u00e0lisis quantitatives pertinents (an\u00e0lisi de coocurr\u00e8ncies de paraules clau, proves multidimensionals de Mahalanobis-Fisher-Wilks, i finalment an\u00e0lisi de taules de conting\u00e8ncia bivariada) per tal d\u2019a\u00efllar les paraules clau m\u00e9s significatives que, conjuntament amb la revisi\u00f3 dels materials qualitatius i d\u2019acord amb els 3 principis de construcci\u00f3 proposats, havien de servir com a fonament de les preguntes del q\u00fcestionari d\u2019escala per a generar la identificaci\u00f3 de les persones enquestades amb les preguntes. <em>Resultats:<\/em> D\u2019aquesta manera, es va obtenir un q\u00fcestionari d\u2019escala constitu\u00eft per 46 \u00edtems amb preguntes indirectes de fets objectius basades en exemples concrets extrets de les an\u00e0lisis efectuades. El darrer pas fou resumir els \u00edtems de l\u2019escala amb ChatGPT 3.5 Turbo.<\/p>\n<div class=\"addthis-pagines\">\n<div class=\"a2a_kit a2a_default_style\" data-a2a-icon-color=\"#6C981A\">\n<div class=\"addtoany_shortcode\"><div class=\"a2a_kit a2a_kit_size_32 addtoany_list\" data-a2a-url=\"https:\/\/xaviergimeno.net\/ca\/papers\/formulacio-escala-violencia-simbolica\" data-a2a-title=\"Formulaci\u00f3 d\u2019un q\u00fcestionari d\u2019escala de viol\u00e8ncia simb\u00f2lica: la import\u00e0ncia de la construcci\u00f3 epistemol\u00f2gica, te\u00f2rica, i metodol\u00f2gica de l\u2019objecte d\u2019estudi\"><a class=\"a2a_button_facebook\" href=\"https:\/\/www.addtoany.com\/add_to\/facebook?linkurl=https%3A%2F%2Fxaviergimeno.net%2Fca%2Fpapers%2Fformulacio-escala-violencia-simbolica&amp;linkname=Formulaci%C3%B3%20d%E2%80%99un%20q%C3%BCestionari%20d%E2%80%99escala%20de%20viol%C3%A8ncia%20simb%C3%B2lica%3A%20la%20import%C3%A0ncia%20de%20la%20construcci%C3%B3%20epistemol%C3%B2gica%2C%20te%C3%B2rica%2C%20i%20metodol%C3%B2gica%20de%20l%E2%80%99objecte%20d%E2%80%99estudi\" title=\"Facebook\" rel=\"nofollow noopener\" target=\"_blank\"><\/a><a class=\"a2a_button_x\" href=\"https:\/\/www.addtoany.com\/add_to\/x?linkurl=https%3A%2F%2Fxaviergimeno.net%2Fca%2Fpapers%2Fformulacio-escala-violencia-simbolica&amp;linkname=Formulaci%C3%B3%20d%E2%80%99un%20q%C3%BCestionari%20d%E2%80%99escala%20de%20viol%C3%A8ncia%20simb%C3%B2lica%3A%20la%20import%C3%A0ncia%20de%20la%20construcci%C3%B3%20epistemol%C3%B2gica%2C%20te%C3%B2rica%2C%20i%20metodol%C3%B2gica%20de%20l%E2%80%99objecte%20d%E2%80%99estudi\" title=\"X\" rel=\"nofollow noopener\" target=\"_blank\"><\/a><a class=\"a2a_button_email\" href=\"https:\/\/www.addtoany.com\/add_to\/email?linkurl=https%3A%2F%2Fxaviergimeno.net%2Fca%2Fpapers%2Fformulacio-escala-violencia-simbolica&amp;linkname=Formulaci%C3%B3%20d%E2%80%99un%20q%C3%BCestionari%20d%E2%80%99escala%20de%20viol%C3%A8ncia%20simb%C3%B2lica%3A%20la%20import%C3%A0ncia%20de%20la%20construcci%C3%B3%20epistemol%C3%B2gica%2C%20te%C3%B2rica%2C%20i%20metodol%C3%B2gica%20de%20l%E2%80%99objecte%20d%E2%80%99estudi\" title=\"Email\" rel=\"nofollow noopener\" target=\"_blank\"><\/a><a class=\"a2a_button_print\" href=\"https:\/\/www.addtoany.com\/add_to\/print?linkurl=https%3A%2F%2Fxaviergimeno.net%2Fca%2Fpapers%2Fformulacio-escala-violencia-simbolica&amp;linkname=Formulaci%C3%B3%20d%E2%80%99un%20q%C3%BCestionari%20d%E2%80%99escala%20de%20viol%C3%A8ncia%20simb%C3%B2lica%3A%20la%20import%C3%A0ncia%20de%20la%20construcci%C3%B3%20epistemol%C3%B2gica%2C%20te%C3%B2rica%2C%20i%20metodol%C3%B2gica%20de%20l%E2%80%99objecte%20d%E2%80%99estudi\" title=\"Print\" rel=\"nofollow noopener\" target=\"_blank\"><\/a><a class=\"a2a_button_printfriendly\" href=\"https:\/\/www.addtoany.com\/add_to\/printfriendly?linkurl=https%3A%2F%2Fxaviergimeno.net%2Fca%2Fpapers%2Fformulacio-escala-violencia-simbolica&amp;linkname=Formulaci%C3%B3%20d%E2%80%99un%20q%C3%BCestionari%20d%E2%80%99escala%20de%20viol%C3%A8ncia%20simb%C3%B2lica%3A%20la%20import%C3%A0ncia%20de%20la%20construcci%C3%B3%20epistemol%C3%B2gica%2C%20te%C3%B2rica%2C%20i%20metodol%C3%B2gica%20de%20l%E2%80%99objecte%20d%E2%80%99estudi\" title=\"PrintFriendly\" rel=\"nofollow noopener\" target=\"_blank\"><\/a><a class=\"a2a_button_mendeley\" href=\"https:\/\/www.addtoany.com\/add_to\/mendeley?linkurl=https%3A%2F%2Fxaviergimeno.net%2Fca%2Fpapers%2Fformulacio-escala-violencia-simbolica&amp;linkname=Formulaci%C3%B3%20d%E2%80%99un%20q%C3%BCestionari%20d%E2%80%99escala%20de%20viol%C3%A8ncia%20simb%C3%B2lica%3A%20la%20import%C3%A0ncia%20de%20la%20construcci%C3%B3%20epistemol%C3%B2gica%2C%20te%C3%B2rica%2C%20i%20metodol%C3%B2gica%20de%20l%E2%80%99objecte%20d%E2%80%99estudi\" title=\"Mendeley\" rel=\"nofollow noopener\" target=\"_blank\"><\/a><a class=\"a2a_dd addtoany_share_save addtoany_share\" href=\"https:\/\/www.addtoany.com\/share\"><\/a><\/div><\/div><a style=\"float: right;\" title=\"Formulaci\u00f3 d\u2019un q\u00fcestionari d\u2019escala de viol\u00e8ncia simb\u00f2lica: la import\u00e0ncia de la construcci\u00f3 epistemol\u00f2gica, te\u00f2rica, i metodol\u00f2gica de l\u2019objecte d\u2019estudi\" href=\"https:\/\/xaviergimeno.net\/files\/formulacio_escala_violencia_simbolica_6ca.pdf\" target=\"_blank\" rel=\"noopener\">Text complet en PDF<\/a>\n<\/div>\n<\/div>\n","protected":false},"excerpt":{"rendered":"<p>Document gris. Versi\u00f3 0 o preliminar o pretest de l\u2019escala de viol\u00e8ncia&#8230;<\/p>\n","protected":false},"author":3,"featured_media":0,"parent":4660,"menu_order":5,"comment_status":"closed","ping_status":"closed","template":"template-fullwidth.php","meta":{"_monsterinsights_skip_tracking":false,"_monsterinsights_sitenote_active":false,"_monsterinsights_sitenote_note":"","_monsterinsights_sitenote_category":0,"footnotes":""},"class_list":["post-7515","page","type-page","status-publish","hentry"],"yoast_head":"<!-- This site is optimized with the Yoast SEO plugin v27.4 - https:\/\/yoast.com\/product\/yoast-seo-wordpress\/ -->\n<title>Formulaci\u00f3 d\u2019un q\u00fcestionari d\u2019escala de viol\u00e8ncia simb\u00f2lica<\/title>\n<meta name=\"description\" content=\"L&#039;article descriu la formulaci\u00f3 d&#039;una escala de viol\u00e8ncia simb\u00f2lica pel cas del circuit de la viol\u00e8ncia simb\u00f2lica en la SFC\/EM. S&#039;incideix especialment en la import\u00e0ncia dels aspectes epistemol\u00f2gics, te\u00f2rics, i metodol\u00f2gics en la construcci\u00f3 d&#039;un q\u00fcestionari.\" \/>\n<meta name=\"robots\" content=\"index, follow, max-snippet:-1, max-image-preview:large, max-video-preview:-1\" \/>\n<link rel=\"canonical\" href=\"https:\/\/xaviergimeno.net\/ca\/papers\/formulacio-escala-violencia-simbolica\" \/>\n<meta property=\"og:locale\" content=\"ca_ES\" \/>\n<meta property=\"og:type\" content=\"article\" \/>\n<meta property=\"og:title\" content=\"Formulaci\u00f3 d\u2019un q\u00fcestionari d\u2019escala de viol\u00e8ncia simb\u00f2lica\" \/>\n<meta property=\"og:description\" content=\"L&#039;article descriu la formulaci\u00f3 d&#039;una escala de viol\u00e8ncia simb\u00f2lica pel cas del circuit de la viol\u00e8ncia simb\u00f2lica en la SFC\/EM. S&#039;incideix especialment en la import\u00e0ncia dels aspectes epistemol\u00f2gics, te\u00f2rics, i metodol\u00f2gics en la construcci\u00f3 d&#039;un q\u00fcestionari.\" \/>\n<meta property=\"og:url\" content=\"https:\/\/xaviergimeno.net\/ca\/papers\/formulacio-escala-violencia-simbolica\" \/>\n<meta property=\"og:site_name\" content=\"Xavier Gimeno Torrent\" \/>\n<meta property=\"article:publisher\" content=\"https:\/\/www.facebook.com\/XavierGimenoTorrent\" \/>\n<meta property=\"article:modified_time\" content=\"2026-02-18T15:51:16+00:00\" \/>\n<meta name=\"twitter:card\" content=\"summary_large_image\" \/>\n<meta name=\"twitter:site\" content=\"@Xavier_Gimeno\" \/>\n<meta name=\"twitter:label1\" content=\"Temps estimat de lectura\" \/>\n\t<meta name=\"twitter:data1\" content=\"2 minuts\" \/>\n<script type=\"application\/ld+json\" class=\"yoast-schema-graph\">{\"@context\":\"https:\\\/\\\/schema.org\",\"@graph\":[{\"@type\":\"WebPage\",\"@id\":\"https:\\\/\\\/xaviergimeno.net\\\/ca\\\/papers\\\/formulacio-escala-violencia-simbolica\",\"url\":\"https:\\\/\\\/xaviergimeno.net\\\/ca\\\/papers\\\/formulacio-escala-violencia-simbolica\",\"name\":\"Formulaci\u00f3 d\u2019un q\u00fcestionari d\u2019escala de viol\u00e8ncia simb\u00f2lica\",\"isPartOf\":{\"@id\":\"https:\\\/\\\/xaviergimeno.net\\\/#website\"},\"datePublished\":\"2024-03-16T14:24:52+00:00\",\"dateModified\":\"2026-02-18T15:51:16+00:00\",\"description\":\"L'article descriu la formulaci\u00f3 d'una escala de viol\u00e8ncia simb\u00f2lica pel cas del circuit de la viol\u00e8ncia simb\u00f2lica en la SFC\\\/EM. S'incideix especialment en la import\u00e0ncia dels aspectes epistemol\u00f2gics, te\u00f2rics, i metodol\u00f2gics en la construcci\u00f3 d'un q\u00fcestionari.\",\"breadcrumb\":{\"@id\":\"https:\\\/\\\/xaviergimeno.net\\\/ca\\\/papers\\\/formulacio-escala-violencia-simbolica#breadcrumb\"},\"inLanguage\":\"ca\",\"potentialAction\":[{\"@type\":\"ReadAction\",\"target\":[\"https:\\\/\\\/xaviergimeno.net\\\/ca\\\/papers\\\/formulacio-escala-violencia-simbolica\"]}]},{\"@type\":\"BreadcrumbList\",\"@id\":\"https:\\\/\\\/xaviergimeno.net\\\/ca\\\/papers\\\/formulacio-escala-violencia-simbolica#breadcrumb\",\"itemListElement\":[{\"@type\":\"ListItem\",\"position\":1,\"name\":\"Home\",\"item\":\"https:\\\/\\\/xaviergimeno.net\\\/ca\"},{\"@type\":\"ListItem\",\"position\":2,\"name\":\"Papers\",\"item\":\"https:\\\/\\\/xaviergimeno.net\\\/ca\\\/papers\"},{\"@type\":\"ListItem\",\"position\":3,\"name\":\"Formulaci\u00f3 d\u2019un q\u00fcestionari d\u2019escala de viol\u00e8ncia simb\u00f2lica: la import\u00e0ncia de la construcci\u00f3 epistemol\u00f2gica, te\u00f2rica, i metodol\u00f2gica de l\u2019objecte d\u2019estudi\"}]},{\"@type\":\"WebSite\",\"@id\":\"https:\\\/\\\/xaviergimeno.net\\\/#website\",\"url\":\"https:\\\/\\\/xaviergimeno.net\\\/\",\"name\":\"Xavier Gimeno Torrent\",\"description\":\"soci\u00f2leg i traductor\",\"potentialAction\":[{\"@type\":\"SearchAction\",\"target\":{\"@type\":\"EntryPoint\",\"urlTemplate\":\"https:\\\/\\\/xaviergimeno.net\\\/?s={search_term_string}\"},\"query-input\":{\"@type\":\"PropertyValueSpecification\",\"valueRequired\":true,\"valueName\":\"search_term_string\"}}],\"inLanguage\":\"ca\"}]}<\/script>\n<!-- \/ Yoast SEO plugin. -->","yoast_head_json":{"title":"Formulaci\u00f3 d\u2019un q\u00fcestionari d\u2019escala de viol\u00e8ncia simb\u00f2lica","description":"L'article descriu la formulaci\u00f3 d'una escala de viol\u00e8ncia simb\u00f2lica pel cas del circuit de la viol\u00e8ncia simb\u00f2lica en la SFC\/EM. S'incideix especialment en la import\u00e0ncia dels aspectes epistemol\u00f2gics, te\u00f2rics, i metodol\u00f2gics en la construcci\u00f3 d'un q\u00fcestionari.","robots":{"index":"index","follow":"follow","max-snippet":"max-snippet:-1","max-image-preview":"max-image-preview:large","max-video-preview":"max-video-preview:-1"},"canonical":"https:\/\/xaviergimeno.net\/ca\/papers\/formulacio-escala-violencia-simbolica","og_locale":"ca_ES","og_type":"article","og_title":"Formulaci\u00f3 d\u2019un q\u00fcestionari d\u2019escala de viol\u00e8ncia simb\u00f2lica","og_description":"L'article descriu la formulaci\u00f3 d'una escala de viol\u00e8ncia simb\u00f2lica pel cas del circuit de la viol\u00e8ncia simb\u00f2lica en la SFC\/EM. S'incideix especialment en la import\u00e0ncia dels aspectes epistemol\u00f2gics, te\u00f2rics, i metodol\u00f2gics en la construcci\u00f3 d'un q\u00fcestionari.","og_url":"https:\/\/xaviergimeno.net\/ca\/papers\/formulacio-escala-violencia-simbolica","og_site_name":"Xavier Gimeno Torrent","article_publisher":"https:\/\/www.facebook.com\/XavierGimenoTorrent","article_modified_time":"2026-02-18T15:51:16+00:00","twitter_card":"summary_large_image","twitter_site":"@Xavier_Gimeno","twitter_misc":{"Temps estimat de lectura":"2 minuts"},"schema":{"@context":"https:\/\/schema.org","@graph":[{"@type":"WebPage","@id":"https:\/\/xaviergimeno.net\/ca\/papers\/formulacio-escala-violencia-simbolica","url":"https:\/\/xaviergimeno.net\/ca\/papers\/formulacio-escala-violencia-simbolica","name":"Formulaci\u00f3 d\u2019un q\u00fcestionari d\u2019escala de viol\u00e8ncia simb\u00f2lica","isPartOf":{"@id":"https:\/\/xaviergimeno.net\/#website"},"datePublished":"2024-03-16T14:24:52+00:00","dateModified":"2026-02-18T15:51:16+00:00","description":"L'article descriu la formulaci\u00f3 d'una escala de viol\u00e8ncia simb\u00f2lica pel cas del circuit de la viol\u00e8ncia simb\u00f2lica en la SFC\/EM. S'incideix especialment en la import\u00e0ncia dels aspectes epistemol\u00f2gics, te\u00f2rics, i metodol\u00f2gics en la construcci\u00f3 d'un q\u00fcestionari.","breadcrumb":{"@id":"https:\/\/xaviergimeno.net\/ca\/papers\/formulacio-escala-violencia-simbolica#breadcrumb"},"inLanguage":"ca","potentialAction":[{"@type":"ReadAction","target":["https:\/\/xaviergimeno.net\/ca\/papers\/formulacio-escala-violencia-simbolica"]}]},{"@type":"BreadcrumbList","@id":"https:\/\/xaviergimeno.net\/ca\/papers\/formulacio-escala-violencia-simbolica#breadcrumb","itemListElement":[{"@type":"ListItem","position":1,"name":"Home","item":"https:\/\/xaviergimeno.net\/ca"},{"@type":"ListItem","position":2,"name":"Papers","item":"https:\/\/xaviergimeno.net\/ca\/papers"},{"@type":"ListItem","position":3,"name":"Formulaci\u00f3 d\u2019un q\u00fcestionari d\u2019escala de viol\u00e8ncia simb\u00f2lica: la import\u00e0ncia de la construcci\u00f3 epistemol\u00f2gica, te\u00f2rica, i metodol\u00f2gica de l\u2019objecte d\u2019estudi"}]},{"@type":"WebSite","@id":"https:\/\/xaviergimeno.net\/#website","url":"https:\/\/xaviergimeno.net\/","name":"Xavier Gimeno Torrent","description":"soci\u00f2leg i traductor","potentialAction":[{"@type":"SearchAction","target":{"@type":"EntryPoint","urlTemplate":"https:\/\/xaviergimeno.net\/?s={search_term_string}"},"query-input":{"@type":"PropertyValueSpecification","valueRequired":true,"valueName":"search_term_string"}}],"inLanguage":"ca"}]}},"_links":{"self":[{"href":"https:\/\/xaviergimeno.net\/ca\/wp-json\/wp\/v2\/pages\/7515","targetHints":{"allow":["GET"]}}],"collection":[{"href":"https:\/\/xaviergimeno.net\/ca\/wp-json\/wp\/v2\/pages"}],"about":[{"href":"https:\/\/xaviergimeno.net\/ca\/wp-json\/wp\/v2\/types\/page"}],"author":[{"embeddable":true,"href":"https:\/\/xaviergimeno.net\/ca\/wp-json\/wp\/v2\/users\/3"}],"replies":[{"embeddable":true,"href":"https:\/\/xaviergimeno.net\/ca\/wp-json\/wp\/v2\/comments?post=7515"}],"version-history":[{"count":0,"href":"https:\/\/xaviergimeno.net\/ca\/wp-json\/wp\/v2\/pages\/7515\/revisions"}],"up":[{"embeddable":true,"href":"https:\/\/xaviergimeno.net\/ca\/wp-json\/wp\/v2\/pages\/4660"}],"wp:attachment":[{"href":"https:\/\/xaviergimeno.net\/ca\/wp-json\/wp\/v2\/media?parent=7515"}],"curies":[{"name":"wp","href":"https:\/\/api.w.org\/{rel}","templated":true}]}}