{"id":4624,"date":"2014-03-30T18:24:47","date_gmt":"2014-03-30T16:24:47","guid":{"rendered":"http:\/\/www.xaviergimeno.net\/es\/?page_id=4624"},"modified":"2023-06-15T18:36:37","modified_gmt":"2023-06-15T16:36:37","slug":"inicio","status":"publish","type":"page","link":"https:\/\/xaviergimeno.net\/es","title":{"rendered":"Inicio"},"content":{"rendered":"","protected":false},"excerpt":{"rendered":"","protected":false},"author":3,"featured_media":0,"parent":0,"menu_order":3,"comment_status":"closed","ping_status":"closed","template":"template-home.php","meta":{"_monsterinsights_skip_tracking":false,"_monsterinsights_sitenote_active":false,"_monsterinsights_sitenote_note":"","_monsterinsights_sitenote_category":0,"footnotes":""},"class_list":["post-4624","page","type-page","status-publish","hentry"],"yoast_head":"<!-- This site is optimized with the Yoast SEO plugin v27.4 - https:\/\/yoast.com\/product\/yoast-seo-wordpress\/ -->\n<title>Xavier Gimeno Torrent: soci\u00f3logo y traductor<\/title>\n<meta name=\"description\" content=\"Xavier Gimeno Torrent es soci\u00f3logo e investigador independiente. Tambi\u00e9n trabaja como traductor.\" \/>\n<meta name=\"robots\" content=\"index, follow, max-snippet:-1, max-image-preview:large, max-video-preview:-1\" \/>\n<link rel=\"canonical\" href=\"https:\/\/xaviergimeno.net\/es\" \/>\n<meta property=\"og:locale\" content=\"es_ES\" \/>\n<meta property=\"og:type\" content=\"article\" \/>\n<meta property=\"og:title\" content=\"Xavier Gimeno Torrent: soci\u00f3logo y traductor\" \/>\n<meta property=\"og:description\" content=\"Xavier Gimeno Torrent es soci\u00f3logo e investigador independiente. Tambi\u00e9n trabaja como traductor.\" \/>\n<meta property=\"og:url\" content=\"https:\/\/xaviergimeno.net\/es\" \/>\n<meta property=\"og:site_name\" content=\"Xavier Gimeno Torrent\" \/>\n<meta property=\"article:publisher\" content=\"https:\/\/www.facebook.com\/XavierGimenoTorrent\" \/>\n<meta property=\"article:modified_time\" content=\"2023-06-15T16:36:37+00:00\" \/>\n<meta name=\"twitter:card\" content=\"summary_large_image\" \/>\n<meta name=\"twitter:site\" content=\"@Xavier_Gimeno\" \/>\n<script type=\"application\/ld+json\" class=\"yoast-schema-graph\">{\"@context\":\"https:\\\/\\\/schema.org\",\"@graph\":[{\"@type\":\"WebPage\",\"@id\":\"https:\\\/\\\/xaviergimeno.net\\\/es\",\"url\":\"https:\\\/\\\/xaviergimeno.net\\\/es\",\"name\":\"Xavier Gimeno Torrent: soci\u00f3logo y traductor\",\"isPartOf\":{\"@id\":\"https:\\\/\\\/xaviergimeno.net\\\/#website\"},\"datePublished\":\"2014-03-30T16:24:47+00:00\",\"dateModified\":\"2023-06-15T16:36:37+00:00\",\"description\":\"Xavier Gimeno Torrent es soci\u00f3logo e investigador independiente. Tambi\u00e9n trabaja como traductor.\",\"breadcrumb\":{\"@id\":\"https:\\\/\\\/xaviergimeno.net\\\/es#breadcrumb\"},\"inLanguage\":\"es\",\"potentialAction\":[{\"@type\":\"ReadAction\",\"target\":[\"https:\\\/\\\/xaviergimeno.net\\\/es\"]}]},{\"@type\":\"BreadcrumbList\",\"@id\":\"https:\\\/\\\/xaviergimeno.net\\\/es#breadcrumb\",\"itemListElement\":[{\"@type\":\"ListItem\",\"position\":1,\"name\":\"Home\",\"item\":\"https:\\\/\\\/xaviergimeno.net\\\/es\"},{\"@type\":\"ListItem\",\"position\":2,\"name\":\"Inicio\"}]},{\"@type\":\"WebSite\",\"@id\":\"https:\\\/\\\/xaviergimeno.net\\\/#website\",\"url\":\"https:\\\/\\\/xaviergimeno.net\\\/\",\"name\":\"Xavier Gimeno Torrent\",\"description\":\"soci\u00f3logo y traductor\",\"potentialAction\":[{\"@type\":\"SearchAction\",\"target\":{\"@type\":\"EntryPoint\",\"urlTemplate\":\"https:\\\/\\\/xaviergimeno.net\\\/?s={search_term_string}\"},\"query-input\":{\"@type\":\"PropertyValueSpecification\",\"valueRequired\":true,\"valueName\":\"search_term_string\"}}],\"inLanguage\":\"es\"}]}<\/script>\n<!-- \/ Yoast SEO plugin. -->","yoast_head_json":{"title":"Xavier Gimeno Torrent: soci\u00f3logo y traductor","description":"Xavier Gimeno Torrent es soci\u00f3logo e investigador independiente. Tambi\u00e9n trabaja como traductor.","robots":{"index":"index","follow":"follow","max-snippet":"max-snippet:-1","max-image-preview":"max-image-preview:large","max-video-preview":"max-video-preview:-1"},"canonical":"https:\/\/xaviergimeno.net\/es","og_locale":"es_ES","og_type":"article","og_title":"Xavier Gimeno Torrent: soci\u00f3logo y traductor","og_description":"Xavier Gimeno Torrent es soci\u00f3logo e investigador independiente. Tambi\u00e9n trabaja como traductor.","og_url":"https:\/\/xaviergimeno.net\/es","og_site_name":"Xavier Gimeno Torrent","article_publisher":"https:\/\/www.facebook.com\/XavierGimenoTorrent","article_modified_time":"2023-06-15T16:36:37+00:00","twitter_card":"summary_large_image","twitter_site":"@Xavier_Gimeno","schema":{"@context":"https:\/\/schema.org","@graph":[{"@type":"WebPage","@id":"https:\/\/xaviergimeno.net\/es","url":"https:\/\/xaviergimeno.net\/es","name":"Xavier Gimeno Torrent: soci\u00f3logo y traductor","isPartOf":{"@id":"https:\/\/xaviergimeno.net\/#website"},"datePublished":"2014-03-30T16:24:47+00:00","dateModified":"2023-06-15T16:36:37+00:00","description":"Xavier Gimeno Torrent es soci\u00f3logo e investigador independiente. Tambi\u00e9n trabaja como traductor.","breadcrumb":{"@id":"https:\/\/xaviergimeno.net\/es#breadcrumb"},"inLanguage":"es","potentialAction":[{"@type":"ReadAction","target":["https:\/\/xaviergimeno.net\/es"]}]},{"@type":"BreadcrumbList","@id":"https:\/\/xaviergimeno.net\/es#breadcrumb","itemListElement":[{"@type":"ListItem","position":1,"name":"Home","item":"https:\/\/xaviergimeno.net\/es"},{"@type":"ListItem","position":2,"name":"Inicio"}]},{"@type":"WebSite","@id":"https:\/\/xaviergimeno.net\/#website","url":"https:\/\/xaviergimeno.net\/","name":"Xavier Gimeno Torrent","description":"soci\u00f3logo y traductor","potentialAction":[{"@type":"SearchAction","target":{"@type":"EntryPoint","urlTemplate":"https:\/\/xaviergimeno.net\/?s={search_term_string}"},"query-input":{"@type":"PropertyValueSpecification","valueRequired":true,"valueName":"search_term_string"}}],"inLanguage":"es"}]}},"_links":{"self":[{"href":"https:\/\/xaviergimeno.net\/es\/wp-json\/wp\/v2\/pages\/4624","targetHints":{"allow":["GET"]}}],"collection":[{"href":"https:\/\/xaviergimeno.net\/es\/wp-json\/wp\/v2\/pages"}],"about":[{"href":"https:\/\/xaviergimeno.net\/es\/wp-json\/wp\/v2\/types\/page"}],"author":[{"embeddable":true,"href":"https:\/\/xaviergimeno.net\/es\/wp-json\/wp\/v2\/users\/3"}],"replies":[{"embeddable":true,"href":"https:\/\/xaviergimeno.net\/es\/wp-json\/wp\/v2\/comments?post=4624"}],"version-history":[{"count":0,"href":"https:\/\/xaviergimeno.net\/es\/wp-json\/wp\/v2\/pages\/4624\/revisions"}],"wp:attachment":[{"href":"https:\/\/xaviergimeno.net\/es\/wp-json\/wp\/v2\/media?parent=4624"}],"curies":[{"name":"wp","href":"https:\/\/api.w.org\/{rel}","templated":true}]}}