{"id":4668,"date":"2010-08-21T01:05:24","date_gmt":"2010-08-20T23:05:24","guid":{"rendered":"http:\/\/www.xaviergimeno.net\/es\/?page_id=4668"},"modified":"2025-01-16T17:20:11","modified_gmt":"2025-01-16T16:20:11","slug":"papeles","status":"publish","type":"page","link":"https:\/\/xaviergimeno.net\/es\/papeles","title":{"rendered":"Papeles"},"content":{"rendered":"<p><a title=\"Formulaci\u00f3n de un cuestionario de escala de violencia simb\u00f3lica: la importancia de la construcci\u00f3n epistemol\u00f3gica, te\u00f3rica, y metodol\u00f3gica del objeto de estudio\" href=\"https:\/\/xaviergimeno.net\/es\/papeles\/formulacion-escala-violencia-simbolica\">Formulaci\u00f3n de un cuestionario de escala de violencia simb\u00f3lica: la importancia de la construcci\u00f3n epistemol\u00f3gica, te\u00f3rica, y metodol\u00f3gica del objeto de estudio<\/a><\/p>\n<p><a title=\"Los h\u00e9roes de la ELA: la estructura social de los discursos triunfalistas de superaci\u00f3n y celebraci\u00f3n de un enfermo y legitimaci\u00f3n de una enfermedad. Sociolog\u00eda comparada de una ideolog\u00eda del enfermo como h\u00e9roe\" href=\"https:\/\/xaviergimeno.net\/es\/papeles\/heroes-ela\">Los h\u00e9roes de la ELA: la estructura social de los discursos triunfalistas de superaci\u00f3n y celebraci\u00f3n de un enfermo y legitimaci\u00f3n de una enfermedad. Sociolog\u00eda comparada de una ideolog\u00eda del enfermo como h\u00e9roe<\/a><\/p>\n<p><a title=\"El circuito de la violencia simb\u00f3lica en el S\u00edndrome de Fatiga Cr\u00f3nica (SFC)\/Encefalomielitis Mi\u00e1lgica (EM): Formulaci\u00f3n preliminar de un modelo de an\u00e1lisis a partir del estudio de las cartas al director de peri\u00f3dicos\" href=\"https:\/\/xaviergimeno.net\/es\/papeles\/poster-circuito-violencia-simbolica\">El circuito de la violencia simb\u00f3lica en el S\u00edndrome de Fatiga Cr\u00f3nica (SFC)\/Encefalomielitis Mi\u00e1lgica (EM): Formulaci\u00f3n preliminar de un modelo de an\u00e1lisis a partir del estudio de las cartas al director de peri\u00f3dicos<\/a><\/p>\n<p><a title=\"El circuito de la violencia simb\u00f3lica en el S\u00edndrome de Fatiga Cr\u00f3nica (SFC)\/Encefalomielitis Mi\u00e1lgica (EM) (I): Un estudio preliminar\" href=\"https:\/\/xaviergimeno.net\/es\/papeles\/circuito-violencia-simbolica-sfc-i\">El circuito de la violencia simb\u00f3lica en el S\u00edndrome de Fatiga Cr\u00f3nica (SFC)\/Encefalomielitis Mi\u00e1lgica (EM) (I): Un estudio preliminar<\/a><\/p>\n<p><a title=\"Why We Fight y The Focused Interview. Cine y ciencia social durante la Segunda Guerra Mundial (en ingl\u00e9s)\" href=\"https:\/\/xaviergimeno.net\/es\/papeles\/why-we-fight-focused-interview\"><em>Why We Fight<\/em> y <em>The Focused Interview<\/em>. Cine y ciencia social durante la Segunda Guerra Mundial (en ingl\u00e9s)<\/a><\/p>\n<p><a title=\"Recensi\u00f3n de La divisi\u00f3n del trabajo social de \u00c9mile Durkheim (en catal\u00e1n)\" href=\"https:\/\/xaviergimeno.net\/es\/papeles\/recension-division-trabajo-social\">Recensi\u00f3n de <em>La divisi\u00f3n del trabajo social<\/em> de \u00c9mile Durkheim (en catal\u00e1n)<\/a><\/p>\n<p><a title=\"Cap\u00edtulo 6 de Mass Persuasion: El contexto social y cultural de la persuasi\u00f3n de masa (en catal\u00e1n)\" href=\"https:\/\/xaviergimeno.net\/es\/papeles\/capitulo-6-mass-persuasion\">Cap\u00edtulo 6 de <em>Mass Persuasion<\/em>: El contexto social y cultural de la persuasi\u00f3n de masa (en catal\u00e1n)<\/a><\/p>\n<p><a title=\"Introducci\u00f3n a la segunda edici\u00f3n de The Focused Interview de Robert K. Merton (en catal\u00e1n)\" href=\"https:\/\/xaviergimeno.net\/es\/papeles\/introduccion-2a-edicion-focused-interview\">Introducci\u00f3n a la segunda edici\u00f3n de <em>The Focused Interview<\/em> de Robert K. Merton (en catal\u00e1n)<\/a><\/p>\n<p><a title=\"La politizaci\u00f3n del campo sociol\u00f3gico en Catalu\u00f1a: un indicador estructural comparativo (en catal\u00e1n)\" href=\"https:\/\/xaviergimeno.net\/es\/papeles\/politizacion-campo-sociologico-cataluna\">La politizaci\u00f3n del campo sociol\u00f3gico en Catalu\u00f1a: un indicador estructural comparativo (en catal\u00e1n)<\/a><\/p>\n<p><a title=\"Recensi\u00f3n de Esb\u00f3s d'autoan\u00e0lisi de Pierre Bourdieu (en catal\u00e1n)\" href=\"https:\/\/xaviergimeno.net\/es\/papeles\/recension-esbos-autoanalisi\">Recensi\u00f3n de <em>Esb\u00f3s d&#8217;autoan\u00e0lisi<\/em> de Pierre Bourdieu (en catal\u00e1n)<\/a><\/p>\n<p><a title=\"Muestreo, sobrerrepresentaci\u00f3n de categor\u00edas sociales y la divisi\u00f3n sexual del trabajo: formulaci\u00f3n de una hip\u00f3tesis sobre el doble trabajo\" href=\"https:\/\/xaviergimeno.net\/es\/papeles\/muestreo-sobrerrepresentacion-division-sexual-trabajo\">Muestreo, sobrerrepresentaci\u00f3n de categor\u00edas sociales y la divisi\u00f3n sexual del trabajo: formulaci\u00f3n de una hip\u00f3tesis sobre el doble trabajo<\/a><\/p>\n<p><a title=\"El estudio de la institucionalizaci\u00f3n de la sociolog\u00eda en Catalu\u00f1a (II): un modelo de an\u00e1lisis y un sistema de hip\u00f3tesis (traducci\u00f3n castellana)\" href=\"https:\/\/xaviergimeno.net\/es\/papeles\/estudio-institucionalizacion-sociologia-ii-castellano\">El estudio de la institucionalizaci\u00f3n de la sociolog\u00eda en Catalu\u00f1a (II): un modelo de an\u00e1lisis y un sistema de hip\u00f3tesis (traducci\u00f3n castellana)<\/a><\/p>\n<p><a title=\"El estudio de la institucionalizaci\u00f3n de la sociolog\u00eda en Catalu\u00f1a (II): un modelo de an\u00e1lisis y un sistema de hip\u00f3tesis (en catal\u00e1n)\" href=\"https:\/\/xaviergimeno.net\/es\/papeles\/estudio-institucionalizacion-sociologia-ii\">El estudio de la institucionalizaci\u00f3n de la sociolog\u00eda en Catalu\u00f1a (II): un modelo de an\u00e1lisis y un sistema de hip\u00f3tesis (en catal\u00e1n)<\/a><\/p>\n<p><a title=\"El estudio de la institucionalizaci\u00f3n de la sociolog\u00eda en Catalu\u00f1a (I): un estado de la cuesti\u00f3n (traducci\u00f3n castellana)\" href=\"https:\/\/xaviergimeno.net\/es\/papeles\/estudio-institucionalizacion-sociologia-i-castellano\">El estudio de la institucionalizaci\u00f3n de la sociolog\u00eda en Catalu\u00f1a (I): un estado de la cuesti\u00f3n (traducci\u00f3n castellana)<\/a><\/p>\n<p><a title=\"El estudio de la institucionalizaci\u00f3n de la sociolog\u00eda en Catalu\u00f1a (I): un estado de la cuesti\u00f3n (en catal\u00e1n)\" href=\"https:\/\/xaviergimeno.net\/es\/papeles\/estudio-institucionalizacion-sociologia-i\">El estudio de la institucionalizaci\u00f3n de la sociolog\u00eda en Catalu\u00f1a (I): un estado de la cuesti\u00f3n (en catal\u00e1n)<\/a><\/p>\n<p><a title=\"El proceso de constituci\u00f3n del Barrio Santa Mar\u00eda de Palafolls. Protocolo de investigaci\u00f3n (en catal\u00e1n)\" href=\"https:\/\/xaviergimeno.net\/es\/papeles\/constitucion-barrio-santa-maria-palafolls\">El proceso de constituci\u00f3n del Barrio Santa Mar\u00eda de Palafolls. Protocolo de investigaci\u00f3n (en catal\u00e1n)<\/a><\/p>\n<p><a title=\"El proceso de institucionalizaci\u00f3n de la sociolog\u00eda en Catalu\u00f1a. Protocolo de investigaci\u00f3n (en catal\u00e1n)\" href=\"https:\/\/xaviergimeno.net\/es\/papeles\/institucionalizacion-sociologia-protocolo\">El proceso de institucionalizaci\u00f3n de la sociolog\u00eda en Catalu\u00f1a. Protocolo de investigaci\u00f3n (en catal\u00e1n)<\/a><\/p>\n<p><a title=\"Un modelo de an\u00e1lisis y un sistema de hip\u00f3tesis para el estudio del proceso de institucionalizaci\u00f3n de la sociolog\u00eda en Catalu\u00f1a (en catal\u00e1n)\" href=\"https:\/\/xaviergimeno.net\/es\/papeles\/comunicacion-sociologia-cataluna\">Un modelo de an\u00e1lisis y un sistema de hip\u00f3tesis para el estudio del proceso de institucionalizaci\u00f3n de la sociolog\u00eda en Catalu\u00f1a (en catal\u00e1n)<\/a><\/p>\n<p><a title=\"Propuesta de modelo para el estudio de la negociaci\u00f3n colectiva. Formulaci\u00f3n a partir del trabajo de construcci\u00f3n de una muestra de convenios colectivos (en catal\u00e1n)\" href=\"https:\/\/xaviergimeno.net\/es\/papeles\/tesina-muestra-convenios-colectivos\">Propuesta de modelo para el estudio de la negociaci\u00f3n colectiva. Formulaci\u00f3n a partir del trabajo de construcci\u00f3n de una muestra de convenios colectivos (en catal\u00e1n)<\/a><\/p>\n<p><a title=\"Incidencias durante el trabajo de campo con encuestas personales en estudios epidemiol\u00f3gicos\" href=\"https:\/\/xaviergimeno.net\/es\/papeles\/incidencias-trabajo-campo\">Incidencias durante el trabajo de campo con encuestas personales en estudios epidemiol\u00f3gicos<\/a><\/p>\n<p><a title=\"Clasificaci\u00f3n y jerarqu\u00eda. La estructura de desigualdades del Departamento de Sociolog\u00eda de la UAB (1998-2003) vista a trav\u00e9s del an\u00e1lisis de la estructura de relaciones (en catal\u00e1n)\" href=\"https:\/\/xaviergimeno.net\/es\/papeles\/clasificacion-jerarquia\">Clasificaci\u00f3n y jerarqu\u00eda. La estructura de desigualdades del Departamento de Sociolog\u00eda de la UAB (1998-2003) vista a trav\u00e9s del an\u00e1lisis de la estructura de relaciones (en catal\u00e1n)<\/a><\/p>\n","protected":false},"excerpt":{"rendered":"<p>Formulaci\u00f3n de un cuestionario de escala de violencia simb\u00f3lica: la importancia de&#8230;<\/p>\n","protected":false},"author":3,"featured_media":0,"parent":0,"menu_order":6,"comment_status":"closed","ping_status":"closed","template":"template-fullwidth.php","meta":{"_monsterinsights_skip_tracking":false,"_monsterinsights_sitenote_active":false,"_monsterinsights_sitenote_note":"","_monsterinsights_sitenote_category":0,"footnotes":""},"class_list":["post-4668","page","type-page","status-publish","hentry"],"yoast_head":"<!-- This site is optimized with the Yoast SEO plugin v27.4 - https:\/\/yoast.com\/product\/yoast-seo-wordpress\/ -->\n<title>Papeles de Xavier Gimeno Torrent<\/title>\n<meta name=\"description\" content=\"Art\u00edculos, papeles, tesis, etc. escritos por Xavier Gimeno Torrent.\" \/>\n<meta name=\"robots\" content=\"index, follow, max-snippet:-1, max-image-preview:large, max-video-preview:-1\" \/>\n<link rel=\"canonical\" href=\"https:\/\/xaviergimeno.net\/es\/papeles\" \/>\n<meta property=\"og:locale\" content=\"es_ES\" \/>\n<meta property=\"og:type\" content=\"article\" \/>\n<meta property=\"og:title\" content=\"Papeles de Xavier Gimeno Torrent\" \/>\n<meta property=\"og:description\" content=\"Art\u00edculos, papeles, tesis, etc. escritos por Xavier Gimeno Torrent.\" \/>\n<meta property=\"og:url\" content=\"https:\/\/xaviergimeno.net\/es\/papeles\" \/>\n<meta property=\"og:site_name\" content=\"Xavier Gimeno Torrent\" \/>\n<meta property=\"article:publisher\" content=\"https:\/\/www.facebook.com\/XavierGimenoTorrent\" \/>\n<meta property=\"article:modified_time\" content=\"2025-01-16T16:20:11+00:00\" \/>\n<meta name=\"twitter:card\" content=\"summary_large_image\" \/>\n<meta name=\"twitter:site\" content=\"@Xavier_Gimeno\" \/>\n<meta name=\"twitter:label1\" content=\"Tiempo de lectura\" \/>\n\t<meta name=\"twitter:data1\" content=\"2 minutos\" \/>\n<script type=\"application\/ld+json\" class=\"yoast-schema-graph\">{\"@context\":\"https:\\\/\\\/schema.org\",\"@graph\":[{\"@type\":\"WebPage\",\"@id\":\"https:\\\/\\\/xaviergimeno.net\\\/es\\\/papeles\",\"url\":\"https:\\\/\\\/xaviergimeno.net\\\/es\\\/papeles\",\"name\":\"Papeles de Xavier Gimeno Torrent\",\"isPartOf\":{\"@id\":\"https:\\\/\\\/xaviergimeno.net\\\/#website\"},\"datePublished\":\"2010-08-20T23:05:24+00:00\",\"dateModified\":\"2025-01-16T16:20:11+00:00\",\"description\":\"Art\u00edculos, papeles, tesis, etc. escritos por Xavier Gimeno Torrent.\",\"breadcrumb\":{\"@id\":\"https:\\\/\\\/xaviergimeno.net\\\/es\\\/papeles#breadcrumb\"},\"inLanguage\":\"es\",\"potentialAction\":[{\"@type\":\"ReadAction\",\"target\":[\"https:\\\/\\\/xaviergimeno.net\\\/es\\\/papeles\"]}]},{\"@type\":\"BreadcrumbList\",\"@id\":\"https:\\\/\\\/xaviergimeno.net\\\/es\\\/papeles#breadcrumb\",\"itemListElement\":[{\"@type\":\"ListItem\",\"position\":1,\"name\":\"Home\",\"item\":\"https:\\\/\\\/xaviergimeno.net\\\/es\"},{\"@type\":\"ListItem\",\"position\":2,\"name\":\"Papeles\"}]},{\"@type\":\"WebSite\",\"@id\":\"https:\\\/\\\/xaviergimeno.net\\\/#website\",\"url\":\"https:\\\/\\\/xaviergimeno.net\\\/\",\"name\":\"Xavier Gimeno Torrent\",\"description\":\"soci\u00f3logo y traductor\",\"potentialAction\":[{\"@type\":\"SearchAction\",\"target\":{\"@type\":\"EntryPoint\",\"urlTemplate\":\"https:\\\/\\\/xaviergimeno.net\\\/?s={search_term_string}\"},\"query-input\":{\"@type\":\"PropertyValueSpecification\",\"valueRequired\":true,\"valueName\":\"search_term_string\"}}],\"inLanguage\":\"es\"}]}<\/script>\n<!-- \/ Yoast SEO plugin. -->","yoast_head_json":{"title":"Papeles de Xavier Gimeno Torrent","description":"Art\u00edculos, papeles, tesis, etc. escritos por Xavier Gimeno Torrent.","robots":{"index":"index","follow":"follow","max-snippet":"max-snippet:-1","max-image-preview":"max-image-preview:large","max-video-preview":"max-video-preview:-1"},"canonical":"https:\/\/xaviergimeno.net\/es\/papeles","og_locale":"es_ES","og_type":"article","og_title":"Papeles de Xavier Gimeno Torrent","og_description":"Art\u00edculos, papeles, tesis, etc. escritos por Xavier Gimeno Torrent.","og_url":"https:\/\/xaviergimeno.net\/es\/papeles","og_site_name":"Xavier Gimeno Torrent","article_publisher":"https:\/\/www.facebook.com\/XavierGimenoTorrent","article_modified_time":"2025-01-16T16:20:11+00:00","twitter_card":"summary_large_image","twitter_site":"@Xavier_Gimeno","twitter_misc":{"Tiempo de lectura":"2 minutos"},"schema":{"@context":"https:\/\/schema.org","@graph":[{"@type":"WebPage","@id":"https:\/\/xaviergimeno.net\/es\/papeles","url":"https:\/\/xaviergimeno.net\/es\/papeles","name":"Papeles de Xavier Gimeno Torrent","isPartOf":{"@id":"https:\/\/xaviergimeno.net\/#website"},"datePublished":"2010-08-20T23:05:24+00:00","dateModified":"2025-01-16T16:20:11+00:00","description":"Art\u00edculos, papeles, tesis, etc. escritos por Xavier Gimeno Torrent.","breadcrumb":{"@id":"https:\/\/xaviergimeno.net\/es\/papeles#breadcrumb"},"inLanguage":"es","potentialAction":[{"@type":"ReadAction","target":["https:\/\/xaviergimeno.net\/es\/papeles"]}]},{"@type":"BreadcrumbList","@id":"https:\/\/xaviergimeno.net\/es\/papeles#breadcrumb","itemListElement":[{"@type":"ListItem","position":1,"name":"Home","item":"https:\/\/xaviergimeno.net\/es"},{"@type":"ListItem","position":2,"name":"Papeles"}]},{"@type":"WebSite","@id":"https:\/\/xaviergimeno.net\/#website","url":"https:\/\/xaviergimeno.net\/","name":"Xavier Gimeno Torrent","description":"soci\u00f3logo y traductor","potentialAction":[{"@type":"SearchAction","target":{"@type":"EntryPoint","urlTemplate":"https:\/\/xaviergimeno.net\/?s={search_term_string}"},"query-input":{"@type":"PropertyValueSpecification","valueRequired":true,"valueName":"search_term_string"}}],"inLanguage":"es"}]}},"_links":{"self":[{"href":"https:\/\/xaviergimeno.net\/es\/wp-json\/wp\/v2\/pages\/4668","targetHints":{"allow":["GET"]}}],"collection":[{"href":"https:\/\/xaviergimeno.net\/es\/wp-json\/wp\/v2\/pages"}],"about":[{"href":"https:\/\/xaviergimeno.net\/es\/wp-json\/wp\/v2\/types\/page"}],"author":[{"embeddable":true,"href":"https:\/\/xaviergimeno.net\/es\/wp-json\/wp\/v2\/users\/3"}],"replies":[{"embeddable":true,"href":"https:\/\/xaviergimeno.net\/es\/wp-json\/wp\/v2\/comments?post=4668"}],"version-history":[{"count":0,"href":"https:\/\/xaviergimeno.net\/es\/wp-json\/wp\/v2\/pages\/4668\/revisions"}],"wp:attachment":[{"href":"https:\/\/xaviergimeno.net\/es\/wp-json\/wp\/v2\/media?parent=4668"}],"curies":[{"name":"wp","href":"https:\/\/api.w.org\/{rel}","templated":true}]}}