{"id":4674,"date":"2011-09-16T12:19:11","date_gmt":"2011-09-16T10:19:11","guid":{"rendered":"http:\/\/www.xaviergimeno.net\/es\/?page_id=4674"},"modified":"2026-02-18T16:46:28","modified_gmt":"2026-02-18T15:46:28","slug":"why-we-fight-focused-interview","status":"publish","type":"page","link":"https:\/\/xaviergimeno.net\/es\/papeles\/why-we-fight-focused-interview","title":{"rendered":"Why We Fight y The Focused Interview. Cine y ciencia social durante la Segunda Guerra Mundial (en ingl\u00e9s)"},"content":{"rendered":"<p><em>Coescrito con Ramon Girona. Publicado en Comunicaci\u00f3: Revista de Recerca i d&#8217;An\u00e0lisi, 2015, volumen 32, n\u00famero 1: 53-71.<\/em><\/p>\n<p align=\"LEFT\">Durante la Segunda Guerra Mundial, el ej\u00e9rcito de los Estados Unidos plante\u00f3 unos m\u00e9todos de adoctrinamiento de la tropa que combinaban la instrucci\u00f3n f\u00edsica y t\u00e9cnica con la formaci\u00f3n racional. La serie cinematogr\u00e1fica documental <em>Why We Fight<\/em> (WWF) fue una de las mejores respuestas a estos nuevos m\u00e9todos. WWF pretend\u00eda activar la parte racional del soldado, proporcion\u00e1ndole documentaci\u00f3n exhaustiva de la guerra, y, al mismo tiempo, esta argumentaci\u00f3n racional se convert\u00eda en la base sobre la que se desplegaban las estrategias de estimulaci\u00f3n emocional. Pero, adem\u00e1s de ser una pieza clave en el programa pedag\u00f3gico del ej\u00e9rcito, WWF tambi\u00e9n se convirti\u00f3 en un avance en la investigaci\u00f3n de las reacciones de las audiencias. En relaci\u00f3n con ello, se desarrollaron t\u00e9cnicas como la entrevista enfocada para investigar las respuestas de los soldados ante los filmes. El objetivo del m\u00e9todo parece que era evaluar las reacciones y proponer cambios en los filmes para que cumplieran mejor su prop\u00f3sito de adoctrinamiento.<\/p>\n<div class=\"addthis-pagines\">\n<div class=\"a2a_kit a2a_default_style\" data-a2a-icon-color=\"#6C981A\">\n<div class=\"addtoany_shortcode\"><div class=\"a2a_kit a2a_kit_size_32 addtoany_list\" data-a2a-url=\"https:\/\/xaviergimeno.net\/es\/papeles\/why-we-fight-focused-interview\" data-a2a-title=\"Why We Fight y The Focused Interview. Cine y ciencia social durante la Segunda Guerra Mundial (en ingl\u00e9s)\"><a class=\"a2a_button_facebook\" href=\"https:\/\/www.addtoany.com\/add_to\/facebook?linkurl=https%3A%2F%2Fxaviergimeno.net%2Fes%2Fpapeles%2Fwhy-we-fight-focused-interview&amp;linkname=Why%20We%20Fight%20y%20The%20Focused%20Interview.%20Cine%20y%20ciencia%20social%20durante%20la%20Segunda%20Guerra%20Mundial%20%28en%20ingl%C3%A9s%29\" title=\"Facebook\" rel=\"nofollow noopener\" target=\"_blank\"><\/a><a class=\"a2a_button_x\" href=\"https:\/\/www.addtoany.com\/add_to\/x?linkurl=https%3A%2F%2Fxaviergimeno.net%2Fes%2Fpapeles%2Fwhy-we-fight-focused-interview&amp;linkname=Why%20We%20Fight%20y%20The%20Focused%20Interview.%20Cine%20y%20ciencia%20social%20durante%20la%20Segunda%20Guerra%20Mundial%20%28en%20ingl%C3%A9s%29\" title=\"X\" rel=\"nofollow noopener\" target=\"_blank\"><\/a><a class=\"a2a_button_email\" href=\"https:\/\/www.addtoany.com\/add_to\/email?linkurl=https%3A%2F%2Fxaviergimeno.net%2Fes%2Fpapeles%2Fwhy-we-fight-focused-interview&amp;linkname=Why%20We%20Fight%20y%20The%20Focused%20Interview.%20Cine%20y%20ciencia%20social%20durante%20la%20Segunda%20Guerra%20Mundial%20%28en%20ingl%C3%A9s%29\" title=\"Email\" rel=\"nofollow noopener\" target=\"_blank\"><\/a><a class=\"a2a_button_print\" href=\"https:\/\/www.addtoany.com\/add_to\/print?linkurl=https%3A%2F%2Fxaviergimeno.net%2Fes%2Fpapeles%2Fwhy-we-fight-focused-interview&amp;linkname=Why%20We%20Fight%20y%20The%20Focused%20Interview.%20Cine%20y%20ciencia%20social%20durante%20la%20Segunda%20Guerra%20Mundial%20%28en%20ingl%C3%A9s%29\" title=\"Print\" rel=\"nofollow noopener\" target=\"_blank\"><\/a><a class=\"a2a_button_printfriendly\" href=\"https:\/\/www.addtoany.com\/add_to\/printfriendly?linkurl=https%3A%2F%2Fxaviergimeno.net%2Fes%2Fpapeles%2Fwhy-we-fight-focused-interview&amp;linkname=Why%20We%20Fight%20y%20The%20Focused%20Interview.%20Cine%20y%20ciencia%20social%20durante%20la%20Segunda%20Guerra%20Mundial%20%28en%20ingl%C3%A9s%29\" title=\"PrintFriendly\" rel=\"nofollow noopener\" target=\"_blank\"><\/a><a class=\"a2a_button_mendeley\" href=\"https:\/\/www.addtoany.com\/add_to\/mendeley?linkurl=https%3A%2F%2Fxaviergimeno.net%2Fes%2Fpapeles%2Fwhy-we-fight-focused-interview&amp;linkname=Why%20We%20Fight%20y%20The%20Focused%20Interview.%20Cine%20y%20ciencia%20social%20durante%20la%20Segunda%20Guerra%20Mundial%20%28en%20ingl%C3%A9s%29\" title=\"Mendeley\" rel=\"nofollow noopener\" target=\"_blank\"><\/a><a class=\"a2a_dd addtoany_share_save addtoany_share\" href=\"https:\/\/www.addtoany.com\/share\"><\/a><\/div><\/div><a style=\"float: right;\" title=\"Why We Fight y The Focused Interview. Cine y ciencia social durante la Segunda Guerra Mundial (en ingl\u00e9s)\" href=\"https:\/\/xaviergimeno.net\/files\/wwf.pdf\" target=\"_blank\" rel=\"noopener\">Texto completo en PDF<\/a>\n<\/div>\n<\/div>\n","protected":false},"excerpt":{"rendered":"<p>Coescrito con Ramon Girona. Publicado en Comunicaci\u00f3: Revista de Recerca i d&#8217;An\u00e0lisi,&#8230;<\/p>\n","protected":false},"author":3,"featured_media":0,"parent":4668,"menu_order":9,"comment_status":"closed","ping_status":"closed","template":"template-fullwidth.php","meta":{"_monsterinsights_skip_tracking":false,"_monsterinsights_sitenote_active":false,"_monsterinsights_sitenote_note":"","_monsterinsights_sitenote_category":0,"footnotes":""},"class_list":["post-4674","page","type-page","status-publish","hentry"],"yoast_head":"<!-- This site is optimized with the Yoast SEO plugin v27.4 - https:\/\/yoast.com\/product\/yoast-seo-wordpress\/ -->\n<title>Why We Fight y The Focused Interview. Cine y ciencia social<\/title>\n<meta name=\"description\" content=\"Art\u00edculo sobre la relaci\u00f3n entre Why We Fight y The Focused Interview.\" \/>\n<meta name=\"robots\" content=\"index, follow, max-snippet:-1, max-image-preview:large, max-video-preview:-1\" \/>\n<link rel=\"canonical\" href=\"https:\/\/xaviergimeno.net\/es\/papeles\/why-we-fight-focused-interview\" \/>\n<meta property=\"og:locale\" content=\"es_ES\" \/>\n<meta property=\"og:type\" content=\"article\" \/>\n<meta property=\"og:title\" content=\"Why We Fight y The Focused Interview. Cine y ciencia social\" \/>\n<meta property=\"og:description\" content=\"Art\u00edculo sobre la relaci\u00f3n entre Why We Fight y The Focused Interview.\" \/>\n<meta property=\"og:url\" content=\"https:\/\/xaviergimeno.net\/es\/papeles\/why-we-fight-focused-interview\" \/>\n<meta property=\"og:site_name\" content=\"Xavier Gimeno Torrent\" \/>\n<meta property=\"article:publisher\" content=\"https:\/\/www.facebook.com\/XavierGimenoTorrent\" \/>\n<meta property=\"article:modified_time\" content=\"2026-02-18T15:46:28+00:00\" \/>\n<meta name=\"twitter:card\" content=\"summary_large_image\" \/>\n<meta name=\"twitter:site\" content=\"@Xavier_Gimeno\" \/>\n<meta name=\"twitter:label1\" content=\"Tiempo de lectura\" \/>\n\t<meta name=\"twitter:data1\" content=\"1 minuto\" \/>\n<script type=\"application\/ld+json\" class=\"yoast-schema-graph\">{\"@context\":\"https:\\\/\\\/schema.org\",\"@graph\":[{\"@type\":\"WebPage\",\"@id\":\"https:\\\/\\\/xaviergimeno.net\\\/es\\\/papeles\\\/why-we-fight-focused-interview\",\"url\":\"https:\\\/\\\/xaviergimeno.net\\\/es\\\/papeles\\\/why-we-fight-focused-interview\",\"name\":\"Why We Fight y The Focused Interview. Cine y ciencia social\",\"isPartOf\":{\"@id\":\"https:\\\/\\\/xaviergimeno.net\\\/#website\"},\"datePublished\":\"2011-09-16T10:19:11+00:00\",\"dateModified\":\"2026-02-18T15:46:28+00:00\",\"description\":\"Art\u00edculo sobre la relaci\u00f3n entre Why We Fight y The Focused Interview.\",\"breadcrumb\":{\"@id\":\"https:\\\/\\\/xaviergimeno.net\\\/es\\\/papeles\\\/why-we-fight-focused-interview#breadcrumb\"},\"inLanguage\":\"es\",\"potentialAction\":[{\"@type\":\"ReadAction\",\"target\":[\"https:\\\/\\\/xaviergimeno.net\\\/es\\\/papeles\\\/why-we-fight-focused-interview\"]}]},{\"@type\":\"BreadcrumbList\",\"@id\":\"https:\\\/\\\/xaviergimeno.net\\\/es\\\/papeles\\\/why-we-fight-focused-interview#breadcrumb\",\"itemListElement\":[{\"@type\":\"ListItem\",\"position\":1,\"name\":\"Home\",\"item\":\"https:\\\/\\\/xaviergimeno.net\\\/es\"},{\"@type\":\"ListItem\",\"position\":2,\"name\":\"Papeles\",\"item\":\"https:\\\/\\\/xaviergimeno.net\\\/es\\\/papeles\"},{\"@type\":\"ListItem\",\"position\":3,\"name\":\"Why We Fight y The Focused Interview. Cine y ciencia social durante la Segunda Guerra Mundial (en ingl\u00e9s)\"}]},{\"@type\":\"WebSite\",\"@id\":\"https:\\\/\\\/xaviergimeno.net\\\/#website\",\"url\":\"https:\\\/\\\/xaviergimeno.net\\\/\",\"name\":\"Xavier Gimeno Torrent\",\"description\":\"soci\u00f3logo y traductor\",\"potentialAction\":[{\"@type\":\"SearchAction\",\"target\":{\"@type\":\"EntryPoint\",\"urlTemplate\":\"https:\\\/\\\/xaviergimeno.net\\\/?s={search_term_string}\"},\"query-input\":{\"@type\":\"PropertyValueSpecification\",\"valueRequired\":true,\"valueName\":\"search_term_string\"}}],\"inLanguage\":\"es\"}]}<\/script>\n<!-- \/ Yoast SEO plugin. -->","yoast_head_json":{"title":"Why We Fight y The Focused Interview. Cine y ciencia social","description":"Art\u00edculo sobre la relaci\u00f3n entre Why We Fight y The Focused Interview.","robots":{"index":"index","follow":"follow","max-snippet":"max-snippet:-1","max-image-preview":"max-image-preview:large","max-video-preview":"max-video-preview:-1"},"canonical":"https:\/\/xaviergimeno.net\/es\/papeles\/why-we-fight-focused-interview","og_locale":"es_ES","og_type":"article","og_title":"Why We Fight y The Focused Interview. Cine y ciencia social","og_description":"Art\u00edculo sobre la relaci\u00f3n entre Why We Fight y The Focused Interview.","og_url":"https:\/\/xaviergimeno.net\/es\/papeles\/why-we-fight-focused-interview","og_site_name":"Xavier Gimeno Torrent","article_publisher":"https:\/\/www.facebook.com\/XavierGimenoTorrent","article_modified_time":"2026-02-18T15:46:28+00:00","twitter_card":"summary_large_image","twitter_site":"@Xavier_Gimeno","twitter_misc":{"Tiempo de lectura":"1 minuto"},"schema":{"@context":"https:\/\/schema.org","@graph":[{"@type":"WebPage","@id":"https:\/\/xaviergimeno.net\/es\/papeles\/why-we-fight-focused-interview","url":"https:\/\/xaviergimeno.net\/es\/papeles\/why-we-fight-focused-interview","name":"Why We Fight y The Focused Interview. Cine y ciencia social","isPartOf":{"@id":"https:\/\/xaviergimeno.net\/#website"},"datePublished":"2011-09-16T10:19:11+00:00","dateModified":"2026-02-18T15:46:28+00:00","description":"Art\u00edculo sobre la relaci\u00f3n entre Why We Fight y The Focused Interview.","breadcrumb":{"@id":"https:\/\/xaviergimeno.net\/es\/papeles\/why-we-fight-focused-interview#breadcrumb"},"inLanguage":"es","potentialAction":[{"@type":"ReadAction","target":["https:\/\/xaviergimeno.net\/es\/papeles\/why-we-fight-focused-interview"]}]},{"@type":"BreadcrumbList","@id":"https:\/\/xaviergimeno.net\/es\/papeles\/why-we-fight-focused-interview#breadcrumb","itemListElement":[{"@type":"ListItem","position":1,"name":"Home","item":"https:\/\/xaviergimeno.net\/es"},{"@type":"ListItem","position":2,"name":"Papeles","item":"https:\/\/xaviergimeno.net\/es\/papeles"},{"@type":"ListItem","position":3,"name":"Why We Fight y The Focused Interview. Cine y ciencia social durante la Segunda Guerra Mundial (en ingl\u00e9s)"}]},{"@type":"WebSite","@id":"https:\/\/xaviergimeno.net\/#website","url":"https:\/\/xaviergimeno.net\/","name":"Xavier Gimeno Torrent","description":"soci\u00f3logo y traductor","potentialAction":[{"@type":"SearchAction","target":{"@type":"EntryPoint","urlTemplate":"https:\/\/xaviergimeno.net\/?s={search_term_string}"},"query-input":{"@type":"PropertyValueSpecification","valueRequired":true,"valueName":"search_term_string"}}],"inLanguage":"es"}]}},"_links":{"self":[{"href":"https:\/\/xaviergimeno.net\/es\/wp-json\/wp\/v2\/pages\/4674","targetHints":{"allow":["GET"]}}],"collection":[{"href":"https:\/\/xaviergimeno.net\/es\/wp-json\/wp\/v2\/pages"}],"about":[{"href":"https:\/\/xaviergimeno.net\/es\/wp-json\/wp\/v2\/types\/page"}],"author":[{"embeddable":true,"href":"https:\/\/xaviergimeno.net\/es\/wp-json\/wp\/v2\/users\/3"}],"replies":[{"embeddable":true,"href":"https:\/\/xaviergimeno.net\/es\/wp-json\/wp\/v2\/comments?post=4674"}],"version-history":[{"count":0,"href":"https:\/\/xaviergimeno.net\/es\/wp-json\/wp\/v2\/pages\/4674\/revisions"}],"up":[{"embeddable":true,"href":"https:\/\/xaviergimeno.net\/es\/wp-json\/wp\/v2\/pages\/4668"}],"wp:attachment":[{"href":"https:\/\/xaviergimeno.net\/es\/wp-json\/wp\/v2\/media?parent=4674"}],"curies":[{"name":"wp","href":"https:\/\/api.w.org\/{rel}","templated":true}]}}