{"id":4800,"date":"2010-08-21T00:05:13","date_gmt":"2010-08-20T22:05:13","guid":{"rendered":"http:\/\/www.xaviergimeno.net\/es\/?page_id=4800"},"modified":"2025-01-16T17:11:38","modified_gmt":"2025-01-16T16:11:38","slug":"quien-soy","status":"publish","type":"page","link":"https:\/\/xaviergimeno.net\/es\/quien-soy","title":{"rendered":"Qui\u00e9n soy"},"content":{"rendered":"<div id=\"attachment_6310\" style=\"width: 130px\" class=\"wp-caption alignleft\"><img loading=\"lazy\" decoding=\"async\" aria-describedby=\"caption-attachment-6310\" src=\"https:\/\/xaviergimeno.net\/files\/xavi.jpg\" alt=\"Foto de Xavier Gimeno Torrent\" width=\"120\" height=\"120\" class=\"size-full wp-image-6310\" \/><p id=\"caption-attachment-6310\" class=\"wp-caption-text\">Foto de Xavier Gimeno Torrent.<\/p><\/div>\n<p style=\"text-align: left;\">Xavier Gimeno Torrent es soci\u00f3logo e investigador independiente. Actualmente est\u00e1 centrado en el estudio de los efectos sociales del S\u00edndrome de Fatiga Cr\u00f3nica a partir del paradigma de la violencia simb\u00f3lica de Pierre Bourdieu y est\u00e1 embarcado en una investigaci\u00f3n de largo alcance para comprender los mecanismos de relegaci\u00f3n simb\u00f3lica y social de los enfermos que padecen esta enfermedad. El objetivo de esta investigaci\u00f3n es llegar a obtener una escala cuantitativa de violencia simb\u00f3lica que permita objetivar los tipos y grados de maltratos sociales que experimentan las personas diagnosticadas con el S\u00edndrome de Fatiga Cr\u00f3nica (<a title=\"El circuito de la violencia simb\u00f3lica en el S\u00edndrome de Fatiga Cr\u00f3nica (SFC)\/Encefalomielitis Mi\u00e1lgica (EM) (I): Un estudio preliminar\" href=\"https:\/\/xaviergimeno.net\/files\/SFC_violencia_simbolica_1es.pdf\" target=\"_blank\" rel=\"noopener noreferrer\">Art\u00edculo 1<\/a>). Tambi\u00e9n le interesa la institucionalizaci\u00f3n de la sociolog\u00eda en Catalu\u00f1a. Sus art\u00edculos <a title=\"Clasificaci\u00f3n y jerarqu\u00eda. La estructura de desigualdades del Departamento de Sociolog\u00eda de la UAB (1998-2003) vista a trav\u00e9s del an\u00e1lisis de la estructura de relaciones (en catal\u00e1n)\" href=\"https:\/\/xaviergimeno.net\/files\/clasjerq.pdf\" target=\"_blank\" rel=\"noopener noreferrer\">\u201cClasificaci\u00f3n y jerarqu\u00eda (en catal\u00e1n)\u201d<\/a> (<em>Revista Catalana de Sociologia<\/em>, n\u00famero 21) y <a title=\"El estudio de la institucionalizaci\u00f3n de la sociolog\u00eda en Catalu\u00f1a (I): un estado de la cuesti\u00f3n (traducci\u00f3n castellana)\" href=\"https:\/\/xaviergimeno.net\/files\/estudio1.pdf\" target=\"_blank\" rel=\"noopener noreferrer\">\u201cEl estudio de la institucionalizaci\u00f3n de la sociolog\u00eda en Catalu\u00f1a I<\/a> y <a title=\"El estudio de la institucionalizaci\u00f3n de la sociolog\u00eda en Catalu\u00f1a (II): un modelo de an\u00e1lisis y un sistema de hip\u00f3tesis (traducci\u00f3n castellana)\" href=\"https:\/\/xaviergimeno.net\/files\/estudio2.pdf\" target=\"_blank\" rel=\"noopener noreferrer\">II<\/a>\u201d (<em>RCS<\/em>, n\u00fameros 24 i 25) son representativos de esta l\u00ednea de investigaci\u00f3n. Tambi\u00e9n trabaja como traductor cient\u00edfico. En estos momentos tambi\u00e9n est\u00e1 centrado en la traducci\u00f3n al catal\u00e1n y al castellano del cl\u00e1sico de Robert K. Merton <em>La entrevista enfocada<\/em>. Otras traducciones suyas son <em><a title=\"El camp pol\u00edtic\" href=\"https:\/\/books.google.com\/books?id=_Ks_DwAAQBAJ&#038;printsec=frontcover&#038;redir_esc=y#v=onepage&#038;q&#038;f=false\" target=\"_blank\" rel=\"noopener noreferrer\">El camp pol\u00edtic<\/a><\/em> (Gedisa, 2017), versi\u00f3n catalana de <em>Propos sur le champ politique<\/em> de Pierre Bourdieu y, del mismo autor, <em><a title=\"Esb\u00f3s d'autoan\u00e0lisi\" href=\"https:\/\/books.google.com\/books?id=MA5Hhox_j-QC&amp;printsec=frontcover&amp;redir_esc=y#v=onepage&amp;q&amp;f=false\" target=\"_blank\" rel=\"noopener noreferrer\">Esb\u00f3s d&#8217;autoan\u00e0lisi<\/a><\/em> (Publicacions de la Universitat de Val\u00e8ncia, 2008). Tambi\u00e9n ha publicado art\u00edculos dedicados al estudio de las incidencias en encuestas (<em><a title=\"Incidencias durante el trabajo de campo con encuestas personales en estudios epidemiol\u00f3gicos\" href=\"https:\/\/xaviergimeno.net\/files\/incidenc.pdf\" target=\"_blank\" rel=\"noopener noreferrer\">Metodolog\u00eda de Encuestas<\/a><\/em>, volumen 8; <em><a title=\"Muestreo, sobrerrepresentaci\u00f3n de categor\u00edas sociales y la divisi\u00f3n sexual del trabajo: formulaci\u00f3n de una hip\u00f3tesis sobre el doble trabajo\" href=\"https:\/\/xaviergimeno.net\/files\/muestreo.pdf\" target=\"_blank\" rel=\"noopener noreferrer\">Empiria<\/a><\/em>, n\u00famero 20).<\/p>\n<div class=\"addthis-pagines\">\n<div class=\"a2a_kit a2a_default_style\" data-a2a-icon-color=\"#6C981A\">\n<div class=\"addtoany_shortcode\"><div class=\"a2a_kit a2a_kit_size_32 addtoany_list\" data-a2a-url=\"https:\/\/xaviergimeno.net\/es\/quien-soy\" data-a2a-title=\"Qui\u00e9n soy\"><a class=\"a2a_button_facebook\" href=\"https:\/\/www.addtoany.com\/add_to\/facebook?linkurl=https%3A%2F%2Fxaviergimeno.net%2Fes%2Fquien-soy&amp;linkname=Qui%C3%A9n%20soy\" title=\"Facebook\" rel=\"nofollow noopener\" target=\"_blank\"><\/a><a class=\"a2a_button_x\" href=\"https:\/\/www.addtoany.com\/add_to\/x?linkurl=https%3A%2F%2Fxaviergimeno.net%2Fes%2Fquien-soy&amp;linkname=Qui%C3%A9n%20soy\" title=\"X\" rel=\"nofollow noopener\" target=\"_blank\"><\/a><a class=\"a2a_button_email\" href=\"https:\/\/www.addtoany.com\/add_to\/email?linkurl=https%3A%2F%2Fxaviergimeno.net%2Fes%2Fquien-soy&amp;linkname=Qui%C3%A9n%20soy\" title=\"Email\" rel=\"nofollow noopener\" target=\"_blank\"><\/a><a class=\"a2a_button_print\" href=\"https:\/\/www.addtoany.com\/add_to\/print?linkurl=https%3A%2F%2Fxaviergimeno.net%2Fes%2Fquien-soy&amp;linkname=Qui%C3%A9n%20soy\" title=\"Print\" rel=\"nofollow noopener\" target=\"_blank\"><\/a><a class=\"a2a_button_printfriendly\" href=\"https:\/\/www.addtoany.com\/add_to\/printfriendly?linkurl=https%3A%2F%2Fxaviergimeno.net%2Fes%2Fquien-soy&amp;linkname=Qui%C3%A9n%20soy\" title=\"PrintFriendly\" rel=\"nofollow noopener\" target=\"_blank\"><\/a><a class=\"a2a_dd addtoany_share_save addtoany_share\" href=\"https:\/\/www.addtoany.com\/share\"><\/a><\/div><\/div><a style=\"float: right;\" title=\"CV de Xavier Gimeno en PDF\" href=\"https:\/\/xaviergimeno.net\/files\/cves.pdf\" target=\"_blank\" rel=\"noopener noreferrer\">CV de Xavier Gimeno en PDF <\/a><\/div>\n<\/div>\n","protected":false},"excerpt":{"rendered":"<p>Xavier Gimeno Torrent es soci\u00f3logo e investigador independiente. Actualmente est\u00e1 centrado en&#8230;<\/p>\n","protected":false},"author":3,"featured_media":0,"parent":0,"menu_order":5,"comment_status":"closed","ping_status":"closed","template":"template-fullwidth.php","meta":{"_monsterinsights_skip_tracking":false,"_monsterinsights_sitenote_active":false,"_monsterinsights_sitenote_note":"","_monsterinsights_sitenote_category":0,"footnotes":""},"class_list":["post-4800","page","type-page","status-publish","hentry"],"yoast_head":"<!-- This site is optimized with the Yoast SEO plugin v27.4 - https:\/\/yoast.com\/product\/yoast-seo-wordpress\/ -->\n<title>Qui\u00e9n es Xavier Gimeno Torrent<\/title>\n<meta name=\"description\" content=\"Xavier Gimeno Torrent es soci\u00f3logo e investigador independiente.\" \/>\n<meta name=\"robots\" content=\"index, follow, max-snippet:-1, max-image-preview:large, max-video-preview:-1\" \/>\n<link rel=\"canonical\" href=\"https:\/\/xaviergimeno.net\/es\/quien-soy\" \/>\n<meta property=\"og:locale\" content=\"es_ES\" \/>\n<meta property=\"og:type\" content=\"article\" \/>\n<meta property=\"og:title\" content=\"Qui\u00e9n es Xavier Gimeno Torrent\" \/>\n<meta property=\"og:description\" content=\"Xavier Gimeno Torrent es soci\u00f3logo e investigador independiente.\" \/>\n<meta property=\"og:url\" content=\"https:\/\/xaviergimeno.net\/es\/quien-soy\" \/>\n<meta property=\"og:site_name\" content=\"Xavier Gimeno Torrent\" \/>\n<meta property=\"article:publisher\" content=\"https:\/\/www.facebook.com\/XavierGimenoTorrent\" \/>\n<meta property=\"article:modified_time\" content=\"2025-01-16T16:11:38+00:00\" \/>\n<meta property=\"og:image\" content=\"https:\/\/xaviergimeno.net\/files\/xavi.jpg\" \/>\n\t<meta property=\"og:image:width\" content=\"120\" \/>\n\t<meta property=\"og:image:height\" content=\"120\" \/>\n\t<meta property=\"og:image:type\" content=\"image\/jpeg\" \/>\n<meta name=\"twitter:card\" content=\"summary_large_image\" \/>\n<meta name=\"twitter:site\" content=\"@Xavier_Gimeno\" \/>\n<meta name=\"twitter:label1\" content=\"Tiempo de lectura\" \/>\n\t<meta name=\"twitter:data1\" content=\"2 minutos\" \/>\n<script type=\"application\/ld+json\" class=\"yoast-schema-graph\">{\"@context\":\"https:\\\/\\\/schema.org\",\"@graph\":[{\"@type\":\"WebPage\",\"@id\":\"https:\\\/\\\/xaviergimeno.net\\\/es\\\/quien-soy\",\"url\":\"https:\\\/\\\/xaviergimeno.net\\\/es\\\/quien-soy\",\"name\":\"Qui\u00e9n es Xavier Gimeno Torrent\",\"isPartOf\":{\"@id\":\"https:\\\/\\\/xaviergimeno.net\\\/#website\"},\"primaryImageOfPage\":{\"@id\":\"https:\\\/\\\/xaviergimeno.net\\\/es\\\/quien-soy#primaryimage\"},\"image\":{\"@id\":\"https:\\\/\\\/xaviergimeno.net\\\/es\\\/quien-soy#primaryimage\"},\"thumbnailUrl\":\"https:\\\/\\\/xaviergimeno.net\\\/files\\\/xavi.jpg\",\"datePublished\":\"2010-08-20T22:05:13+00:00\",\"dateModified\":\"2025-01-16T16:11:38+00:00\",\"description\":\"Xavier Gimeno Torrent es soci\u00f3logo e investigador independiente.\",\"breadcrumb\":{\"@id\":\"https:\\\/\\\/xaviergimeno.net\\\/es\\\/quien-soy#breadcrumb\"},\"inLanguage\":\"es\",\"potentialAction\":[{\"@type\":\"ReadAction\",\"target\":[\"https:\\\/\\\/xaviergimeno.net\\\/es\\\/quien-soy\"]}]},{\"@type\":\"ImageObject\",\"inLanguage\":\"es\",\"@id\":\"https:\\\/\\\/xaviergimeno.net\\\/es\\\/quien-soy#primaryimage\",\"url\":\"https:\\\/\\\/xaviergimeno.net\\\/files\\\/xavi.jpg\",\"contentUrl\":\"https:\\\/\\\/xaviergimeno.net\\\/files\\\/xavi.jpg\"},{\"@type\":\"BreadcrumbList\",\"@id\":\"https:\\\/\\\/xaviergimeno.net\\\/es\\\/quien-soy#breadcrumb\",\"itemListElement\":[{\"@type\":\"ListItem\",\"position\":1,\"name\":\"Home\",\"item\":\"https:\\\/\\\/xaviergimeno.net\\\/es\"},{\"@type\":\"ListItem\",\"position\":2,\"name\":\"Qui\u00e9n soy\"}]},{\"@type\":\"WebSite\",\"@id\":\"https:\\\/\\\/xaviergimeno.net\\\/#website\",\"url\":\"https:\\\/\\\/xaviergimeno.net\\\/\",\"name\":\"Xavier Gimeno Torrent\",\"description\":\"soci\u00f3logo y traductor\",\"potentialAction\":[{\"@type\":\"SearchAction\",\"target\":{\"@type\":\"EntryPoint\",\"urlTemplate\":\"https:\\\/\\\/xaviergimeno.net\\\/?s={search_term_string}\"},\"query-input\":{\"@type\":\"PropertyValueSpecification\",\"valueRequired\":true,\"valueName\":\"search_term_string\"}}],\"inLanguage\":\"es\"}]}<\/script>\n<!-- \/ Yoast SEO plugin. -->","yoast_head_json":{"title":"Qui\u00e9n es Xavier Gimeno Torrent","description":"Xavier Gimeno Torrent es soci\u00f3logo e investigador independiente.","robots":{"index":"index","follow":"follow","max-snippet":"max-snippet:-1","max-image-preview":"max-image-preview:large","max-video-preview":"max-video-preview:-1"},"canonical":"https:\/\/xaviergimeno.net\/es\/quien-soy","og_locale":"es_ES","og_type":"article","og_title":"Qui\u00e9n es Xavier Gimeno Torrent","og_description":"Xavier Gimeno Torrent es soci\u00f3logo e investigador independiente.","og_url":"https:\/\/xaviergimeno.net\/es\/quien-soy","og_site_name":"Xavier Gimeno Torrent","article_publisher":"https:\/\/www.facebook.com\/XavierGimenoTorrent","article_modified_time":"2025-01-16T16:11:38+00:00","og_image":[{"width":120,"height":120,"url":"https:\/\/xaviergimeno.net\/files\/xavi.jpg","type":"image\/jpeg"}],"twitter_card":"summary_large_image","twitter_site":"@Xavier_Gimeno","twitter_misc":{"Tiempo de lectura":"2 minutos"},"schema":{"@context":"https:\/\/schema.org","@graph":[{"@type":"WebPage","@id":"https:\/\/xaviergimeno.net\/es\/quien-soy","url":"https:\/\/xaviergimeno.net\/es\/quien-soy","name":"Qui\u00e9n es Xavier Gimeno Torrent","isPartOf":{"@id":"https:\/\/xaviergimeno.net\/#website"},"primaryImageOfPage":{"@id":"https:\/\/xaviergimeno.net\/es\/quien-soy#primaryimage"},"image":{"@id":"https:\/\/xaviergimeno.net\/es\/quien-soy#primaryimage"},"thumbnailUrl":"https:\/\/xaviergimeno.net\/files\/xavi.jpg","datePublished":"2010-08-20T22:05:13+00:00","dateModified":"2025-01-16T16:11:38+00:00","description":"Xavier Gimeno Torrent es soci\u00f3logo e investigador independiente.","breadcrumb":{"@id":"https:\/\/xaviergimeno.net\/es\/quien-soy#breadcrumb"},"inLanguage":"es","potentialAction":[{"@type":"ReadAction","target":["https:\/\/xaviergimeno.net\/es\/quien-soy"]}]},{"@type":"ImageObject","inLanguage":"es","@id":"https:\/\/xaviergimeno.net\/es\/quien-soy#primaryimage","url":"https:\/\/xaviergimeno.net\/files\/xavi.jpg","contentUrl":"https:\/\/xaviergimeno.net\/files\/xavi.jpg"},{"@type":"BreadcrumbList","@id":"https:\/\/xaviergimeno.net\/es\/quien-soy#breadcrumb","itemListElement":[{"@type":"ListItem","position":1,"name":"Home","item":"https:\/\/xaviergimeno.net\/es"},{"@type":"ListItem","position":2,"name":"Qui\u00e9n soy"}]},{"@type":"WebSite","@id":"https:\/\/xaviergimeno.net\/#website","url":"https:\/\/xaviergimeno.net\/","name":"Xavier Gimeno Torrent","description":"soci\u00f3logo y traductor","potentialAction":[{"@type":"SearchAction","target":{"@type":"EntryPoint","urlTemplate":"https:\/\/xaviergimeno.net\/?s={search_term_string}"},"query-input":{"@type":"PropertyValueSpecification","valueRequired":true,"valueName":"search_term_string"}}],"inLanguage":"es"}]}},"_links":{"self":[{"href":"https:\/\/xaviergimeno.net\/es\/wp-json\/wp\/v2\/pages\/4800","targetHints":{"allow":["GET"]}}],"collection":[{"href":"https:\/\/xaviergimeno.net\/es\/wp-json\/wp\/v2\/pages"}],"about":[{"href":"https:\/\/xaviergimeno.net\/es\/wp-json\/wp\/v2\/types\/page"}],"author":[{"embeddable":true,"href":"https:\/\/xaviergimeno.net\/es\/wp-json\/wp\/v2\/users\/3"}],"replies":[{"embeddable":true,"href":"https:\/\/xaviergimeno.net\/es\/wp-json\/wp\/v2\/comments?post=4800"}],"version-history":[{"count":0,"href":"https:\/\/xaviergimeno.net\/es\/wp-json\/wp\/v2\/pages\/4800\/revisions"}],"wp:attachment":[{"href":"https:\/\/xaviergimeno.net\/es\/wp-json\/wp\/v2\/media?parent=4800"}],"curies":[{"name":"wp","href":"https:\/\/api.w.org\/{rel}","templated":true}]}}