{"id":4979,"date":"2010-08-22T17:34:12","date_gmt":"2010-08-22T15:34:12","guid":{"rendered":"https:\/\/www.xaviergimeno.net\/es\/?page_id=4979"},"modified":"2026-02-18T16:39:37","modified_gmt":"2026-02-18T15:39:37","slug":"introduccion-2a-edicion-focused-interview","status":"publish","type":"page","link":"https:\/\/xaviergimeno.net\/es\/papeles\/introduccion-2a-edicion-focused-interview","title":{"rendered":"Introducci\u00f3n a la segunda edici\u00f3n de The Focused Interview de Robert K. Merton (en catal\u00e1n)"},"content":{"rendered":"<p style=\"text-align: left;\"><em>Traducci\u00f3n catalana por Xavier Gimeno Torrent de \u00abThe Focussed Interview and Focus Groups: Continuities and Discontinuities\u00bb de Robert K. Merton. <\/em><em>Publicado en Revista Catalana de Sociologia, 2011, n\u00famero 27: 89-103.<\/em><\/p>\n<p>Han pasado m\u00e1s de cuarenta a\u00f1os desde que <i>The Focused Interview<\/i> se empez\u00f3 a formular en el Bureau of Applied Social Research (BASR), entonces en su primera d\u00e9cada de existencia en la Universidad de Columbia. En primer lugar, el informe es una gu\u00eda \u00fatil para entrevistar individualmente y en grupo, concebida a partir de un avanzado conocimiento de las teor\u00edas del intercambio social y de los requisitos cient\u00edficos para recoger datos y contrastar hip\u00f3tesis. Tambi\u00e9n es un testimonio de la colaboraci\u00f3n singularmente fruct\u00edfera del fundador del BASR Paul F. Lazarsfeld con su colega de toda la vida Robert K. Merton, as\u00ed como tambi\u00e9n con Patricia Kendall. As\u00ed que, el libro (y la reveladora nueva introducci\u00f3n de Merton) tendr\u00e1 mucho inter\u00e9s para los historiadores de las ciencias sociales.<\/p>\n<div class=\"addthis-pagines\">\n<div class=\"a2a_kit a2a_default_style\" data-a2a-icon-color=\"#6C981A\">\n<div class=\"addtoany_shortcode\"><div class=\"a2a_kit a2a_kit_size_32 addtoany_list\" data-a2a-url=\"https:\/\/xaviergimeno.net\/es\/papeles\/introduccion-2a-edicion-focused-interview\" data-a2a-title=\"Introducci\u00f3n a la segunda edici\u00f3n de The Focused Interview de Robert K. Merton (en catal\u00e1n)\"><a class=\"a2a_button_facebook\" href=\"https:\/\/www.addtoany.com\/add_to\/facebook?linkurl=https%3A%2F%2Fxaviergimeno.net%2Fes%2Fpapeles%2Fintroduccion-2a-edicion-focused-interview&amp;linkname=Introducci%C3%B3n%20a%20la%20segunda%20edici%C3%B3n%20de%20The%20Focused%20Interview%20de%20Robert%20K.%20Merton%20%28en%20catal%C3%A1n%29\" title=\"Facebook\" rel=\"nofollow noopener\" target=\"_blank\"><\/a><a class=\"a2a_button_x\" href=\"https:\/\/www.addtoany.com\/add_to\/x?linkurl=https%3A%2F%2Fxaviergimeno.net%2Fes%2Fpapeles%2Fintroduccion-2a-edicion-focused-interview&amp;linkname=Introducci%C3%B3n%20a%20la%20segunda%20edici%C3%B3n%20de%20The%20Focused%20Interview%20de%20Robert%20K.%20Merton%20%28en%20catal%C3%A1n%29\" title=\"X\" rel=\"nofollow noopener\" target=\"_blank\"><\/a><a class=\"a2a_button_email\" href=\"https:\/\/www.addtoany.com\/add_to\/email?linkurl=https%3A%2F%2Fxaviergimeno.net%2Fes%2Fpapeles%2Fintroduccion-2a-edicion-focused-interview&amp;linkname=Introducci%C3%B3n%20a%20la%20segunda%20edici%C3%B3n%20de%20The%20Focused%20Interview%20de%20Robert%20K.%20Merton%20%28en%20catal%C3%A1n%29\" title=\"Email\" rel=\"nofollow noopener\" target=\"_blank\"><\/a><a class=\"a2a_button_print\" href=\"https:\/\/www.addtoany.com\/add_to\/print?linkurl=https%3A%2F%2Fxaviergimeno.net%2Fes%2Fpapeles%2Fintroduccion-2a-edicion-focused-interview&amp;linkname=Introducci%C3%B3n%20a%20la%20segunda%20edici%C3%B3n%20de%20The%20Focused%20Interview%20de%20Robert%20K.%20Merton%20%28en%20catal%C3%A1n%29\" title=\"Print\" rel=\"nofollow noopener\" target=\"_blank\"><\/a><a class=\"a2a_button_printfriendly\" href=\"https:\/\/www.addtoany.com\/add_to\/printfriendly?linkurl=https%3A%2F%2Fxaviergimeno.net%2Fes%2Fpapeles%2Fintroduccion-2a-edicion-focused-interview&amp;linkname=Introducci%C3%B3n%20a%20la%20segunda%20edici%C3%B3n%20de%20The%20Focused%20Interview%20de%20Robert%20K.%20Merton%20%28en%20catal%C3%A1n%29\" title=\"PrintFriendly\" rel=\"nofollow noopener\" target=\"_blank\"><\/a><a class=\"a2a_button_mendeley\" href=\"https:\/\/www.addtoany.com\/add_to\/mendeley?linkurl=https%3A%2F%2Fxaviergimeno.net%2Fes%2Fpapeles%2Fintroduccion-2a-edicion-focused-interview&amp;linkname=Introducci%C3%B3n%20a%20la%20segunda%20edici%C3%B3n%20de%20The%20Focused%20Interview%20de%20Robert%20K.%20Merton%20%28en%20catal%C3%A1n%29\" title=\"Mendeley\" rel=\"nofollow noopener\" target=\"_blank\"><\/a><a class=\"a2a_dd addtoany_share_save addtoany_share\" href=\"https:\/\/www.addtoany.com\/share\"><\/a><\/div><\/div><a style=\"float: right;\" title=\"Introducci\u00f3n a la segunda edici\u00f3n de The Focused Interview de Robert K. Merton (en catal\u00e1n)\" href=\"https:\/\/xaviergimeno.net\/files\/focused.pdf\" target=\"_blank\" rel=\"noopener\">Texto completo en PDF<\/a><\/div>\n<\/div>\n","protected":false},"excerpt":{"rendered":"<p>Traducci\u00f3n catalana por Xavier Gimeno Torrent de \u00abThe Focussed Interview and Focus&#8230;<\/p>\n","protected":false},"author":3,"featured_media":0,"parent":4668,"menu_order":12,"comment_status":"closed","ping_status":"closed","template":"template-fullwidth.php","meta":{"_monsterinsights_skip_tracking":false,"_monsterinsights_sitenote_active":false,"_monsterinsights_sitenote_note":"","_monsterinsights_sitenote_category":0,"footnotes":""},"class_list":["post-4979","page","type-page","status-publish","hentry"],"yoast_head":"<!-- This site is optimized with the Yoast SEO plugin v27.4 - https:\/\/yoast.com\/product\/yoast-seo-wordpress\/ -->\n<title>Introducci\u00f3n a la segunda edici\u00f3n de The Focused Interview<\/title>\n<meta name=\"description\" content=\"Traducci\u00f3n catalana de \u00abThe Focussed Interview and Focus Groups\u00bb de Robert Merton.\" \/>\n<meta name=\"robots\" content=\"index, follow, max-snippet:-1, max-image-preview:large, max-video-preview:-1\" \/>\n<link rel=\"canonical\" href=\"https:\/\/xaviergimeno.net\/es\/papeles\/introduccion-2a-edicion-focused-interview\" \/>\n<meta property=\"og:locale\" content=\"es_ES\" \/>\n<meta property=\"og:type\" content=\"article\" \/>\n<meta property=\"og:title\" content=\"Introducci\u00f3n a la segunda edici\u00f3n de The Focused Interview\" \/>\n<meta property=\"og:description\" content=\"Traducci\u00f3n catalana de \u00abThe Focussed Interview and Focus Groups\u00bb de Robert Merton.\" \/>\n<meta property=\"og:url\" content=\"https:\/\/xaviergimeno.net\/es\/papeles\/introduccion-2a-edicion-focused-interview\" \/>\n<meta property=\"og:site_name\" content=\"Xavier Gimeno Torrent\" \/>\n<meta property=\"article:publisher\" content=\"https:\/\/www.facebook.com\/XavierGimenoTorrent\" \/>\n<meta property=\"article:modified_time\" content=\"2026-02-18T15:39:37+00:00\" \/>\n<meta name=\"twitter:card\" content=\"summary_large_image\" \/>\n<meta name=\"twitter:site\" content=\"@Xavier_Gimeno\" \/>\n<meta name=\"twitter:label1\" content=\"Tiempo de lectura\" \/>\n\t<meta name=\"twitter:data1\" content=\"1 minuto\" \/>\n<script type=\"application\/ld+json\" class=\"yoast-schema-graph\">{\"@context\":\"https:\\\/\\\/schema.org\",\"@graph\":[{\"@type\":\"WebPage\",\"@id\":\"https:\\\/\\\/xaviergimeno.net\\\/es\\\/papeles\\\/introduccion-2a-edicion-focused-interview\",\"url\":\"https:\\\/\\\/xaviergimeno.net\\\/es\\\/papeles\\\/introduccion-2a-edicion-focused-interview\",\"name\":\"Introducci\u00f3n a la segunda edici\u00f3n de The Focused Interview\",\"isPartOf\":{\"@id\":\"https:\\\/\\\/xaviergimeno.net\\\/#website\"},\"datePublished\":\"2010-08-22T15:34:12+00:00\",\"dateModified\":\"2026-02-18T15:39:37+00:00\",\"description\":\"Traducci\u00f3n catalana de \u00abThe Focussed Interview and Focus Groups\u00bb de Robert Merton.\",\"breadcrumb\":{\"@id\":\"https:\\\/\\\/xaviergimeno.net\\\/es\\\/papeles\\\/introduccion-2a-edicion-focused-interview#breadcrumb\"},\"inLanguage\":\"es\",\"potentialAction\":[{\"@type\":\"ReadAction\",\"target\":[\"https:\\\/\\\/xaviergimeno.net\\\/es\\\/papeles\\\/introduccion-2a-edicion-focused-interview\"]}]},{\"@type\":\"BreadcrumbList\",\"@id\":\"https:\\\/\\\/xaviergimeno.net\\\/es\\\/papeles\\\/introduccion-2a-edicion-focused-interview#breadcrumb\",\"itemListElement\":[{\"@type\":\"ListItem\",\"position\":1,\"name\":\"Home\",\"item\":\"https:\\\/\\\/xaviergimeno.net\\\/es\"},{\"@type\":\"ListItem\",\"position\":2,\"name\":\"Papeles\",\"item\":\"https:\\\/\\\/xaviergimeno.net\\\/es\\\/papeles\"},{\"@type\":\"ListItem\",\"position\":3,\"name\":\"Introducci\u00f3n a la segunda edici\u00f3n de The Focused Interview de Robert K. Merton (en catal\u00e1n)\"}]},{\"@type\":\"WebSite\",\"@id\":\"https:\\\/\\\/xaviergimeno.net\\\/#website\",\"url\":\"https:\\\/\\\/xaviergimeno.net\\\/\",\"name\":\"Xavier Gimeno Torrent\",\"description\":\"soci\u00f3logo y traductor\",\"potentialAction\":[{\"@type\":\"SearchAction\",\"target\":{\"@type\":\"EntryPoint\",\"urlTemplate\":\"https:\\\/\\\/xaviergimeno.net\\\/?s={search_term_string}\"},\"query-input\":{\"@type\":\"PropertyValueSpecification\",\"valueRequired\":true,\"valueName\":\"search_term_string\"}}],\"inLanguage\":\"es\"}]}<\/script>\n<!-- \/ Yoast SEO plugin. -->","yoast_head_json":{"title":"Introducci\u00f3n a la segunda edici\u00f3n de The Focused Interview","description":"Traducci\u00f3n catalana de \u00abThe Focussed Interview and Focus Groups\u00bb de Robert Merton.","robots":{"index":"index","follow":"follow","max-snippet":"max-snippet:-1","max-image-preview":"max-image-preview:large","max-video-preview":"max-video-preview:-1"},"canonical":"https:\/\/xaviergimeno.net\/es\/papeles\/introduccion-2a-edicion-focused-interview","og_locale":"es_ES","og_type":"article","og_title":"Introducci\u00f3n a la segunda edici\u00f3n de The Focused Interview","og_description":"Traducci\u00f3n catalana de \u00abThe Focussed Interview and Focus Groups\u00bb de Robert Merton.","og_url":"https:\/\/xaviergimeno.net\/es\/papeles\/introduccion-2a-edicion-focused-interview","og_site_name":"Xavier Gimeno Torrent","article_publisher":"https:\/\/www.facebook.com\/XavierGimenoTorrent","article_modified_time":"2026-02-18T15:39:37+00:00","twitter_card":"summary_large_image","twitter_site":"@Xavier_Gimeno","twitter_misc":{"Tiempo de lectura":"1 minuto"},"schema":{"@context":"https:\/\/schema.org","@graph":[{"@type":"WebPage","@id":"https:\/\/xaviergimeno.net\/es\/papeles\/introduccion-2a-edicion-focused-interview","url":"https:\/\/xaviergimeno.net\/es\/papeles\/introduccion-2a-edicion-focused-interview","name":"Introducci\u00f3n a la segunda edici\u00f3n de The Focused Interview","isPartOf":{"@id":"https:\/\/xaviergimeno.net\/#website"},"datePublished":"2010-08-22T15:34:12+00:00","dateModified":"2026-02-18T15:39:37+00:00","description":"Traducci\u00f3n catalana de \u00abThe Focussed Interview and Focus Groups\u00bb de Robert Merton.","breadcrumb":{"@id":"https:\/\/xaviergimeno.net\/es\/papeles\/introduccion-2a-edicion-focused-interview#breadcrumb"},"inLanguage":"es","potentialAction":[{"@type":"ReadAction","target":["https:\/\/xaviergimeno.net\/es\/papeles\/introduccion-2a-edicion-focused-interview"]}]},{"@type":"BreadcrumbList","@id":"https:\/\/xaviergimeno.net\/es\/papeles\/introduccion-2a-edicion-focused-interview#breadcrumb","itemListElement":[{"@type":"ListItem","position":1,"name":"Home","item":"https:\/\/xaviergimeno.net\/es"},{"@type":"ListItem","position":2,"name":"Papeles","item":"https:\/\/xaviergimeno.net\/es\/papeles"},{"@type":"ListItem","position":3,"name":"Introducci\u00f3n a la segunda edici\u00f3n de The Focused Interview de Robert K. Merton (en catal\u00e1n)"}]},{"@type":"WebSite","@id":"https:\/\/xaviergimeno.net\/#website","url":"https:\/\/xaviergimeno.net\/","name":"Xavier Gimeno Torrent","description":"soci\u00f3logo y traductor","potentialAction":[{"@type":"SearchAction","target":{"@type":"EntryPoint","urlTemplate":"https:\/\/xaviergimeno.net\/?s={search_term_string}"},"query-input":{"@type":"PropertyValueSpecification","valueRequired":true,"valueName":"search_term_string"}}],"inLanguage":"es"}]}},"_links":{"self":[{"href":"https:\/\/xaviergimeno.net\/es\/wp-json\/wp\/v2\/pages\/4979","targetHints":{"allow":["GET"]}}],"collection":[{"href":"https:\/\/xaviergimeno.net\/es\/wp-json\/wp\/v2\/pages"}],"about":[{"href":"https:\/\/xaviergimeno.net\/es\/wp-json\/wp\/v2\/types\/page"}],"author":[{"embeddable":true,"href":"https:\/\/xaviergimeno.net\/es\/wp-json\/wp\/v2\/users\/3"}],"replies":[{"embeddable":true,"href":"https:\/\/xaviergimeno.net\/es\/wp-json\/wp\/v2\/comments?post=4979"}],"version-history":[{"count":0,"href":"https:\/\/xaviergimeno.net\/es\/wp-json\/wp\/v2\/pages\/4979\/revisions"}],"up":[{"embeddable":true,"href":"https:\/\/xaviergimeno.net\/es\/wp-json\/wp\/v2\/pages\/4668"}],"wp:attachment":[{"href":"https:\/\/xaviergimeno.net\/es\/wp-json\/wp\/v2\/media?parent=4979"}],"curies":[{"name":"wp","href":"https:\/\/api.w.org\/{rel}","templated":true}]}}