{"id":5018,"date":"2010-08-22T17:28:25","date_gmt":"2010-08-22T15:28:25","guid":{"rendered":"https:\/\/www.xaviergimeno.net\/es\/?page_id=5018"},"modified":"2026-02-18T16:32:50","modified_gmt":"2026-02-18T15:32:50","slug":"recension-esbos-autoanalisi","status":"publish","type":"page","link":"https:\/\/xaviergimeno.net\/es\/papeles\/recension-esbos-autoanalisi","title":{"rendered":"Recensi\u00f3n de Esb\u00f3s d&#8217;autoan\u00e0lisi de Pierre Bourdieu (en catal\u00e1n)"},"content":{"rendered":"<p><em>Publicado en Revista Catalana de Sociologia, 2011, n\u00famero 26: 97-100.<\/em><\/p>\n<p align=\"left\"><em>Esb\u00f3s d&#8217;autoan\u00e0lisi<\/em> (<em>Autoan\u00e1lisis de un soci\u00f3logo<\/em>) arroja luz sobre uno de los procesos sociol\u00f3gicos m\u00e1s caracter\u00edsticos y menos estudiados de las sociedades contempor\u00e1neas: como el proceso de <em>ciudadanizaci\u00f3n<\/em> de las estructuras sociales o de sus agentes es inherente a la producci\u00f3n de un determinado <em>tipo personal<\/em> que est\u00e1 implicado en fen\u00f3menos como el racismo de clase, al cual explica: los habitus escindidos. Bourdieu hace esto mediante el an\u00e1lisis de su propio proceso de mobilidad social ascendente y de las repercusiones que tiene en su trayectoria cient\u00edfica. Es decir, el analista se analiza a s\u00ed mismo. Este tema no es exactamente una novedad en la trayectoria de Pierre Bourdieu, a pesar de que la \u00f3ptica bajo la cual lo lleva a cabo, tomarse a s\u00ed mismo como objeto de estudio, s\u00ed lo sea: apenas al inicio de su carrera cient\u00edfica emprender\u00e1 el estudio de las relaciones entre colonizados y colonizadores en Argelia, un ejercicio que, desde una \u00f3ptica agregada, desarrolla el mismo tema.<\/p>\n<div class=\"addthis-pagines\">\n<div class=\"a2a_kit a2a_default_style\" data-a2a-icon-color=\"#6C981A\">\n<div class=\"addtoany_shortcode\"><div class=\"a2a_kit a2a_kit_size_32 addtoany_list\" data-a2a-url=\"https:\/\/xaviergimeno.net\/es\/papeles\/recension-esbos-autoanalisi\" data-a2a-title=\"Recensi\u00f3n de Esb\u00f3s d\u2019autoan\u00e0lisi de Pierre Bourdieu (en catal\u00e1n)\"><a class=\"a2a_button_facebook\" href=\"https:\/\/www.addtoany.com\/add_to\/facebook?linkurl=https%3A%2F%2Fxaviergimeno.net%2Fes%2Fpapeles%2Frecension-esbos-autoanalisi&amp;linkname=Recensi%C3%B3n%20de%20Esb%C3%B3s%20d%E2%80%99autoan%C3%A0lisi%20de%20Pierre%20Bourdieu%20%28en%20catal%C3%A1n%29\" title=\"Facebook\" rel=\"nofollow noopener\" target=\"_blank\"><\/a><a class=\"a2a_button_x\" href=\"https:\/\/www.addtoany.com\/add_to\/x?linkurl=https%3A%2F%2Fxaviergimeno.net%2Fes%2Fpapeles%2Frecension-esbos-autoanalisi&amp;linkname=Recensi%C3%B3n%20de%20Esb%C3%B3s%20d%E2%80%99autoan%C3%A0lisi%20de%20Pierre%20Bourdieu%20%28en%20catal%C3%A1n%29\" title=\"X\" rel=\"nofollow noopener\" target=\"_blank\"><\/a><a class=\"a2a_button_email\" href=\"https:\/\/www.addtoany.com\/add_to\/email?linkurl=https%3A%2F%2Fxaviergimeno.net%2Fes%2Fpapeles%2Frecension-esbos-autoanalisi&amp;linkname=Recensi%C3%B3n%20de%20Esb%C3%B3s%20d%E2%80%99autoan%C3%A0lisi%20de%20Pierre%20Bourdieu%20%28en%20catal%C3%A1n%29\" title=\"Email\" rel=\"nofollow noopener\" target=\"_blank\"><\/a><a class=\"a2a_button_print\" href=\"https:\/\/www.addtoany.com\/add_to\/print?linkurl=https%3A%2F%2Fxaviergimeno.net%2Fes%2Fpapeles%2Frecension-esbos-autoanalisi&amp;linkname=Recensi%C3%B3n%20de%20Esb%C3%B3s%20d%E2%80%99autoan%C3%A0lisi%20de%20Pierre%20Bourdieu%20%28en%20catal%C3%A1n%29\" title=\"Print\" rel=\"nofollow noopener\" target=\"_blank\"><\/a><a class=\"a2a_button_printfriendly\" href=\"https:\/\/www.addtoany.com\/add_to\/printfriendly?linkurl=https%3A%2F%2Fxaviergimeno.net%2Fes%2Fpapeles%2Frecension-esbos-autoanalisi&amp;linkname=Recensi%C3%B3n%20de%20Esb%C3%B3s%20d%E2%80%99autoan%C3%A0lisi%20de%20Pierre%20Bourdieu%20%28en%20catal%C3%A1n%29\" title=\"PrintFriendly\" rel=\"nofollow noopener\" target=\"_blank\"><\/a><a class=\"a2a_button_mendeley\" href=\"https:\/\/www.addtoany.com\/add_to\/mendeley?linkurl=https%3A%2F%2Fxaviergimeno.net%2Fes%2Fpapeles%2Frecension-esbos-autoanalisi&amp;linkname=Recensi%C3%B3n%20de%20Esb%C3%B3s%20d%E2%80%99autoan%C3%A0lisi%20de%20Pierre%20Bourdieu%20%28en%20catal%C3%A1n%29\" title=\"Mendeley\" rel=\"nofollow noopener\" target=\"_blank\"><\/a><a class=\"a2a_dd addtoany_share_save addtoany_share\" href=\"https:\/\/www.addtoany.com\/share\"><\/a><\/div><\/div><a style=\"float: right;\" title=\"Recensi\u00f3n de Esb\u00f3s d'autoan\u00e0lisi de Pierre Bourdieu (en catal\u00e1n)\" href=\"https:\/\/xaviergimeno.net\/files\/esbos.pdf\" target=\"_blank\" rel=\"noopener\">Texto completo en PDF<\/a><\/div>\n<\/div>\n","protected":false},"excerpt":{"rendered":"<p>Publicado en Revista Catalana de Sociologia, 2011, n\u00famero 26: 97-100. Esb\u00f3s d&#8217;autoan\u00e0lisi&#8230;<\/p>\n","protected":false},"author":3,"featured_media":0,"parent":4668,"menu_order":14,"comment_status":"closed","ping_status":"closed","template":"template-fullwidth.php","meta":{"_monsterinsights_skip_tracking":false,"_monsterinsights_sitenote_active":false,"_monsterinsights_sitenote_note":"","_monsterinsights_sitenote_category":0,"footnotes":""},"class_list":["post-5018","page","type-page","status-publish","hentry"],"yoast_head":"<!-- This site is optimized with the Yoast SEO plugin v27.4 - https:\/\/yoast.com\/product\/yoast-seo-wordpress\/ -->\n<title>Recensi\u00f3n de Esb\u00f3s d&#039;autoan\u00e0lisi de Pierre Bourdieu<\/title>\n<meta name=\"description\" content=\"Recensi\u00f3n de Esb\u00f3s d&#039;autoan\u00e0lisi de Pierre Bourdieu (en catal\u00e1n).\" \/>\n<meta name=\"robots\" content=\"index, follow, max-snippet:-1, max-image-preview:large, max-video-preview:-1\" \/>\n<link rel=\"canonical\" href=\"https:\/\/xaviergimeno.net\/es\/papeles\/recension-esbos-autoanalisi\" \/>\n<meta property=\"og:locale\" content=\"es_ES\" \/>\n<meta property=\"og:type\" content=\"article\" \/>\n<meta property=\"og:title\" content=\"Recensi\u00f3n de Esb\u00f3s d&#039;autoan\u00e0lisi de Pierre Bourdieu\" \/>\n<meta property=\"og:description\" content=\"Recensi\u00f3n de Esb\u00f3s d&#039;autoan\u00e0lisi de Pierre Bourdieu (en catal\u00e1n).\" \/>\n<meta property=\"og:url\" content=\"https:\/\/xaviergimeno.net\/es\/papeles\/recension-esbos-autoanalisi\" \/>\n<meta property=\"og:site_name\" content=\"Xavier Gimeno Torrent\" \/>\n<meta property=\"article:publisher\" content=\"https:\/\/www.facebook.com\/XavierGimenoTorrent\" \/>\n<meta property=\"article:modified_time\" content=\"2026-02-18T15:32:50+00:00\" \/>\n<meta name=\"twitter:card\" content=\"summary_large_image\" \/>\n<meta name=\"twitter:site\" content=\"@Xavier_Gimeno\" \/>\n<meta name=\"twitter:label1\" content=\"Tiempo de lectura\" \/>\n\t<meta name=\"twitter:data1\" content=\"1 minuto\" \/>\n<script type=\"application\/ld+json\" class=\"yoast-schema-graph\">{\"@context\":\"https:\\\/\\\/schema.org\",\"@graph\":[{\"@type\":\"WebPage\",\"@id\":\"https:\\\/\\\/xaviergimeno.net\\\/es\\\/papeles\\\/recension-esbos-autoanalisi\",\"url\":\"https:\\\/\\\/xaviergimeno.net\\\/es\\\/papeles\\\/recension-esbos-autoanalisi\",\"name\":\"Recensi\u00f3n de Esb\u00f3s d'autoan\u00e0lisi de Pierre Bourdieu\",\"isPartOf\":{\"@id\":\"https:\\\/\\\/xaviergimeno.net\\\/#website\"},\"datePublished\":\"2010-08-22T15:28:25+00:00\",\"dateModified\":\"2026-02-18T15:32:50+00:00\",\"description\":\"Recensi\u00f3n de Esb\u00f3s d'autoan\u00e0lisi de Pierre Bourdieu (en catal\u00e1n).\",\"breadcrumb\":{\"@id\":\"https:\\\/\\\/xaviergimeno.net\\\/es\\\/papeles\\\/recension-esbos-autoanalisi#breadcrumb\"},\"inLanguage\":\"es\",\"potentialAction\":[{\"@type\":\"ReadAction\",\"target\":[\"https:\\\/\\\/xaviergimeno.net\\\/es\\\/papeles\\\/recension-esbos-autoanalisi\"]}]},{\"@type\":\"BreadcrumbList\",\"@id\":\"https:\\\/\\\/xaviergimeno.net\\\/es\\\/papeles\\\/recension-esbos-autoanalisi#breadcrumb\",\"itemListElement\":[{\"@type\":\"ListItem\",\"position\":1,\"name\":\"Home\",\"item\":\"https:\\\/\\\/xaviergimeno.net\\\/es\"},{\"@type\":\"ListItem\",\"position\":2,\"name\":\"Papeles\",\"item\":\"https:\\\/\\\/xaviergimeno.net\\\/es\\\/papeles\"},{\"@type\":\"ListItem\",\"position\":3,\"name\":\"Recensi\u00f3n de Esb\u00f3s d&#8217;autoan\u00e0lisi de Pierre Bourdieu (en catal\u00e1n)\"}]},{\"@type\":\"WebSite\",\"@id\":\"https:\\\/\\\/xaviergimeno.net\\\/#website\",\"url\":\"https:\\\/\\\/xaviergimeno.net\\\/\",\"name\":\"Xavier Gimeno Torrent\",\"description\":\"soci\u00f3logo y traductor\",\"potentialAction\":[{\"@type\":\"SearchAction\",\"target\":{\"@type\":\"EntryPoint\",\"urlTemplate\":\"https:\\\/\\\/xaviergimeno.net\\\/?s={search_term_string}\"},\"query-input\":{\"@type\":\"PropertyValueSpecification\",\"valueRequired\":true,\"valueName\":\"search_term_string\"}}],\"inLanguage\":\"es\"}]}<\/script>\n<!-- \/ Yoast SEO plugin. -->","yoast_head_json":{"title":"Recensi\u00f3n de Esb\u00f3s d'autoan\u00e0lisi de Pierre Bourdieu","description":"Recensi\u00f3n de Esb\u00f3s d'autoan\u00e0lisi de Pierre Bourdieu (en catal\u00e1n).","robots":{"index":"index","follow":"follow","max-snippet":"max-snippet:-1","max-image-preview":"max-image-preview:large","max-video-preview":"max-video-preview:-1"},"canonical":"https:\/\/xaviergimeno.net\/es\/papeles\/recension-esbos-autoanalisi","og_locale":"es_ES","og_type":"article","og_title":"Recensi\u00f3n de Esb\u00f3s d'autoan\u00e0lisi de Pierre Bourdieu","og_description":"Recensi\u00f3n de Esb\u00f3s d'autoan\u00e0lisi de Pierre Bourdieu (en catal\u00e1n).","og_url":"https:\/\/xaviergimeno.net\/es\/papeles\/recension-esbos-autoanalisi","og_site_name":"Xavier Gimeno Torrent","article_publisher":"https:\/\/www.facebook.com\/XavierGimenoTorrent","article_modified_time":"2026-02-18T15:32:50+00:00","twitter_card":"summary_large_image","twitter_site":"@Xavier_Gimeno","twitter_misc":{"Tiempo de lectura":"1 minuto"},"schema":{"@context":"https:\/\/schema.org","@graph":[{"@type":"WebPage","@id":"https:\/\/xaviergimeno.net\/es\/papeles\/recension-esbos-autoanalisi","url":"https:\/\/xaviergimeno.net\/es\/papeles\/recension-esbos-autoanalisi","name":"Recensi\u00f3n de Esb\u00f3s d'autoan\u00e0lisi de Pierre Bourdieu","isPartOf":{"@id":"https:\/\/xaviergimeno.net\/#website"},"datePublished":"2010-08-22T15:28:25+00:00","dateModified":"2026-02-18T15:32:50+00:00","description":"Recensi\u00f3n de Esb\u00f3s d'autoan\u00e0lisi de Pierre Bourdieu (en catal\u00e1n).","breadcrumb":{"@id":"https:\/\/xaviergimeno.net\/es\/papeles\/recension-esbos-autoanalisi#breadcrumb"},"inLanguage":"es","potentialAction":[{"@type":"ReadAction","target":["https:\/\/xaviergimeno.net\/es\/papeles\/recension-esbos-autoanalisi"]}]},{"@type":"BreadcrumbList","@id":"https:\/\/xaviergimeno.net\/es\/papeles\/recension-esbos-autoanalisi#breadcrumb","itemListElement":[{"@type":"ListItem","position":1,"name":"Home","item":"https:\/\/xaviergimeno.net\/es"},{"@type":"ListItem","position":2,"name":"Papeles","item":"https:\/\/xaviergimeno.net\/es\/papeles"},{"@type":"ListItem","position":3,"name":"Recensi\u00f3n de Esb\u00f3s d&#8217;autoan\u00e0lisi de Pierre Bourdieu (en catal\u00e1n)"}]},{"@type":"WebSite","@id":"https:\/\/xaviergimeno.net\/#website","url":"https:\/\/xaviergimeno.net\/","name":"Xavier Gimeno Torrent","description":"soci\u00f3logo y traductor","potentialAction":[{"@type":"SearchAction","target":{"@type":"EntryPoint","urlTemplate":"https:\/\/xaviergimeno.net\/?s={search_term_string}"},"query-input":{"@type":"PropertyValueSpecification","valueRequired":true,"valueName":"search_term_string"}}],"inLanguage":"es"}]}},"_links":{"self":[{"href":"https:\/\/xaviergimeno.net\/es\/wp-json\/wp\/v2\/pages\/5018","targetHints":{"allow":["GET"]}}],"collection":[{"href":"https:\/\/xaviergimeno.net\/es\/wp-json\/wp\/v2\/pages"}],"about":[{"href":"https:\/\/xaviergimeno.net\/es\/wp-json\/wp\/v2\/types\/page"}],"author":[{"embeddable":true,"href":"https:\/\/xaviergimeno.net\/es\/wp-json\/wp\/v2\/users\/3"}],"replies":[{"embeddable":true,"href":"https:\/\/xaviergimeno.net\/es\/wp-json\/wp\/v2\/comments?post=5018"}],"version-history":[{"count":0,"href":"https:\/\/xaviergimeno.net\/es\/wp-json\/wp\/v2\/pages\/5018\/revisions"}],"up":[{"embeddable":true,"href":"https:\/\/xaviergimeno.net\/es\/wp-json\/wp\/v2\/pages\/4668"}],"wp:attachment":[{"href":"https:\/\/xaviergimeno.net\/es\/wp-json\/wp\/v2\/media?parent=5018"}],"curies":[{"name":"wp","href":"https:\/\/api.w.org\/{rel}","templated":true}]}}