{"id":5038,"date":"2010-08-22T17:37:49","date_gmt":"2010-08-22T15:37:49","guid":{"rendered":"https:\/\/www.xaviergimeno.net\/es\/?page_id=5038"},"modified":"2026-02-18T16:30:11","modified_gmt":"2026-02-18T15:30:11","slug":"muestreo-sobrerrepresentacion-division-sexual-trabajo","status":"publish","type":"page","link":"https:\/\/xaviergimeno.net\/es\/papeles\/muestreo-sobrerrepresentacion-division-sexual-trabajo","title":{"rendered":"Muestreo, sobrerrepresentaci\u00f3n de categor\u00edas sociales y la divisi\u00f3n sexual del trabajo: formulaci\u00f3n de una hip\u00f3tesis sobre el doble trabajo"},"content":{"rendered":"<p style=\"text-align: left;\"><em>Publicado en Empiria, 2010, n\u00famero 20: 135-161.<\/em><\/p>\n<p style=\"text-align: left;\">Objetivo: Este art\u00edculo est\u00e1 consagrado a la explicaci\u00f3n de una de las incidencias m\u00e1s frecuentes que resultan de la extracci\u00f3n de muestras aleatorias: la sobrerrepresentaci\u00f3n de categor\u00edas. M\u00e9todo: En este sentido se compar\u00f3 la muestra obtenida a ra\u00edz de la realizaci\u00f3n de la \u00abEncuesta de Riesgos Psicosociales 2004-2006 [ERP]\u00bb con la EPA. Se localiz\u00f3 una importante sobrerrepresentaci\u00f3n de mujeres, as\u00ed como otras diferencias sociodemogr\u00e1ficas entre las dos muestras. Se propuso una hip\u00f3tesis general que explicaba estas sobrerrepresentaciones. Resultados: A partir de los an\u00e1lisis desarrollados se pudo concluir que la ra\u00edz de la sobrerrepresentaci\u00f3n de mujeres ten\u00eda 1) como causa metodol\u00f3gica la forma que tomaban las unidades de an\u00e1lisis y las unidades muestrales finales y las t\u00e9cnicas de encuestaje usadas para captar a estas unidades en la ERP; y 2) como condici\u00f3n de posibilidad la divisi\u00f3n sexual del trabajo.<\/p>\n<div class=\"addthis-pagines\">\n<div class=\"a2a_kit a2a_default_style\" data-a2a-icon-color=\"#6C981A\">\n<div class=\"addtoany_shortcode\"><div class=\"a2a_kit a2a_kit_size_32 addtoany_list\" data-a2a-url=\"https:\/\/xaviergimeno.net\/es\/papeles\/muestreo-sobrerrepresentacion-division-sexual-trabajo\" data-a2a-title=\"Muestreo, sobrerrepresentaci\u00f3n de categor\u00edas sociales y la divisi\u00f3n sexual del trabajo: formulaci\u00f3n de una hip\u00f3tesis sobre el doble trabajo\"><a class=\"a2a_button_facebook\" href=\"https:\/\/www.addtoany.com\/add_to\/facebook?linkurl=https%3A%2F%2Fxaviergimeno.net%2Fes%2Fpapeles%2Fmuestreo-sobrerrepresentacion-division-sexual-trabajo&amp;linkname=Muestreo%2C%20sobrerrepresentaci%C3%B3n%20de%20categor%C3%ADas%20sociales%20y%20la%20divisi%C3%B3n%20sexual%20del%20trabajo%3A%20formulaci%C3%B3n%20de%20una%20hip%C3%B3tesis%20sobre%20el%20doble%20trabajo\" title=\"Facebook\" rel=\"nofollow noopener\" target=\"_blank\"><\/a><a class=\"a2a_button_x\" href=\"https:\/\/www.addtoany.com\/add_to\/x?linkurl=https%3A%2F%2Fxaviergimeno.net%2Fes%2Fpapeles%2Fmuestreo-sobrerrepresentacion-division-sexual-trabajo&amp;linkname=Muestreo%2C%20sobrerrepresentaci%C3%B3n%20de%20categor%C3%ADas%20sociales%20y%20la%20divisi%C3%B3n%20sexual%20del%20trabajo%3A%20formulaci%C3%B3n%20de%20una%20hip%C3%B3tesis%20sobre%20el%20doble%20trabajo\" title=\"X\" rel=\"nofollow noopener\" target=\"_blank\"><\/a><a class=\"a2a_button_email\" href=\"https:\/\/www.addtoany.com\/add_to\/email?linkurl=https%3A%2F%2Fxaviergimeno.net%2Fes%2Fpapeles%2Fmuestreo-sobrerrepresentacion-division-sexual-trabajo&amp;linkname=Muestreo%2C%20sobrerrepresentaci%C3%B3n%20de%20categor%C3%ADas%20sociales%20y%20la%20divisi%C3%B3n%20sexual%20del%20trabajo%3A%20formulaci%C3%B3n%20de%20una%20hip%C3%B3tesis%20sobre%20el%20doble%20trabajo\" title=\"Email\" rel=\"nofollow noopener\" target=\"_blank\"><\/a><a class=\"a2a_button_print\" href=\"https:\/\/www.addtoany.com\/add_to\/print?linkurl=https%3A%2F%2Fxaviergimeno.net%2Fes%2Fpapeles%2Fmuestreo-sobrerrepresentacion-division-sexual-trabajo&amp;linkname=Muestreo%2C%20sobrerrepresentaci%C3%B3n%20de%20categor%C3%ADas%20sociales%20y%20la%20divisi%C3%B3n%20sexual%20del%20trabajo%3A%20formulaci%C3%B3n%20de%20una%20hip%C3%B3tesis%20sobre%20el%20doble%20trabajo\" title=\"Print\" rel=\"nofollow noopener\" target=\"_blank\"><\/a><a class=\"a2a_button_printfriendly\" href=\"https:\/\/www.addtoany.com\/add_to\/printfriendly?linkurl=https%3A%2F%2Fxaviergimeno.net%2Fes%2Fpapeles%2Fmuestreo-sobrerrepresentacion-division-sexual-trabajo&amp;linkname=Muestreo%2C%20sobrerrepresentaci%C3%B3n%20de%20categor%C3%ADas%20sociales%20y%20la%20divisi%C3%B3n%20sexual%20del%20trabajo%3A%20formulaci%C3%B3n%20de%20una%20hip%C3%B3tesis%20sobre%20el%20doble%20trabajo\" title=\"PrintFriendly\" rel=\"nofollow noopener\" target=\"_blank\"><\/a><a class=\"a2a_button_mendeley\" href=\"https:\/\/www.addtoany.com\/add_to\/mendeley?linkurl=https%3A%2F%2Fxaviergimeno.net%2Fes%2Fpapeles%2Fmuestreo-sobrerrepresentacion-division-sexual-trabajo&amp;linkname=Muestreo%2C%20sobrerrepresentaci%C3%B3n%20de%20categor%C3%ADas%20sociales%20y%20la%20divisi%C3%B3n%20sexual%20del%20trabajo%3A%20formulaci%C3%B3n%20de%20una%20hip%C3%B3tesis%20sobre%20el%20doble%20trabajo\" title=\"Mendeley\" rel=\"nofollow noopener\" target=\"_blank\"><\/a><a class=\"a2a_dd addtoany_share_save addtoany_share\" href=\"https:\/\/www.addtoany.com\/share\"><\/a><\/div><\/div><a style=\"float: right;\" title=\"Muestreo, sobrerrepresentaci\u00f3n de categor\u00edas sociales y la divisi\u00f3n sexual del trabajo: formulaci\u00f3n de una hip\u00f3tesis sobre el doble trabajo\" href=\"https:\/\/xaviergimeno.net\/files\/muestreo.pdf\" target=\"_blank\" rel=\"noopener\">Texto completo en PDF<\/a><\/div>\n<\/div>\n","protected":false},"excerpt":{"rendered":"<p>Publicado en Empiria, 2010, n\u00famero 20: 135-161. Objetivo: Este art\u00edculo est\u00e1 consagrado&#8230;<\/p>\n","protected":false},"author":3,"featured_media":0,"parent":4668,"menu_order":15,"comment_status":"closed","ping_status":"closed","template":"template-fullwidth.php","meta":{"_monsterinsights_skip_tracking":false,"_monsterinsights_sitenote_active":false,"_monsterinsights_sitenote_note":"","_monsterinsights_sitenote_category":0,"footnotes":""},"class_list":["post-5038","page","type-page","status-publish","hentry"],"yoast_head":"<!-- This site is optimized with the Yoast SEO plugin v27.4 - https:\/\/yoast.com\/product\/yoast-seo-wordpress\/ -->\n<title>Muestreo sobrerrepresentaci\u00f3n categorial y divisi\u00f3n sexual del trabajo<\/title>\n<meta name=\"description\" content=\"Art\u00edculo sobre muestreo y sobrerrepresentaci\u00f3n sexual que analiza el papel de la divisi\u00f3n sexual del trabajo como condici\u00f3n de posibilidad.\" \/>\n<meta name=\"robots\" content=\"index, follow, max-snippet:-1, max-image-preview:large, max-video-preview:-1\" \/>\n<link rel=\"canonical\" href=\"https:\/\/xaviergimeno.net\/es\/papeles\/muestreo-sobrerrepresentacion-division-sexual-trabajo\" \/>\n<meta property=\"og:locale\" content=\"es_ES\" \/>\n<meta property=\"og:type\" content=\"article\" \/>\n<meta property=\"og:title\" content=\"Muestreo sobrerrepresentaci\u00f3n categorial y divisi\u00f3n sexual del trabajo\" \/>\n<meta property=\"og:description\" content=\"Art\u00edculo sobre muestreo y sobrerrepresentaci\u00f3n sexual que analiza el papel de la divisi\u00f3n sexual del trabajo como condici\u00f3n de posibilidad.\" \/>\n<meta property=\"og:url\" content=\"https:\/\/xaviergimeno.net\/es\/papeles\/muestreo-sobrerrepresentacion-division-sexual-trabajo\" \/>\n<meta property=\"og:site_name\" content=\"Xavier Gimeno Torrent\" \/>\n<meta property=\"article:publisher\" content=\"https:\/\/www.facebook.com\/XavierGimenoTorrent\" \/>\n<meta property=\"article:modified_time\" content=\"2026-02-18T15:30:11+00:00\" \/>\n<meta name=\"twitter:card\" content=\"summary_large_image\" \/>\n<meta name=\"twitter:site\" content=\"@Xavier_Gimeno\" \/>\n<meta name=\"twitter:label1\" content=\"Tiempo de lectura\" \/>\n\t<meta name=\"twitter:data1\" content=\"1 minuto\" \/>\n<script type=\"application\/ld+json\" class=\"yoast-schema-graph\">{\"@context\":\"https:\\\/\\\/schema.org\",\"@graph\":[{\"@type\":\"WebPage\",\"@id\":\"https:\\\/\\\/xaviergimeno.net\\\/es\\\/papeles\\\/muestreo-sobrerrepresentacion-division-sexual-trabajo\",\"url\":\"https:\\\/\\\/xaviergimeno.net\\\/es\\\/papeles\\\/muestreo-sobrerrepresentacion-division-sexual-trabajo\",\"name\":\"Muestreo sobrerrepresentaci\u00f3n categorial y divisi\u00f3n sexual del trabajo\",\"isPartOf\":{\"@id\":\"https:\\\/\\\/xaviergimeno.net\\\/#website\"},\"datePublished\":\"2010-08-22T15:37:49+00:00\",\"dateModified\":\"2026-02-18T15:30:11+00:00\",\"description\":\"Art\u00edculo sobre muestreo y sobrerrepresentaci\u00f3n sexual que analiza el papel de la divisi\u00f3n sexual del trabajo como condici\u00f3n de posibilidad.\",\"breadcrumb\":{\"@id\":\"https:\\\/\\\/xaviergimeno.net\\\/es\\\/papeles\\\/muestreo-sobrerrepresentacion-division-sexual-trabajo#breadcrumb\"},\"inLanguage\":\"es\",\"potentialAction\":[{\"@type\":\"ReadAction\",\"target\":[\"https:\\\/\\\/xaviergimeno.net\\\/es\\\/papeles\\\/muestreo-sobrerrepresentacion-division-sexual-trabajo\"]}]},{\"@type\":\"BreadcrumbList\",\"@id\":\"https:\\\/\\\/xaviergimeno.net\\\/es\\\/papeles\\\/muestreo-sobrerrepresentacion-division-sexual-trabajo#breadcrumb\",\"itemListElement\":[{\"@type\":\"ListItem\",\"position\":1,\"name\":\"Home\",\"item\":\"https:\\\/\\\/xaviergimeno.net\\\/es\"},{\"@type\":\"ListItem\",\"position\":2,\"name\":\"Papeles\",\"item\":\"https:\\\/\\\/xaviergimeno.net\\\/es\\\/papeles\"},{\"@type\":\"ListItem\",\"position\":3,\"name\":\"Muestreo, sobrerrepresentaci\u00f3n de categor\u00edas sociales y la divisi\u00f3n sexual del trabajo: formulaci\u00f3n de una hip\u00f3tesis sobre el doble trabajo\"}]},{\"@type\":\"WebSite\",\"@id\":\"https:\\\/\\\/xaviergimeno.net\\\/#website\",\"url\":\"https:\\\/\\\/xaviergimeno.net\\\/\",\"name\":\"Xavier Gimeno Torrent\",\"description\":\"soci\u00f3logo y traductor\",\"potentialAction\":[{\"@type\":\"SearchAction\",\"target\":{\"@type\":\"EntryPoint\",\"urlTemplate\":\"https:\\\/\\\/xaviergimeno.net\\\/?s={search_term_string}\"},\"query-input\":{\"@type\":\"PropertyValueSpecification\",\"valueRequired\":true,\"valueName\":\"search_term_string\"}}],\"inLanguage\":\"es\"}]}<\/script>\n<!-- \/ Yoast SEO plugin. -->","yoast_head_json":{"title":"Muestreo sobrerrepresentaci\u00f3n categorial y divisi\u00f3n sexual del trabajo","description":"Art\u00edculo sobre muestreo y sobrerrepresentaci\u00f3n sexual que analiza el papel de la divisi\u00f3n sexual del trabajo como condici\u00f3n de posibilidad.","robots":{"index":"index","follow":"follow","max-snippet":"max-snippet:-1","max-image-preview":"max-image-preview:large","max-video-preview":"max-video-preview:-1"},"canonical":"https:\/\/xaviergimeno.net\/es\/papeles\/muestreo-sobrerrepresentacion-division-sexual-trabajo","og_locale":"es_ES","og_type":"article","og_title":"Muestreo sobrerrepresentaci\u00f3n categorial y divisi\u00f3n sexual del trabajo","og_description":"Art\u00edculo sobre muestreo y sobrerrepresentaci\u00f3n sexual que analiza el papel de la divisi\u00f3n sexual del trabajo como condici\u00f3n de posibilidad.","og_url":"https:\/\/xaviergimeno.net\/es\/papeles\/muestreo-sobrerrepresentacion-division-sexual-trabajo","og_site_name":"Xavier Gimeno Torrent","article_publisher":"https:\/\/www.facebook.com\/XavierGimenoTorrent","article_modified_time":"2026-02-18T15:30:11+00:00","twitter_card":"summary_large_image","twitter_site":"@Xavier_Gimeno","twitter_misc":{"Tiempo de lectura":"1 minuto"},"schema":{"@context":"https:\/\/schema.org","@graph":[{"@type":"WebPage","@id":"https:\/\/xaviergimeno.net\/es\/papeles\/muestreo-sobrerrepresentacion-division-sexual-trabajo","url":"https:\/\/xaviergimeno.net\/es\/papeles\/muestreo-sobrerrepresentacion-division-sexual-trabajo","name":"Muestreo sobrerrepresentaci\u00f3n categorial y divisi\u00f3n sexual del trabajo","isPartOf":{"@id":"https:\/\/xaviergimeno.net\/#website"},"datePublished":"2010-08-22T15:37:49+00:00","dateModified":"2026-02-18T15:30:11+00:00","description":"Art\u00edculo sobre muestreo y sobrerrepresentaci\u00f3n sexual que analiza el papel de la divisi\u00f3n sexual del trabajo como condici\u00f3n de posibilidad.","breadcrumb":{"@id":"https:\/\/xaviergimeno.net\/es\/papeles\/muestreo-sobrerrepresentacion-division-sexual-trabajo#breadcrumb"},"inLanguage":"es","potentialAction":[{"@type":"ReadAction","target":["https:\/\/xaviergimeno.net\/es\/papeles\/muestreo-sobrerrepresentacion-division-sexual-trabajo"]}]},{"@type":"BreadcrumbList","@id":"https:\/\/xaviergimeno.net\/es\/papeles\/muestreo-sobrerrepresentacion-division-sexual-trabajo#breadcrumb","itemListElement":[{"@type":"ListItem","position":1,"name":"Home","item":"https:\/\/xaviergimeno.net\/es"},{"@type":"ListItem","position":2,"name":"Papeles","item":"https:\/\/xaviergimeno.net\/es\/papeles"},{"@type":"ListItem","position":3,"name":"Muestreo, sobrerrepresentaci\u00f3n de categor\u00edas sociales y la divisi\u00f3n sexual del trabajo: formulaci\u00f3n de una hip\u00f3tesis sobre el doble trabajo"}]},{"@type":"WebSite","@id":"https:\/\/xaviergimeno.net\/#website","url":"https:\/\/xaviergimeno.net\/","name":"Xavier Gimeno Torrent","description":"soci\u00f3logo y traductor","potentialAction":[{"@type":"SearchAction","target":{"@type":"EntryPoint","urlTemplate":"https:\/\/xaviergimeno.net\/?s={search_term_string}"},"query-input":{"@type":"PropertyValueSpecification","valueRequired":true,"valueName":"search_term_string"}}],"inLanguage":"es"}]}},"_links":{"self":[{"href":"https:\/\/xaviergimeno.net\/es\/wp-json\/wp\/v2\/pages\/5038","targetHints":{"allow":["GET"]}}],"collection":[{"href":"https:\/\/xaviergimeno.net\/es\/wp-json\/wp\/v2\/pages"}],"about":[{"href":"https:\/\/xaviergimeno.net\/es\/wp-json\/wp\/v2\/types\/page"}],"author":[{"embeddable":true,"href":"https:\/\/xaviergimeno.net\/es\/wp-json\/wp\/v2\/users\/3"}],"replies":[{"embeddable":true,"href":"https:\/\/xaviergimeno.net\/es\/wp-json\/wp\/v2\/comments?post=5038"}],"version-history":[{"count":0,"href":"https:\/\/xaviergimeno.net\/es\/wp-json\/wp\/v2\/pages\/5038\/revisions"}],"up":[{"embeddable":true,"href":"https:\/\/xaviergimeno.net\/es\/wp-json\/wp\/v2\/pages\/4668"}],"wp:attachment":[{"href":"https:\/\/xaviergimeno.net\/es\/wp-json\/wp\/v2\/media?parent=5038"}],"curies":[{"name":"wp","href":"https:\/\/api.w.org\/{rel}","templated":true}]}}