{"id":5048,"date":"2010-11-11T16:43:16","date_gmt":"2010-11-11T15:43:16","guid":{"rendered":"https:\/\/www.xaviergimeno.net\/es\/?page_id=5048"},"modified":"2026-02-18T16:27:14","modified_gmt":"2026-02-18T15:27:14","slug":"estudio-institucionalizacion-sociologia-ii-castellano","status":"publish","type":"page","link":"https:\/\/xaviergimeno.net\/es\/papeles\/estudio-institucionalizacion-sociologia-ii-castellano","title":{"rendered":"El estudio de la institucionalizaci\u00f3n de la sociolog\u00eda en Catalu\u00f1a (II): un modelo de an\u00e1lisis y un sistema de hip\u00f3tesis (traducci\u00f3n castellana)"},"content":{"rendered":"<p style=\"text-align: left;\"><em>Publicado en Revista Catalana de Sociologia, 2010, n\u00famero 25: 75-83.<\/em><\/p>\n<p style=\"text-align: left;\">Toda investigaci\u00f3n parte de preguntas que se lanzan desde alguna posici\u00f3n que condiciona el punto de vista a trav\u00e9s del cual son formuladas. Partiendo de esta hip\u00f3tesis, cl\u00e1sica de la sociolog\u00eda del conocimiento, este escrito intenta sugerir algunas posibles direcciones a considerar al emprender el estudio de la institucionalizaci\u00f3n de la sociolog\u00eda en Catalu\u00f1a. Y, muy especialmente, al hacerlo, pretende fomentar el debate alrededor de este tema por parte de la comunidad sociol\u00f3gica, de manera que esta contribuci\u00f3n resulte enriquecida gracias a las aportaciones de todos aquellos y todas aquellas que, desde perspectivas distintas y puede que con inquietudes diferentes en torno a la misma cuesti\u00f3n, no vean del todo o nada representado su punto de vista en este trabajo.<\/p>\n<div class=\"addthis-pagines\">\n<div class=\"a2a_kit a2a_default_style\" data-a2a-icon-color=\"#6C981A\">\n<div class=\"addtoany_shortcode\"><div class=\"a2a_kit a2a_kit_size_32 addtoany_list\" data-a2a-url=\"https:\/\/xaviergimeno.net\/es\/papeles\/estudio-institucionalizacion-sociologia-ii-castellano\" data-a2a-title=\"El estudio de la institucionalizaci\u00f3n de la sociolog\u00eda en Catalu\u00f1a (II): un modelo de an\u00e1lisis y un sistema de hip\u00f3tesis (traducci\u00f3n castellana)\"><a class=\"a2a_button_facebook\" href=\"https:\/\/www.addtoany.com\/add_to\/facebook?linkurl=https%3A%2F%2Fxaviergimeno.net%2Fes%2Fpapeles%2Festudio-institucionalizacion-sociologia-ii-castellano&amp;linkname=El%20estudio%20de%20la%20institucionalizaci%C3%B3n%20de%20la%20sociolog%C3%ADa%20en%20Catalu%C3%B1a%20%28II%29%3A%20un%20modelo%20de%20an%C3%A1lisis%20y%20un%20sistema%20de%20hip%C3%B3tesis%20%28traducci%C3%B3n%20castellana%29\" title=\"Facebook\" rel=\"nofollow noopener\" target=\"_blank\"><\/a><a class=\"a2a_button_x\" href=\"https:\/\/www.addtoany.com\/add_to\/x?linkurl=https%3A%2F%2Fxaviergimeno.net%2Fes%2Fpapeles%2Festudio-institucionalizacion-sociologia-ii-castellano&amp;linkname=El%20estudio%20de%20la%20institucionalizaci%C3%B3n%20de%20la%20sociolog%C3%ADa%20en%20Catalu%C3%B1a%20%28II%29%3A%20un%20modelo%20de%20an%C3%A1lisis%20y%20un%20sistema%20de%20hip%C3%B3tesis%20%28traducci%C3%B3n%20castellana%29\" title=\"X\" rel=\"nofollow noopener\" target=\"_blank\"><\/a><a class=\"a2a_button_email\" href=\"https:\/\/www.addtoany.com\/add_to\/email?linkurl=https%3A%2F%2Fxaviergimeno.net%2Fes%2Fpapeles%2Festudio-institucionalizacion-sociologia-ii-castellano&amp;linkname=El%20estudio%20de%20la%20institucionalizaci%C3%B3n%20de%20la%20sociolog%C3%ADa%20en%20Catalu%C3%B1a%20%28II%29%3A%20un%20modelo%20de%20an%C3%A1lisis%20y%20un%20sistema%20de%20hip%C3%B3tesis%20%28traducci%C3%B3n%20castellana%29\" title=\"Email\" rel=\"nofollow noopener\" target=\"_blank\"><\/a><a class=\"a2a_button_print\" href=\"https:\/\/www.addtoany.com\/add_to\/print?linkurl=https%3A%2F%2Fxaviergimeno.net%2Fes%2Fpapeles%2Festudio-institucionalizacion-sociologia-ii-castellano&amp;linkname=El%20estudio%20de%20la%20institucionalizaci%C3%B3n%20de%20la%20sociolog%C3%ADa%20en%20Catalu%C3%B1a%20%28II%29%3A%20un%20modelo%20de%20an%C3%A1lisis%20y%20un%20sistema%20de%20hip%C3%B3tesis%20%28traducci%C3%B3n%20castellana%29\" title=\"Print\" rel=\"nofollow noopener\" target=\"_blank\"><\/a><a class=\"a2a_button_printfriendly\" href=\"https:\/\/www.addtoany.com\/add_to\/printfriendly?linkurl=https%3A%2F%2Fxaviergimeno.net%2Fes%2Fpapeles%2Festudio-institucionalizacion-sociologia-ii-castellano&amp;linkname=El%20estudio%20de%20la%20institucionalizaci%C3%B3n%20de%20la%20sociolog%C3%ADa%20en%20Catalu%C3%B1a%20%28II%29%3A%20un%20modelo%20de%20an%C3%A1lisis%20y%20un%20sistema%20de%20hip%C3%B3tesis%20%28traducci%C3%B3n%20castellana%29\" title=\"PrintFriendly\" rel=\"nofollow noopener\" target=\"_blank\"><\/a><a class=\"a2a_button_mendeley\" href=\"https:\/\/www.addtoany.com\/add_to\/mendeley?linkurl=https%3A%2F%2Fxaviergimeno.net%2Fes%2Fpapeles%2Festudio-institucionalizacion-sociologia-ii-castellano&amp;linkname=El%20estudio%20de%20la%20institucionalizaci%C3%B3n%20de%20la%20sociolog%C3%ADa%20en%20Catalu%C3%B1a%20%28II%29%3A%20un%20modelo%20de%20an%C3%A1lisis%20y%20un%20sistema%20de%20hip%C3%B3tesis%20%28traducci%C3%B3n%20castellana%29\" title=\"Mendeley\" rel=\"nofollow noopener\" target=\"_blank\"><\/a><a class=\"a2a_dd addtoany_share_save addtoany_share\" href=\"https:\/\/www.addtoany.com\/share\"><\/a><\/div><\/div><a style=\"float: right;\" title=\"El estudio de la institucionalizaci\u00f3n de la sociolog\u00eda en Catalu\u00f1a (II): un modelo de an\u00e1lisis y un sistema de hip\u00f3tesis (traducci\u00f3n castellana)\" href=\"https:\/\/xaviergimeno.net\/files\/estudio2.pdf\" target=\"_blank\" rel=\"noopener\">Texto completo en PDF<\/a><\/div>\n<\/div>\n","protected":false},"excerpt":{"rendered":"<p>Publicado en Revista Catalana de Sociologia, 2010, n\u00famero 25: 75-83. Toda investigaci\u00f3n&#8230;<\/p>\n","protected":false},"author":3,"featured_media":0,"parent":4668,"menu_order":16,"comment_status":"closed","ping_status":"closed","template":"template-fullwidth.php","meta":{"_monsterinsights_skip_tracking":false,"_monsterinsights_sitenote_active":false,"_monsterinsights_sitenote_note":"","_monsterinsights_sitenote_category":0,"footnotes":""},"class_list":["post-5048","page","type-page","status-publish","hentry"],"yoast_head":"<!-- This site is optimized with the Yoast SEO plugin v27.4 - https:\/\/yoast.com\/product\/yoast-seo-wordpress\/ -->\n<title>El estudio de la institucionalizaci\u00f3n de la sociolog\u00eda en Catalu\u00f1a (II)<\/title>\n<meta name=\"description\" content=\"Art\u00edculo sobre el estudio de la institucionalizaci\u00f3n de la sociolog\u00eda en Catalu\u00f1a. Traducido al castellano a partir del original en catal\u00e1n.\" \/>\n<meta name=\"robots\" content=\"index, follow, max-snippet:-1, max-image-preview:large, max-video-preview:-1\" \/>\n<link rel=\"canonical\" href=\"https:\/\/xaviergimeno.net\/es\/papeles\/estudio-institucionalizacion-sociologia-ii-castellano\" \/>\n<meta property=\"og:locale\" content=\"es_ES\" \/>\n<meta property=\"og:type\" content=\"article\" \/>\n<meta property=\"og:title\" content=\"El estudio de la institucionalizaci\u00f3n de la sociolog\u00eda en Catalu\u00f1a (II)\" \/>\n<meta property=\"og:description\" content=\"Art\u00edculo sobre el estudio de la institucionalizaci\u00f3n de la sociolog\u00eda en Catalu\u00f1a. Traducido al castellano a partir del original en catal\u00e1n.\" \/>\n<meta property=\"og:url\" content=\"https:\/\/xaviergimeno.net\/es\/papeles\/estudio-institucionalizacion-sociologia-ii-castellano\" \/>\n<meta property=\"og:site_name\" content=\"Xavier Gimeno Torrent\" \/>\n<meta property=\"article:publisher\" content=\"https:\/\/www.facebook.com\/XavierGimenoTorrent\" \/>\n<meta property=\"article:modified_time\" content=\"2026-02-18T15:27:14+00:00\" \/>\n<meta name=\"twitter:card\" content=\"summary_large_image\" \/>\n<meta name=\"twitter:site\" content=\"@Xavier_Gimeno\" \/>\n<meta name=\"twitter:label1\" content=\"Tiempo de lectura\" \/>\n\t<meta name=\"twitter:data1\" content=\"1 minuto\" \/>\n<script type=\"application\/ld+json\" class=\"yoast-schema-graph\">{\"@context\":\"https:\\\/\\\/schema.org\",\"@graph\":[{\"@type\":\"WebPage\",\"@id\":\"https:\\\/\\\/xaviergimeno.net\\\/es\\\/papeles\\\/estudio-institucionalizacion-sociologia-ii-castellano\",\"url\":\"https:\\\/\\\/xaviergimeno.net\\\/es\\\/papeles\\\/estudio-institucionalizacion-sociologia-ii-castellano\",\"name\":\"El estudio de la institucionalizaci\u00f3n de la sociolog\u00eda en Catalu\u00f1a (II)\",\"isPartOf\":{\"@id\":\"https:\\\/\\\/xaviergimeno.net\\\/#website\"},\"datePublished\":\"2010-11-11T15:43:16+00:00\",\"dateModified\":\"2026-02-18T15:27:14+00:00\",\"description\":\"Art\u00edculo sobre el estudio de la institucionalizaci\u00f3n de la sociolog\u00eda en Catalu\u00f1a. Traducido al castellano a partir del original en catal\u00e1n.\",\"breadcrumb\":{\"@id\":\"https:\\\/\\\/xaviergimeno.net\\\/es\\\/papeles\\\/estudio-institucionalizacion-sociologia-ii-castellano#breadcrumb\"},\"inLanguage\":\"es\",\"potentialAction\":[{\"@type\":\"ReadAction\",\"target\":[\"https:\\\/\\\/xaviergimeno.net\\\/es\\\/papeles\\\/estudio-institucionalizacion-sociologia-ii-castellano\"]}]},{\"@type\":\"BreadcrumbList\",\"@id\":\"https:\\\/\\\/xaviergimeno.net\\\/es\\\/papeles\\\/estudio-institucionalizacion-sociologia-ii-castellano#breadcrumb\",\"itemListElement\":[{\"@type\":\"ListItem\",\"position\":1,\"name\":\"Home\",\"item\":\"https:\\\/\\\/xaviergimeno.net\\\/es\"},{\"@type\":\"ListItem\",\"position\":2,\"name\":\"Papeles\",\"item\":\"https:\\\/\\\/xaviergimeno.net\\\/es\\\/papeles\"},{\"@type\":\"ListItem\",\"position\":3,\"name\":\"El estudio de la institucionalizaci\u00f3n de la sociolog\u00eda en Catalu\u00f1a (II): un modelo de an\u00e1lisis y un sistema de hip\u00f3tesis (traducci\u00f3n castellana)\"}]},{\"@type\":\"WebSite\",\"@id\":\"https:\\\/\\\/xaviergimeno.net\\\/#website\",\"url\":\"https:\\\/\\\/xaviergimeno.net\\\/\",\"name\":\"Xavier Gimeno Torrent\",\"description\":\"soci\u00f3logo y traductor\",\"potentialAction\":[{\"@type\":\"SearchAction\",\"target\":{\"@type\":\"EntryPoint\",\"urlTemplate\":\"https:\\\/\\\/xaviergimeno.net\\\/?s={search_term_string}\"},\"query-input\":{\"@type\":\"PropertyValueSpecification\",\"valueRequired\":true,\"valueName\":\"search_term_string\"}}],\"inLanguage\":\"es\"}]}<\/script>\n<!-- \/ Yoast SEO plugin. -->","yoast_head_json":{"title":"El estudio de la institucionalizaci\u00f3n de la sociolog\u00eda en Catalu\u00f1a (II)","description":"Art\u00edculo sobre el estudio de la institucionalizaci\u00f3n de la sociolog\u00eda en Catalu\u00f1a. Traducido al castellano a partir del original en catal\u00e1n.","robots":{"index":"index","follow":"follow","max-snippet":"max-snippet:-1","max-image-preview":"max-image-preview:large","max-video-preview":"max-video-preview:-1"},"canonical":"https:\/\/xaviergimeno.net\/es\/papeles\/estudio-institucionalizacion-sociologia-ii-castellano","og_locale":"es_ES","og_type":"article","og_title":"El estudio de la institucionalizaci\u00f3n de la sociolog\u00eda en Catalu\u00f1a (II)","og_description":"Art\u00edculo sobre el estudio de la institucionalizaci\u00f3n de la sociolog\u00eda en Catalu\u00f1a. Traducido al castellano a partir del original en catal\u00e1n.","og_url":"https:\/\/xaviergimeno.net\/es\/papeles\/estudio-institucionalizacion-sociologia-ii-castellano","og_site_name":"Xavier Gimeno Torrent","article_publisher":"https:\/\/www.facebook.com\/XavierGimenoTorrent","article_modified_time":"2026-02-18T15:27:14+00:00","twitter_card":"summary_large_image","twitter_site":"@Xavier_Gimeno","twitter_misc":{"Tiempo de lectura":"1 minuto"},"schema":{"@context":"https:\/\/schema.org","@graph":[{"@type":"WebPage","@id":"https:\/\/xaviergimeno.net\/es\/papeles\/estudio-institucionalizacion-sociologia-ii-castellano","url":"https:\/\/xaviergimeno.net\/es\/papeles\/estudio-institucionalizacion-sociologia-ii-castellano","name":"El estudio de la institucionalizaci\u00f3n de la sociolog\u00eda en Catalu\u00f1a (II)","isPartOf":{"@id":"https:\/\/xaviergimeno.net\/#website"},"datePublished":"2010-11-11T15:43:16+00:00","dateModified":"2026-02-18T15:27:14+00:00","description":"Art\u00edculo sobre el estudio de la institucionalizaci\u00f3n de la sociolog\u00eda en Catalu\u00f1a. Traducido al castellano a partir del original en catal\u00e1n.","breadcrumb":{"@id":"https:\/\/xaviergimeno.net\/es\/papeles\/estudio-institucionalizacion-sociologia-ii-castellano#breadcrumb"},"inLanguage":"es","potentialAction":[{"@type":"ReadAction","target":["https:\/\/xaviergimeno.net\/es\/papeles\/estudio-institucionalizacion-sociologia-ii-castellano"]}]},{"@type":"BreadcrumbList","@id":"https:\/\/xaviergimeno.net\/es\/papeles\/estudio-institucionalizacion-sociologia-ii-castellano#breadcrumb","itemListElement":[{"@type":"ListItem","position":1,"name":"Home","item":"https:\/\/xaviergimeno.net\/es"},{"@type":"ListItem","position":2,"name":"Papeles","item":"https:\/\/xaviergimeno.net\/es\/papeles"},{"@type":"ListItem","position":3,"name":"El estudio de la institucionalizaci\u00f3n de la sociolog\u00eda en Catalu\u00f1a (II): un modelo de an\u00e1lisis y un sistema de hip\u00f3tesis (traducci\u00f3n castellana)"}]},{"@type":"WebSite","@id":"https:\/\/xaviergimeno.net\/#website","url":"https:\/\/xaviergimeno.net\/","name":"Xavier Gimeno Torrent","description":"soci\u00f3logo y traductor","potentialAction":[{"@type":"SearchAction","target":{"@type":"EntryPoint","urlTemplate":"https:\/\/xaviergimeno.net\/?s={search_term_string}"},"query-input":{"@type":"PropertyValueSpecification","valueRequired":true,"valueName":"search_term_string"}}],"inLanguage":"es"}]}},"_links":{"self":[{"href":"https:\/\/xaviergimeno.net\/es\/wp-json\/wp\/v2\/pages\/5048","targetHints":{"allow":["GET"]}}],"collection":[{"href":"https:\/\/xaviergimeno.net\/es\/wp-json\/wp\/v2\/pages"}],"about":[{"href":"https:\/\/xaviergimeno.net\/es\/wp-json\/wp\/v2\/types\/page"}],"author":[{"embeddable":true,"href":"https:\/\/xaviergimeno.net\/es\/wp-json\/wp\/v2\/users\/3"}],"replies":[{"embeddable":true,"href":"https:\/\/xaviergimeno.net\/es\/wp-json\/wp\/v2\/comments?post=5048"}],"version-history":[{"count":0,"href":"https:\/\/xaviergimeno.net\/es\/wp-json\/wp\/v2\/pages\/5048\/revisions"}],"up":[{"embeddable":true,"href":"https:\/\/xaviergimeno.net\/es\/wp-json\/wp\/v2\/pages\/4668"}],"wp:attachment":[{"href":"https:\/\/xaviergimeno.net\/es\/wp-json\/wp\/v2\/media?parent=5048"}],"curies":[{"name":"wp","href":"https:\/\/api.w.org\/{rel}","templated":true}]}}