{"id":5089,"date":"2010-08-22T16:16:14","date_gmt":"2010-08-22T14:16:14","guid":{"rendered":"https:\/\/www.xaviergimeno.net\/es\/?page_id=5089"},"modified":"2026-02-18T16:21:29","modified_gmt":"2026-02-18T15:21:29","slug":"estudio-institucionalizacion-sociologia-i-castellano","status":"publish","type":"page","link":"https:\/\/xaviergimeno.net\/es\/papeles\/estudio-institucionalizacion-sociologia-i-castellano","title":{"rendered":"El estudio de la institucionalizaci\u00f3n de la sociolog\u00eda en Catalu\u00f1a (I): un estado de la cuesti\u00f3n (traducci\u00f3n castellana)"},"content":{"rendered":"<p style=\"text-align: left;\"><em>Publicado en Revista Catalana de Sociologia, 2009, n\u00famero 24: 69-77.<\/em><\/p>\n<p style=\"text-align: left;\">Desde hace algunos a\u00f1os disponemos en Catalu\u00f1a de lo que podr\u00eda denominarse una \u00abcorriente\u00bb interesada en el estudio de la institucionalizaci\u00f3n de la sociolog\u00eda en Catalu\u00f1a. A pesar de ser cierto que esta corriente se circunscribe solamente a determinados espacios acad\u00e9micos y que ha sido protagonizada por un muy reducido n\u00famero de soci\u00f3logos que no ha podido proveerse nunca de las infraestructuras de investigaci\u00f3n adecuadas para poner en marcha un estudio sistem\u00e1tico del tema; a pesar de ser tambi\u00e9n cierto que la mayor\u00eda de los trabajos dedicados al estudio de esta cuesti\u00f3n se centran en aspectos muy concretos del proceso de institucionalizaci\u00f3n; y a pesar de ser cierto que estos documentos son muy escasos y que son, en su mayor\u00eda, el producto de unas circunstancias pol\u00edticas e hist\u00f3ricas muy concretas (final de la dictadura e inicio del per\u00edodo democr\u00e1tico) que provocaron una especial efervescencia cultural que se reflej\u00f3 tambi\u00e9n en el campo sociol\u00f3gico, no es posible negar ni desestimar el valor de las aportaciones que, en conjunto y hasta el momento, se han centrado en el estudio de este objeto. Es por esto que todas estas contribuciones pueden muy bien y deben ser aprovechadas para realizar la tarea de elaborar la historia de la sociolog\u00eda en Catalu\u00f1a, que a\u00fan est\u00e1 por hacer. Este breve art\u00edculo intenta no solo sintetizarlas de forma concisa, sino tambi\u00e9n rendir un peque\u00f1o homenaje a todos aquellos y todas aquellas que han contribuido al estudio de la institucionalizaci\u00f3n de la sociolog\u00eda en Catalu\u00f1a hasta el momento.<\/p>\n<div class=\"addthis-pagines\">\n<div class=\"a2a_kit a2a_default_style\" data-a2a-icon-color=\"#6C981A\">\n<div class=\"addtoany_shortcode\"><div class=\"a2a_kit a2a_kit_size_32 addtoany_list\" data-a2a-url=\"https:\/\/xaviergimeno.net\/es\/papeles\/estudio-institucionalizacion-sociologia-i-castellano\" data-a2a-title=\"El estudio de la institucionalizaci\u00f3n de la sociolog\u00eda en Catalu\u00f1a (I): un estado de la cuesti\u00f3n (traducci\u00f3n castellana)\"><a class=\"a2a_button_facebook\" href=\"https:\/\/www.addtoany.com\/add_to\/facebook?linkurl=https%3A%2F%2Fxaviergimeno.net%2Fes%2Fpapeles%2Festudio-institucionalizacion-sociologia-i-castellano&amp;linkname=El%20estudio%20de%20la%20institucionalizaci%C3%B3n%20de%20la%20sociolog%C3%ADa%20en%20Catalu%C3%B1a%20%28I%29%3A%20un%20estado%20de%20la%20cuesti%C3%B3n%20%28traducci%C3%B3n%20castellana%29\" title=\"Facebook\" rel=\"nofollow noopener\" target=\"_blank\"><\/a><a class=\"a2a_button_x\" href=\"https:\/\/www.addtoany.com\/add_to\/x?linkurl=https%3A%2F%2Fxaviergimeno.net%2Fes%2Fpapeles%2Festudio-institucionalizacion-sociologia-i-castellano&amp;linkname=El%20estudio%20de%20la%20institucionalizaci%C3%B3n%20de%20la%20sociolog%C3%ADa%20en%20Catalu%C3%B1a%20%28I%29%3A%20un%20estado%20de%20la%20cuesti%C3%B3n%20%28traducci%C3%B3n%20castellana%29\" title=\"X\" rel=\"nofollow noopener\" target=\"_blank\"><\/a><a class=\"a2a_button_email\" href=\"https:\/\/www.addtoany.com\/add_to\/email?linkurl=https%3A%2F%2Fxaviergimeno.net%2Fes%2Fpapeles%2Festudio-institucionalizacion-sociologia-i-castellano&amp;linkname=El%20estudio%20de%20la%20institucionalizaci%C3%B3n%20de%20la%20sociolog%C3%ADa%20en%20Catalu%C3%B1a%20%28I%29%3A%20un%20estado%20de%20la%20cuesti%C3%B3n%20%28traducci%C3%B3n%20castellana%29\" title=\"Email\" rel=\"nofollow noopener\" target=\"_blank\"><\/a><a class=\"a2a_button_print\" href=\"https:\/\/www.addtoany.com\/add_to\/print?linkurl=https%3A%2F%2Fxaviergimeno.net%2Fes%2Fpapeles%2Festudio-institucionalizacion-sociologia-i-castellano&amp;linkname=El%20estudio%20de%20la%20institucionalizaci%C3%B3n%20de%20la%20sociolog%C3%ADa%20en%20Catalu%C3%B1a%20%28I%29%3A%20un%20estado%20de%20la%20cuesti%C3%B3n%20%28traducci%C3%B3n%20castellana%29\" title=\"Print\" rel=\"nofollow noopener\" target=\"_blank\"><\/a><a class=\"a2a_button_printfriendly\" href=\"https:\/\/www.addtoany.com\/add_to\/printfriendly?linkurl=https%3A%2F%2Fxaviergimeno.net%2Fes%2Fpapeles%2Festudio-institucionalizacion-sociologia-i-castellano&amp;linkname=El%20estudio%20de%20la%20institucionalizaci%C3%B3n%20de%20la%20sociolog%C3%ADa%20en%20Catalu%C3%B1a%20%28I%29%3A%20un%20estado%20de%20la%20cuesti%C3%B3n%20%28traducci%C3%B3n%20castellana%29\" title=\"PrintFriendly\" rel=\"nofollow noopener\" target=\"_blank\"><\/a><a class=\"a2a_button_mendeley\" href=\"https:\/\/www.addtoany.com\/add_to\/mendeley?linkurl=https%3A%2F%2Fxaviergimeno.net%2Fes%2Fpapeles%2Festudio-institucionalizacion-sociologia-i-castellano&amp;linkname=El%20estudio%20de%20la%20institucionalizaci%C3%B3n%20de%20la%20sociolog%C3%ADa%20en%20Catalu%C3%B1a%20%28I%29%3A%20un%20estado%20de%20la%20cuesti%C3%B3n%20%28traducci%C3%B3n%20castellana%29\" title=\"Mendeley\" rel=\"nofollow noopener\" target=\"_blank\"><\/a><a class=\"a2a_dd addtoany_share_save addtoany_share\" href=\"https:\/\/www.addtoany.com\/share\"><\/a><\/div><\/div><a style=\"float: right;\" title=\"El estudio de la institucionalizaci\u00f3n de la sociolog\u00eda en Catalu\u00f1a (I): un estado de la cuesti\u00f3n (traducci\u00f3n castellana)\" href=\"https:\/\/xaviergimeno.net\/files\/estudio1.pdf\" target=\"_blank\" rel=\"noopener\">Texto completo en PDF<\/a><\/div>\n<\/div>\n","protected":false},"excerpt":{"rendered":"<p>Publicado en Revista Catalana de Sociologia, 2009, n\u00famero 24: 69-77. Desde hace&#8230;<\/p>\n","protected":false},"author":3,"featured_media":0,"parent":4668,"menu_order":18,"comment_status":"closed","ping_status":"closed","template":"template-fullwidth.php","meta":{"_monsterinsights_skip_tracking":false,"_monsterinsights_sitenote_active":false,"_monsterinsights_sitenote_note":"","_monsterinsights_sitenote_category":0,"footnotes":""},"class_list":["post-5089","page","type-page","status-publish","hentry"],"yoast_head":"<!-- This site is optimized with the Yoast SEO plugin v27.4 - https:\/\/yoast.com\/product\/yoast-seo-wordpress\/ -->\n<title>El estudio de la institucionalizaci\u00f3n de la sociolog\u00eda en Catalu\u00f1a (I)<\/title>\n<meta name=\"description\" content=\"Art\u00edculo que resume los trabajos sobre el estudio del campo sociol\u00f3gico en Catalu\u00f1a. Traducido al castellano a partir del original en catal\u00e1n.\" \/>\n<meta name=\"robots\" content=\"index, follow, max-snippet:-1, max-image-preview:large, max-video-preview:-1\" \/>\n<link rel=\"canonical\" href=\"https:\/\/xaviergimeno.net\/es\/papeles\/estudio-institucionalizacion-sociologia-i-castellano\" \/>\n<meta property=\"og:locale\" content=\"es_ES\" \/>\n<meta property=\"og:type\" content=\"article\" \/>\n<meta property=\"og:title\" content=\"El estudio de la institucionalizaci\u00f3n de la sociolog\u00eda en Catalu\u00f1a (I)\" \/>\n<meta property=\"og:description\" content=\"Art\u00edculo que resume los trabajos sobre el estudio del campo sociol\u00f3gico en Catalu\u00f1a. Traducido al castellano a partir del original en catal\u00e1n.\" \/>\n<meta property=\"og:url\" content=\"https:\/\/xaviergimeno.net\/es\/papeles\/estudio-institucionalizacion-sociologia-i-castellano\" \/>\n<meta property=\"og:site_name\" content=\"Xavier Gimeno Torrent\" \/>\n<meta property=\"article:publisher\" content=\"https:\/\/www.facebook.com\/XavierGimenoTorrent\" \/>\n<meta property=\"article:modified_time\" content=\"2026-02-18T15:21:29+00:00\" \/>\n<meta name=\"twitter:card\" content=\"summary_large_image\" \/>\n<meta name=\"twitter:site\" content=\"@Xavier_Gimeno\" \/>\n<meta name=\"twitter:label1\" content=\"Tiempo de lectura\" \/>\n\t<meta name=\"twitter:data1\" content=\"2 minutos\" \/>\n<script type=\"application\/ld+json\" class=\"yoast-schema-graph\">{\"@context\":\"https:\\\/\\\/schema.org\",\"@graph\":[{\"@type\":\"WebPage\",\"@id\":\"https:\\\/\\\/xaviergimeno.net\\\/es\\\/papeles\\\/estudio-institucionalizacion-sociologia-i-castellano\",\"url\":\"https:\\\/\\\/xaviergimeno.net\\\/es\\\/papeles\\\/estudio-institucionalizacion-sociologia-i-castellano\",\"name\":\"El estudio de la institucionalizaci\u00f3n de la sociolog\u00eda en Catalu\u00f1a (I)\",\"isPartOf\":{\"@id\":\"https:\\\/\\\/xaviergimeno.net\\\/#website\"},\"datePublished\":\"2010-08-22T14:16:14+00:00\",\"dateModified\":\"2026-02-18T15:21:29+00:00\",\"description\":\"Art\u00edculo que resume los trabajos sobre el estudio del campo sociol\u00f3gico en Catalu\u00f1a. Traducido al castellano a partir del original en catal\u00e1n.\",\"breadcrumb\":{\"@id\":\"https:\\\/\\\/xaviergimeno.net\\\/es\\\/papeles\\\/estudio-institucionalizacion-sociologia-i-castellano#breadcrumb\"},\"inLanguage\":\"es\",\"potentialAction\":[{\"@type\":\"ReadAction\",\"target\":[\"https:\\\/\\\/xaviergimeno.net\\\/es\\\/papeles\\\/estudio-institucionalizacion-sociologia-i-castellano\"]}]},{\"@type\":\"BreadcrumbList\",\"@id\":\"https:\\\/\\\/xaviergimeno.net\\\/es\\\/papeles\\\/estudio-institucionalizacion-sociologia-i-castellano#breadcrumb\",\"itemListElement\":[{\"@type\":\"ListItem\",\"position\":1,\"name\":\"Home\",\"item\":\"https:\\\/\\\/xaviergimeno.net\\\/es\"},{\"@type\":\"ListItem\",\"position\":2,\"name\":\"Papeles\",\"item\":\"https:\\\/\\\/xaviergimeno.net\\\/es\\\/papeles\"},{\"@type\":\"ListItem\",\"position\":3,\"name\":\"El estudio de la institucionalizaci\u00f3n de la sociolog\u00eda en Catalu\u00f1a (I): un estado de la cuesti\u00f3n (traducci\u00f3n castellana)\"}]},{\"@type\":\"WebSite\",\"@id\":\"https:\\\/\\\/xaviergimeno.net\\\/#website\",\"url\":\"https:\\\/\\\/xaviergimeno.net\\\/\",\"name\":\"Xavier Gimeno Torrent\",\"description\":\"soci\u00f3logo y traductor\",\"potentialAction\":[{\"@type\":\"SearchAction\",\"target\":{\"@type\":\"EntryPoint\",\"urlTemplate\":\"https:\\\/\\\/xaviergimeno.net\\\/?s={search_term_string}\"},\"query-input\":{\"@type\":\"PropertyValueSpecification\",\"valueRequired\":true,\"valueName\":\"search_term_string\"}}],\"inLanguage\":\"es\"}]}<\/script>\n<!-- \/ Yoast SEO plugin. -->","yoast_head_json":{"title":"El estudio de la institucionalizaci\u00f3n de la sociolog\u00eda en Catalu\u00f1a (I)","description":"Art\u00edculo que resume los trabajos sobre el estudio del campo sociol\u00f3gico en Catalu\u00f1a. Traducido al castellano a partir del original en catal\u00e1n.","robots":{"index":"index","follow":"follow","max-snippet":"max-snippet:-1","max-image-preview":"max-image-preview:large","max-video-preview":"max-video-preview:-1"},"canonical":"https:\/\/xaviergimeno.net\/es\/papeles\/estudio-institucionalizacion-sociologia-i-castellano","og_locale":"es_ES","og_type":"article","og_title":"El estudio de la institucionalizaci\u00f3n de la sociolog\u00eda en Catalu\u00f1a (I)","og_description":"Art\u00edculo que resume los trabajos sobre el estudio del campo sociol\u00f3gico en Catalu\u00f1a. Traducido al castellano a partir del original en catal\u00e1n.","og_url":"https:\/\/xaviergimeno.net\/es\/papeles\/estudio-institucionalizacion-sociologia-i-castellano","og_site_name":"Xavier Gimeno Torrent","article_publisher":"https:\/\/www.facebook.com\/XavierGimenoTorrent","article_modified_time":"2026-02-18T15:21:29+00:00","twitter_card":"summary_large_image","twitter_site":"@Xavier_Gimeno","twitter_misc":{"Tiempo de lectura":"2 minutos"},"schema":{"@context":"https:\/\/schema.org","@graph":[{"@type":"WebPage","@id":"https:\/\/xaviergimeno.net\/es\/papeles\/estudio-institucionalizacion-sociologia-i-castellano","url":"https:\/\/xaviergimeno.net\/es\/papeles\/estudio-institucionalizacion-sociologia-i-castellano","name":"El estudio de la institucionalizaci\u00f3n de la sociolog\u00eda en Catalu\u00f1a (I)","isPartOf":{"@id":"https:\/\/xaviergimeno.net\/#website"},"datePublished":"2010-08-22T14:16:14+00:00","dateModified":"2026-02-18T15:21:29+00:00","description":"Art\u00edculo que resume los trabajos sobre el estudio del campo sociol\u00f3gico en Catalu\u00f1a. Traducido al castellano a partir del original en catal\u00e1n.","breadcrumb":{"@id":"https:\/\/xaviergimeno.net\/es\/papeles\/estudio-institucionalizacion-sociologia-i-castellano#breadcrumb"},"inLanguage":"es","potentialAction":[{"@type":"ReadAction","target":["https:\/\/xaviergimeno.net\/es\/papeles\/estudio-institucionalizacion-sociologia-i-castellano"]}]},{"@type":"BreadcrumbList","@id":"https:\/\/xaviergimeno.net\/es\/papeles\/estudio-institucionalizacion-sociologia-i-castellano#breadcrumb","itemListElement":[{"@type":"ListItem","position":1,"name":"Home","item":"https:\/\/xaviergimeno.net\/es"},{"@type":"ListItem","position":2,"name":"Papeles","item":"https:\/\/xaviergimeno.net\/es\/papeles"},{"@type":"ListItem","position":3,"name":"El estudio de la institucionalizaci\u00f3n de la sociolog\u00eda en Catalu\u00f1a (I): un estado de la cuesti\u00f3n (traducci\u00f3n castellana)"}]},{"@type":"WebSite","@id":"https:\/\/xaviergimeno.net\/#website","url":"https:\/\/xaviergimeno.net\/","name":"Xavier Gimeno Torrent","description":"soci\u00f3logo y traductor","potentialAction":[{"@type":"SearchAction","target":{"@type":"EntryPoint","urlTemplate":"https:\/\/xaviergimeno.net\/?s={search_term_string}"},"query-input":{"@type":"PropertyValueSpecification","valueRequired":true,"valueName":"search_term_string"}}],"inLanguage":"es"}]}},"_links":{"self":[{"href":"https:\/\/xaviergimeno.net\/es\/wp-json\/wp\/v2\/pages\/5089","targetHints":{"allow":["GET"]}}],"collection":[{"href":"https:\/\/xaviergimeno.net\/es\/wp-json\/wp\/v2\/pages"}],"about":[{"href":"https:\/\/xaviergimeno.net\/es\/wp-json\/wp\/v2\/types\/page"}],"author":[{"embeddable":true,"href":"https:\/\/xaviergimeno.net\/es\/wp-json\/wp\/v2\/users\/3"}],"replies":[{"embeddable":true,"href":"https:\/\/xaviergimeno.net\/es\/wp-json\/wp\/v2\/comments?post=5089"}],"version-history":[{"count":0,"href":"https:\/\/xaviergimeno.net\/es\/wp-json\/wp\/v2\/pages\/5089\/revisions"}],"up":[{"embeddable":true,"href":"https:\/\/xaviergimeno.net\/es\/wp-json\/wp\/v2\/pages\/4668"}],"wp:attachment":[{"href":"https:\/\/xaviergimeno.net\/es\/wp-json\/wp\/v2\/media?parent=5089"}],"curies":[{"name":"wp","href":"https:\/\/api.w.org\/{rel}","templated":true}]}}