{"id":5134,"date":"2010-08-22T15:48:19","date_gmt":"2010-08-22T13:48:19","guid":{"rendered":"https:\/\/www.xaviergimeno.net\/es\/?page_id=5134"},"modified":"2026-02-18T16:16:49","modified_gmt":"2026-02-18T15:16:49","slug":"institucionalizacion-sociologia-protocolo","status":"publish","type":"page","link":"https:\/\/xaviergimeno.net\/es\/papeles\/institucionalizacion-sociologia-protocolo","title":{"rendered":"El proceso de institucionalizaci\u00f3n de la sociolog\u00eda en Catalu\u00f1a. Protocolo de investigaci\u00f3n (en catal\u00e1n)"},"content":{"rendered":"<p style=\"text-align: left;\"><em>Proyecto de tesis de doctorado, 2009.<\/em><\/p>\n<p style=\"text-align: left;\">Este trabajo incluye un esbozo preliminar para el estudio del proceso de institucionalizaci\u00f3n de la sociolog\u00eda en Catalu\u00f1a y est\u00e1 constituido por un modelo de an\u00e1lisis un sistema de hip\u00f3tesis. El objetivo del modelo es analizar c\u00f3mo los diversos agentes que participan en el proceso van estableciendo una determinada estructura de relaciones (campo), qu\u00e9 desigualdades genera la institucionalizaci\u00f3n de esta estructura, y en qu\u00e9 condiciones sociales tiene lugar este proceso. Para entender estas condiciones sociales se argumenta que son tres los procesos que inciden en la configuraci\u00f3n del sistema de relaciones o campo sociol\u00f3gico en Catalu\u00f1a: 1) el proceso de conquista de las libertades que tiene lugar durante las \u00faltimas etapas del franquismo, 2) las contradicciones del capitalismo tard\u00edo que afectan a una sociedad en v\u00edas de industrializaci\u00f3n y modernizaci\u00f3n y 3) el problema hist\u00f3rico de opresi\u00f3n cultural (nacional). Estas tres hip\u00f3tesis directoras son progresivamente perfiladas y concretadas a lo largo del informe. Esto se hace empleando los trabajos sobre sociolog\u00eda de la sociolog\u00eda de Pierre Bourdieu, que pivotan alrededor de los conceptos clave de capital cient\u00edfico institucional, capital cient\u00edfico puro, y metacapital medi\u00e1tico. El resultado final de aplicar el sistema de Bourdieu a estas tres hip\u00f3tesis directoras es el establecimiento progresivo de un sistema de hip\u00f3tesis m\u00e1s perfilado y concreto, m\u00e1s adecuado para ser testado emp\u00edricamente. As\u00ed se argumenta que se configura un sistema de relaciones en el campo sociol\u00f3gico catal\u00e1n en que los soci\u00f3logos tienen muy poca autonom\u00eda cient\u00edfica (capital cient\u00edfico puro), ya que dependen extraordinariamente de los clientes que les encargan producciones sociol\u00f3gicas y que les otorgan medios para hacer investigaci\u00f3n (capital cient\u00edfico institucional). Es decir, se trasplanta el modelo de relaciones vigente en el \u00e1mbito pol\u00edtico al \u00e1mbito de la sociolog\u00eda. La principal caracter\u00edstica de este sistema de relaciones es la existencia de un doble circuito: un circuito que depende de los agentes pol\u00edticos \u00abespa\u00f1oles\u00bb y en el que participan los soci\u00f3logos que dependen de estos, y otro circuito que depende de los agentes pol\u00edticos \u00abcatalanes\u00bb en que participan los soci\u00f3logos afines a esta \u00f3rbita. Otra caracter\u00edstica central es que este sistema parasita tambi\u00e9n el mercado laboral sociol\u00f3gico. En la parte final del texto se retoma el tema de la inserci\u00f3n laboral del soci\u00f3logo y la profesionalizaci\u00f3n de la sociolog\u00eda y se explicita de qu\u00e9 manera el estudio del proceso de institucionalizaci\u00f3n de la sociolog\u00eda puede servir para explicar causalmente fen\u00f3menos como la baja inserci\u00f3n de los soci\u00f3logos en el mercado de trabajo u otros hechos como la imagen social del soci\u00f3logo en la sociedad catalana.<\/p>\n<div class=\"addthis-pagines\">\n<div class=\"a2a_kit a2a_default_style\" data-a2a-icon-color=\"#6C981A\">\n<div class=\"addtoany_shortcode\"><div class=\"a2a_kit a2a_kit_size_32 addtoany_list\" data-a2a-url=\"https:\/\/xaviergimeno.net\/es\/papeles\/institucionalizacion-sociologia-protocolo\" data-a2a-title=\"El proceso de institucionalizaci\u00f3n de la sociolog\u00eda en Catalu\u00f1a. Protocolo de investigaci\u00f3n (en catal\u00e1n)\"><a class=\"a2a_button_facebook\" href=\"https:\/\/www.addtoany.com\/add_to\/facebook?linkurl=https%3A%2F%2Fxaviergimeno.net%2Fes%2Fpapeles%2Finstitucionalizacion-sociologia-protocolo&amp;linkname=El%20proceso%20de%20institucionalizaci%C3%B3n%20de%20la%20sociolog%C3%ADa%20en%20Catalu%C3%B1a.%20Protocolo%20de%20investigaci%C3%B3n%20%28en%20catal%C3%A1n%29\" title=\"Facebook\" rel=\"nofollow noopener\" target=\"_blank\"><\/a><a class=\"a2a_button_x\" href=\"https:\/\/www.addtoany.com\/add_to\/x?linkurl=https%3A%2F%2Fxaviergimeno.net%2Fes%2Fpapeles%2Finstitucionalizacion-sociologia-protocolo&amp;linkname=El%20proceso%20de%20institucionalizaci%C3%B3n%20de%20la%20sociolog%C3%ADa%20en%20Catalu%C3%B1a.%20Protocolo%20de%20investigaci%C3%B3n%20%28en%20catal%C3%A1n%29\" title=\"X\" rel=\"nofollow noopener\" target=\"_blank\"><\/a><a class=\"a2a_button_email\" href=\"https:\/\/www.addtoany.com\/add_to\/email?linkurl=https%3A%2F%2Fxaviergimeno.net%2Fes%2Fpapeles%2Finstitucionalizacion-sociologia-protocolo&amp;linkname=El%20proceso%20de%20institucionalizaci%C3%B3n%20de%20la%20sociolog%C3%ADa%20en%20Catalu%C3%B1a.%20Protocolo%20de%20investigaci%C3%B3n%20%28en%20catal%C3%A1n%29\" title=\"Email\" rel=\"nofollow noopener\" target=\"_blank\"><\/a><a class=\"a2a_button_print\" href=\"https:\/\/www.addtoany.com\/add_to\/print?linkurl=https%3A%2F%2Fxaviergimeno.net%2Fes%2Fpapeles%2Finstitucionalizacion-sociologia-protocolo&amp;linkname=El%20proceso%20de%20institucionalizaci%C3%B3n%20de%20la%20sociolog%C3%ADa%20en%20Catalu%C3%B1a.%20Protocolo%20de%20investigaci%C3%B3n%20%28en%20catal%C3%A1n%29\" title=\"Print\" rel=\"nofollow noopener\" target=\"_blank\"><\/a><a class=\"a2a_button_printfriendly\" href=\"https:\/\/www.addtoany.com\/add_to\/printfriendly?linkurl=https%3A%2F%2Fxaviergimeno.net%2Fes%2Fpapeles%2Finstitucionalizacion-sociologia-protocolo&amp;linkname=El%20proceso%20de%20institucionalizaci%C3%B3n%20de%20la%20sociolog%C3%ADa%20en%20Catalu%C3%B1a.%20Protocolo%20de%20investigaci%C3%B3n%20%28en%20catal%C3%A1n%29\" title=\"PrintFriendly\" rel=\"nofollow noopener\" target=\"_blank\"><\/a><a class=\"a2a_button_mendeley\" href=\"https:\/\/www.addtoany.com\/add_to\/mendeley?linkurl=https%3A%2F%2Fxaviergimeno.net%2Fes%2Fpapeles%2Finstitucionalizacion-sociologia-protocolo&amp;linkname=El%20proceso%20de%20institucionalizaci%C3%B3n%20de%20la%20sociolog%C3%ADa%20en%20Catalu%C3%B1a.%20Protocolo%20de%20investigaci%C3%B3n%20%28en%20catal%C3%A1n%29\" title=\"Mendeley\" rel=\"nofollow noopener\" target=\"_blank\"><\/a><a class=\"a2a_dd addtoany_share_save addtoany_share\" href=\"https:\/\/www.addtoany.com\/share\"><\/a><\/div><\/div><a style=\"float: right;\" title=\"El proceso de institucionalizaci\u00f3n de la sociolog\u00eda en Catalu\u00f1a. Protocolo de investigaci\u00f3n (en catal\u00e1n)\" href=\"https:\/\/xaviergimeno.net\/files\/protesi.pdf\" target=\"_blank\" rel=\"noopener\">Texto completo en PDF<\/a><\/div>\n<\/div>\n","protected":false},"excerpt":{"rendered":"<p>Proyecto de tesis de doctorado, 2009. Este trabajo incluye un esbozo preliminar&#8230;<\/p>\n","protected":false},"author":3,"featured_media":0,"parent":4668,"menu_order":21,"comment_status":"closed","ping_status":"closed","template":"template-fullwidth.php","meta":{"_monsterinsights_skip_tracking":false,"_monsterinsights_sitenote_active":false,"_monsterinsights_sitenote_note":"","_monsterinsights_sitenote_category":0,"footnotes":""},"class_list":["post-5134","page","type-page","status-publish","hentry"],"yoast_head":"<!-- This site is optimized with the Yoast SEO plugin v27.4 - https:\/\/yoast.com\/product\/yoast-seo-wordpress\/ -->\n<title>El proceso de institucionalizaci\u00f3n de la sociolog\u00eda en Catalu\u00f1a<\/title>\n<meta name=\"description\" content=\"Protocolo de investigaci\u00f3n para el estudio de la sociolog\u00eda en Catalu\u00f1a.\" \/>\n<meta name=\"robots\" content=\"index, follow, max-snippet:-1, max-image-preview:large, max-video-preview:-1\" \/>\n<link rel=\"canonical\" href=\"https:\/\/xaviergimeno.net\/es\/papeles\/institucionalizacion-sociologia-protocolo\" \/>\n<meta property=\"og:locale\" content=\"es_ES\" \/>\n<meta property=\"og:type\" content=\"article\" \/>\n<meta property=\"og:title\" content=\"El proceso de institucionalizaci\u00f3n de la sociolog\u00eda en Catalu\u00f1a\" \/>\n<meta property=\"og:description\" content=\"Protocolo de investigaci\u00f3n para el estudio de la sociolog\u00eda en Catalu\u00f1a.\" \/>\n<meta property=\"og:url\" content=\"https:\/\/xaviergimeno.net\/es\/papeles\/institucionalizacion-sociologia-protocolo\" \/>\n<meta property=\"og:site_name\" content=\"Xavier Gimeno Torrent\" \/>\n<meta property=\"article:publisher\" content=\"https:\/\/www.facebook.com\/XavierGimenoTorrent\" \/>\n<meta property=\"article:modified_time\" content=\"2026-02-18T15:16:49+00:00\" \/>\n<meta name=\"twitter:card\" content=\"summary_large_image\" \/>\n<meta name=\"twitter:site\" content=\"@Xavier_Gimeno\" \/>\n<meta name=\"twitter:label1\" content=\"Tiempo de lectura\" \/>\n\t<meta name=\"twitter:data1\" content=\"2 minutos\" \/>\n<script type=\"application\/ld+json\" class=\"yoast-schema-graph\">{\"@context\":\"https:\\\/\\\/schema.org\",\"@graph\":[{\"@type\":\"WebPage\",\"@id\":\"https:\\\/\\\/xaviergimeno.net\\\/es\\\/papeles\\\/institucionalizacion-sociologia-protocolo\",\"url\":\"https:\\\/\\\/xaviergimeno.net\\\/es\\\/papeles\\\/institucionalizacion-sociologia-protocolo\",\"name\":\"El proceso de institucionalizaci\u00f3n de la sociolog\u00eda en Catalu\u00f1a\",\"isPartOf\":{\"@id\":\"https:\\\/\\\/xaviergimeno.net\\\/#website\"},\"datePublished\":\"2010-08-22T13:48:19+00:00\",\"dateModified\":\"2026-02-18T15:16:49+00:00\",\"description\":\"Protocolo de investigaci\u00f3n para el estudio de la sociolog\u00eda en Catalu\u00f1a.\",\"breadcrumb\":{\"@id\":\"https:\\\/\\\/xaviergimeno.net\\\/es\\\/papeles\\\/institucionalizacion-sociologia-protocolo#breadcrumb\"},\"inLanguage\":\"es\",\"potentialAction\":[{\"@type\":\"ReadAction\",\"target\":[\"https:\\\/\\\/xaviergimeno.net\\\/es\\\/papeles\\\/institucionalizacion-sociologia-protocolo\"]}]},{\"@type\":\"BreadcrumbList\",\"@id\":\"https:\\\/\\\/xaviergimeno.net\\\/es\\\/papeles\\\/institucionalizacion-sociologia-protocolo#breadcrumb\",\"itemListElement\":[{\"@type\":\"ListItem\",\"position\":1,\"name\":\"Home\",\"item\":\"https:\\\/\\\/xaviergimeno.net\\\/es\"},{\"@type\":\"ListItem\",\"position\":2,\"name\":\"Papeles\",\"item\":\"https:\\\/\\\/xaviergimeno.net\\\/es\\\/papeles\"},{\"@type\":\"ListItem\",\"position\":3,\"name\":\"El proceso de institucionalizaci\u00f3n de la sociolog\u00eda en Catalu\u00f1a. Protocolo de investigaci\u00f3n (en catal\u00e1n)\"}]},{\"@type\":\"WebSite\",\"@id\":\"https:\\\/\\\/xaviergimeno.net\\\/#website\",\"url\":\"https:\\\/\\\/xaviergimeno.net\\\/\",\"name\":\"Xavier Gimeno Torrent\",\"description\":\"soci\u00f3logo y traductor\",\"potentialAction\":[{\"@type\":\"SearchAction\",\"target\":{\"@type\":\"EntryPoint\",\"urlTemplate\":\"https:\\\/\\\/xaviergimeno.net\\\/?s={search_term_string}\"},\"query-input\":{\"@type\":\"PropertyValueSpecification\",\"valueRequired\":true,\"valueName\":\"search_term_string\"}}],\"inLanguage\":\"es\"}]}<\/script>\n<!-- \/ Yoast SEO plugin. -->","yoast_head_json":{"title":"El proceso de institucionalizaci\u00f3n de la sociolog\u00eda en Catalu\u00f1a","description":"Protocolo de investigaci\u00f3n para el estudio de la sociolog\u00eda en Catalu\u00f1a.","robots":{"index":"index","follow":"follow","max-snippet":"max-snippet:-1","max-image-preview":"max-image-preview:large","max-video-preview":"max-video-preview:-1"},"canonical":"https:\/\/xaviergimeno.net\/es\/papeles\/institucionalizacion-sociologia-protocolo","og_locale":"es_ES","og_type":"article","og_title":"El proceso de institucionalizaci\u00f3n de la sociolog\u00eda en Catalu\u00f1a","og_description":"Protocolo de investigaci\u00f3n para el estudio de la sociolog\u00eda en Catalu\u00f1a.","og_url":"https:\/\/xaviergimeno.net\/es\/papeles\/institucionalizacion-sociologia-protocolo","og_site_name":"Xavier Gimeno Torrent","article_publisher":"https:\/\/www.facebook.com\/XavierGimenoTorrent","article_modified_time":"2026-02-18T15:16:49+00:00","twitter_card":"summary_large_image","twitter_site":"@Xavier_Gimeno","twitter_misc":{"Tiempo de lectura":"2 minutos"},"schema":{"@context":"https:\/\/schema.org","@graph":[{"@type":"WebPage","@id":"https:\/\/xaviergimeno.net\/es\/papeles\/institucionalizacion-sociologia-protocolo","url":"https:\/\/xaviergimeno.net\/es\/papeles\/institucionalizacion-sociologia-protocolo","name":"El proceso de institucionalizaci\u00f3n de la sociolog\u00eda en Catalu\u00f1a","isPartOf":{"@id":"https:\/\/xaviergimeno.net\/#website"},"datePublished":"2010-08-22T13:48:19+00:00","dateModified":"2026-02-18T15:16:49+00:00","description":"Protocolo de investigaci\u00f3n para el estudio de la sociolog\u00eda en Catalu\u00f1a.","breadcrumb":{"@id":"https:\/\/xaviergimeno.net\/es\/papeles\/institucionalizacion-sociologia-protocolo#breadcrumb"},"inLanguage":"es","potentialAction":[{"@type":"ReadAction","target":["https:\/\/xaviergimeno.net\/es\/papeles\/institucionalizacion-sociologia-protocolo"]}]},{"@type":"BreadcrumbList","@id":"https:\/\/xaviergimeno.net\/es\/papeles\/institucionalizacion-sociologia-protocolo#breadcrumb","itemListElement":[{"@type":"ListItem","position":1,"name":"Home","item":"https:\/\/xaviergimeno.net\/es"},{"@type":"ListItem","position":2,"name":"Papeles","item":"https:\/\/xaviergimeno.net\/es\/papeles"},{"@type":"ListItem","position":3,"name":"El proceso de institucionalizaci\u00f3n de la sociolog\u00eda en Catalu\u00f1a. Protocolo de investigaci\u00f3n (en catal\u00e1n)"}]},{"@type":"WebSite","@id":"https:\/\/xaviergimeno.net\/#website","url":"https:\/\/xaviergimeno.net\/","name":"Xavier Gimeno Torrent","description":"soci\u00f3logo y traductor","potentialAction":[{"@type":"SearchAction","target":{"@type":"EntryPoint","urlTemplate":"https:\/\/xaviergimeno.net\/?s={search_term_string}"},"query-input":{"@type":"PropertyValueSpecification","valueRequired":true,"valueName":"search_term_string"}}],"inLanguage":"es"}]}},"_links":{"self":[{"href":"https:\/\/xaviergimeno.net\/es\/wp-json\/wp\/v2\/pages\/5134","targetHints":{"allow":["GET"]}}],"collection":[{"href":"https:\/\/xaviergimeno.net\/es\/wp-json\/wp\/v2\/pages"}],"about":[{"href":"https:\/\/xaviergimeno.net\/es\/wp-json\/wp\/v2\/types\/page"}],"author":[{"embeddable":true,"href":"https:\/\/xaviergimeno.net\/es\/wp-json\/wp\/v2\/users\/3"}],"replies":[{"embeddable":true,"href":"https:\/\/xaviergimeno.net\/es\/wp-json\/wp\/v2\/comments?post=5134"}],"version-history":[{"count":0,"href":"https:\/\/xaviergimeno.net\/es\/wp-json\/wp\/v2\/pages\/5134\/revisions"}],"up":[{"embeddable":true,"href":"https:\/\/xaviergimeno.net\/es\/wp-json\/wp\/v2\/pages\/4668"}],"wp:attachment":[{"href":"https:\/\/xaviergimeno.net\/es\/wp-json\/wp\/v2\/media?parent=5134"}],"curies":[{"name":"wp","href":"https:\/\/api.w.org\/{rel}","templated":true}]}}