{"id":5151,"date":"2010-08-22T15:28:52","date_gmt":"2010-08-22T13:28:52","guid":{"rendered":"https:\/\/www.xaviergimeno.net\/es\/?page_id=5151"},"modified":"2026-02-18T16:15:28","modified_gmt":"2026-02-18T15:15:28","slug":"comunicacion-sociologia-cataluna","status":"publish","type":"page","link":"https:\/\/xaviergimeno.net\/es\/papeles\/comunicacion-sociologia-cataluna","title":{"rendered":"Un modelo de an\u00e1lisis y un sistema de hip\u00f3tesis para el estudio del proceso de institucionalizaci\u00f3n de la sociolog\u00eda en Catalu\u00f1a (en catal\u00e1n)"},"content":{"rendered":"<p style=\"text-align: left;\"><em>Comunicaci\u00f3n presentada en el V Congreso Catal\u00e1n de Sociolog\u00eda, Bellaterra, 2009.<\/em><\/p>\n<p style=\"text-align: left;\">En esta comunicaci\u00f3n se apunta, en primer lugar, la necesidad de romper con la tan com\u00fan preocupaci\u00f3n entre los soci\u00f3logos catalanes, inspiradora de numerosos estudios \u2014ya sean \u00abcuantitativos\u00bb como \u00abcualitativos\u00bb\u2014 emprendidos por las m\u00e1s diversas instancias (universidades, colegios profesionales, etc.), sobre la profesionalizaci\u00f3n y la inserci\u00f3n profesional de los soci\u00f3logos, si se quiere llevar a cabo el estudio riguroso del proceso de institucionalizaci\u00f3n de la sociolog\u00eda en Catalu\u00f1a, que podr\u00eda servir (como posible aplicaci\u00f3n) para localizar el verdadero origen de los problemas que tienen que ver con el mercado sociol\u00f3gico catal\u00e1n. En segundo lugar, se apuntan algunas de las hip\u00f3tesis m\u00e1s comunes sobre el proceso de institucionalizaci\u00f3n de la sociolog\u00eda en Catalu\u00f1a, tomando tres, apuntadas de forma expl\u00edcita por conocidos soci\u00f3logos catalanes y que giran en torno a la opresi\u00f3n de la naci\u00f3n catalana, las contradicciones del capitalismo tard\u00edo, y el proceso de conquista de las libertades durante el final del franquismo. A continuaci\u00f3n, y en tercer lugar, estas hip\u00f3tesis son discutidas de forma reflexiva para desentra\u00f1ar qu\u00e9 desvelan, en realidad, sobre el campo sociol\u00f3gico en Catalu\u00f1a. Se manifiesta que hablan, sobre todo, del alto grado de politizaci\u00f3n de la sociolog\u00eda practicada en Catalu\u00f1a. En cuarto lugar, se presenta el modelo de an\u00e1lisis aplicado a la hora de definir el objeto de estudio. Gracias al uso de este modelo se desvela la principal hip\u00f3tesis sobre la politizaci\u00f3n del campo y se configura el sistema de hip\u00f3tesis que constituye el cuerpo de este trabajo. Como se ver\u00e1, la presentaci\u00f3n del modelo y del sistema de hip\u00f3tesis se efect\u00faan en el mismo momento, ya que estos dos procesos son inseparables. El modelo de an\u00e1lisis utilizado ha sido desarrollado por Pierre Bourdieu a lo largo de varias investigaciones, y se basa en la necesidad de aplicar al mismo campo sociol\u00f3gico los hallazgos m\u00e1s comunes de la sociolog\u00eda del conocimiento y de la ciencia. Al dar a conocer este sistema de hip\u00f3tesis y emplear la perspectiva desarrollada por Pierre Bourdieu, la intenci\u00f3n expl\u00edcita del trabajo es, finalmente, fomentar el debate en torno a este tema por parte de la comunidad sociol\u00f3gica catalana, ya que el estudio de la g\u00e9nesis del campo sociol\u00f3gico en Catalu\u00f1a puede muy bien ser una ocasi\u00f3n no s\u00f3lo para reflexionar sobre su historia pasada, sino muy especialmente para preguntarse sobre c\u00f3mo esta historia condiciona las pr\u00e1cticas sociol\u00f3gicas presentes en Catalu\u00f1a, d\u00e1ndoles su forma caracter\u00edstica. De esta forma, a la hora de lograr este prop\u00f3sito, es indispensable contar con las aportaciones de todos aquellos y todas aquellas que, formando parte del objeto de estudio, consideren que su punto de vista merece ser conocido y reconocido, ya que \u00fanicamente as\u00ed se lograr\u00e1 el prop\u00f3sito que preside esta investigaci\u00f3n.<\/p>\n<div class=\"addthis-pagines\">\n<div class=\"a2a_kit a2a_default_style\" data-a2a-icon-color=\"#6C981A\">\n<div class=\"addtoany_shortcode\"><div class=\"a2a_kit a2a_kit_size_32 addtoany_list\" data-a2a-url=\"https:\/\/xaviergimeno.net\/es\/papeles\/comunicacion-sociologia-cataluna\" data-a2a-title=\"Un modelo de an\u00e1lisis y un sistema de hip\u00f3tesis para el estudio del proceso de institucionalizaci\u00f3n de la sociolog\u00eda en Catalu\u00f1a (en catal\u00e1n)\"><a class=\"a2a_button_facebook\" href=\"https:\/\/www.addtoany.com\/add_to\/facebook?linkurl=https%3A%2F%2Fxaviergimeno.net%2Fes%2Fpapeles%2Fcomunicacion-sociologia-cataluna&amp;linkname=Un%20modelo%20de%20an%C3%A1lisis%20y%20un%20sistema%20de%20hip%C3%B3tesis%20para%20el%20estudio%20del%20proceso%20de%20institucionalizaci%C3%B3n%20de%20la%20sociolog%C3%ADa%20en%20Catalu%C3%B1a%20%28en%20catal%C3%A1n%29\" title=\"Facebook\" rel=\"nofollow noopener\" target=\"_blank\"><\/a><a class=\"a2a_button_x\" href=\"https:\/\/www.addtoany.com\/add_to\/x?linkurl=https%3A%2F%2Fxaviergimeno.net%2Fes%2Fpapeles%2Fcomunicacion-sociologia-cataluna&amp;linkname=Un%20modelo%20de%20an%C3%A1lisis%20y%20un%20sistema%20de%20hip%C3%B3tesis%20para%20el%20estudio%20del%20proceso%20de%20institucionalizaci%C3%B3n%20de%20la%20sociolog%C3%ADa%20en%20Catalu%C3%B1a%20%28en%20catal%C3%A1n%29\" title=\"X\" rel=\"nofollow noopener\" target=\"_blank\"><\/a><a class=\"a2a_button_email\" href=\"https:\/\/www.addtoany.com\/add_to\/email?linkurl=https%3A%2F%2Fxaviergimeno.net%2Fes%2Fpapeles%2Fcomunicacion-sociologia-cataluna&amp;linkname=Un%20modelo%20de%20an%C3%A1lisis%20y%20un%20sistema%20de%20hip%C3%B3tesis%20para%20el%20estudio%20del%20proceso%20de%20institucionalizaci%C3%B3n%20de%20la%20sociolog%C3%ADa%20en%20Catalu%C3%B1a%20%28en%20catal%C3%A1n%29\" title=\"Email\" rel=\"nofollow noopener\" target=\"_blank\"><\/a><a class=\"a2a_button_print\" href=\"https:\/\/www.addtoany.com\/add_to\/print?linkurl=https%3A%2F%2Fxaviergimeno.net%2Fes%2Fpapeles%2Fcomunicacion-sociologia-cataluna&amp;linkname=Un%20modelo%20de%20an%C3%A1lisis%20y%20un%20sistema%20de%20hip%C3%B3tesis%20para%20el%20estudio%20del%20proceso%20de%20institucionalizaci%C3%B3n%20de%20la%20sociolog%C3%ADa%20en%20Catalu%C3%B1a%20%28en%20catal%C3%A1n%29\" title=\"Print\" rel=\"nofollow noopener\" target=\"_blank\"><\/a><a class=\"a2a_button_printfriendly\" href=\"https:\/\/www.addtoany.com\/add_to\/printfriendly?linkurl=https%3A%2F%2Fxaviergimeno.net%2Fes%2Fpapeles%2Fcomunicacion-sociologia-cataluna&amp;linkname=Un%20modelo%20de%20an%C3%A1lisis%20y%20un%20sistema%20de%20hip%C3%B3tesis%20para%20el%20estudio%20del%20proceso%20de%20institucionalizaci%C3%B3n%20de%20la%20sociolog%C3%ADa%20en%20Catalu%C3%B1a%20%28en%20catal%C3%A1n%29\" title=\"PrintFriendly\" rel=\"nofollow noopener\" target=\"_blank\"><\/a><a class=\"a2a_button_mendeley\" href=\"https:\/\/www.addtoany.com\/add_to\/mendeley?linkurl=https%3A%2F%2Fxaviergimeno.net%2Fes%2Fpapeles%2Fcomunicacion-sociologia-cataluna&amp;linkname=Un%20modelo%20de%20an%C3%A1lisis%20y%20un%20sistema%20de%20hip%C3%B3tesis%20para%20el%20estudio%20del%20proceso%20de%20institucionalizaci%C3%B3n%20de%20la%20sociolog%C3%ADa%20en%20Catalu%C3%B1a%20%28en%20catal%C3%A1n%29\" title=\"Mendeley\" rel=\"nofollow noopener\" target=\"_blank\"><\/a><a class=\"a2a_dd addtoany_share_save addtoany_share\" href=\"https:\/\/www.addtoany.com\/share\"><\/a><\/div><\/div><a style=\"float: right;\" title=\"Un modelo de an\u00e1lisis y un sistema de hip\u00f3tesis para el estudio del proceso de institucionalizaci\u00f3n de la sociolog\u00eda en Catalu\u00f1a (en catal\u00e1n)\" href=\"https:\/\/xaviergimeno.net\/files\/congres.pdf\" target=\"_blank\" rel=\"noopener\">Texto completo en PDF<\/a><\/div>\n<\/div>\n","protected":false},"excerpt":{"rendered":"<p>Comunicaci\u00f3n presentada en el V Congreso Catal\u00e1n de Sociolog\u00eda, Bellaterra, 2009. En&#8230;<\/p>\n","protected":false},"author":3,"featured_media":0,"parent":4668,"menu_order":22,"comment_status":"closed","ping_status":"closed","template":"template-fullwidth.php","meta":{"_monsterinsights_skip_tracking":false,"_monsterinsights_sitenote_active":false,"_monsterinsights_sitenote_note":"","_monsterinsights_sitenote_category":0,"footnotes":""},"class_list":["post-5151","page","type-page","status-publish","hentry"],"yoast_head":"<!-- This site is optimized with the Yoast SEO plugin v27.4 - https:\/\/yoast.com\/product\/yoast-seo-wordpress\/ -->\n<title>Un modelo de an\u00e1lisis e hip\u00f3tesis para estudiar la sociolog\u00eda de Catalu\u00f1a<\/title>\n<meta name=\"description\" content=\"Comunicaci\u00f3n sobre la institucionalizaci\u00f3n de la sociolog\u00eda en Catalu\u00f1a.\" \/>\n<meta name=\"robots\" content=\"index, follow, max-snippet:-1, max-image-preview:large, max-video-preview:-1\" \/>\n<link rel=\"canonical\" href=\"https:\/\/xaviergimeno.net\/es\/papeles\/comunicacion-sociologia-cataluna\" \/>\n<meta property=\"og:locale\" content=\"es_ES\" \/>\n<meta property=\"og:type\" content=\"article\" \/>\n<meta property=\"og:title\" content=\"Un modelo de an\u00e1lisis e hip\u00f3tesis para estudiar la sociolog\u00eda de Catalu\u00f1a\" \/>\n<meta property=\"og:description\" content=\"Comunicaci\u00f3n sobre la institucionalizaci\u00f3n de la sociolog\u00eda en Catalu\u00f1a.\" \/>\n<meta property=\"og:url\" content=\"https:\/\/xaviergimeno.net\/es\/papeles\/comunicacion-sociologia-cataluna\" \/>\n<meta property=\"og:site_name\" content=\"Xavier Gimeno Torrent\" \/>\n<meta property=\"article:publisher\" content=\"https:\/\/www.facebook.com\/XavierGimenoTorrent\" \/>\n<meta property=\"article:modified_time\" content=\"2026-02-18T15:15:28+00:00\" \/>\n<meta name=\"twitter:card\" content=\"summary_large_image\" \/>\n<meta name=\"twitter:site\" content=\"@Xavier_Gimeno\" \/>\n<meta name=\"twitter:label1\" content=\"Tiempo de lectura\" \/>\n\t<meta name=\"twitter:data1\" content=\"3 minutos\" \/>\n<script type=\"application\/ld+json\" class=\"yoast-schema-graph\">{\"@context\":\"https:\\\/\\\/schema.org\",\"@graph\":[{\"@type\":\"WebPage\",\"@id\":\"https:\\\/\\\/xaviergimeno.net\\\/es\\\/papeles\\\/comunicacion-sociologia-cataluna\",\"url\":\"https:\\\/\\\/xaviergimeno.net\\\/es\\\/papeles\\\/comunicacion-sociologia-cataluna\",\"name\":\"Un modelo de an\u00e1lisis e hip\u00f3tesis para estudiar la sociolog\u00eda de Catalu\u00f1a\",\"isPartOf\":{\"@id\":\"https:\\\/\\\/xaviergimeno.net\\\/#website\"},\"datePublished\":\"2010-08-22T13:28:52+00:00\",\"dateModified\":\"2026-02-18T15:15:28+00:00\",\"description\":\"Comunicaci\u00f3n sobre la institucionalizaci\u00f3n de la sociolog\u00eda en Catalu\u00f1a.\",\"breadcrumb\":{\"@id\":\"https:\\\/\\\/xaviergimeno.net\\\/es\\\/papeles\\\/comunicacion-sociologia-cataluna#breadcrumb\"},\"inLanguage\":\"es\",\"potentialAction\":[{\"@type\":\"ReadAction\",\"target\":[\"https:\\\/\\\/xaviergimeno.net\\\/es\\\/papeles\\\/comunicacion-sociologia-cataluna\"]}]},{\"@type\":\"BreadcrumbList\",\"@id\":\"https:\\\/\\\/xaviergimeno.net\\\/es\\\/papeles\\\/comunicacion-sociologia-cataluna#breadcrumb\",\"itemListElement\":[{\"@type\":\"ListItem\",\"position\":1,\"name\":\"Home\",\"item\":\"https:\\\/\\\/xaviergimeno.net\\\/es\"},{\"@type\":\"ListItem\",\"position\":2,\"name\":\"Papeles\",\"item\":\"https:\\\/\\\/xaviergimeno.net\\\/es\\\/papeles\"},{\"@type\":\"ListItem\",\"position\":3,\"name\":\"Un modelo de an\u00e1lisis y un sistema de hip\u00f3tesis para el estudio del proceso de institucionalizaci\u00f3n de la sociolog\u00eda en Catalu\u00f1a (en catal\u00e1n)\"}]},{\"@type\":\"WebSite\",\"@id\":\"https:\\\/\\\/xaviergimeno.net\\\/#website\",\"url\":\"https:\\\/\\\/xaviergimeno.net\\\/\",\"name\":\"Xavier Gimeno Torrent\",\"description\":\"soci\u00f3logo y traductor\",\"potentialAction\":[{\"@type\":\"SearchAction\",\"target\":{\"@type\":\"EntryPoint\",\"urlTemplate\":\"https:\\\/\\\/xaviergimeno.net\\\/?s={search_term_string}\"},\"query-input\":{\"@type\":\"PropertyValueSpecification\",\"valueRequired\":true,\"valueName\":\"search_term_string\"}}],\"inLanguage\":\"es\"}]}<\/script>\n<!-- \/ Yoast SEO plugin. -->","yoast_head_json":{"title":"Un modelo de an\u00e1lisis e hip\u00f3tesis para estudiar la sociolog\u00eda de Catalu\u00f1a","description":"Comunicaci\u00f3n sobre la institucionalizaci\u00f3n de la sociolog\u00eda en Catalu\u00f1a.","robots":{"index":"index","follow":"follow","max-snippet":"max-snippet:-1","max-image-preview":"max-image-preview:large","max-video-preview":"max-video-preview:-1"},"canonical":"https:\/\/xaviergimeno.net\/es\/papeles\/comunicacion-sociologia-cataluna","og_locale":"es_ES","og_type":"article","og_title":"Un modelo de an\u00e1lisis e hip\u00f3tesis para estudiar la sociolog\u00eda de Catalu\u00f1a","og_description":"Comunicaci\u00f3n sobre la institucionalizaci\u00f3n de la sociolog\u00eda en Catalu\u00f1a.","og_url":"https:\/\/xaviergimeno.net\/es\/papeles\/comunicacion-sociologia-cataluna","og_site_name":"Xavier Gimeno Torrent","article_publisher":"https:\/\/www.facebook.com\/XavierGimenoTorrent","article_modified_time":"2026-02-18T15:15:28+00:00","twitter_card":"summary_large_image","twitter_site":"@Xavier_Gimeno","twitter_misc":{"Tiempo de lectura":"3 minutos"},"schema":{"@context":"https:\/\/schema.org","@graph":[{"@type":"WebPage","@id":"https:\/\/xaviergimeno.net\/es\/papeles\/comunicacion-sociologia-cataluna","url":"https:\/\/xaviergimeno.net\/es\/papeles\/comunicacion-sociologia-cataluna","name":"Un modelo de an\u00e1lisis e hip\u00f3tesis para estudiar la sociolog\u00eda de Catalu\u00f1a","isPartOf":{"@id":"https:\/\/xaviergimeno.net\/#website"},"datePublished":"2010-08-22T13:28:52+00:00","dateModified":"2026-02-18T15:15:28+00:00","description":"Comunicaci\u00f3n sobre la institucionalizaci\u00f3n de la sociolog\u00eda en Catalu\u00f1a.","breadcrumb":{"@id":"https:\/\/xaviergimeno.net\/es\/papeles\/comunicacion-sociologia-cataluna#breadcrumb"},"inLanguage":"es","potentialAction":[{"@type":"ReadAction","target":["https:\/\/xaviergimeno.net\/es\/papeles\/comunicacion-sociologia-cataluna"]}]},{"@type":"BreadcrumbList","@id":"https:\/\/xaviergimeno.net\/es\/papeles\/comunicacion-sociologia-cataluna#breadcrumb","itemListElement":[{"@type":"ListItem","position":1,"name":"Home","item":"https:\/\/xaviergimeno.net\/es"},{"@type":"ListItem","position":2,"name":"Papeles","item":"https:\/\/xaviergimeno.net\/es\/papeles"},{"@type":"ListItem","position":3,"name":"Un modelo de an\u00e1lisis y un sistema de hip\u00f3tesis para el estudio del proceso de institucionalizaci\u00f3n de la sociolog\u00eda en Catalu\u00f1a (en catal\u00e1n)"}]},{"@type":"WebSite","@id":"https:\/\/xaviergimeno.net\/#website","url":"https:\/\/xaviergimeno.net\/","name":"Xavier Gimeno Torrent","description":"soci\u00f3logo y traductor","potentialAction":[{"@type":"SearchAction","target":{"@type":"EntryPoint","urlTemplate":"https:\/\/xaviergimeno.net\/?s={search_term_string}"},"query-input":{"@type":"PropertyValueSpecification","valueRequired":true,"valueName":"search_term_string"}}],"inLanguage":"es"}]}},"_links":{"self":[{"href":"https:\/\/xaviergimeno.net\/es\/wp-json\/wp\/v2\/pages\/5151","targetHints":{"allow":["GET"]}}],"collection":[{"href":"https:\/\/xaviergimeno.net\/es\/wp-json\/wp\/v2\/pages"}],"about":[{"href":"https:\/\/xaviergimeno.net\/es\/wp-json\/wp\/v2\/types\/page"}],"author":[{"embeddable":true,"href":"https:\/\/xaviergimeno.net\/es\/wp-json\/wp\/v2\/users\/3"}],"replies":[{"embeddable":true,"href":"https:\/\/xaviergimeno.net\/es\/wp-json\/wp\/v2\/comments?post=5151"}],"version-history":[{"count":0,"href":"https:\/\/xaviergimeno.net\/es\/wp-json\/wp\/v2\/pages\/5151\/revisions"}],"up":[{"embeddable":true,"href":"https:\/\/xaviergimeno.net\/es\/wp-json\/wp\/v2\/pages\/4668"}],"wp:attachment":[{"href":"https:\/\/xaviergimeno.net\/es\/wp-json\/wp\/v2\/media?parent=5151"}],"curies":[{"name":"wp","href":"https:\/\/api.w.org\/{rel}","templated":true}]}}