{"id":5162,"date":"2010-08-22T14:54:54","date_gmt":"2010-08-22T12:54:54","guid":{"rendered":"https:\/\/www.xaviergimeno.net\/es\/?page_id=5162"},"modified":"2026-02-18T16:14:12","modified_gmt":"2026-02-18T15:14:12","slug":"tesina-muestra-convenios-colectivos","status":"publish","type":"page","link":"https:\/\/xaviergimeno.net\/es\/papeles\/tesina-muestra-convenios-colectivos","title":{"rendered":"Propuesta de modelo para el estudio de la negociaci\u00f3n colectiva. Formulaci\u00f3n a partir del trabajo de construcci\u00f3n de una muestra de convenios colectivos (en catal\u00e1n)"},"content":{"rendered":"<p style=\"text-align: left;\"><em>Tesina de m\u00e1ster, 2007.<\/em><\/p>\n<p style=\"text-align: left;\">En este trabajo se explicita de manera muy detallada todo el proceso de construcci\u00f3n de una muestra aleatoria estratificada a partir del ejemplo concreto de la construcci\u00f3n de una muestra de convenios colectivos. El documento incide en la necesidad de fundamentar te\u00f3ricamente las operaciones estad\u00edsticas que se llevan a cabo mediante los modelos de an\u00e1lisis adecuados y los marcos te\u00f3ricos considerados m\u00e1s pertinentes. De esta forma se dan ejemplos, que pueden servir de modelos para la construcci\u00f3n de otras muestras, de c\u00f3mo enlazar los niveles emp\u00edrico y conceptual a la hora de construir muestras aleatorias estratificadas. El principal objetivo del trabajo es apuntar el requerimiento de romper pr\u00e1cticamente con la tradicional divisi\u00f3n entre trabajo conceptual y trabajo emp\u00edrico, totalmente incuestionada en el campo de la teor\u00eda del muestreo y de la metodolog\u00eda sociol\u00f3gica, ya que las operaciones t\u00e9cnicas m\u00e1s b\u00e1sicas que realiza el estad\u00edstico o el soci\u00f3logo nunca se fundamentan.<\/p>\n<div class=\"addthis-pagines\">\n<div class=\"a2a_kit a2a_default_style\" data-a2a-icon-color=\"#6C981A\">\n<div class=\"addtoany_shortcode\"><div class=\"a2a_kit a2a_kit_size_32 addtoany_list\" data-a2a-url=\"https:\/\/xaviergimeno.net\/es\/papeles\/tesina-muestra-convenios-colectivos\" data-a2a-title=\"Propuesta de modelo para el estudio de la negociaci\u00f3n colectiva. Formulaci\u00f3n a partir del trabajo de construcci\u00f3n de una muestra de convenios colectivos (en catal\u00e1n)\"><a class=\"a2a_button_facebook\" href=\"https:\/\/www.addtoany.com\/add_to\/facebook?linkurl=https%3A%2F%2Fxaviergimeno.net%2Fes%2Fpapeles%2Ftesina-muestra-convenios-colectivos&amp;linkname=Propuesta%20de%20modelo%20para%20el%20estudio%20de%20la%20negociaci%C3%B3n%20colectiva.%20Formulaci%C3%B3n%20a%20partir%20del%20trabajo%20de%20construcci%C3%B3n%20de%20una%20muestra%20de%20convenios%20colectivos%20%28en%20catal%C3%A1n%29\" title=\"Facebook\" rel=\"nofollow noopener\" target=\"_blank\"><\/a><a class=\"a2a_button_x\" href=\"https:\/\/www.addtoany.com\/add_to\/x?linkurl=https%3A%2F%2Fxaviergimeno.net%2Fes%2Fpapeles%2Ftesina-muestra-convenios-colectivos&amp;linkname=Propuesta%20de%20modelo%20para%20el%20estudio%20de%20la%20negociaci%C3%B3n%20colectiva.%20Formulaci%C3%B3n%20a%20partir%20del%20trabajo%20de%20construcci%C3%B3n%20de%20una%20muestra%20de%20convenios%20colectivos%20%28en%20catal%C3%A1n%29\" title=\"X\" rel=\"nofollow noopener\" target=\"_blank\"><\/a><a class=\"a2a_button_email\" href=\"https:\/\/www.addtoany.com\/add_to\/email?linkurl=https%3A%2F%2Fxaviergimeno.net%2Fes%2Fpapeles%2Ftesina-muestra-convenios-colectivos&amp;linkname=Propuesta%20de%20modelo%20para%20el%20estudio%20de%20la%20negociaci%C3%B3n%20colectiva.%20Formulaci%C3%B3n%20a%20partir%20del%20trabajo%20de%20construcci%C3%B3n%20de%20una%20muestra%20de%20convenios%20colectivos%20%28en%20catal%C3%A1n%29\" title=\"Email\" rel=\"nofollow noopener\" target=\"_blank\"><\/a><a class=\"a2a_button_print\" href=\"https:\/\/www.addtoany.com\/add_to\/print?linkurl=https%3A%2F%2Fxaviergimeno.net%2Fes%2Fpapeles%2Ftesina-muestra-convenios-colectivos&amp;linkname=Propuesta%20de%20modelo%20para%20el%20estudio%20de%20la%20negociaci%C3%B3n%20colectiva.%20Formulaci%C3%B3n%20a%20partir%20del%20trabajo%20de%20construcci%C3%B3n%20de%20una%20muestra%20de%20convenios%20colectivos%20%28en%20catal%C3%A1n%29\" title=\"Print\" rel=\"nofollow noopener\" target=\"_blank\"><\/a><a class=\"a2a_button_printfriendly\" href=\"https:\/\/www.addtoany.com\/add_to\/printfriendly?linkurl=https%3A%2F%2Fxaviergimeno.net%2Fes%2Fpapeles%2Ftesina-muestra-convenios-colectivos&amp;linkname=Propuesta%20de%20modelo%20para%20el%20estudio%20de%20la%20negociaci%C3%B3n%20colectiva.%20Formulaci%C3%B3n%20a%20partir%20del%20trabajo%20de%20construcci%C3%B3n%20de%20una%20muestra%20de%20convenios%20colectivos%20%28en%20catal%C3%A1n%29\" title=\"PrintFriendly\" rel=\"nofollow noopener\" target=\"_blank\"><\/a><a class=\"a2a_button_mendeley\" href=\"https:\/\/www.addtoany.com\/add_to\/mendeley?linkurl=https%3A%2F%2Fxaviergimeno.net%2Fes%2Fpapeles%2Ftesina-muestra-convenios-colectivos&amp;linkname=Propuesta%20de%20modelo%20para%20el%20estudio%20de%20la%20negociaci%C3%B3n%20colectiva.%20Formulaci%C3%B3n%20a%20partir%20del%20trabajo%20de%20construcci%C3%B3n%20de%20una%20muestra%20de%20convenios%20colectivos%20%28en%20catal%C3%A1n%29\" title=\"Mendeley\" rel=\"nofollow noopener\" target=\"_blank\"><\/a><a class=\"a2a_dd addtoany_share_save addtoany_share\" href=\"https:\/\/www.addtoany.com\/share\"><\/a><\/div><\/div><a style=\"float: right;\" title=\"Propuesta de modelo para el estudio de la negociaci\u00f3n colectiva. Formulaci\u00f3n a partir del trabajo de construcci\u00f3n de una muestra de convenios colectivos (en catal\u00e1n)\" href=\"https:\/\/xaviergimeno.net\/files\/mostra.pdf\" target=\"_blank\" rel=\"noopener\">Texto completo en PDF<\/a><\/div>\n<\/div>\n","protected":false},"excerpt":{"rendered":"<p>Tesina de m\u00e1ster, 2007. En este trabajo se explicita de manera muy&#8230;<\/p>\n","protected":false},"author":3,"featured_media":0,"parent":4668,"menu_order":23,"comment_status":"closed","ping_status":"closed","template":"template-fullwidth.php","meta":{"_monsterinsights_skip_tracking":false,"_monsterinsights_sitenote_active":false,"_monsterinsights_sitenote_note":"","_monsterinsights_sitenote_category":0,"footnotes":""},"class_list":["post-5162","page","type-page","status-publish","hentry"],"yoast_head":"<!-- This site is optimized with the Yoast SEO plugin v27.4 - https:\/\/yoast.com\/product\/yoast-seo-wordpress\/ -->\n<title>Propuesta de modelo para el estudio de la negociaci\u00f3n colectiva<\/title>\n<meta name=\"description\" content=\"Trabajo sobre la construcci\u00f3n de una muestra aleatoria estratificada.\" \/>\n<meta name=\"robots\" content=\"index, follow, max-snippet:-1, max-image-preview:large, max-video-preview:-1\" \/>\n<link rel=\"canonical\" href=\"https:\/\/xaviergimeno.net\/es\/papeles\/tesina-muestra-convenios-colectivos\" \/>\n<meta property=\"og:locale\" content=\"es_ES\" \/>\n<meta property=\"og:type\" content=\"article\" \/>\n<meta property=\"og:title\" content=\"Propuesta de modelo para el estudio de la negociaci\u00f3n colectiva\" \/>\n<meta property=\"og:description\" content=\"Trabajo sobre la construcci\u00f3n de una muestra aleatoria estratificada.\" \/>\n<meta property=\"og:url\" content=\"https:\/\/xaviergimeno.net\/es\/papeles\/tesina-muestra-convenios-colectivos\" \/>\n<meta property=\"og:site_name\" content=\"Xavier Gimeno Torrent\" \/>\n<meta property=\"article:publisher\" content=\"https:\/\/www.facebook.com\/XavierGimenoTorrent\" \/>\n<meta property=\"article:modified_time\" content=\"2026-02-18T15:14:12+00:00\" \/>\n<meta name=\"twitter:card\" content=\"summary_large_image\" \/>\n<meta name=\"twitter:site\" content=\"@Xavier_Gimeno\" \/>\n<meta name=\"twitter:label1\" content=\"Tiempo de lectura\" \/>\n\t<meta name=\"twitter:data1\" content=\"1 minuto\" \/>\n<script type=\"application\/ld+json\" class=\"yoast-schema-graph\">{\"@context\":\"https:\\\/\\\/schema.org\",\"@graph\":[{\"@type\":\"WebPage\",\"@id\":\"https:\\\/\\\/xaviergimeno.net\\\/es\\\/papeles\\\/tesina-muestra-convenios-colectivos\",\"url\":\"https:\\\/\\\/xaviergimeno.net\\\/es\\\/papeles\\\/tesina-muestra-convenios-colectivos\",\"name\":\"Propuesta de modelo para el estudio de la negociaci\u00f3n colectiva\",\"isPartOf\":{\"@id\":\"https:\\\/\\\/xaviergimeno.net\\\/#website\"},\"datePublished\":\"2010-08-22T12:54:54+00:00\",\"dateModified\":\"2026-02-18T15:14:12+00:00\",\"description\":\"Trabajo sobre la construcci\u00f3n de una muestra aleatoria estratificada.\",\"breadcrumb\":{\"@id\":\"https:\\\/\\\/xaviergimeno.net\\\/es\\\/papeles\\\/tesina-muestra-convenios-colectivos#breadcrumb\"},\"inLanguage\":\"es\",\"potentialAction\":[{\"@type\":\"ReadAction\",\"target\":[\"https:\\\/\\\/xaviergimeno.net\\\/es\\\/papeles\\\/tesina-muestra-convenios-colectivos\"]}]},{\"@type\":\"BreadcrumbList\",\"@id\":\"https:\\\/\\\/xaviergimeno.net\\\/es\\\/papeles\\\/tesina-muestra-convenios-colectivos#breadcrumb\",\"itemListElement\":[{\"@type\":\"ListItem\",\"position\":1,\"name\":\"Home\",\"item\":\"https:\\\/\\\/xaviergimeno.net\\\/es\"},{\"@type\":\"ListItem\",\"position\":2,\"name\":\"Papeles\",\"item\":\"https:\\\/\\\/xaviergimeno.net\\\/es\\\/papeles\"},{\"@type\":\"ListItem\",\"position\":3,\"name\":\"Propuesta de modelo para el estudio de la negociaci\u00f3n colectiva. Formulaci\u00f3n a partir del trabajo de construcci\u00f3n de una muestra de convenios colectivos (en catal\u00e1n)\"}]},{\"@type\":\"WebSite\",\"@id\":\"https:\\\/\\\/xaviergimeno.net\\\/#website\",\"url\":\"https:\\\/\\\/xaviergimeno.net\\\/\",\"name\":\"Xavier Gimeno Torrent\",\"description\":\"soci\u00f3logo y traductor\",\"potentialAction\":[{\"@type\":\"SearchAction\",\"target\":{\"@type\":\"EntryPoint\",\"urlTemplate\":\"https:\\\/\\\/xaviergimeno.net\\\/?s={search_term_string}\"},\"query-input\":{\"@type\":\"PropertyValueSpecification\",\"valueRequired\":true,\"valueName\":\"search_term_string\"}}],\"inLanguage\":\"es\"}]}<\/script>\n<!-- \/ Yoast SEO plugin. -->","yoast_head_json":{"title":"Propuesta de modelo para el estudio de la negociaci\u00f3n colectiva","description":"Trabajo sobre la construcci\u00f3n de una muestra aleatoria estratificada.","robots":{"index":"index","follow":"follow","max-snippet":"max-snippet:-1","max-image-preview":"max-image-preview:large","max-video-preview":"max-video-preview:-1"},"canonical":"https:\/\/xaviergimeno.net\/es\/papeles\/tesina-muestra-convenios-colectivos","og_locale":"es_ES","og_type":"article","og_title":"Propuesta de modelo para el estudio de la negociaci\u00f3n colectiva","og_description":"Trabajo sobre la construcci\u00f3n de una muestra aleatoria estratificada.","og_url":"https:\/\/xaviergimeno.net\/es\/papeles\/tesina-muestra-convenios-colectivos","og_site_name":"Xavier Gimeno Torrent","article_publisher":"https:\/\/www.facebook.com\/XavierGimenoTorrent","article_modified_time":"2026-02-18T15:14:12+00:00","twitter_card":"summary_large_image","twitter_site":"@Xavier_Gimeno","twitter_misc":{"Tiempo de lectura":"1 minuto"},"schema":{"@context":"https:\/\/schema.org","@graph":[{"@type":"WebPage","@id":"https:\/\/xaviergimeno.net\/es\/papeles\/tesina-muestra-convenios-colectivos","url":"https:\/\/xaviergimeno.net\/es\/papeles\/tesina-muestra-convenios-colectivos","name":"Propuesta de modelo para el estudio de la negociaci\u00f3n colectiva","isPartOf":{"@id":"https:\/\/xaviergimeno.net\/#website"},"datePublished":"2010-08-22T12:54:54+00:00","dateModified":"2026-02-18T15:14:12+00:00","description":"Trabajo sobre la construcci\u00f3n de una muestra aleatoria estratificada.","breadcrumb":{"@id":"https:\/\/xaviergimeno.net\/es\/papeles\/tesina-muestra-convenios-colectivos#breadcrumb"},"inLanguage":"es","potentialAction":[{"@type":"ReadAction","target":["https:\/\/xaviergimeno.net\/es\/papeles\/tesina-muestra-convenios-colectivos"]}]},{"@type":"BreadcrumbList","@id":"https:\/\/xaviergimeno.net\/es\/papeles\/tesina-muestra-convenios-colectivos#breadcrumb","itemListElement":[{"@type":"ListItem","position":1,"name":"Home","item":"https:\/\/xaviergimeno.net\/es"},{"@type":"ListItem","position":2,"name":"Papeles","item":"https:\/\/xaviergimeno.net\/es\/papeles"},{"@type":"ListItem","position":3,"name":"Propuesta de modelo para el estudio de la negociaci\u00f3n colectiva. Formulaci\u00f3n a partir del trabajo de construcci\u00f3n de una muestra de convenios colectivos (en catal\u00e1n)"}]},{"@type":"WebSite","@id":"https:\/\/xaviergimeno.net\/#website","url":"https:\/\/xaviergimeno.net\/","name":"Xavier Gimeno Torrent","description":"soci\u00f3logo y traductor","potentialAction":[{"@type":"SearchAction","target":{"@type":"EntryPoint","urlTemplate":"https:\/\/xaviergimeno.net\/?s={search_term_string}"},"query-input":{"@type":"PropertyValueSpecification","valueRequired":true,"valueName":"search_term_string"}}],"inLanguage":"es"}]}},"_links":{"self":[{"href":"https:\/\/xaviergimeno.net\/es\/wp-json\/wp\/v2\/pages\/5162","targetHints":{"allow":["GET"]}}],"collection":[{"href":"https:\/\/xaviergimeno.net\/es\/wp-json\/wp\/v2\/pages"}],"about":[{"href":"https:\/\/xaviergimeno.net\/es\/wp-json\/wp\/v2\/types\/page"}],"author":[{"embeddable":true,"href":"https:\/\/xaviergimeno.net\/es\/wp-json\/wp\/v2\/users\/3"}],"replies":[{"embeddable":true,"href":"https:\/\/xaviergimeno.net\/es\/wp-json\/wp\/v2\/comments?post=5162"}],"version-history":[{"count":0,"href":"https:\/\/xaviergimeno.net\/es\/wp-json\/wp\/v2\/pages\/5162\/revisions"}],"up":[{"embeddable":true,"href":"https:\/\/xaviergimeno.net\/es\/wp-json\/wp\/v2\/pages\/4668"}],"wp:attachment":[{"href":"https:\/\/xaviergimeno.net\/es\/wp-json\/wp\/v2\/media?parent=5162"}],"curies":[{"name":"wp","href":"https:\/\/api.w.org\/{rel}","templated":true}]}}