{"id":5175,"date":"2010-08-21T16:50:44","date_gmt":"2010-08-21T14:50:44","guid":{"rendered":"https:\/\/www.xaviergimeno.net\/es\/?page_id=5175"},"modified":"2026-02-18T16:12:55","modified_gmt":"2026-02-18T15:12:55","slug":"incidencias-trabajo-campo","status":"publish","type":"page","link":"https:\/\/xaviergimeno.net\/es\/papeles\/incidencias-trabajo-campo","title":{"rendered":"Incidencias durante el trabajo de campo con encuestas personales en estudios epidemiol\u00f3gicos"},"content":{"rendered":"<p style=\"text-align: left;\"><em>Coescrito con Clara Llorens, Salvador Moncada y Albert Navarro. Publicado en Metodolog\u00eda de Encuestas, 2006, volumen 8: 61-74 (Monogr\u00e1fico: Incidencias en el trabajo de campo).<\/em><\/p>\n<p style=\"text-align: left;\">OBJETIVO: El objetivo de este art\u00edculo es describir cu\u00e1les son las incidencias m\u00e1s comunes que tienen lugar durante la realizaci\u00f3n del trabajo de campo en investigaciones epidemiol\u00f3gicas mediante encuesta personal. M\u00c9TODO: Para ello se construy\u00f3 una base de datos que conten\u00eda las incidencias registradas a lo largo de la segunda \u2014de un total de tres\u2014 oleada (2.540 encuestas) de la investigaci\u00f3n epidemiol\u00f3gica \u00abexposici\u00f3n a factores psicosociales en el trabajo, precariedad laboral, doble presencia y salud\u00bb, a lo largo de la cual se realizaron en total 7.650 entrevistas. La base de datos de incidencias conten\u00eda, adem\u00e1s de las variables dependientes relativas a las incidencias (7 variables), otras 3 variables que serv\u00edan para describir, desde el punto de vista sociodemogr\u00e1fico, a las secciones censales donde se realizaron las encuestas. Esta base de datos se analiz\u00f3 usando la t\u00e9cnica del an\u00e1lisis de tablas de contingencia mediante \u03c72, por tratarse de una t\u00e9cnica a medio camino entre la descripci\u00f3n y el an\u00e1lisis, muy adecuada para la investigaci\u00f3n de objetos a\u00fan poco definidos (como es el caso). RESULTADOS: Los resultados sugieren la necesidad de considerar dos niveles explicativos: el municipio en cuanto al n\u00famero de habitantes, como primera caracter\u00edstica, y las caracter\u00edsticas sociodemogr\u00e1ficas de las secciones censales, ya que las incidencias se relacionan diferentemente con unas (por ejemplo, la inmigraci\u00f3n en determinadas secciones) u otras caracter\u00edsticas de las secciones censales (por ejemplo, el envejecimiento de la poblaci\u00f3n en otras secciones) seg\u00fan se trate de capitales de provincia, de ciudades grandes, peque\u00f1as, o pueblos.<\/p>\n<div class=\"addthis-pagines\">\n<div class=\"a2a_kit a2a_default_style\" data-a2a-icon-color=\"#6C981A\">\n<div class=\"addtoany_shortcode\"><div class=\"a2a_kit a2a_kit_size_32 addtoany_list\" data-a2a-url=\"https:\/\/xaviergimeno.net\/es\/papeles\/incidencias-trabajo-campo\" data-a2a-title=\"Incidencias durante el trabajo de campo con encuestas personales en estudios epidemiol\u00f3gicos\"><a class=\"a2a_button_facebook\" href=\"https:\/\/www.addtoany.com\/add_to\/facebook?linkurl=https%3A%2F%2Fxaviergimeno.net%2Fes%2Fpapeles%2Fincidencias-trabajo-campo&amp;linkname=Incidencias%20durante%20el%20trabajo%20de%20campo%20con%20encuestas%20personales%20en%20estudios%20epidemiol%C3%B3gicos\" title=\"Facebook\" rel=\"nofollow noopener\" target=\"_blank\"><\/a><a class=\"a2a_button_x\" href=\"https:\/\/www.addtoany.com\/add_to\/x?linkurl=https%3A%2F%2Fxaviergimeno.net%2Fes%2Fpapeles%2Fincidencias-trabajo-campo&amp;linkname=Incidencias%20durante%20el%20trabajo%20de%20campo%20con%20encuestas%20personales%20en%20estudios%20epidemiol%C3%B3gicos\" title=\"X\" rel=\"nofollow noopener\" target=\"_blank\"><\/a><a class=\"a2a_button_email\" href=\"https:\/\/www.addtoany.com\/add_to\/email?linkurl=https%3A%2F%2Fxaviergimeno.net%2Fes%2Fpapeles%2Fincidencias-trabajo-campo&amp;linkname=Incidencias%20durante%20el%20trabajo%20de%20campo%20con%20encuestas%20personales%20en%20estudios%20epidemiol%C3%B3gicos\" title=\"Email\" rel=\"nofollow noopener\" target=\"_blank\"><\/a><a class=\"a2a_button_print\" href=\"https:\/\/www.addtoany.com\/add_to\/print?linkurl=https%3A%2F%2Fxaviergimeno.net%2Fes%2Fpapeles%2Fincidencias-trabajo-campo&amp;linkname=Incidencias%20durante%20el%20trabajo%20de%20campo%20con%20encuestas%20personales%20en%20estudios%20epidemiol%C3%B3gicos\" title=\"Print\" rel=\"nofollow noopener\" target=\"_blank\"><\/a><a class=\"a2a_button_printfriendly\" href=\"https:\/\/www.addtoany.com\/add_to\/printfriendly?linkurl=https%3A%2F%2Fxaviergimeno.net%2Fes%2Fpapeles%2Fincidencias-trabajo-campo&amp;linkname=Incidencias%20durante%20el%20trabajo%20de%20campo%20con%20encuestas%20personales%20en%20estudios%20epidemiol%C3%B3gicos\" title=\"PrintFriendly\" rel=\"nofollow noopener\" target=\"_blank\"><\/a><a class=\"a2a_button_mendeley\" href=\"https:\/\/www.addtoany.com\/add_to\/mendeley?linkurl=https%3A%2F%2Fxaviergimeno.net%2Fes%2Fpapeles%2Fincidencias-trabajo-campo&amp;linkname=Incidencias%20durante%20el%20trabajo%20de%20campo%20con%20encuestas%20personales%20en%20estudios%20epidemiol%C3%B3gicos\" title=\"Mendeley\" rel=\"nofollow noopener\" target=\"_blank\"><\/a><a class=\"a2a_dd addtoany_share_save addtoany_share\" href=\"https:\/\/www.addtoany.com\/share\"><\/a><\/div><\/div><a style=\"float: right;\" title=\"Incidencias durante el trabajo de campo con encuestas personales en estudios epidemiol\u00f3gicos\" href=\"https:\/\/xaviergimeno.net\/files\/incidenc.pdf\" target=\"_blank\" rel=\"noopener\">Texto completo en PDF<\/a><\/div>\n<\/div>\n","protected":false},"excerpt":{"rendered":"<p>Coescrito con Clara Llorens, Salvador Moncada y Albert Navarro. Publicado en Metodolog\u00eda&#8230;<\/p>\n","protected":false},"author":3,"featured_media":0,"parent":4668,"menu_order":24,"comment_status":"closed","ping_status":"closed","template":"template-fullwidth.php","meta":{"_monsterinsights_skip_tracking":false,"_monsterinsights_sitenote_active":false,"_monsterinsights_sitenote_note":"","_monsterinsights_sitenote_category":0,"footnotes":""},"class_list":["post-5175","page","type-page","status-publish","hentry"],"yoast_head":"<!-- This site is optimized with the Yoast SEO plugin v27.4 - https:\/\/yoast.com\/product\/yoast-seo-wordpress\/ -->\n<title>Incidencias durante el trabajo de campo con encuestas personales<\/title>\n<meta name=\"description\" content=\"Art\u00edculo sobre incidencias durante el trabajo de campo con encuestas personales.\" \/>\n<meta name=\"robots\" content=\"index, follow, max-snippet:-1, max-image-preview:large, max-video-preview:-1\" \/>\n<link rel=\"canonical\" href=\"https:\/\/xaviergimeno.net\/es\/papeles\/incidencias-trabajo-campo\" \/>\n<meta property=\"og:locale\" content=\"es_ES\" \/>\n<meta property=\"og:type\" content=\"article\" \/>\n<meta property=\"og:title\" content=\"Incidencias durante el trabajo de campo con encuestas personales\" \/>\n<meta property=\"og:description\" content=\"Art\u00edculo sobre incidencias durante el trabajo de campo con encuestas personales.\" \/>\n<meta property=\"og:url\" content=\"https:\/\/xaviergimeno.net\/es\/papeles\/incidencias-trabajo-campo\" \/>\n<meta property=\"og:site_name\" content=\"Xavier Gimeno Torrent\" \/>\n<meta property=\"article:publisher\" content=\"https:\/\/www.facebook.com\/XavierGimenoTorrent\" \/>\n<meta property=\"article:modified_time\" content=\"2026-02-18T15:12:55+00:00\" \/>\n<meta name=\"twitter:card\" content=\"summary_large_image\" \/>\n<meta name=\"twitter:site\" content=\"@Xavier_Gimeno\" \/>\n<meta name=\"twitter:label1\" content=\"Tiempo de lectura\" \/>\n\t<meta name=\"twitter:data1\" content=\"2 minutos\" \/>\n<script type=\"application\/ld+json\" class=\"yoast-schema-graph\">{\"@context\":\"https:\\\/\\\/schema.org\",\"@graph\":[{\"@type\":\"WebPage\",\"@id\":\"https:\\\/\\\/xaviergimeno.net\\\/es\\\/papeles\\\/incidencias-trabajo-campo\",\"url\":\"https:\\\/\\\/xaviergimeno.net\\\/es\\\/papeles\\\/incidencias-trabajo-campo\",\"name\":\"Incidencias durante el trabajo de campo con encuestas personales\",\"isPartOf\":{\"@id\":\"https:\\\/\\\/xaviergimeno.net\\\/#website\"},\"datePublished\":\"2010-08-21T14:50:44+00:00\",\"dateModified\":\"2026-02-18T15:12:55+00:00\",\"description\":\"Art\u00edculo sobre incidencias durante el trabajo de campo con encuestas personales.\",\"breadcrumb\":{\"@id\":\"https:\\\/\\\/xaviergimeno.net\\\/es\\\/papeles\\\/incidencias-trabajo-campo#breadcrumb\"},\"inLanguage\":\"es\",\"potentialAction\":[{\"@type\":\"ReadAction\",\"target\":[\"https:\\\/\\\/xaviergimeno.net\\\/es\\\/papeles\\\/incidencias-trabajo-campo\"]}]},{\"@type\":\"BreadcrumbList\",\"@id\":\"https:\\\/\\\/xaviergimeno.net\\\/es\\\/papeles\\\/incidencias-trabajo-campo#breadcrumb\",\"itemListElement\":[{\"@type\":\"ListItem\",\"position\":1,\"name\":\"Home\",\"item\":\"https:\\\/\\\/xaviergimeno.net\\\/es\"},{\"@type\":\"ListItem\",\"position\":2,\"name\":\"Papeles\",\"item\":\"https:\\\/\\\/xaviergimeno.net\\\/es\\\/papeles\"},{\"@type\":\"ListItem\",\"position\":3,\"name\":\"Incidencias durante el trabajo de campo con encuestas personales en estudios epidemiol\u00f3gicos\"}]},{\"@type\":\"WebSite\",\"@id\":\"https:\\\/\\\/xaviergimeno.net\\\/#website\",\"url\":\"https:\\\/\\\/xaviergimeno.net\\\/\",\"name\":\"Xavier Gimeno Torrent\",\"description\":\"soci\u00f3logo y traductor\",\"potentialAction\":[{\"@type\":\"SearchAction\",\"target\":{\"@type\":\"EntryPoint\",\"urlTemplate\":\"https:\\\/\\\/xaviergimeno.net\\\/?s={search_term_string}\"},\"query-input\":{\"@type\":\"PropertyValueSpecification\",\"valueRequired\":true,\"valueName\":\"search_term_string\"}}],\"inLanguage\":\"es\"}]}<\/script>\n<!-- \/ Yoast SEO plugin. -->","yoast_head_json":{"title":"Incidencias durante el trabajo de campo con encuestas personales","description":"Art\u00edculo sobre incidencias durante el trabajo de campo con encuestas personales.","robots":{"index":"index","follow":"follow","max-snippet":"max-snippet:-1","max-image-preview":"max-image-preview:large","max-video-preview":"max-video-preview:-1"},"canonical":"https:\/\/xaviergimeno.net\/es\/papeles\/incidencias-trabajo-campo","og_locale":"es_ES","og_type":"article","og_title":"Incidencias durante el trabajo de campo con encuestas personales","og_description":"Art\u00edculo sobre incidencias durante el trabajo de campo con encuestas personales.","og_url":"https:\/\/xaviergimeno.net\/es\/papeles\/incidencias-trabajo-campo","og_site_name":"Xavier Gimeno Torrent","article_publisher":"https:\/\/www.facebook.com\/XavierGimenoTorrent","article_modified_time":"2026-02-18T15:12:55+00:00","twitter_card":"summary_large_image","twitter_site":"@Xavier_Gimeno","twitter_misc":{"Tiempo de lectura":"2 minutos"},"schema":{"@context":"https:\/\/schema.org","@graph":[{"@type":"WebPage","@id":"https:\/\/xaviergimeno.net\/es\/papeles\/incidencias-trabajo-campo","url":"https:\/\/xaviergimeno.net\/es\/papeles\/incidencias-trabajo-campo","name":"Incidencias durante el trabajo de campo con encuestas personales","isPartOf":{"@id":"https:\/\/xaviergimeno.net\/#website"},"datePublished":"2010-08-21T14:50:44+00:00","dateModified":"2026-02-18T15:12:55+00:00","description":"Art\u00edculo sobre incidencias durante el trabajo de campo con encuestas personales.","breadcrumb":{"@id":"https:\/\/xaviergimeno.net\/es\/papeles\/incidencias-trabajo-campo#breadcrumb"},"inLanguage":"es","potentialAction":[{"@type":"ReadAction","target":["https:\/\/xaviergimeno.net\/es\/papeles\/incidencias-trabajo-campo"]}]},{"@type":"BreadcrumbList","@id":"https:\/\/xaviergimeno.net\/es\/papeles\/incidencias-trabajo-campo#breadcrumb","itemListElement":[{"@type":"ListItem","position":1,"name":"Home","item":"https:\/\/xaviergimeno.net\/es"},{"@type":"ListItem","position":2,"name":"Papeles","item":"https:\/\/xaviergimeno.net\/es\/papeles"},{"@type":"ListItem","position":3,"name":"Incidencias durante el trabajo de campo con encuestas personales en estudios epidemiol\u00f3gicos"}]},{"@type":"WebSite","@id":"https:\/\/xaviergimeno.net\/#website","url":"https:\/\/xaviergimeno.net\/","name":"Xavier Gimeno Torrent","description":"soci\u00f3logo y traductor","potentialAction":[{"@type":"SearchAction","target":{"@type":"EntryPoint","urlTemplate":"https:\/\/xaviergimeno.net\/?s={search_term_string}"},"query-input":{"@type":"PropertyValueSpecification","valueRequired":true,"valueName":"search_term_string"}}],"inLanguage":"es"}]}},"_links":{"self":[{"href":"https:\/\/xaviergimeno.net\/es\/wp-json\/wp\/v2\/pages\/5175","targetHints":{"allow":["GET"]}}],"collection":[{"href":"https:\/\/xaviergimeno.net\/es\/wp-json\/wp\/v2\/pages"}],"about":[{"href":"https:\/\/xaviergimeno.net\/es\/wp-json\/wp\/v2\/types\/page"}],"author":[{"embeddable":true,"href":"https:\/\/xaviergimeno.net\/es\/wp-json\/wp\/v2\/users\/3"}],"replies":[{"embeddable":true,"href":"https:\/\/xaviergimeno.net\/es\/wp-json\/wp\/v2\/comments?post=5175"}],"version-history":[{"count":0,"href":"https:\/\/xaviergimeno.net\/es\/wp-json\/wp\/v2\/pages\/5175\/revisions"}],"up":[{"embeddable":true,"href":"https:\/\/xaviergimeno.net\/es\/wp-json\/wp\/v2\/pages\/4668"}],"wp:attachment":[{"href":"https:\/\/xaviergimeno.net\/es\/wp-json\/wp\/v2\/media?parent=5175"}],"curies":[{"name":"wp","href":"https:\/\/api.w.org\/{rel}","templated":true}]}}