{"id":5191,"date":"2010-08-21T16:05:29","date_gmt":"2010-08-21T14:05:29","guid":{"rendered":"https:\/\/www.xaviergimeno.net\/es\/?page_id=5191"},"modified":"2026-02-18T16:11:19","modified_gmt":"2026-02-18T15:11:19","slug":"clasificacion-jerarquia","status":"publish","type":"page","link":"https:\/\/xaviergimeno.net\/es\/papeles\/clasificacion-jerarquia","title":{"rendered":"Clasificaci\u00f3n y jerarqu\u00eda. La estructura de desigualdades del Departamento de Sociolog\u00eda de la UAB (1998-2003) vista a trav\u00e9s del an\u00e1lisis de la estructura de relaciones (en catal\u00e1n)"},"content":{"rendered":"<p style=\"text-align: left;\"><em>Trabajo finalista en el IX Concurso de J\u00f3venes Soci\u00f3logos (Catalu\u00f1a, 2005). Publicado en Revista Catalana de Sociologia, 2006, n\u00famero 21: 77-112.<\/em><\/p>\n<p style=\"text-align: left;\">El objetivo de este trabajo es efectuar una descripci\u00f3n inicial de algunas de las desigualdades instituidas en el campo sociol\u00f3gico en Catalu\u00f1a. Para ello se ha estudiado el caso del Departamento de Sociolog\u00eda de la Universidad Aut\u00f3noma de Barcelona durante el per\u00edodo 1998-2003, analizando, mediante la t\u00e9cnica del an\u00e1lisis de redes sociales y la del an\u00e1lisis de tablas de contingencia, las relaciones de citaci\u00f3n que se establecen entre todos los miembros del Departamento. Se ha usado este indicador relativo al capital social como indicador susceptible de mostrar las desigualdades de car\u00e1cter simb\u00f3lico (prestigio) que dependen de las desigualdades de car\u00e1cter material, ya que la red de relaciones sociales establecidas es realmente un indicador de los recursos materiales asociados a cada una de las posiciones que ocupan los agentes y no exactamente del prestigio de los agentes, en tanto que no se ha analizado qu\u00e9 aportaciones son m\u00e1s valoradas, sino cu\u00e1les son m\u00e1s numerosas. Y es veros\u00edmil pensar que se cita m\u00e1s a aquellos que tienen m\u00e1s recursos para investigar, que son, tambi\u00e9n, los que m\u00e1s pueden publicar. Los resultados obtenidos parecen manifestar la importancia de diversas divisiones que pueden suponer mayores o menores desigualdades: el grado de divisi\u00f3n del trabajo (sociolog\u00eda artesanal versus sociolog\u00eda especializada), la subespecialidad (sociolog\u00eda emp\u00edrica versus sociolog\u00eda te\u00f3rica), las diversas l\u00edneas de investigaci\u00f3n existentes (en las que son centrales la sociolog\u00eda de la formaci\u00f3n y el empleo, la sociolog\u00eda del trabajo y la metodolog\u00eda) y, muy especialmente, el sexo del sujeto de investigaci\u00f3n, que es uno de los ejes de desigualdad al parecer m\u00e1s importantes que constituye una verdadera frontera de g\u00e9nero.<\/p>\n<div class=\"addthis-pagines\">\n<div class=\"a2a_kit a2a_default_style\" data-a2a-icon-color=\"#6C981A\">\n<div class=\"addtoany_shortcode\"><div class=\"a2a_kit a2a_kit_size_32 addtoany_list\" data-a2a-url=\"https:\/\/xaviergimeno.net\/es\/papeles\/clasificacion-jerarquia\" data-a2a-title=\"Clasificaci\u00f3n y jerarqu\u00eda. La estructura de desigualdades del Departamento de Sociolog\u00eda de la UAB (1998-2003) vista a trav\u00e9s del an\u00e1lisis de la estructura de relaciones (en catal\u00e1n)\"><a class=\"a2a_button_facebook\" href=\"https:\/\/www.addtoany.com\/add_to\/facebook?linkurl=https%3A%2F%2Fxaviergimeno.net%2Fes%2Fpapeles%2Fclasificacion-jerarquia&amp;linkname=Clasificaci%C3%B3n%20y%20jerarqu%C3%ADa.%20La%20estructura%20de%20desigualdades%20del%20Departamento%20de%20Sociolog%C3%ADa%20de%20la%20UAB%20%281998-2003%29%20vista%20a%20trav%C3%A9s%20del%20an%C3%A1lisis%20de%20la%20estructura%20de%20relaciones%20%28en%20catal%C3%A1n%29\" title=\"Facebook\" rel=\"nofollow noopener\" target=\"_blank\"><\/a><a class=\"a2a_button_x\" href=\"https:\/\/www.addtoany.com\/add_to\/x?linkurl=https%3A%2F%2Fxaviergimeno.net%2Fes%2Fpapeles%2Fclasificacion-jerarquia&amp;linkname=Clasificaci%C3%B3n%20y%20jerarqu%C3%ADa.%20La%20estructura%20de%20desigualdades%20del%20Departamento%20de%20Sociolog%C3%ADa%20de%20la%20UAB%20%281998-2003%29%20vista%20a%20trav%C3%A9s%20del%20an%C3%A1lisis%20de%20la%20estructura%20de%20relaciones%20%28en%20catal%C3%A1n%29\" title=\"X\" rel=\"nofollow noopener\" target=\"_blank\"><\/a><a class=\"a2a_button_email\" href=\"https:\/\/www.addtoany.com\/add_to\/email?linkurl=https%3A%2F%2Fxaviergimeno.net%2Fes%2Fpapeles%2Fclasificacion-jerarquia&amp;linkname=Clasificaci%C3%B3n%20y%20jerarqu%C3%ADa.%20La%20estructura%20de%20desigualdades%20del%20Departamento%20de%20Sociolog%C3%ADa%20de%20la%20UAB%20%281998-2003%29%20vista%20a%20trav%C3%A9s%20del%20an%C3%A1lisis%20de%20la%20estructura%20de%20relaciones%20%28en%20catal%C3%A1n%29\" title=\"Email\" rel=\"nofollow noopener\" target=\"_blank\"><\/a><a class=\"a2a_button_print\" href=\"https:\/\/www.addtoany.com\/add_to\/print?linkurl=https%3A%2F%2Fxaviergimeno.net%2Fes%2Fpapeles%2Fclasificacion-jerarquia&amp;linkname=Clasificaci%C3%B3n%20y%20jerarqu%C3%ADa.%20La%20estructura%20de%20desigualdades%20del%20Departamento%20de%20Sociolog%C3%ADa%20de%20la%20UAB%20%281998-2003%29%20vista%20a%20trav%C3%A9s%20del%20an%C3%A1lisis%20de%20la%20estructura%20de%20relaciones%20%28en%20catal%C3%A1n%29\" title=\"Print\" rel=\"nofollow noopener\" target=\"_blank\"><\/a><a class=\"a2a_button_printfriendly\" href=\"https:\/\/www.addtoany.com\/add_to\/printfriendly?linkurl=https%3A%2F%2Fxaviergimeno.net%2Fes%2Fpapeles%2Fclasificacion-jerarquia&amp;linkname=Clasificaci%C3%B3n%20y%20jerarqu%C3%ADa.%20La%20estructura%20de%20desigualdades%20del%20Departamento%20de%20Sociolog%C3%ADa%20de%20la%20UAB%20%281998-2003%29%20vista%20a%20trav%C3%A9s%20del%20an%C3%A1lisis%20de%20la%20estructura%20de%20relaciones%20%28en%20catal%C3%A1n%29\" title=\"PrintFriendly\" rel=\"nofollow noopener\" target=\"_blank\"><\/a><a class=\"a2a_button_mendeley\" href=\"https:\/\/www.addtoany.com\/add_to\/mendeley?linkurl=https%3A%2F%2Fxaviergimeno.net%2Fes%2Fpapeles%2Fclasificacion-jerarquia&amp;linkname=Clasificaci%C3%B3n%20y%20jerarqu%C3%ADa.%20La%20estructura%20de%20desigualdades%20del%20Departamento%20de%20Sociolog%C3%ADa%20de%20la%20UAB%20%281998-2003%29%20vista%20a%20trav%C3%A9s%20del%20an%C3%A1lisis%20de%20la%20estructura%20de%20relaciones%20%28en%20catal%C3%A1n%29\" title=\"Mendeley\" rel=\"nofollow noopener\" target=\"_blank\"><\/a><a class=\"a2a_dd addtoany_share_save addtoany_share\" href=\"https:\/\/www.addtoany.com\/share\"><\/a><\/div><\/div><a style=\"float: right;\" title=\"Clasificaci\u00f3n y jerarqu\u00eda. La estructura de desigualdades del Departamento de Sociolog\u00eda de la UAB (1998-2003) vista a trav\u00e9s del an\u00e1lisis de la estructura de relaciones (en catal\u00e1n)\" href=\"https:\/\/xaviergimeno.net\/files\/clasjerq.pdf\" target=\"_blank\" rel=\"noopener\">Texto completo en PDF<\/a><\/div>\n<\/div>\n","protected":false},"excerpt":{"rendered":"<p>Trabajo finalista en el IX Concurso de J\u00f3venes Soci\u00f3logos (Catalu\u00f1a, 2005). Publicado&#8230;<\/p>\n","protected":false},"author":3,"featured_media":0,"parent":4668,"menu_order":25,"comment_status":"closed","ping_status":"closed","template":"template-fullwidth.php","meta":{"_monsterinsights_skip_tracking":false,"_monsterinsights_sitenote_active":false,"_monsterinsights_sitenote_note":"","_monsterinsights_sitenote_category":0,"footnotes":""},"class_list":["post-5191","page","type-page","status-publish","hentry"],"yoast_head":"<!-- This site is optimized with the Yoast SEO plugin v27.4 - https:\/\/yoast.com\/product\/yoast-seo-wordpress\/ -->\n<title>Clasificaci\u00f3n y jerarqu\u00eda<\/title>\n<meta name=\"description\" content=\"Clasificaci\u00f3n y jerarqu\u00eda. Art\u00edculo premiado en el IX Concurso de J\u00f3venes Soci\u00f3logos (Catalu\u00f1a, 2005).\" \/>\n<meta name=\"robots\" content=\"index, follow, max-snippet:-1, max-image-preview:large, max-video-preview:-1\" \/>\n<link rel=\"canonical\" href=\"https:\/\/xaviergimeno.net\/es\/papeles\/clasificacion-jerarquia\" \/>\n<meta property=\"og:locale\" content=\"es_ES\" \/>\n<meta property=\"og:type\" content=\"article\" \/>\n<meta property=\"og:title\" content=\"Clasificaci\u00f3n y jerarqu\u00eda\" \/>\n<meta property=\"og:description\" content=\"Clasificaci\u00f3n y jerarqu\u00eda. Art\u00edculo premiado en el IX Concurso de J\u00f3venes Soci\u00f3logos (Catalu\u00f1a, 2005).\" \/>\n<meta property=\"og:url\" content=\"https:\/\/xaviergimeno.net\/es\/papeles\/clasificacion-jerarquia\" \/>\n<meta property=\"og:site_name\" content=\"Xavier Gimeno Torrent\" \/>\n<meta property=\"article:publisher\" content=\"https:\/\/www.facebook.com\/XavierGimenoTorrent\" \/>\n<meta property=\"article:modified_time\" content=\"2026-02-18T15:11:19+00:00\" \/>\n<meta name=\"twitter:card\" content=\"summary_large_image\" \/>\n<meta name=\"twitter:site\" content=\"@Xavier_Gimeno\" \/>\n<meta name=\"twitter:label1\" content=\"Tiempo de lectura\" \/>\n\t<meta name=\"twitter:data1\" content=\"2 minutos\" \/>\n<script type=\"application\/ld+json\" class=\"yoast-schema-graph\">{\"@context\":\"https:\\\/\\\/schema.org\",\"@graph\":[{\"@type\":\"WebPage\",\"@id\":\"https:\\\/\\\/xaviergimeno.net\\\/es\\\/papeles\\\/clasificacion-jerarquia\",\"url\":\"https:\\\/\\\/xaviergimeno.net\\\/es\\\/papeles\\\/clasificacion-jerarquia\",\"name\":\"Clasificaci\u00f3n y jerarqu\u00eda\",\"isPartOf\":{\"@id\":\"https:\\\/\\\/xaviergimeno.net\\\/#website\"},\"datePublished\":\"2010-08-21T14:05:29+00:00\",\"dateModified\":\"2026-02-18T15:11:19+00:00\",\"description\":\"Clasificaci\u00f3n y jerarqu\u00eda. Art\u00edculo premiado en el IX Concurso de J\u00f3venes Soci\u00f3logos (Catalu\u00f1a, 2005).\",\"breadcrumb\":{\"@id\":\"https:\\\/\\\/xaviergimeno.net\\\/es\\\/papeles\\\/clasificacion-jerarquia#breadcrumb\"},\"inLanguage\":\"es\",\"potentialAction\":[{\"@type\":\"ReadAction\",\"target\":[\"https:\\\/\\\/xaviergimeno.net\\\/es\\\/papeles\\\/clasificacion-jerarquia\"]}]},{\"@type\":\"BreadcrumbList\",\"@id\":\"https:\\\/\\\/xaviergimeno.net\\\/es\\\/papeles\\\/clasificacion-jerarquia#breadcrumb\",\"itemListElement\":[{\"@type\":\"ListItem\",\"position\":1,\"name\":\"Home\",\"item\":\"https:\\\/\\\/xaviergimeno.net\\\/es\"},{\"@type\":\"ListItem\",\"position\":2,\"name\":\"Papeles\",\"item\":\"https:\\\/\\\/xaviergimeno.net\\\/es\\\/papeles\"},{\"@type\":\"ListItem\",\"position\":3,\"name\":\"Clasificaci\u00f3n y jerarqu\u00eda. La estructura de desigualdades del Departamento de Sociolog\u00eda de la UAB (1998-2003) vista a trav\u00e9s del an\u00e1lisis de la estructura de relaciones (en catal\u00e1n)\"}]},{\"@type\":\"WebSite\",\"@id\":\"https:\\\/\\\/xaviergimeno.net\\\/#website\",\"url\":\"https:\\\/\\\/xaviergimeno.net\\\/\",\"name\":\"Xavier Gimeno Torrent\",\"description\":\"soci\u00f3logo y traductor\",\"potentialAction\":[{\"@type\":\"SearchAction\",\"target\":{\"@type\":\"EntryPoint\",\"urlTemplate\":\"https:\\\/\\\/xaviergimeno.net\\\/?s={search_term_string}\"},\"query-input\":{\"@type\":\"PropertyValueSpecification\",\"valueRequired\":true,\"valueName\":\"search_term_string\"}}],\"inLanguage\":\"es\"}]}<\/script>\n<!-- \/ Yoast SEO plugin. -->","yoast_head_json":{"title":"Clasificaci\u00f3n y jerarqu\u00eda","description":"Clasificaci\u00f3n y jerarqu\u00eda. Art\u00edculo premiado en el IX Concurso de J\u00f3venes Soci\u00f3logos (Catalu\u00f1a, 2005).","robots":{"index":"index","follow":"follow","max-snippet":"max-snippet:-1","max-image-preview":"max-image-preview:large","max-video-preview":"max-video-preview:-1"},"canonical":"https:\/\/xaviergimeno.net\/es\/papeles\/clasificacion-jerarquia","og_locale":"es_ES","og_type":"article","og_title":"Clasificaci\u00f3n y jerarqu\u00eda","og_description":"Clasificaci\u00f3n y jerarqu\u00eda. Art\u00edculo premiado en el IX Concurso de J\u00f3venes Soci\u00f3logos (Catalu\u00f1a, 2005).","og_url":"https:\/\/xaviergimeno.net\/es\/papeles\/clasificacion-jerarquia","og_site_name":"Xavier Gimeno Torrent","article_publisher":"https:\/\/www.facebook.com\/XavierGimenoTorrent","article_modified_time":"2026-02-18T15:11:19+00:00","twitter_card":"summary_large_image","twitter_site":"@Xavier_Gimeno","twitter_misc":{"Tiempo de lectura":"2 minutos"},"schema":{"@context":"https:\/\/schema.org","@graph":[{"@type":"WebPage","@id":"https:\/\/xaviergimeno.net\/es\/papeles\/clasificacion-jerarquia","url":"https:\/\/xaviergimeno.net\/es\/papeles\/clasificacion-jerarquia","name":"Clasificaci\u00f3n y jerarqu\u00eda","isPartOf":{"@id":"https:\/\/xaviergimeno.net\/#website"},"datePublished":"2010-08-21T14:05:29+00:00","dateModified":"2026-02-18T15:11:19+00:00","description":"Clasificaci\u00f3n y jerarqu\u00eda. Art\u00edculo premiado en el IX Concurso de J\u00f3venes Soci\u00f3logos (Catalu\u00f1a, 2005).","breadcrumb":{"@id":"https:\/\/xaviergimeno.net\/es\/papeles\/clasificacion-jerarquia#breadcrumb"},"inLanguage":"es","potentialAction":[{"@type":"ReadAction","target":["https:\/\/xaviergimeno.net\/es\/papeles\/clasificacion-jerarquia"]}]},{"@type":"BreadcrumbList","@id":"https:\/\/xaviergimeno.net\/es\/papeles\/clasificacion-jerarquia#breadcrumb","itemListElement":[{"@type":"ListItem","position":1,"name":"Home","item":"https:\/\/xaviergimeno.net\/es"},{"@type":"ListItem","position":2,"name":"Papeles","item":"https:\/\/xaviergimeno.net\/es\/papeles"},{"@type":"ListItem","position":3,"name":"Clasificaci\u00f3n y jerarqu\u00eda. La estructura de desigualdades del Departamento de Sociolog\u00eda de la UAB (1998-2003) vista a trav\u00e9s del an\u00e1lisis de la estructura de relaciones (en catal\u00e1n)"}]},{"@type":"WebSite","@id":"https:\/\/xaviergimeno.net\/#website","url":"https:\/\/xaviergimeno.net\/","name":"Xavier Gimeno Torrent","description":"soci\u00f3logo y traductor","potentialAction":[{"@type":"SearchAction","target":{"@type":"EntryPoint","urlTemplate":"https:\/\/xaviergimeno.net\/?s={search_term_string}"},"query-input":{"@type":"PropertyValueSpecification","valueRequired":true,"valueName":"search_term_string"}}],"inLanguage":"es"}]}},"_links":{"self":[{"href":"https:\/\/xaviergimeno.net\/es\/wp-json\/wp\/v2\/pages\/5191","targetHints":{"allow":["GET"]}}],"collection":[{"href":"https:\/\/xaviergimeno.net\/es\/wp-json\/wp\/v2\/pages"}],"about":[{"href":"https:\/\/xaviergimeno.net\/es\/wp-json\/wp\/v2\/types\/page"}],"author":[{"embeddable":true,"href":"https:\/\/xaviergimeno.net\/es\/wp-json\/wp\/v2\/users\/3"}],"replies":[{"embeddable":true,"href":"https:\/\/xaviergimeno.net\/es\/wp-json\/wp\/v2\/comments?post=5191"}],"version-history":[{"count":0,"href":"https:\/\/xaviergimeno.net\/es\/wp-json\/wp\/v2\/pages\/5191\/revisions"}],"up":[{"embeddable":true,"href":"https:\/\/xaviergimeno.net\/es\/wp-json\/wp\/v2\/pages\/4668"}],"wp:attachment":[{"href":"https:\/\/xaviergimeno.net\/es\/wp-json\/wp\/v2\/media?parent=5191"}],"curies":[{"name":"wp","href":"https:\/\/api.w.org\/{rel}","templated":true}]}}