{"id":5198,"date":"2010-08-21T01:02:56","date_gmt":"2010-08-20T23:02:56","guid":{"rendered":"https:\/\/www.xaviergimeno.net\/es\/?page_id=5198"},"modified":"2023-06-15T19:46:08","modified_gmt":"2023-06-15T17:46:08","slug":"libros","status":"publish","type":"page","link":"https:\/\/xaviergimeno.net\/es\/libros","title":{"rendered":"Libros"},"content":{"rendered":"<p><a title=\"La entrevista enfocada. Una gu\u00eda pr\u00e1ctica de problemas y procedimientos\" href=\"https:\/\/www.xaviergimeno.net\/es\/libros\/entrevista-enfocada\">La entrevista enfocada. Una gu\u00eda pr\u00e1ctica de problemas y procedimientos<\/a><\/p>\n<p><a title=\"El campo pol\u00edtico (en catal\u00e1n)\" href=\"https:\/\/www.xaviergimeno.net\/es\/libros\/campo-politico\">El campo pol\u00edtico (en catal\u00e1n)<\/a><\/p>\n<p><a title=\"Esbozo de autoan\u00e1lisis (en catal\u00e1n)\" href=\"https:\/\/www.xaviergimeno.net\/es\/libros\/esbozo-autoanalisis\">Esbozo de autoan\u00e1lisis (en catal\u00e1n)<\/a><\/p>\n<p><a title=\"Organizaci\u00f3n del trabajo: Factores Psicosociales y Salud. Experiencias de prevenci\u00f3n\" href=\"https:\/\/www.xaviergimeno.net\/es\/libros\/organizacion-trabajo-factores-psicosociales\">Organizaci\u00f3n del trabajo: Factores Psicosociales y Salud. Experiencias de prevenci\u00f3n<\/a><\/p>\n<p><a title=\"La negociaci\u00f3n colectiva en Catalu\u00f1a (en catal\u00e1n)\" href=\"https:\/\/www.xaviergimeno.net\/es\/libros\/negociacion-colectiva-cataluna\">La negociaci\u00f3n colectiva en Catalu\u00f1a (en catal\u00e1n)<\/a><\/p>\n","protected":false},"excerpt":{"rendered":"<p>La entrevista enfocada. Una gu\u00eda pr\u00e1ctica de problemas y procedimientos El campo&#8230;<\/p>\n","protected":false},"author":3,"featured_media":0,"parent":0,"menu_order":7,"comment_status":"closed","ping_status":"closed","template":"template-fullwidth.php","meta":{"_monsterinsights_skip_tracking":false,"_monsterinsights_sitenote_active":false,"_monsterinsights_sitenote_note":"","_monsterinsights_sitenote_category":0,"footnotes":""},"class_list":["post-5198","page","type-page","status-publish","hentry"],"yoast_head":"<!-- This site is optimized with the Yoast SEO plugin v27.4 - https:\/\/yoast.com\/product\/yoast-seo-wordpress\/ -->\n<title>Libros de Xavier Gimeno Torrent<\/title>\n<meta name=\"description\" content=\"Libros escritos, coescritos o traducidos por Xavier Gimeno Torrent.\" \/>\n<meta name=\"robots\" content=\"index, follow, max-snippet:-1, max-image-preview:large, max-video-preview:-1\" \/>\n<link rel=\"canonical\" href=\"https:\/\/xaviergimeno.net\/es\/libros\" \/>\n<meta property=\"og:locale\" content=\"es_ES\" \/>\n<meta property=\"og:type\" content=\"article\" \/>\n<meta property=\"og:title\" content=\"Libros de Xavier Gimeno Torrent\" \/>\n<meta property=\"og:description\" content=\"Libros escritos, coescritos o traducidos por Xavier Gimeno Torrent.\" \/>\n<meta property=\"og:url\" content=\"https:\/\/xaviergimeno.net\/es\/libros\" \/>\n<meta property=\"og:site_name\" content=\"Xavier Gimeno Torrent\" \/>\n<meta property=\"article:publisher\" content=\"https:\/\/www.facebook.com\/XavierGimenoTorrent\" \/>\n<meta property=\"article:modified_time\" content=\"2023-06-15T17:46:08+00:00\" \/>\n<meta name=\"twitter:card\" content=\"summary_large_image\" \/>\n<meta name=\"twitter:site\" content=\"@Xavier_Gimeno\" \/>\n<meta name=\"twitter:label1\" content=\"Tiempo de lectura\" \/>\n\t<meta name=\"twitter:data1\" content=\"1 minuto\" \/>\n<script type=\"application\/ld+json\" class=\"yoast-schema-graph\">{\"@context\":\"https:\\\/\\\/schema.org\",\"@graph\":[{\"@type\":\"WebPage\",\"@id\":\"https:\\\/\\\/xaviergimeno.net\\\/es\\\/libros\",\"url\":\"https:\\\/\\\/xaviergimeno.net\\\/es\\\/libros\",\"name\":\"Libros de Xavier Gimeno Torrent\",\"isPartOf\":{\"@id\":\"https:\\\/\\\/xaviergimeno.net\\\/#website\"},\"datePublished\":\"2010-08-20T23:02:56+00:00\",\"dateModified\":\"2023-06-15T17:46:08+00:00\",\"description\":\"Libros escritos, coescritos o traducidos por Xavier Gimeno Torrent.\",\"breadcrumb\":{\"@id\":\"https:\\\/\\\/xaviergimeno.net\\\/es\\\/libros#breadcrumb\"},\"inLanguage\":\"es\",\"potentialAction\":[{\"@type\":\"ReadAction\",\"target\":[\"https:\\\/\\\/xaviergimeno.net\\\/es\\\/libros\"]}]},{\"@type\":\"BreadcrumbList\",\"@id\":\"https:\\\/\\\/xaviergimeno.net\\\/es\\\/libros#breadcrumb\",\"itemListElement\":[{\"@type\":\"ListItem\",\"position\":1,\"name\":\"Home\",\"item\":\"https:\\\/\\\/xaviergimeno.net\\\/es\"},{\"@type\":\"ListItem\",\"position\":2,\"name\":\"Libros\"}]},{\"@type\":\"WebSite\",\"@id\":\"https:\\\/\\\/xaviergimeno.net\\\/#website\",\"url\":\"https:\\\/\\\/xaviergimeno.net\\\/\",\"name\":\"Xavier Gimeno Torrent\",\"description\":\"soci\u00f3logo y traductor\",\"potentialAction\":[{\"@type\":\"SearchAction\",\"target\":{\"@type\":\"EntryPoint\",\"urlTemplate\":\"https:\\\/\\\/xaviergimeno.net\\\/?s={search_term_string}\"},\"query-input\":{\"@type\":\"PropertyValueSpecification\",\"valueRequired\":true,\"valueName\":\"search_term_string\"}}],\"inLanguage\":\"es\"}]}<\/script>\n<!-- \/ Yoast SEO plugin. -->","yoast_head_json":{"title":"Libros de Xavier Gimeno Torrent","description":"Libros escritos, coescritos o traducidos por Xavier Gimeno Torrent.","robots":{"index":"index","follow":"follow","max-snippet":"max-snippet:-1","max-image-preview":"max-image-preview:large","max-video-preview":"max-video-preview:-1"},"canonical":"https:\/\/xaviergimeno.net\/es\/libros","og_locale":"es_ES","og_type":"article","og_title":"Libros de Xavier Gimeno Torrent","og_description":"Libros escritos, coescritos o traducidos por Xavier Gimeno Torrent.","og_url":"https:\/\/xaviergimeno.net\/es\/libros","og_site_name":"Xavier Gimeno Torrent","article_publisher":"https:\/\/www.facebook.com\/XavierGimenoTorrent","article_modified_time":"2023-06-15T17:46:08+00:00","twitter_card":"summary_large_image","twitter_site":"@Xavier_Gimeno","twitter_misc":{"Tiempo de lectura":"1 minuto"},"schema":{"@context":"https:\/\/schema.org","@graph":[{"@type":"WebPage","@id":"https:\/\/xaviergimeno.net\/es\/libros","url":"https:\/\/xaviergimeno.net\/es\/libros","name":"Libros de Xavier Gimeno Torrent","isPartOf":{"@id":"https:\/\/xaviergimeno.net\/#website"},"datePublished":"2010-08-20T23:02:56+00:00","dateModified":"2023-06-15T17:46:08+00:00","description":"Libros escritos, coescritos o traducidos por Xavier Gimeno Torrent.","breadcrumb":{"@id":"https:\/\/xaviergimeno.net\/es\/libros#breadcrumb"},"inLanguage":"es","potentialAction":[{"@type":"ReadAction","target":["https:\/\/xaviergimeno.net\/es\/libros"]}]},{"@type":"BreadcrumbList","@id":"https:\/\/xaviergimeno.net\/es\/libros#breadcrumb","itemListElement":[{"@type":"ListItem","position":1,"name":"Home","item":"https:\/\/xaviergimeno.net\/es"},{"@type":"ListItem","position":2,"name":"Libros"}]},{"@type":"WebSite","@id":"https:\/\/xaviergimeno.net\/#website","url":"https:\/\/xaviergimeno.net\/","name":"Xavier Gimeno Torrent","description":"soci\u00f3logo y traductor","potentialAction":[{"@type":"SearchAction","target":{"@type":"EntryPoint","urlTemplate":"https:\/\/xaviergimeno.net\/?s={search_term_string}"},"query-input":{"@type":"PropertyValueSpecification","valueRequired":true,"valueName":"search_term_string"}}],"inLanguage":"es"}]}},"_links":{"self":[{"href":"https:\/\/xaviergimeno.net\/es\/wp-json\/wp\/v2\/pages\/5198","targetHints":{"allow":["GET"]}}],"collection":[{"href":"https:\/\/xaviergimeno.net\/es\/wp-json\/wp\/v2\/pages"}],"about":[{"href":"https:\/\/xaviergimeno.net\/es\/wp-json\/wp\/v2\/types\/page"}],"author":[{"embeddable":true,"href":"https:\/\/xaviergimeno.net\/es\/wp-json\/wp\/v2\/users\/3"}],"replies":[{"embeddable":true,"href":"https:\/\/xaviergimeno.net\/es\/wp-json\/wp\/v2\/comments?post=5198"}],"version-history":[{"count":0,"href":"https:\/\/xaviergimeno.net\/es\/wp-json\/wp\/v2\/pages\/5198\/revisions"}],"wp:attachment":[{"href":"https:\/\/xaviergimeno.net\/es\/wp-json\/wp\/v2\/media?parent=5198"}],"curies":[{"name":"wp","href":"https:\/\/api.w.org\/{rel}","templated":true}]}}