{"id":5231,"date":"2010-08-23T16:23:19","date_gmt":"2010-08-23T14:23:19","guid":{"rendered":"https:\/\/www.xaviergimeno.net\/es\/?page_id=5231"},"modified":"2023-08-11T13:55:47","modified_gmt":"2023-08-11T11:55:47","slug":"campo-politico","status":"publish","type":"page","link":"https:\/\/xaviergimeno.net\/es\/libros\/campo-politico","title":{"rendered":"El campo pol\u00edtico (en catal\u00e1n)"},"content":{"rendered":"<p><em>Traducci\u00f3n catalana de Propos sur le champ politique de Pierre Bourdieu y Philippe Fritsch. Gedisa, 2017.<\/em><\/p>\n<p>\u00bfSe puede callar cuando se divisa un peligro? La respuesta a esta pregunta es, ciertamente, moral y pol\u00edtica. Sin embargo, en la conferencia que dict\u00f3 en Lyon el 11 de febrero de 1999 y que constituye el n\u00facleo de esta obra, Pierre Bourdieu la responde, preferentemente, en calidad de soci\u00f3logo. Centradas en el <em>campo pol\u00edtico<\/em>, sus propuestas van perfilando progresivamente el significado de esta noci\u00f3n y lo que permite captar, las condiciones sociales de la dominaci\u00f3n pol\u00edtica y lo que supone el silencio de las multitudes, pero tambi\u00e9n lo que se puede conseguir con la fuerza cr\u00edtica de la ciencia. Las investigaciones en que se basa su respuesta las evoca Philippe Fritsch en una introducci\u00f3n donde se manifiestan los sucesivos hallazgos y donde se repasa tanto la continuidad como la diversidad de esta problem\u00e1tica. Estos trabajos de investigaci\u00f3n se evocan, una vez m\u00e1s, a lo largo de la transcripci\u00f3n de la entrevista que, ese mismo d\u00eda, Pierre Bourdieu concedi\u00f3 a Philippe Fritsch y que trat\u00f3 sobre las relaciones entre las ciencias sociales y la pol\u00edtica. En \u00faltimo lugar, estos mismos trabajos son directamente recordados por los cuatro textos in\u00e9ditos que re\u00fane el volumen en su parte final, y que dan constancia de una preocupaci\u00f3n y de la variedad de registros de su enunciaci\u00f3n.<\/p>\n<div class=\"addthis-pagines\">\n<div class=\"a2a_kit a2a_default_style\" data-a2a-icon-color=\"#6C981A\">\n<div class=\"addtoany_shortcode\"><div class=\"a2a_kit a2a_kit_size_32 addtoany_list\" data-a2a-url=\"https:\/\/xaviergimeno.net\/es\/libros\/campo-politico\" data-a2a-title=\"El campo pol\u00edtico (en catal\u00e1n)\"><a class=\"a2a_button_facebook\" href=\"https:\/\/www.addtoany.com\/add_to\/facebook?linkurl=https%3A%2F%2Fxaviergimeno.net%2Fes%2Flibros%2Fcampo-politico&amp;linkname=El%20campo%20pol%C3%ADtico%20%28en%20catal%C3%A1n%29\" title=\"Facebook\" rel=\"nofollow noopener\" target=\"_blank\"><\/a><a class=\"a2a_button_x\" href=\"https:\/\/www.addtoany.com\/add_to\/x?linkurl=https%3A%2F%2Fxaviergimeno.net%2Fes%2Flibros%2Fcampo-politico&amp;linkname=El%20campo%20pol%C3%ADtico%20%28en%20catal%C3%A1n%29\" title=\"X\" rel=\"nofollow noopener\" target=\"_blank\"><\/a><a class=\"a2a_button_email\" href=\"https:\/\/www.addtoany.com\/add_to\/email?linkurl=https%3A%2F%2Fxaviergimeno.net%2Fes%2Flibros%2Fcampo-politico&amp;linkname=El%20campo%20pol%C3%ADtico%20%28en%20catal%C3%A1n%29\" title=\"Email\" rel=\"nofollow noopener\" target=\"_blank\"><\/a><a class=\"a2a_button_print\" href=\"https:\/\/www.addtoany.com\/add_to\/print?linkurl=https%3A%2F%2Fxaviergimeno.net%2Fes%2Flibros%2Fcampo-politico&amp;linkname=El%20campo%20pol%C3%ADtico%20%28en%20catal%C3%A1n%29\" title=\"Print\" rel=\"nofollow noopener\" target=\"_blank\"><\/a><a class=\"a2a_button_printfriendly\" href=\"https:\/\/www.addtoany.com\/add_to\/printfriendly?linkurl=https%3A%2F%2Fxaviergimeno.net%2Fes%2Flibros%2Fcampo-politico&amp;linkname=El%20campo%20pol%C3%ADtico%20%28en%20catal%C3%A1n%29\" title=\"PrintFriendly\" rel=\"nofollow noopener\" target=\"_blank\"><\/a><a class=\"a2a_button_mendeley\" href=\"https:\/\/www.addtoany.com\/add_to\/mendeley?linkurl=https%3A%2F%2Fxaviergimeno.net%2Fes%2Flibros%2Fcampo-politico&amp;linkname=El%20campo%20pol%C3%ADtico%20%28en%20catal%C3%A1n%29\" title=\"Mendeley\" rel=\"nofollow noopener\" target=\"_blank\"><\/a><a class=\"a2a_dd addtoany_share_save addtoany_share\" href=\"https:\/\/www.addtoany.com\/share\"><\/a><\/div><\/div><a style=\"float: right;\" title=\"El campo pol\u00edtico\" href=\"https:\/\/books.google.com\/books?id=_Ks_DwAAQBAJ&#038;printsec=frontcover&#038;redir_esc=y#v=onepage&#038;q&#038;f=false\" target=\"_blank\" rel=\"noopener noreferrer\">El campo pol\u00edtico<\/a><\/div>\n<\/div>\n","protected":false},"excerpt":{"rendered":"<p>Traducci\u00f3n catalana de Propos sur le champ politique de Pierre Bourdieu y&#8230;<\/p>\n","protected":false},"author":3,"featured_media":0,"parent":5198,"menu_order":2,"comment_status":"closed","ping_status":"closed","template":"template-fullwidth.php","meta":{"_monsterinsights_skip_tracking":false,"_monsterinsights_sitenote_active":false,"_monsterinsights_sitenote_note":"","_monsterinsights_sitenote_category":0,"footnotes":""},"class_list":["post-5231","page","type-page","status-publish","hentry"],"yoast_head":"<!-- This site is optimized with the Yoast SEO plugin v27.4 - https:\/\/yoast.com\/product\/yoast-seo-wordpress\/ -->\n<title>El campo pol\u00edtico<\/title>\n<meta name=\"description\" content=\"Traducci\u00f3n catalana de Propos sur le champ politique de Pierre Bourdieu y Philippe Fritsch.\" \/>\n<meta name=\"robots\" content=\"index, follow, max-snippet:-1, max-image-preview:large, max-video-preview:-1\" \/>\n<link rel=\"canonical\" href=\"https:\/\/xaviergimeno.net\/es\/libros\/campo-politico\" \/>\n<meta property=\"og:locale\" content=\"es_ES\" \/>\n<meta property=\"og:type\" content=\"article\" \/>\n<meta property=\"og:title\" content=\"El campo pol\u00edtico\" \/>\n<meta property=\"og:description\" content=\"Traducci\u00f3n catalana de Propos sur le champ politique de Pierre Bourdieu y Philippe Fritsch.\" \/>\n<meta property=\"og:url\" content=\"https:\/\/xaviergimeno.net\/es\/libros\/campo-politico\" \/>\n<meta property=\"og:site_name\" content=\"Xavier Gimeno Torrent\" \/>\n<meta property=\"article:publisher\" content=\"https:\/\/www.facebook.com\/XavierGimenoTorrent\" \/>\n<meta property=\"article:modified_time\" content=\"2023-08-11T11:55:47+00:00\" \/>\n<meta name=\"twitter:card\" content=\"summary_large_image\" \/>\n<meta name=\"twitter:site\" content=\"@Xavier_Gimeno\" \/>\n<meta name=\"twitter:label1\" content=\"Tiempo de lectura\" \/>\n\t<meta name=\"twitter:data1\" content=\"2 minutos\" \/>\n<script type=\"application\/ld+json\" class=\"yoast-schema-graph\">{\"@context\":\"https:\\\/\\\/schema.org\",\"@graph\":[{\"@type\":\"WebPage\",\"@id\":\"https:\\\/\\\/xaviergimeno.net\\\/es\\\/libros\\\/campo-politico\",\"url\":\"https:\\\/\\\/xaviergimeno.net\\\/es\\\/libros\\\/campo-politico\",\"name\":\"El campo pol\u00edtico\",\"isPartOf\":{\"@id\":\"https:\\\/\\\/xaviergimeno.net\\\/#website\"},\"datePublished\":\"2010-08-23T14:23:19+00:00\",\"dateModified\":\"2023-08-11T11:55:47+00:00\",\"description\":\"Traducci\u00f3n catalana de Propos sur le champ politique de Pierre Bourdieu y Philippe Fritsch.\",\"breadcrumb\":{\"@id\":\"https:\\\/\\\/xaviergimeno.net\\\/es\\\/libros\\\/campo-politico#breadcrumb\"},\"inLanguage\":\"es\",\"potentialAction\":[{\"@type\":\"ReadAction\",\"target\":[\"https:\\\/\\\/xaviergimeno.net\\\/es\\\/libros\\\/campo-politico\"]}]},{\"@type\":\"BreadcrumbList\",\"@id\":\"https:\\\/\\\/xaviergimeno.net\\\/es\\\/libros\\\/campo-politico#breadcrumb\",\"itemListElement\":[{\"@type\":\"ListItem\",\"position\":1,\"name\":\"Home\",\"item\":\"https:\\\/\\\/xaviergimeno.net\\\/es\"},{\"@type\":\"ListItem\",\"position\":2,\"name\":\"Libros\",\"item\":\"https:\\\/\\\/xaviergimeno.net\\\/es\\\/libros\"},{\"@type\":\"ListItem\",\"position\":3,\"name\":\"El campo pol\u00edtico (en catal\u00e1n)\"}]},{\"@type\":\"WebSite\",\"@id\":\"https:\\\/\\\/xaviergimeno.net\\\/#website\",\"url\":\"https:\\\/\\\/xaviergimeno.net\\\/\",\"name\":\"Xavier Gimeno Torrent\",\"description\":\"soci\u00f3logo y traductor\",\"potentialAction\":[{\"@type\":\"SearchAction\",\"target\":{\"@type\":\"EntryPoint\",\"urlTemplate\":\"https:\\\/\\\/xaviergimeno.net\\\/?s={search_term_string}\"},\"query-input\":{\"@type\":\"PropertyValueSpecification\",\"valueRequired\":true,\"valueName\":\"search_term_string\"}}],\"inLanguage\":\"es\"}]}<\/script>\n<!-- \/ Yoast SEO plugin. -->","yoast_head_json":{"title":"El campo pol\u00edtico","description":"Traducci\u00f3n catalana de Propos sur le champ politique de Pierre Bourdieu y Philippe Fritsch.","robots":{"index":"index","follow":"follow","max-snippet":"max-snippet:-1","max-image-preview":"max-image-preview:large","max-video-preview":"max-video-preview:-1"},"canonical":"https:\/\/xaviergimeno.net\/es\/libros\/campo-politico","og_locale":"es_ES","og_type":"article","og_title":"El campo pol\u00edtico","og_description":"Traducci\u00f3n catalana de Propos sur le champ politique de Pierre Bourdieu y Philippe Fritsch.","og_url":"https:\/\/xaviergimeno.net\/es\/libros\/campo-politico","og_site_name":"Xavier Gimeno Torrent","article_publisher":"https:\/\/www.facebook.com\/XavierGimenoTorrent","article_modified_time":"2023-08-11T11:55:47+00:00","twitter_card":"summary_large_image","twitter_site":"@Xavier_Gimeno","twitter_misc":{"Tiempo de lectura":"2 minutos"},"schema":{"@context":"https:\/\/schema.org","@graph":[{"@type":"WebPage","@id":"https:\/\/xaviergimeno.net\/es\/libros\/campo-politico","url":"https:\/\/xaviergimeno.net\/es\/libros\/campo-politico","name":"El campo pol\u00edtico","isPartOf":{"@id":"https:\/\/xaviergimeno.net\/#website"},"datePublished":"2010-08-23T14:23:19+00:00","dateModified":"2023-08-11T11:55:47+00:00","description":"Traducci\u00f3n catalana de Propos sur le champ politique de Pierre Bourdieu y Philippe Fritsch.","breadcrumb":{"@id":"https:\/\/xaviergimeno.net\/es\/libros\/campo-politico#breadcrumb"},"inLanguage":"es","potentialAction":[{"@type":"ReadAction","target":["https:\/\/xaviergimeno.net\/es\/libros\/campo-politico"]}]},{"@type":"BreadcrumbList","@id":"https:\/\/xaviergimeno.net\/es\/libros\/campo-politico#breadcrumb","itemListElement":[{"@type":"ListItem","position":1,"name":"Home","item":"https:\/\/xaviergimeno.net\/es"},{"@type":"ListItem","position":2,"name":"Libros","item":"https:\/\/xaviergimeno.net\/es\/libros"},{"@type":"ListItem","position":3,"name":"El campo pol\u00edtico (en catal\u00e1n)"}]},{"@type":"WebSite","@id":"https:\/\/xaviergimeno.net\/#website","url":"https:\/\/xaviergimeno.net\/","name":"Xavier Gimeno Torrent","description":"soci\u00f3logo y traductor","potentialAction":[{"@type":"SearchAction","target":{"@type":"EntryPoint","urlTemplate":"https:\/\/xaviergimeno.net\/?s={search_term_string}"},"query-input":{"@type":"PropertyValueSpecification","valueRequired":true,"valueName":"search_term_string"}}],"inLanguage":"es"}]}},"_links":{"self":[{"href":"https:\/\/xaviergimeno.net\/es\/wp-json\/wp\/v2\/pages\/5231","targetHints":{"allow":["GET"]}}],"collection":[{"href":"https:\/\/xaviergimeno.net\/es\/wp-json\/wp\/v2\/pages"}],"about":[{"href":"https:\/\/xaviergimeno.net\/es\/wp-json\/wp\/v2\/types\/page"}],"author":[{"embeddable":true,"href":"https:\/\/xaviergimeno.net\/es\/wp-json\/wp\/v2\/users\/3"}],"replies":[{"embeddable":true,"href":"https:\/\/xaviergimeno.net\/es\/wp-json\/wp\/v2\/comments?post=5231"}],"version-history":[{"count":0,"href":"https:\/\/xaviergimeno.net\/es\/wp-json\/wp\/v2\/pages\/5231\/revisions"}],"up":[{"embeddable":true,"href":"https:\/\/xaviergimeno.net\/es\/wp-json\/wp\/v2\/pages\/5198"}],"wp:attachment":[{"href":"https:\/\/xaviergimeno.net\/es\/wp-json\/wp\/v2\/media?parent=5231"}],"curies":[{"name":"wp","href":"https:\/\/api.w.org\/{rel}","templated":true}]}}