{"id":5301,"date":"2010-08-23T15:31:12","date_gmt":"2010-08-23T13:31:12","guid":{"rendered":"https:\/\/www.xaviergimeno.net\/es\/?page_id=5301"},"modified":"2025-01-16T17:50:54","modified_gmt":"2025-01-16T16:50:54","slug":"organizacion-trabajo-factores-psicosociales","status":"publish","type":"page","link":"https:\/\/xaviergimeno.net\/es\/libros\/organizacion-trabajo-factores-psicosociales","title":{"rendered":"Organizaci\u00f3n del trabajo: Factores Psicosociales y Salud. Experiencias de prevenci\u00f3n"},"content":{"rendered":"<p><em>Varios autores, Madrid: ISTAS, 2007.<\/em><\/p>\n<p style=\"text-align: left;\">El V Foro ISTAS de Salud Laboral transmiti\u00f3 el mensaje de que es posible prevenir los riesgos psicosociales. Se presentaron ponencias sobre el estado de la cuesti\u00f3n, centradas en los estudios sobre las relaciones entre organizaci\u00f3n del trabajo, riesgos psicosociales, salud de trabajadores y trabajadoras y acciones preventivas. Adem\u00e1s, se presentaron datos sobre la realidad espa\u00f1ola. Tambi\u00e9n se present\u00f3 un amplio abanico de experiencias de intervenci\u00f3n en empresas, que mostraron c\u00f3mo hacerlo: desde la prevenci\u00f3n en el origen, cambiando la organizaci\u00f3n del trabajo para que \u00e9sta sea m\u00e1s saludable, m\u00e1s justa y democr\u00e1tica y con la participaci\u00f3n de todos los agentes implicados.<\/p>\n<p style=\"text-align: left;\">&#8211; Cap\u00edtulo \u201cExposici\u00f3n laboral a riesgos psicosociales en la poblaci\u00f3n asalariada espa\u00f1ola\u201d. Pp. 35-45. Autores: Salvador Moncada Llu\u00eds; Clara Llorens Serrano; Xavier Gimeno Torrent; Ariadna Font Corominas.<\/p>\n<p style=\"text-align: left;\">&#8211; Cap\u00edtulo \u201cExposici\u00f3n a riesgos psicosociales y pr\u00e1cticas empresariales de gesti\u00f3n de la mano de obra. Una aproximaci\u00f3n\u201d. Pp. 46-55. Autores: Clara Llorens; Salvador Moncada; Ramon Al\u00f3s; Ernest Cano; Ariadna Font; Xavier Gimeno; Pere J\u00f3dar; Vicente L\u00f3pez; Amat S\u00e1nchez.<\/p>\n<div class=\"addthis-pagines\">\n<div class=\"a2a_kit a2a_default_style\" data-a2a-icon-color=\"#6C981A\">\n<div class=\"addtoany_shortcode\"><div class=\"a2a_kit a2a_kit_size_32 addtoany_list\" data-a2a-url=\"https:\/\/xaviergimeno.net\/es\/libros\/organizacion-trabajo-factores-psicosociales\" data-a2a-title=\"Organizaci\u00f3n del trabajo: Factores Psicosociales y Salud. Experiencias de prevenci\u00f3n\"><a class=\"a2a_button_facebook\" href=\"https:\/\/www.addtoany.com\/add_to\/facebook?linkurl=https%3A%2F%2Fxaviergimeno.net%2Fes%2Flibros%2Forganizacion-trabajo-factores-psicosociales&amp;linkname=Organizaci%C3%B3n%20del%20trabajo%3A%20Factores%20Psicosociales%20y%20Salud.%20Experiencias%20de%20prevenci%C3%B3n\" title=\"Facebook\" rel=\"nofollow noopener\" target=\"_blank\"><\/a><a class=\"a2a_button_x\" href=\"https:\/\/www.addtoany.com\/add_to\/x?linkurl=https%3A%2F%2Fxaviergimeno.net%2Fes%2Flibros%2Forganizacion-trabajo-factores-psicosociales&amp;linkname=Organizaci%C3%B3n%20del%20trabajo%3A%20Factores%20Psicosociales%20y%20Salud.%20Experiencias%20de%20prevenci%C3%B3n\" title=\"X\" rel=\"nofollow noopener\" target=\"_blank\"><\/a><a class=\"a2a_button_email\" href=\"https:\/\/www.addtoany.com\/add_to\/email?linkurl=https%3A%2F%2Fxaviergimeno.net%2Fes%2Flibros%2Forganizacion-trabajo-factores-psicosociales&amp;linkname=Organizaci%C3%B3n%20del%20trabajo%3A%20Factores%20Psicosociales%20y%20Salud.%20Experiencias%20de%20prevenci%C3%B3n\" title=\"Email\" rel=\"nofollow noopener\" target=\"_blank\"><\/a><a class=\"a2a_button_print\" href=\"https:\/\/www.addtoany.com\/add_to\/print?linkurl=https%3A%2F%2Fxaviergimeno.net%2Fes%2Flibros%2Forganizacion-trabajo-factores-psicosociales&amp;linkname=Organizaci%C3%B3n%20del%20trabajo%3A%20Factores%20Psicosociales%20y%20Salud.%20Experiencias%20de%20prevenci%C3%B3n\" title=\"Print\" rel=\"nofollow noopener\" target=\"_blank\"><\/a><a class=\"a2a_button_printfriendly\" href=\"https:\/\/www.addtoany.com\/add_to\/printfriendly?linkurl=https%3A%2F%2Fxaviergimeno.net%2Fes%2Flibros%2Forganizacion-trabajo-factores-psicosociales&amp;linkname=Organizaci%C3%B3n%20del%20trabajo%3A%20Factores%20Psicosociales%20y%20Salud.%20Experiencias%20de%20prevenci%C3%B3n\" title=\"PrintFriendly\" rel=\"nofollow noopener\" target=\"_blank\"><\/a><a class=\"a2a_button_mendeley\" href=\"https:\/\/www.addtoany.com\/add_to\/mendeley?linkurl=https%3A%2F%2Fxaviergimeno.net%2Fes%2Flibros%2Forganizacion-trabajo-factores-psicosociales&amp;linkname=Organizaci%C3%B3n%20del%20trabajo%3A%20Factores%20Psicosociales%20y%20Salud.%20Experiencias%20de%20prevenci%C3%B3n\" title=\"Mendeley\" rel=\"nofollow noopener\" target=\"_blank\"><\/a><a class=\"a2a_dd addtoany_share_save addtoany_share\" href=\"https:\/\/www.addtoany.com\/share\"><\/a><\/div><\/div><a style=\"float: right;\" title=\"Organizaci\u00f3n del trabajo: Factores Psicosociales y Salud. Experiencias de prevenci\u00f3n\" href=\"https:\/\/xaviergimeno.net\/files\/foroistas.pdf\" target=\"_blank\" rel=\"noopener\">Texto completo en PDF<\/a><\/div>\n<\/div>\n","protected":false},"excerpt":{"rendered":"<p>Varios autores, Madrid: ISTAS, 2007. El V Foro ISTAS de Salud Laboral&#8230;<\/p>\n","protected":false},"author":3,"featured_media":0,"parent":5198,"menu_order":4,"comment_status":"closed","ping_status":"closed","template":"template-fullwidth.php","meta":{"_monsterinsights_skip_tracking":false,"_monsterinsights_sitenote_active":false,"_monsterinsights_sitenote_note":"","_monsterinsights_sitenote_category":0,"footnotes":""},"class_list":["post-5301","page","type-page","status-publish","hentry"],"yoast_head":"<!-- This site is optimized with the Yoast SEO plugin v27.4 - https:\/\/yoast.com\/product\/yoast-seo-wordpress\/ -->\n<title>Organizaci\u00f3n del trabajo: Factores Psicosociales y Salud<\/title>\n<meta name=\"description\" content=\"Ponencia presentada en el V Foro ISTAS de Salud Laboral, sobre organizaci\u00f3n del trabajo y factores psicosociales.\" \/>\n<meta name=\"robots\" content=\"index, follow, max-snippet:-1, max-image-preview:large, max-video-preview:-1\" \/>\n<link rel=\"canonical\" href=\"https:\/\/xaviergimeno.net\/es\/libros\/organizacion-trabajo-factores-psicosociales\" \/>\n<meta property=\"og:locale\" content=\"es_ES\" \/>\n<meta property=\"og:type\" content=\"article\" \/>\n<meta property=\"og:title\" content=\"Organizaci\u00f3n del trabajo: Factores Psicosociales y Salud\" \/>\n<meta property=\"og:description\" content=\"Ponencia presentada en el V Foro ISTAS de Salud Laboral, sobre organizaci\u00f3n del trabajo y factores psicosociales.\" \/>\n<meta property=\"og:url\" content=\"https:\/\/xaviergimeno.net\/es\/libros\/organizacion-trabajo-factores-psicosociales\" \/>\n<meta property=\"og:site_name\" content=\"Xavier Gimeno Torrent\" \/>\n<meta property=\"article:publisher\" content=\"https:\/\/www.facebook.com\/XavierGimenoTorrent\" \/>\n<meta property=\"article:modified_time\" content=\"2025-01-16T16:50:54+00:00\" \/>\n<meta name=\"twitter:card\" content=\"summary_large_image\" \/>\n<meta name=\"twitter:site\" content=\"@Xavier_Gimeno\" \/>\n<meta name=\"twitter:label1\" content=\"Tiempo de lectura\" \/>\n\t<meta name=\"twitter:data1\" content=\"1 minuto\" \/>\n<script type=\"application\/ld+json\" class=\"yoast-schema-graph\">{\"@context\":\"https:\\\/\\\/schema.org\",\"@graph\":[{\"@type\":\"WebPage\",\"@id\":\"https:\\\/\\\/xaviergimeno.net\\\/es\\\/libros\\\/organizacion-trabajo-factores-psicosociales\",\"url\":\"https:\\\/\\\/xaviergimeno.net\\\/es\\\/libros\\\/organizacion-trabajo-factores-psicosociales\",\"name\":\"Organizaci\u00f3n del trabajo: Factores Psicosociales y Salud\",\"isPartOf\":{\"@id\":\"https:\\\/\\\/xaviergimeno.net\\\/#website\"},\"datePublished\":\"2010-08-23T13:31:12+00:00\",\"dateModified\":\"2025-01-16T16:50:54+00:00\",\"description\":\"Ponencia presentada en el V Foro ISTAS de Salud Laboral, sobre organizaci\u00f3n del trabajo y factores psicosociales.\",\"breadcrumb\":{\"@id\":\"https:\\\/\\\/xaviergimeno.net\\\/es\\\/libros\\\/organizacion-trabajo-factores-psicosociales#breadcrumb\"},\"inLanguage\":\"es\",\"potentialAction\":[{\"@type\":\"ReadAction\",\"target\":[\"https:\\\/\\\/xaviergimeno.net\\\/es\\\/libros\\\/organizacion-trabajo-factores-psicosociales\"]}]},{\"@type\":\"BreadcrumbList\",\"@id\":\"https:\\\/\\\/xaviergimeno.net\\\/es\\\/libros\\\/organizacion-trabajo-factores-psicosociales#breadcrumb\",\"itemListElement\":[{\"@type\":\"ListItem\",\"position\":1,\"name\":\"Home\",\"item\":\"https:\\\/\\\/xaviergimeno.net\\\/es\"},{\"@type\":\"ListItem\",\"position\":2,\"name\":\"Libros\",\"item\":\"https:\\\/\\\/xaviergimeno.net\\\/es\\\/libros\"},{\"@type\":\"ListItem\",\"position\":3,\"name\":\"Organizaci\u00f3n del trabajo: Factores Psicosociales y Salud. Experiencias de prevenci\u00f3n\"}]},{\"@type\":\"WebSite\",\"@id\":\"https:\\\/\\\/xaviergimeno.net\\\/#website\",\"url\":\"https:\\\/\\\/xaviergimeno.net\\\/\",\"name\":\"Xavier Gimeno Torrent\",\"description\":\"soci\u00f3logo y traductor\",\"potentialAction\":[{\"@type\":\"SearchAction\",\"target\":{\"@type\":\"EntryPoint\",\"urlTemplate\":\"https:\\\/\\\/xaviergimeno.net\\\/?s={search_term_string}\"},\"query-input\":{\"@type\":\"PropertyValueSpecification\",\"valueRequired\":true,\"valueName\":\"search_term_string\"}}],\"inLanguage\":\"es\"}]}<\/script>\n<!-- \/ Yoast SEO plugin. -->","yoast_head_json":{"title":"Organizaci\u00f3n del trabajo: Factores Psicosociales y Salud","description":"Ponencia presentada en el V Foro ISTAS de Salud Laboral, sobre organizaci\u00f3n del trabajo y factores psicosociales.","robots":{"index":"index","follow":"follow","max-snippet":"max-snippet:-1","max-image-preview":"max-image-preview:large","max-video-preview":"max-video-preview:-1"},"canonical":"https:\/\/xaviergimeno.net\/es\/libros\/organizacion-trabajo-factores-psicosociales","og_locale":"es_ES","og_type":"article","og_title":"Organizaci\u00f3n del trabajo: Factores Psicosociales y Salud","og_description":"Ponencia presentada en el V Foro ISTAS de Salud Laboral, sobre organizaci\u00f3n del trabajo y factores psicosociales.","og_url":"https:\/\/xaviergimeno.net\/es\/libros\/organizacion-trabajo-factores-psicosociales","og_site_name":"Xavier Gimeno Torrent","article_publisher":"https:\/\/www.facebook.com\/XavierGimenoTorrent","article_modified_time":"2025-01-16T16:50:54+00:00","twitter_card":"summary_large_image","twitter_site":"@Xavier_Gimeno","twitter_misc":{"Tiempo de lectura":"1 minuto"},"schema":{"@context":"https:\/\/schema.org","@graph":[{"@type":"WebPage","@id":"https:\/\/xaviergimeno.net\/es\/libros\/organizacion-trabajo-factores-psicosociales","url":"https:\/\/xaviergimeno.net\/es\/libros\/organizacion-trabajo-factores-psicosociales","name":"Organizaci\u00f3n del trabajo: Factores Psicosociales y Salud","isPartOf":{"@id":"https:\/\/xaviergimeno.net\/#website"},"datePublished":"2010-08-23T13:31:12+00:00","dateModified":"2025-01-16T16:50:54+00:00","description":"Ponencia presentada en el V Foro ISTAS de Salud Laboral, sobre organizaci\u00f3n del trabajo y factores psicosociales.","breadcrumb":{"@id":"https:\/\/xaviergimeno.net\/es\/libros\/organizacion-trabajo-factores-psicosociales#breadcrumb"},"inLanguage":"es","potentialAction":[{"@type":"ReadAction","target":["https:\/\/xaviergimeno.net\/es\/libros\/organizacion-trabajo-factores-psicosociales"]}]},{"@type":"BreadcrumbList","@id":"https:\/\/xaviergimeno.net\/es\/libros\/organizacion-trabajo-factores-psicosociales#breadcrumb","itemListElement":[{"@type":"ListItem","position":1,"name":"Home","item":"https:\/\/xaviergimeno.net\/es"},{"@type":"ListItem","position":2,"name":"Libros","item":"https:\/\/xaviergimeno.net\/es\/libros"},{"@type":"ListItem","position":3,"name":"Organizaci\u00f3n del trabajo: Factores Psicosociales y Salud. Experiencias de prevenci\u00f3n"}]},{"@type":"WebSite","@id":"https:\/\/xaviergimeno.net\/#website","url":"https:\/\/xaviergimeno.net\/","name":"Xavier Gimeno Torrent","description":"soci\u00f3logo y traductor","potentialAction":[{"@type":"SearchAction","target":{"@type":"EntryPoint","urlTemplate":"https:\/\/xaviergimeno.net\/?s={search_term_string}"},"query-input":{"@type":"PropertyValueSpecification","valueRequired":true,"valueName":"search_term_string"}}],"inLanguage":"es"}]}},"_links":{"self":[{"href":"https:\/\/xaviergimeno.net\/es\/wp-json\/wp\/v2\/pages\/5301","targetHints":{"allow":["GET"]}}],"collection":[{"href":"https:\/\/xaviergimeno.net\/es\/wp-json\/wp\/v2\/pages"}],"about":[{"href":"https:\/\/xaviergimeno.net\/es\/wp-json\/wp\/v2\/types\/page"}],"author":[{"embeddable":true,"href":"https:\/\/xaviergimeno.net\/es\/wp-json\/wp\/v2\/users\/3"}],"replies":[{"embeddable":true,"href":"https:\/\/xaviergimeno.net\/es\/wp-json\/wp\/v2\/comments?post=5301"}],"version-history":[{"count":0,"href":"https:\/\/xaviergimeno.net\/es\/wp-json\/wp\/v2\/pages\/5301\/revisions"}],"up":[{"embeddable":true,"href":"https:\/\/xaviergimeno.net\/es\/wp-json\/wp\/v2\/pages\/5198"}],"wp:attachment":[{"href":"https:\/\/xaviergimeno.net\/es\/wp-json\/wp\/v2\/media?parent=5301"}],"curies":[{"name":"wp","href":"https:\/\/api.w.org\/{rel}","templated":true}]}}