{"id":5317,"date":"2010-08-23T15:59:45","date_gmt":"2010-08-23T13:59:45","guid":{"rendered":"https:\/\/www.xaviergimeno.net\/es\/?page_id=5317"},"modified":"2025-01-16T17:51:52","modified_gmt":"2025-01-16T16:51:52","slug":"negociacion-colectiva-cataluna","status":"publish","type":"page","link":"https:\/\/xaviergimeno.net\/es\/libros\/negociacion-colectiva-cataluna","title":{"rendered":"La negociaci\u00f3n colectiva en Catalu\u00f1a (en catal\u00e1n)"},"content":{"rendered":"<p style=\"text-align: left;\"><em>Varios autores, Barcelona: CTESC, 2006.<\/em><\/p>\n<p style=\"text-align: left;\">El estudio de la negociaci\u00f3n colectiva en Catalu\u00f1a ofrece una visi\u00f3n de la realidad negocial catalana y, por ello, su objeto de an\u00e1lisis consiste en una muestra representativa de los convenios colectivos vigentes en Catalu\u00f1a entre 2003 y el primer trimestre de 2004. La construcci\u00f3n de la muestra representativa de convenios se encarg\u00f3 a un soci\u00f3logo, que, en funci\u00f3n de varios criterios objetivos tales como el nivel de negociaci\u00f3n, el sector de actividad, el \u00e1mbito territorial, el n\u00famero de trabajadores afectados por el convenio, el n\u00famero de empresas cubiertas por el convenio o el tipo de sector \u2014p\u00fablico o privado\u2014, efectu\u00f3 una selecci\u00f3n de convenios representativa de la realidad negocial de Catalu\u00f1a. En cuanto a los convenios colectivos que se tratan en el estudio, estos hacen referencia a los de empresa y los de sector, tanto en el \u00e1mbito provincial como en el interprovincial, el auton\u00f3mico o el estatal, sin entrar a considerar los pactos de funcionarios, los acuerdos de empresa u otro tipo de documentos.<\/p>\n<p style=\"text-align: left;\">&#8211; Cap\u00edtulo \u201cConstrucci\u00f3 de la mostra representativa\u201d.<\/p>\n<div class=\"addthis-pagines\">\n<div class=\"a2a_kit a2a_default_style\" data-a2a-icon-color=\"#6C981A\">\n<div class=\"addtoany_shortcode\"><div class=\"a2a_kit a2a_kit_size_32 addtoany_list\" data-a2a-url=\"https:\/\/xaviergimeno.net\/es\/libros\/negociacion-colectiva-cataluna\" data-a2a-title=\"La negociaci\u00f3n colectiva en Catalu\u00f1a (en catal\u00e1n)\"><a class=\"a2a_button_facebook\" href=\"https:\/\/www.addtoany.com\/add_to\/facebook?linkurl=https%3A%2F%2Fxaviergimeno.net%2Fes%2Flibros%2Fnegociacion-colectiva-cataluna&amp;linkname=La%20negociaci%C3%B3n%20colectiva%20en%20Catalu%C3%B1a%20%28en%20catal%C3%A1n%29\" title=\"Facebook\" rel=\"nofollow noopener\" target=\"_blank\"><\/a><a class=\"a2a_button_x\" href=\"https:\/\/www.addtoany.com\/add_to\/x?linkurl=https%3A%2F%2Fxaviergimeno.net%2Fes%2Flibros%2Fnegociacion-colectiva-cataluna&amp;linkname=La%20negociaci%C3%B3n%20colectiva%20en%20Catalu%C3%B1a%20%28en%20catal%C3%A1n%29\" title=\"X\" rel=\"nofollow noopener\" target=\"_blank\"><\/a><a class=\"a2a_button_email\" href=\"https:\/\/www.addtoany.com\/add_to\/email?linkurl=https%3A%2F%2Fxaviergimeno.net%2Fes%2Flibros%2Fnegociacion-colectiva-cataluna&amp;linkname=La%20negociaci%C3%B3n%20colectiva%20en%20Catalu%C3%B1a%20%28en%20catal%C3%A1n%29\" title=\"Email\" rel=\"nofollow noopener\" target=\"_blank\"><\/a><a class=\"a2a_button_print\" href=\"https:\/\/www.addtoany.com\/add_to\/print?linkurl=https%3A%2F%2Fxaviergimeno.net%2Fes%2Flibros%2Fnegociacion-colectiva-cataluna&amp;linkname=La%20negociaci%C3%B3n%20colectiva%20en%20Catalu%C3%B1a%20%28en%20catal%C3%A1n%29\" title=\"Print\" rel=\"nofollow noopener\" target=\"_blank\"><\/a><a class=\"a2a_button_printfriendly\" href=\"https:\/\/www.addtoany.com\/add_to\/printfriendly?linkurl=https%3A%2F%2Fxaviergimeno.net%2Fes%2Flibros%2Fnegociacion-colectiva-cataluna&amp;linkname=La%20negociaci%C3%B3n%20colectiva%20en%20Catalu%C3%B1a%20%28en%20catal%C3%A1n%29\" title=\"PrintFriendly\" rel=\"nofollow noopener\" target=\"_blank\"><\/a><a class=\"a2a_button_mendeley\" href=\"https:\/\/www.addtoany.com\/add_to\/mendeley?linkurl=https%3A%2F%2Fxaviergimeno.net%2Fes%2Flibros%2Fnegociacion-colectiva-cataluna&amp;linkname=La%20negociaci%C3%B3n%20colectiva%20en%20Catalu%C3%B1a%20%28en%20catal%C3%A1n%29\" title=\"Mendeley\" rel=\"nofollow noopener\" target=\"_blank\"><\/a><a class=\"a2a_dd addtoany_share_save addtoany_share\" href=\"https:\/\/www.addtoany.com\/share\"><\/a><\/div><\/div><a style=\"float: right;\" title=\"La negociaci\u00f3n colectiva en Catalu\u00f1a (en catal\u00e1n)\" href=\"https:\/\/xaviergimeno.net\/files\/mostractesc.pdf\" target=\"_blank\" rel=\"noopener\">Texto completo en PDF<\/a><\/div>\n<\/div>\n","protected":false},"excerpt":{"rendered":"<p>Varios autores, Barcelona: CTESC, 2006. El estudio de la negociaci\u00f3n colectiva en&#8230;<\/p>\n","protected":false},"author":3,"featured_media":0,"parent":5198,"menu_order":5,"comment_status":"closed","ping_status":"closed","template":"template-fullwidth.php","meta":{"_monsterinsights_skip_tracking":false,"_monsterinsights_sitenote_active":false,"_monsterinsights_sitenote_note":"","_monsterinsights_sitenote_category":0,"footnotes":""},"class_list":["post-5317","page","type-page","status-publish","hentry"],"yoast_head":"<!-- This site is optimized with the Yoast SEO plugin v27.4 - https:\/\/yoast.com\/product\/yoast-seo-wordpress\/ -->\n<title>La negociaci\u00f3n colectiva en Catalu\u00f1a<\/title>\n<meta name=\"description\" content=\"Construcci\u00f3n de una muestra de convenios colectivos vigentes entre 2003 y 2004.\" \/>\n<meta name=\"robots\" content=\"index, follow, max-snippet:-1, max-image-preview:large, max-video-preview:-1\" \/>\n<link rel=\"canonical\" href=\"https:\/\/xaviergimeno.net\/es\/libros\/negociacion-colectiva-cataluna\" \/>\n<meta property=\"og:locale\" content=\"es_ES\" \/>\n<meta property=\"og:type\" content=\"article\" \/>\n<meta property=\"og:title\" content=\"La negociaci\u00f3n colectiva en Catalu\u00f1a\" \/>\n<meta property=\"og:description\" content=\"Construcci\u00f3n de una muestra de convenios colectivos vigentes entre 2003 y 2004.\" \/>\n<meta property=\"og:url\" content=\"https:\/\/xaviergimeno.net\/es\/libros\/negociacion-colectiva-cataluna\" \/>\n<meta property=\"og:site_name\" content=\"Xavier Gimeno Torrent\" \/>\n<meta property=\"article:publisher\" content=\"https:\/\/www.facebook.com\/XavierGimenoTorrent\" \/>\n<meta property=\"article:modified_time\" content=\"2025-01-16T16:51:52+00:00\" \/>\n<meta name=\"twitter:card\" content=\"summary_large_image\" \/>\n<meta name=\"twitter:site\" content=\"@Xavier_Gimeno\" \/>\n<meta name=\"twitter:label1\" content=\"Tiempo de lectura\" \/>\n\t<meta name=\"twitter:data1\" content=\"1 minuto\" \/>\n<script type=\"application\/ld+json\" class=\"yoast-schema-graph\">{\"@context\":\"https:\\\/\\\/schema.org\",\"@graph\":[{\"@type\":\"WebPage\",\"@id\":\"https:\\\/\\\/xaviergimeno.net\\\/es\\\/libros\\\/negociacion-colectiva-cataluna\",\"url\":\"https:\\\/\\\/xaviergimeno.net\\\/es\\\/libros\\\/negociacion-colectiva-cataluna\",\"name\":\"La negociaci\u00f3n colectiva en Catalu\u00f1a\",\"isPartOf\":{\"@id\":\"https:\\\/\\\/xaviergimeno.net\\\/#website\"},\"datePublished\":\"2010-08-23T13:59:45+00:00\",\"dateModified\":\"2025-01-16T16:51:52+00:00\",\"description\":\"Construcci\u00f3n de una muestra de convenios colectivos vigentes entre 2003 y 2004.\",\"breadcrumb\":{\"@id\":\"https:\\\/\\\/xaviergimeno.net\\\/es\\\/libros\\\/negociacion-colectiva-cataluna#breadcrumb\"},\"inLanguage\":\"es\",\"potentialAction\":[{\"@type\":\"ReadAction\",\"target\":[\"https:\\\/\\\/xaviergimeno.net\\\/es\\\/libros\\\/negociacion-colectiva-cataluna\"]}]},{\"@type\":\"BreadcrumbList\",\"@id\":\"https:\\\/\\\/xaviergimeno.net\\\/es\\\/libros\\\/negociacion-colectiva-cataluna#breadcrumb\",\"itemListElement\":[{\"@type\":\"ListItem\",\"position\":1,\"name\":\"Home\",\"item\":\"https:\\\/\\\/xaviergimeno.net\\\/es\"},{\"@type\":\"ListItem\",\"position\":2,\"name\":\"Libros\",\"item\":\"https:\\\/\\\/xaviergimeno.net\\\/es\\\/libros\"},{\"@type\":\"ListItem\",\"position\":3,\"name\":\"La negociaci\u00f3n colectiva en Catalu\u00f1a (en catal\u00e1n)\"}]},{\"@type\":\"WebSite\",\"@id\":\"https:\\\/\\\/xaviergimeno.net\\\/#website\",\"url\":\"https:\\\/\\\/xaviergimeno.net\\\/\",\"name\":\"Xavier Gimeno Torrent\",\"description\":\"soci\u00f3logo y traductor\",\"potentialAction\":[{\"@type\":\"SearchAction\",\"target\":{\"@type\":\"EntryPoint\",\"urlTemplate\":\"https:\\\/\\\/xaviergimeno.net\\\/?s={search_term_string}\"},\"query-input\":{\"@type\":\"PropertyValueSpecification\",\"valueRequired\":true,\"valueName\":\"search_term_string\"}}],\"inLanguage\":\"es\"}]}<\/script>\n<!-- \/ Yoast SEO plugin. -->","yoast_head_json":{"title":"La negociaci\u00f3n colectiva en Catalu\u00f1a","description":"Construcci\u00f3n de una muestra de convenios colectivos vigentes entre 2003 y 2004.","robots":{"index":"index","follow":"follow","max-snippet":"max-snippet:-1","max-image-preview":"max-image-preview:large","max-video-preview":"max-video-preview:-1"},"canonical":"https:\/\/xaviergimeno.net\/es\/libros\/negociacion-colectiva-cataluna","og_locale":"es_ES","og_type":"article","og_title":"La negociaci\u00f3n colectiva en Catalu\u00f1a","og_description":"Construcci\u00f3n de una muestra de convenios colectivos vigentes entre 2003 y 2004.","og_url":"https:\/\/xaviergimeno.net\/es\/libros\/negociacion-colectiva-cataluna","og_site_name":"Xavier Gimeno Torrent","article_publisher":"https:\/\/www.facebook.com\/XavierGimenoTorrent","article_modified_time":"2025-01-16T16:51:52+00:00","twitter_card":"summary_large_image","twitter_site":"@Xavier_Gimeno","twitter_misc":{"Tiempo de lectura":"1 minuto"},"schema":{"@context":"https:\/\/schema.org","@graph":[{"@type":"WebPage","@id":"https:\/\/xaviergimeno.net\/es\/libros\/negociacion-colectiva-cataluna","url":"https:\/\/xaviergimeno.net\/es\/libros\/negociacion-colectiva-cataluna","name":"La negociaci\u00f3n colectiva en Catalu\u00f1a","isPartOf":{"@id":"https:\/\/xaviergimeno.net\/#website"},"datePublished":"2010-08-23T13:59:45+00:00","dateModified":"2025-01-16T16:51:52+00:00","description":"Construcci\u00f3n de una muestra de convenios colectivos vigentes entre 2003 y 2004.","breadcrumb":{"@id":"https:\/\/xaviergimeno.net\/es\/libros\/negociacion-colectiva-cataluna#breadcrumb"},"inLanguage":"es","potentialAction":[{"@type":"ReadAction","target":["https:\/\/xaviergimeno.net\/es\/libros\/negociacion-colectiva-cataluna"]}]},{"@type":"BreadcrumbList","@id":"https:\/\/xaviergimeno.net\/es\/libros\/negociacion-colectiva-cataluna#breadcrumb","itemListElement":[{"@type":"ListItem","position":1,"name":"Home","item":"https:\/\/xaviergimeno.net\/es"},{"@type":"ListItem","position":2,"name":"Libros","item":"https:\/\/xaviergimeno.net\/es\/libros"},{"@type":"ListItem","position":3,"name":"La negociaci\u00f3n colectiva en Catalu\u00f1a (en catal\u00e1n)"}]},{"@type":"WebSite","@id":"https:\/\/xaviergimeno.net\/#website","url":"https:\/\/xaviergimeno.net\/","name":"Xavier Gimeno Torrent","description":"soci\u00f3logo y traductor","potentialAction":[{"@type":"SearchAction","target":{"@type":"EntryPoint","urlTemplate":"https:\/\/xaviergimeno.net\/?s={search_term_string}"},"query-input":{"@type":"PropertyValueSpecification","valueRequired":true,"valueName":"search_term_string"}}],"inLanguage":"es"}]}},"_links":{"self":[{"href":"https:\/\/xaviergimeno.net\/es\/wp-json\/wp\/v2\/pages\/5317","targetHints":{"allow":["GET"]}}],"collection":[{"href":"https:\/\/xaviergimeno.net\/es\/wp-json\/wp\/v2\/pages"}],"about":[{"href":"https:\/\/xaviergimeno.net\/es\/wp-json\/wp\/v2\/types\/page"}],"author":[{"embeddable":true,"href":"https:\/\/xaviergimeno.net\/es\/wp-json\/wp\/v2\/users\/3"}],"replies":[{"embeddable":true,"href":"https:\/\/xaviergimeno.net\/es\/wp-json\/wp\/v2\/comments?post=5317"}],"version-history":[{"count":0,"href":"https:\/\/xaviergimeno.net\/es\/wp-json\/wp\/v2\/pages\/5317\/revisions"}],"up":[{"embeddable":true,"href":"https:\/\/xaviergimeno.net\/es\/wp-json\/wp\/v2\/pages\/5198"}],"wp:attachment":[{"href":"https:\/\/xaviergimeno.net\/es\/wp-json\/wp\/v2\/media?parent=5317"}],"curies":[{"name":"wp","href":"https:\/\/api.w.org\/{rel}","templated":true}]}}