{"id":5575,"date":"2014-04-05T22:27:40","date_gmt":"2014-04-05T20:27:40","guid":{"rendered":"https:\/\/www.xaviergimeno.net\/es\/?page_id=5575"},"modified":"2023-06-15T18:34:27","modified_gmt":"2023-06-15T16:34:27","slug":"mapa-sitio","status":"publish","type":"page","link":"https:\/\/xaviergimeno.net\/es\/mapa-sitio","title":{"rendered":"Mapa del sitio"},"content":{"rendered":"<ul id=\"sitemap_list\" class=\"sitemap_disp_level_0\">\n<li class=\"home-item\"><a href=\"https:\/\/xaviergimeno.net\/es\" title=\"Xavier Gimeno Torrent\">Xavier Gimeno Torrent<\/a><\/li>\n<li class=\"page_item page-item-5575\"><a href=\"https:\/\/xaviergimeno.net\/es\/mapa-sitio\">Mapa del sitio<\/a><\/li>\n<li class=\"page_item page-item-4937\"><a href=\"https:\/\/xaviergimeno.net\/es\/politica-privacidad\">Pol\u00edtica de privacidad<\/a><\/li>\n<li class=\"page_item page-item-4630 current_page_parent\"><a href=\"https:\/\/xaviergimeno.net\/es\/blog\">Blog<\/a><\/li>\n<li class=\"page_item page-item-4800\"><a href=\"https:\/\/xaviergimeno.net\/es\/quien-soy\">Qui\u00e9n soy<\/a><\/li>\n<li class=\"page_item page-item-4668 page_item_has_children\"><a href=\"https:\/\/xaviergimeno.net\/es\/papeles\">Papeles<\/a>\n<ul class='children'>\n\t<li class=\"page_item page-item-7517\"><a href=\"https:\/\/xaviergimeno.net\/es\/papeles\/formulacion-escala-violencia-simbolica\">Formulaci\u00f3n de un cuestionario de escala de violencia simb\u00f3lica: la importancia de la construcci\u00f3n epistemol\u00f3gica, te\u00f3rica, y metodol\u00f3gica del objeto de estudio<\/a><\/li>\n\t<li class=\"page_item page-item-6880\"><a href=\"https:\/\/xaviergimeno.net\/es\/papeles\/heroes-ela\">Los h\u00e9roes de la ELA: la estructura social de los discursos triunfalistas de superaci\u00f3n y celebraci\u00f3n de un enfermo y legitimaci\u00f3n de una enfermedad. Sociolog\u00eda comparada de una ideolog\u00eda del enfermo como h\u00e9roe<\/a><\/li>\n\t<li class=\"page_item page-item-6693\"><a href=\"https:\/\/xaviergimeno.net\/es\/papeles\/poster-circuito-violencia-simbolica\">El circuito de la violencia simb\u00f3lica en el S\u00edndrome de Fatiga Cr\u00f3nica (SFC)\/Encefalomielitis Mi\u00e1lgica (EM): Formulaci\u00f3n preliminar de un modelo de an\u00e1lisis a partir del estudio de las cartas al director de peri\u00f3dicos<\/a><\/li>\n\t<li class=\"page_item page-item-6474\"><a href=\"https:\/\/xaviergimeno.net\/es\/papeles\/circuito-violencia-simbolica-sfc-i\">El circuito de la violencia simb\u00f3lica en el S\u00edndrome de Fatiga Cr\u00f3nica (SFC)\/Encefalomielitis Mi\u00e1lgica (EM) (I): Un estudio preliminar<\/a><\/li>\n\t<li class=\"page_item page-item-4674\"><a href=\"https:\/\/xaviergimeno.net\/es\/papeles\/why-we-fight-focused-interview\">Why We Fight y The Focused Interview. Cine y ciencia social durante la Segunda Guerra Mundial (en ingl\u00e9s)<\/a><\/li>\n\t<li class=\"page_item page-item-4691\"><a href=\"https:\/\/xaviergimeno.net\/es\/papeles\/recension-division-trabajo-social\">Recensi\u00f3n de La divisi\u00f3n del trabajo social de \u00c9mile Durkheim (en catal\u00e1n)<\/a><\/li>\n\t<li class=\"page_item page-item-4950\"><a href=\"https:\/\/xaviergimeno.net\/es\/papeles\/capitulo-6-mass-persuasion\">Cap\u00edtulo 6 de Mass Persuasion: El contexto social y cultural de la persuasi\u00f3n de masa (en catal\u00e1n)<\/a><\/li>\n\t<li class=\"page_item page-item-4979\"><a href=\"https:\/\/xaviergimeno.net\/es\/papeles\/introduccion-2a-edicion-focused-interview\">Introducci\u00f3n a la segunda edici\u00f3n de The Focused Interview de Robert K. Merton (en catal\u00e1n)<\/a><\/li>\n\t<li class=\"page_item page-item-5008\"><a href=\"https:\/\/xaviergimeno.net\/es\/papeles\/politizacion-campo-sociologico-cataluna\">La politizaci\u00f3n del campo sociol\u00f3gico en Catalu\u00f1a: un indicador estructural comparativo (en catal\u00e1n)<\/a><\/li>\n\t<li class=\"page_item page-item-5018\"><a href=\"https:\/\/xaviergimeno.net\/es\/papeles\/recension-esbos-autoanalisi\">Recensi\u00f3n de Esb\u00f3s d&#8217;autoan\u00e0lisi de Pierre Bourdieu (en catal\u00e1n)<\/a><\/li>\n\t<li class=\"page_item page-item-5038\"><a href=\"https:\/\/xaviergimeno.net\/es\/papeles\/muestreo-sobrerrepresentacion-division-sexual-trabajo\">Muestreo, sobrerrepresentaci\u00f3n de categor\u00edas sociales y la divisi\u00f3n sexual del trabajo: formulaci\u00f3n de una hip\u00f3tesis sobre el doble trabajo<\/a><\/li>\n\t<li class=\"page_item page-item-5048\"><a href=\"https:\/\/xaviergimeno.net\/es\/papeles\/estudio-institucionalizacion-sociologia-ii-castellano\">El estudio de la institucionalizaci\u00f3n de la sociolog\u00eda en Catalu\u00f1a (II): un modelo de an\u00e1lisis y un sistema de hip\u00f3tesis (traducci\u00f3n castellana)<\/a><\/li>\n\t<li class=\"page_item page-item-5058\"><a href=\"https:\/\/xaviergimeno.net\/es\/papeles\/estudio-institucionalizacion-sociologia-ii\">El estudio de la institucionalizaci\u00f3n de la sociolog\u00eda en Catalu\u00f1a (II): un modelo de an\u00e1lisis y un sistema de hip\u00f3tesis (en catal\u00e1n)<\/a><\/li>\n\t<li class=\"page_item page-item-5089\"><a href=\"https:\/\/xaviergimeno.net\/es\/papeles\/estudio-institucionalizacion-sociologia-i-castellano\">El estudio de la institucionalizaci\u00f3n de la sociolog\u00eda en Catalu\u00f1a (I): un estado de la cuesti\u00f3n (traducci\u00f3n castellana)<\/a><\/li>\n\t<li class=\"page_item page-item-5106\"><a href=\"https:\/\/xaviergimeno.net\/es\/papeles\/estudio-institucionalizacion-sociologia-i\">El estudio de la institucionalizaci\u00f3n de la sociolog\u00eda en Catalu\u00f1a (I): un estado de la cuesti\u00f3n (en catal\u00e1n)<\/a><\/li>\n\t<li class=\"page_item page-item-5118\"><a href=\"https:\/\/xaviergimeno.net\/es\/papeles\/constitucion-barrio-santa-maria-palafolls\">El proceso de constituci\u00f3n del Barrio Santa Mar\u00eda de Palafolls. Protocolo de investigaci\u00f3n (en catal\u00e1n)<\/a><\/li>\n\t<li class=\"page_item page-item-5134\"><a href=\"https:\/\/xaviergimeno.net\/es\/papeles\/institucionalizacion-sociologia-protocolo\">El proceso de institucionalizaci\u00f3n de la sociolog\u00eda en Catalu\u00f1a. Protocolo de investigaci\u00f3n (en catal\u00e1n)<\/a><\/li>\n\t<li class=\"page_item page-item-5151\"><a href=\"https:\/\/xaviergimeno.net\/es\/papeles\/comunicacion-sociologia-cataluna\">Un modelo de an\u00e1lisis y un sistema de hip\u00f3tesis para el estudio del proceso de institucionalizaci\u00f3n de la sociolog\u00eda en Catalu\u00f1a (en catal\u00e1n)<\/a><\/li>\n\t<li class=\"page_item page-item-5162\"><a href=\"https:\/\/xaviergimeno.net\/es\/papeles\/tesina-muestra-convenios-colectivos\">Propuesta de modelo para el estudio de la negociaci\u00f3n colectiva. Formulaci\u00f3n a partir del trabajo de construcci\u00f3n de una muestra de convenios colectivos (en catal\u00e1n)<\/a><\/li>\n\t<li class=\"page_item page-item-5175\"><a href=\"https:\/\/xaviergimeno.net\/es\/papeles\/incidencias-trabajo-campo\">Incidencias durante el trabajo de campo con encuestas personales en estudios epidemiol\u00f3gicos<\/a><\/li>\n\t<li class=\"page_item page-item-5191\"><a href=\"https:\/\/xaviergimeno.net\/es\/papeles\/clasificacion-jerarquia\">Clasificaci\u00f3n y jerarqu\u00eda. La estructura de desigualdades del Departamento de Sociolog\u00eda de la UAB (1998-2003) vista a trav\u00e9s del an\u00e1lisis de la estructura de relaciones (en catal\u00e1n)<\/a><\/li>\n<\/ul>\n<\/li>\n<li class=\"page_item page-item-5198 page_item_has_children\"><a href=\"https:\/\/xaviergimeno.net\/es\/libros\">Libros<\/a>\n<ul class='children'>\n\t<li class=\"page_item page-item-5210\"><a href=\"https:\/\/xaviergimeno.net\/es\/libros\/entrevista-enfocada\">La entrevista enfocada. Una gu\u00eda pr\u00e1ctica de problemas y procedimientos<\/a><\/li>\n\t<li class=\"page_item page-item-5231\"><a href=\"https:\/\/xaviergimeno.net\/es\/libros\/campo-politico\">El campo pol\u00edtico (en catal\u00e1n)<\/a><\/li>\n\t<li class=\"page_item page-item-5288\"><a href=\"https:\/\/xaviergimeno.net\/es\/libros\/esbozo-autoanalisis\">Esbozo de autoan\u00e1lisis (en catal\u00e1n)<\/a><\/li>\n\t<li class=\"page_item page-item-5301\"><a href=\"https:\/\/xaviergimeno.net\/es\/libros\/organizacion-trabajo-factores-psicosociales\">Organizaci\u00f3n del trabajo: Factores Psicosociales y Salud. Experiencias de prevenci\u00f3n<\/a><\/li>\n\t<li class=\"page_item page-item-5317\"><a href=\"https:\/\/xaviergimeno.net\/es\/libros\/negociacion-colectiva-cataluna\">La negociaci\u00f3n colectiva en Catalu\u00f1a (en catal\u00e1n)<\/a><\/li>\n<\/ul>\n<\/li>\n<li class=\"page_item page-item-5925 page_item_has_children\"><a href=\"https:\/\/xaviergimeno.net\/es\/sociologia-tv\">Sociolog\u00eda TV<\/a>\n<ul class='children'>\n\t<li class=\"page_item page-item-5765\"><a href=\"https:\/\/xaviergimeno.net\/es\/sociologia-tv\/bourdieu-passeron-i\">Bourdieu y Passeron<\/a><\/li>\n\t<li class=\"page_item page-item-6124\"><a href=\"https:\/\/xaviergimeno.net\/es\/sociologia-tv\/bourdieu-passeron-ii\">Bourdieu y Passeron<\/a><\/li>\n<\/ul>\n<\/li>\n<li class=\"page_item page-item-4620\"><a href=\"https:\/\/xaviergimeno.net\/es\/contacto\">Contacto<\/a><\/li>\n<li class=\"cat-item cat-item-90\"><a href=\"https:\/\/xaviergimeno.net\/es\/category\/epistemologia-ciencias-sociales\" title=\"Epistemolog\u00eda ciencias soc.\">Epistemolog\u00eda ciencias soc.<\/a>\n<ul>\n\t<li class=\"post-item post-item-5603\"><a href=\"https:\/\/xaviergimeno.net\/es\/percepcion-social-violencia-simbolica-5603\" title=\"Percepci\u00f3n y violencia simb\u00f3lica\">Percepci\u00f3n y violencia simb\u00f3lica<\/a><\/li>\n\t<li class=\"post-item post-item-5458\"><a href=\"https:\/\/xaviergimeno.net\/es\/racismo-crisis-5458\" title=\"Racismo y crisis\">Racismo y crisis<\/a><\/li>\n\t<li class=\"post-item post-item-5474\"><a href=\"https:\/\/xaviergimeno.net\/es\/vigilancia-epistemologica-muestreo-5474\" title=\"Vigilancia epistemol\u00f3gica y muestreo\">Vigilancia epistemol\u00f3gica y muestreo<\/a><\/li>\n\t<li class=\"post-item post-item-5493\"><a href=\"https:\/\/xaviergimeno.net\/es\/posicion-social-sociologo-5493\" title=\"La posici\u00f3n social y el soci\u00f3logo\">La posici\u00f3n social y el soci\u00f3logo<\/a><\/li>\n\t<li class=\"post-item post-item-5505\"><a href=\"https:\/\/xaviergimeno.net\/es\/ruptura-epistemologica-5505\" title=\"La ruptura epistemol\u00f3gica\">La ruptura epistemol\u00f3gica<\/a><\/li>\n<\/ul>\n<\/li>\n<li class=\"cat-item cat-item-67\"><a href=\"https:\/\/xaviergimeno.net\/es\/category\/metodologia-es\" title=\"Metodolog\u00eda\">Metodolog\u00eda<\/a>\n<ul>\n\t<li class=\"post-item post-item-5326\"><a href=\"https:\/\/xaviergimeno.net\/es\/entrevistando-elites-5326\" title=\"Entrevistando a las \u00e9lites\">Entrevistando a las \u00e9lites<\/a><\/li>\n\t<li class=\"post-item post-item-5474\"><a href=\"https:\/\/xaviergimeno.net\/es\/vigilancia-epistemologica-muestreo-5474\" title=\"Vigilancia epistemol\u00f3gica y muestreo\">Vigilancia epistemol\u00f3gica y muestreo<\/a><\/li>\n<\/ul>\n<\/li>\n<li class=\"cat-item cat-item-102\"><a href=\"https:\/\/xaviergimeno.net\/es\/category\/sociologia-medios-comunicacion\" title=\"Sociol. medios comunicaci\u00f3n\">Sociol. medios comunicaci\u00f3n<\/a>\n<ul>\n\t<li class=\"post-item post-item-5404\"><a href=\"https:\/\/xaviergimeno.net\/es\/campo-politico-campo-mediatico-5404\" title=\"Campo pol\u00edtico y campo medi\u00e1tico\">Campo pol\u00edtico y campo medi\u00e1tico<\/a><\/li>\n<\/ul>\n<\/li>\n<li class=\"cat-item cat-item-100\"><a href=\"https:\/\/xaviergimeno.net\/es\/category\/sociologia-conocimiento\" title=\"Sociolog\u00eda del conocimiento\">Sociolog\u00eda del conocimiento<\/a>\n<ul>\n\t<li class=\"post-item post-item-5603\"><a href=\"https:\/\/xaviergimeno.net\/es\/percepcion-social-violencia-simbolica-5603\" title=\"Percepci\u00f3n y violencia simb\u00f3lica\">Percepci\u00f3n y violencia simb\u00f3lica<\/a><\/li>\n\t<li class=\"post-item post-item-5404\"><a href=\"https:\/\/xaviergimeno.net\/es\/campo-politico-campo-mediatico-5404\" title=\"Campo pol\u00edtico y campo medi\u00e1tico\">Campo pol\u00edtico y campo medi\u00e1tico<\/a><\/li>\n<\/ul>\n<\/li>\n<li class=\"cat-item cat-item-73\"><a href=\"https:\/\/xaviergimeno.net\/es\/category\/sociologia-genero\" title=\"Sociolog\u00eda del g\u00e9nero\">Sociolog\u00eda del g\u00e9nero<\/a>\n<ul>\n\t<li class=\"post-item post-item-5603\"><a href=\"https:\/\/xaviergimeno.net\/es\/percepcion-social-violencia-simbolica-5603\" title=\"Percepci\u00f3n y violencia simb\u00f3lica\">Percepci\u00f3n y violencia simb\u00f3lica<\/a><\/li>\n\t<li class=\"post-item post-item-5367\"><a href=\"https:\/\/xaviergimeno.net\/es\/webs-citas-machismo-5367\" title=\"Webs de citas y machismo\">Webs de citas y machismo<\/a><\/li>\n\t<li class=\"post-item post-item-5344\"><a href=\"https:\/\/xaviergimeno.net\/es\/falta-iniciativa-5344\" title=\"La falta de iniciativa\">La falta de iniciativa<\/a><\/li>\n<\/ul>\n<\/li>\n<li class=\"cat-item cat-item-94\"><a href=\"https:\/\/xaviergimeno.net\/es\/category\/sociologia-politica-es\" title=\"Sociolog\u00eda pol\u00edtica\">Sociolog\u00eda pol\u00edtica<\/a>\n<ul>\n\t<li class=\"post-item post-item-5404\"><a href=\"https:\/\/xaviergimeno.net\/es\/campo-politico-campo-mediatico-5404\" title=\"Campo pol\u00edtico y campo medi\u00e1tico\">Campo pol\u00edtico y campo medi\u00e1tico<\/a><\/li>\n<\/ul>\n<\/li>\n<li class=\"cat-item cat-item-98\"><a href=\"https:\/\/xaviergimeno.net\/es\/category\/sociologos\" title=\"Soci\u00f3logos\">Soci\u00f3logos<\/a>\n<ul>\n\t<li class=\"post-item post-item-5438\"><a href=\"https:\/\/xaviergimeno.net\/es\/comunicacion-dos-pasos-5438\" title=\"La comunicaci\u00f3n en dos pasos\">La comunicaci\u00f3n en dos pasos<\/a><\/li>\n\t<li class=\"post-item post-item-5420\"><a href=\"https:\/\/xaviergimeno.net\/es\/leer-bourdieu-5420\" title=\"Leer a Bourdieu\">Leer a Bourdieu<\/a><\/li>\n<\/ul>\n<\/li>\n<li class=\"cat-item cat-item-96\"><a href=\"https:\/\/xaviergimeno.net\/es\/category\/teoria-social-es\" title=\"Teor\u00eda social\">Teor\u00eda social<\/a>\n<ul>\n\t<li class=\"post-item post-item-5438\"><a href=\"https:\/\/xaviergimeno.net\/es\/comunicacion-dos-pasos-5438\" title=\"La comunicaci\u00f3n en dos pasos\">La comunicaci\u00f3n en dos pasos<\/a><\/li>\n\t<li class=\"post-item post-item-5458\"><a href=\"https:\/\/xaviergimeno.net\/es\/racismo-crisis-5458\" title=\"Racismo y crisis\">Racismo y crisis<\/a><\/li>\n\t<li class=\"post-item post-item-5493\"><a href=\"https:\/\/xaviergimeno.net\/es\/posicion-social-sociologo-5493\" title=\"La posici\u00f3n social y el soci\u00f3logo\">La posici\u00f3n social y el soci\u00f3logo<\/a><\/li>\n\t<li class=\"post-item post-item-5505\"><a href=\"https:\/\/xaviergimeno.net\/es\/ruptura-epistemologica-5505\" title=\"La ruptura epistemol\u00f3gica\">La ruptura epistemol\u00f3gica<\/a><\/li>\n<\/ul>\n<\/li>\n<\/ul>\n\n","protected":false},"excerpt":{"rendered":"<p>Xavier Gimeno Torrent Mapa del sitio Pol\u00edtica de privacidad Blog Qui\u00e9n soy&#8230;<\/p>\n","protected":false},"author":3,"featured_media":0,"parent":0,"menu_order":1,"comment_status":"closed","ping_status":"closed","template":"template-fullwidth.php","meta":{"_monsterinsights_skip_tracking":false,"_monsterinsights_sitenote_active":false,"_monsterinsights_sitenote_note":"","_monsterinsights_sitenote_category":0,"footnotes":""},"class_list":["post-5575","page","type-page","status-publish","hentry"],"yoast_head":"<!-- This site is optimized with the Yoast SEO plugin v27.4 - https:\/\/yoast.com\/product\/yoast-seo-wordpress\/ -->\n<title>Mapa del sitio web de Xavier Gimeno Torrent<\/title>\n<meta name=\"description\" content=\"Mapa del sitio web de Xavier Gimeno Torrent, soci\u00f3logo y traductor.\" \/>\n<meta name=\"robots\" content=\"index, follow, max-snippet:-1, max-image-preview:large, max-video-preview:-1\" \/>\n<link rel=\"canonical\" href=\"https:\/\/xaviergimeno.net\/es\/mapa-sitio\" \/>\n<meta property=\"og:locale\" content=\"es_ES\" \/>\n<meta property=\"og:type\" content=\"article\" \/>\n<meta property=\"og:title\" content=\"Mapa del sitio web de Xavier Gimeno Torrent\" \/>\n<meta property=\"og:description\" content=\"Mapa del sitio web de Xavier Gimeno Torrent, soci\u00f3logo y traductor.\" \/>\n<meta property=\"og:url\" content=\"https:\/\/xaviergimeno.net\/es\/mapa-sitio\" \/>\n<meta property=\"og:site_name\" content=\"Xavier Gimeno Torrent\" \/>\n<meta property=\"article:publisher\" content=\"https:\/\/www.facebook.com\/XavierGimenoTorrent\" \/>\n<meta property=\"article:modified_time\" content=\"2023-06-15T16:34:27+00:00\" \/>\n<meta name=\"twitter:card\" content=\"summary_large_image\" \/>\n<meta name=\"twitter:site\" content=\"@Xavier_Gimeno\" \/>\n<script type=\"application\/ld+json\" class=\"yoast-schema-graph\">{\"@context\":\"https:\\\/\\\/schema.org\",\"@graph\":[{\"@type\":\"WebPage\",\"@id\":\"https:\\\/\\\/xaviergimeno.net\\\/es\\\/mapa-sitio\",\"url\":\"https:\\\/\\\/xaviergimeno.net\\\/es\\\/mapa-sitio\",\"name\":\"Mapa del sitio web de Xavier Gimeno Torrent\",\"isPartOf\":{\"@id\":\"https:\\\/\\\/xaviergimeno.net\\\/#website\"},\"datePublished\":\"2014-04-05T20:27:40+00:00\",\"dateModified\":\"2023-06-15T16:34:27+00:00\",\"description\":\"Mapa del sitio web de Xavier Gimeno Torrent, soci\u00f3logo y traductor.\",\"breadcrumb\":{\"@id\":\"https:\\\/\\\/xaviergimeno.net\\\/es\\\/mapa-sitio#breadcrumb\"},\"inLanguage\":\"es\",\"potentialAction\":[{\"@type\":\"ReadAction\",\"target\":[\"https:\\\/\\\/xaviergimeno.net\\\/es\\\/mapa-sitio\"]}]},{\"@type\":\"BreadcrumbList\",\"@id\":\"https:\\\/\\\/xaviergimeno.net\\\/es\\\/mapa-sitio#breadcrumb\",\"itemListElement\":[{\"@type\":\"ListItem\",\"position\":1,\"name\":\"Home\",\"item\":\"https:\\\/\\\/xaviergimeno.net\\\/es\"},{\"@type\":\"ListItem\",\"position\":2,\"name\":\"Mapa del sitio\"}]},{\"@type\":\"WebSite\",\"@id\":\"https:\\\/\\\/xaviergimeno.net\\\/#website\",\"url\":\"https:\\\/\\\/xaviergimeno.net\\\/\",\"name\":\"Xavier Gimeno Torrent\",\"description\":\"soci\u00f3logo y traductor\",\"potentialAction\":[{\"@type\":\"SearchAction\",\"target\":{\"@type\":\"EntryPoint\",\"urlTemplate\":\"https:\\\/\\\/xaviergimeno.net\\\/?s={search_term_string}\"},\"query-input\":{\"@type\":\"PropertyValueSpecification\",\"valueRequired\":true,\"valueName\":\"search_term_string\"}}],\"inLanguage\":\"es\"}]}<\/script>\n<!-- \/ Yoast SEO plugin. -->","yoast_head_json":{"title":"Mapa del sitio web de Xavier Gimeno Torrent","description":"Mapa del sitio web de Xavier Gimeno Torrent, soci\u00f3logo y traductor.","robots":{"index":"index","follow":"follow","max-snippet":"max-snippet:-1","max-image-preview":"max-image-preview:large","max-video-preview":"max-video-preview:-1"},"canonical":"https:\/\/xaviergimeno.net\/es\/mapa-sitio","og_locale":"es_ES","og_type":"article","og_title":"Mapa del sitio web de Xavier Gimeno Torrent","og_description":"Mapa del sitio web de Xavier Gimeno Torrent, soci\u00f3logo y traductor.","og_url":"https:\/\/xaviergimeno.net\/es\/mapa-sitio","og_site_name":"Xavier Gimeno Torrent","article_publisher":"https:\/\/www.facebook.com\/XavierGimenoTorrent","article_modified_time":"2023-06-15T16:34:27+00:00","twitter_card":"summary_large_image","twitter_site":"@Xavier_Gimeno","schema":{"@context":"https:\/\/schema.org","@graph":[{"@type":"WebPage","@id":"https:\/\/xaviergimeno.net\/es\/mapa-sitio","url":"https:\/\/xaviergimeno.net\/es\/mapa-sitio","name":"Mapa del sitio web de Xavier Gimeno Torrent","isPartOf":{"@id":"https:\/\/xaviergimeno.net\/#website"},"datePublished":"2014-04-05T20:27:40+00:00","dateModified":"2023-06-15T16:34:27+00:00","description":"Mapa del sitio web de Xavier Gimeno Torrent, soci\u00f3logo y traductor.","breadcrumb":{"@id":"https:\/\/xaviergimeno.net\/es\/mapa-sitio#breadcrumb"},"inLanguage":"es","potentialAction":[{"@type":"ReadAction","target":["https:\/\/xaviergimeno.net\/es\/mapa-sitio"]}]},{"@type":"BreadcrumbList","@id":"https:\/\/xaviergimeno.net\/es\/mapa-sitio#breadcrumb","itemListElement":[{"@type":"ListItem","position":1,"name":"Home","item":"https:\/\/xaviergimeno.net\/es"},{"@type":"ListItem","position":2,"name":"Mapa del sitio"}]},{"@type":"WebSite","@id":"https:\/\/xaviergimeno.net\/#website","url":"https:\/\/xaviergimeno.net\/","name":"Xavier Gimeno Torrent","description":"soci\u00f3logo y traductor","potentialAction":[{"@type":"SearchAction","target":{"@type":"EntryPoint","urlTemplate":"https:\/\/xaviergimeno.net\/?s={search_term_string}"},"query-input":{"@type":"PropertyValueSpecification","valueRequired":true,"valueName":"search_term_string"}}],"inLanguage":"es"}]}},"_links":{"self":[{"href":"https:\/\/xaviergimeno.net\/es\/wp-json\/wp\/v2\/pages\/5575","targetHints":{"allow":["GET"]}}],"collection":[{"href":"https:\/\/xaviergimeno.net\/es\/wp-json\/wp\/v2\/pages"}],"about":[{"href":"https:\/\/xaviergimeno.net\/es\/wp-json\/wp\/v2\/types\/page"}],"author":[{"embeddable":true,"href":"https:\/\/xaviergimeno.net\/es\/wp-json\/wp\/v2\/users\/3"}],"replies":[{"embeddable":true,"href":"https:\/\/xaviergimeno.net\/es\/wp-json\/wp\/v2\/comments?post=5575"}],"version-history":[{"count":0,"href":"https:\/\/xaviergimeno.net\/es\/wp-json\/wp\/v2\/pages\/5575\/revisions"}],"wp:attachment":[{"href":"https:\/\/xaviergimeno.net\/es\/wp-json\/wp\/v2\/media?parent=5575"}],"curies":[{"name":"wp","href":"https:\/\/api.w.org\/{rel}","templated":true}]}}