{"id":6474,"date":"2021-06-14T15:55:06","date_gmt":"2021-06-14T13:55:06","guid":{"rendered":"https:\/\/www.xaviergimeno.net\/?page_id=6474"},"modified":"2026-02-18T16:47:31","modified_gmt":"2026-02-18T15:47:31","slug":"circuito-violencia-simbolica-sfc-i","status":"publish","type":"page","link":"https:\/\/xaviergimeno.net\/es\/papeles\/circuito-violencia-simbolica-sfc-i","title":{"rendered":"El circuito de la violencia simb\u00f3lica en el S\u00edndrome de Fatiga Cr\u00f3nica (SFC)\/Encefalomielitis Mi\u00e1lgica (EM) (I): Un estudio preliminar"},"content":{"rendered":"<p><em>Publicado en Health Care for Women International, 2022, volumen 43, n\u00famero 1-3: 5-41. doi:10.1080\/07399332.2021.1925900.<\/em><\/p>\n<p align=\"LEFT\">Objetivo: \u00bfC\u00f3mo puede ser que una enfermedad tan grave como el S\u00edndrome de Fatiga Cr\u00f3nica (SFC) que afecta a un n\u00famero tan elevado de personas sea tan desconocida por la poblaci\u00f3n general? La respuesta a esta pregunta se basa en los an\u00e1lisis de Pierre Bourdieu sobre la violencia simb\u00f3lica, un campo de estudio del cual fue el precursor y principal te\u00f3rico. M\u00e9todo: Las \u00abcartas al director\u00bb de enfermos de SFC a tres diarios nacionales espa\u00f1oles fueron sometidas a diversos an\u00e1lisis cualitativos (an\u00e1lisis de temas y subtemas) y cuantitativos (descripci\u00f3n univariada por temas y An\u00e1lisis de Correspondencias M\u00faltiples [ACM] combinada con un An\u00e1lisis Jer\u00e1rquico de Conglomerados [AJC]). Resultados: A partir de los an\u00e1lisis cualitativos y su interpretaci\u00f3n te\u00f3rica, se identificaron 13 mecanismos de violencia simb\u00f3lica: no-reconocimiento (27%), desatenci\u00f3n institucionalizada (16%), condescendencia (0%), imposici\u00f3n autorizada de veredictos ileg\u00edtimos (15%), deslegitimaci\u00f3n (11%), desintegraci\u00f3n (16%), imposici\u00f3n del discurso (1%), eufemizaci\u00f3n (4%), silenciamiento (1%), invisibilizaci\u00f3n (2%), aislamiento (3%), incomunicaci\u00f3n (0%) y autoculpabilizaci\u00f3n (4%). El ACM permiti\u00f3 identificar que los mecanismos estructurales (no-reconocimiento, desintegraci\u00f3n) se combinaban con los m\u00e1s simb\u00f3licos (es decir, la imposici\u00f3n del discurso, o la eufemizaci\u00f3n), que se colocan en primer plano produciendo los efectos observados de violencia simb\u00f3lica. Los 13 conglomerados obtenidos en el AJC confirmaron este resultado.<\/p>\n<div class=\"addthis-pagines\">\n<div class=\"a2a_kit a2a_default_style\" data-a2a-icon-color=\"#6C981A\">\n<div class=\"addtoany_shortcode\"><div class=\"a2a_kit a2a_kit_size_32 addtoany_list\" data-a2a-url=\"https:\/\/xaviergimeno.net\/es\/papeles\/circuito-violencia-simbolica-sfc-i\" data-a2a-title=\"El circuito de la violencia simb\u00f3lica en el S\u00edndrome de Fatiga Cr\u00f3nica (SFC)\/Encefalomielitis Mi\u00e1lgica (EM) (I): Un estudio preliminar\"><a class=\"a2a_button_facebook\" href=\"https:\/\/www.addtoany.com\/add_to\/facebook?linkurl=https%3A%2F%2Fxaviergimeno.net%2Fes%2Fpapeles%2Fcircuito-violencia-simbolica-sfc-i&amp;linkname=El%20circuito%20de%20la%20violencia%20simb%C3%B3lica%20en%20el%20S%C3%ADndrome%20de%20Fatiga%20Cr%C3%B3nica%20%28SFC%29%2FEncefalomielitis%20Mi%C3%A1lgica%20%28EM%29%20%28I%29%3A%20Un%20estudio%20preliminar\" title=\"Facebook\" rel=\"nofollow noopener\" target=\"_blank\"><\/a><a class=\"a2a_button_x\" href=\"https:\/\/www.addtoany.com\/add_to\/x?linkurl=https%3A%2F%2Fxaviergimeno.net%2Fes%2Fpapeles%2Fcircuito-violencia-simbolica-sfc-i&amp;linkname=El%20circuito%20de%20la%20violencia%20simb%C3%B3lica%20en%20el%20S%C3%ADndrome%20de%20Fatiga%20Cr%C3%B3nica%20%28SFC%29%2FEncefalomielitis%20Mi%C3%A1lgica%20%28EM%29%20%28I%29%3A%20Un%20estudio%20preliminar\" title=\"X\" rel=\"nofollow noopener\" target=\"_blank\"><\/a><a class=\"a2a_button_email\" href=\"https:\/\/www.addtoany.com\/add_to\/email?linkurl=https%3A%2F%2Fxaviergimeno.net%2Fes%2Fpapeles%2Fcircuito-violencia-simbolica-sfc-i&amp;linkname=El%20circuito%20de%20la%20violencia%20simb%C3%B3lica%20en%20el%20S%C3%ADndrome%20de%20Fatiga%20Cr%C3%B3nica%20%28SFC%29%2FEncefalomielitis%20Mi%C3%A1lgica%20%28EM%29%20%28I%29%3A%20Un%20estudio%20preliminar\" title=\"Email\" rel=\"nofollow noopener\" target=\"_blank\"><\/a><a class=\"a2a_button_print\" href=\"https:\/\/www.addtoany.com\/add_to\/print?linkurl=https%3A%2F%2Fxaviergimeno.net%2Fes%2Fpapeles%2Fcircuito-violencia-simbolica-sfc-i&amp;linkname=El%20circuito%20de%20la%20violencia%20simb%C3%B3lica%20en%20el%20S%C3%ADndrome%20de%20Fatiga%20Cr%C3%B3nica%20%28SFC%29%2FEncefalomielitis%20Mi%C3%A1lgica%20%28EM%29%20%28I%29%3A%20Un%20estudio%20preliminar\" title=\"Print\" rel=\"nofollow noopener\" target=\"_blank\"><\/a><a class=\"a2a_button_printfriendly\" href=\"https:\/\/www.addtoany.com\/add_to\/printfriendly?linkurl=https%3A%2F%2Fxaviergimeno.net%2Fes%2Fpapeles%2Fcircuito-violencia-simbolica-sfc-i&amp;linkname=El%20circuito%20de%20la%20violencia%20simb%C3%B3lica%20en%20el%20S%C3%ADndrome%20de%20Fatiga%20Cr%C3%B3nica%20%28SFC%29%2FEncefalomielitis%20Mi%C3%A1lgica%20%28EM%29%20%28I%29%3A%20Un%20estudio%20preliminar\" title=\"PrintFriendly\" rel=\"nofollow noopener\" target=\"_blank\"><\/a><a class=\"a2a_button_mendeley\" href=\"https:\/\/www.addtoany.com\/add_to\/mendeley?linkurl=https%3A%2F%2Fxaviergimeno.net%2Fes%2Fpapeles%2Fcircuito-violencia-simbolica-sfc-i&amp;linkname=El%20circuito%20de%20la%20violencia%20simb%C3%B3lica%20en%20el%20S%C3%ADndrome%20de%20Fatiga%20Cr%C3%B3nica%20%28SFC%29%2FEncefalomielitis%20Mi%C3%A1lgica%20%28EM%29%20%28I%29%3A%20Un%20estudio%20preliminar\" title=\"Mendeley\" rel=\"nofollow noopener\" target=\"_blank\"><\/a><a class=\"a2a_dd addtoany_share_save addtoany_share\" href=\"https:\/\/www.addtoany.com\/share\"><\/a><\/div><\/div><a style=\"float: right;\" title=\" El circuito de la violencia simb\u00f3lica en el S\u00edndrome de Fatiga Cr\u00f3nica (SFC)\/Encefalomielitis Mi\u00e1lgica (EM) (I): Un estudio preliminar\" href=\"https:\/\/xaviergimeno.net\/files\/SFC_violencia_simbolica_1es.pdf\" target=\"_blank\" rel=\"noopener\">Texto completo en PDF<\/a>\n<\/div>\n<\/div>\n","protected":false},"excerpt":{"rendered":"<p>Publicado en Health Care for Women International, 2022, volumen 43, n\u00famero 1-3:&#8230;<\/p>\n","protected":false},"author":3,"featured_media":0,"parent":4668,"menu_order":8,"comment_status":"closed","ping_status":"closed","template":"template-fullwidth.php","meta":{"_monsterinsights_skip_tracking":false,"_monsterinsights_sitenote_active":false,"_monsterinsights_sitenote_note":"","_monsterinsights_sitenote_category":0,"footnotes":""},"class_list":["post-6474","page","type-page","status-publish","hentry"],"yoast_head":"<!-- This site is optimized with the Yoast SEO plugin v27.4 - https:\/\/yoast.com\/product\/yoast-seo-wordpress\/ -->\n<title>El circuito de la violencia simb\u00f3lica en el S\u00edndrome de Fatiga Cr\u00f3nica (SFC)<\/title>\n<meta name=\"description\" content=\"Art\u00edculo sobre los mecanismos sociales que conducen a la relegaci\u00f3n simb\u00f3lica y social de las personas afectadas de S\u00edndrome de Fatiga Cr\u00f3nica (SFC).\" \/>\n<meta name=\"robots\" content=\"index, follow, max-snippet:-1, max-image-preview:large, max-video-preview:-1\" \/>\n<link rel=\"canonical\" href=\"https:\/\/xaviergimeno.net\/es\/papeles\/circuito-violencia-simbolica-sfc-i\" \/>\n<meta property=\"og:locale\" content=\"es_ES\" \/>\n<meta property=\"og:type\" content=\"article\" \/>\n<meta property=\"og:title\" content=\"El circuito de la violencia simb\u00f3lica en el S\u00edndrome de Fatiga Cr\u00f3nica (SFC)\" \/>\n<meta property=\"og:description\" content=\"Art\u00edculo sobre los mecanismos sociales que conducen a la relegaci\u00f3n simb\u00f3lica y social de las personas afectadas de S\u00edndrome de Fatiga Cr\u00f3nica (SFC).\" \/>\n<meta property=\"og:url\" content=\"https:\/\/xaviergimeno.net\/es\/papeles\/circuito-violencia-simbolica-sfc-i\" \/>\n<meta property=\"og:site_name\" content=\"Xavier Gimeno Torrent\" \/>\n<meta property=\"article:publisher\" content=\"https:\/\/www.facebook.com\/XavierGimenoTorrent\" \/>\n<meta property=\"article:modified_time\" content=\"2026-02-18T15:47:31+00:00\" \/>\n<meta name=\"twitter:card\" content=\"summary_large_image\" \/>\n<meta name=\"twitter:site\" content=\"@Xavier_Gimeno\" \/>\n<meta name=\"twitter:label1\" content=\"Tiempo de lectura\" \/>\n\t<meta name=\"twitter:data1\" content=\"1 minuto\" \/>\n<script type=\"application\/ld+json\" class=\"yoast-schema-graph\">{\"@context\":\"https:\\\/\\\/schema.org\",\"@graph\":[{\"@type\":\"WebPage\",\"@id\":\"https:\\\/\\\/xaviergimeno.net\\\/es\\\/papeles\\\/circuito-violencia-simbolica-sfc-i\",\"url\":\"https:\\\/\\\/xaviergimeno.net\\\/es\\\/papeles\\\/circuito-violencia-simbolica-sfc-i\",\"name\":\"El circuito de la violencia simb\u00f3lica en el S\u00edndrome de Fatiga Cr\u00f3nica (SFC)\",\"isPartOf\":{\"@id\":\"https:\\\/\\\/xaviergimeno.net\\\/#website\"},\"datePublished\":\"2021-06-14T13:55:06+00:00\",\"dateModified\":\"2026-02-18T15:47:31+00:00\",\"description\":\"Art\u00edculo sobre los mecanismos sociales que conducen a la relegaci\u00f3n simb\u00f3lica y social de las personas afectadas de S\u00edndrome de Fatiga Cr\u00f3nica (SFC).\",\"breadcrumb\":{\"@id\":\"https:\\\/\\\/xaviergimeno.net\\\/es\\\/papeles\\\/circuito-violencia-simbolica-sfc-i#breadcrumb\"},\"inLanguage\":\"es\",\"potentialAction\":[{\"@type\":\"ReadAction\",\"target\":[\"https:\\\/\\\/xaviergimeno.net\\\/es\\\/papeles\\\/circuito-violencia-simbolica-sfc-i\"]}]},{\"@type\":\"BreadcrumbList\",\"@id\":\"https:\\\/\\\/xaviergimeno.net\\\/es\\\/papeles\\\/circuito-violencia-simbolica-sfc-i#breadcrumb\",\"itemListElement\":[{\"@type\":\"ListItem\",\"position\":1,\"name\":\"Home\",\"item\":\"https:\\\/\\\/xaviergimeno.net\\\/es\"},{\"@type\":\"ListItem\",\"position\":2,\"name\":\"Papeles\",\"item\":\"https:\\\/\\\/xaviergimeno.net\\\/es\\\/papeles\"},{\"@type\":\"ListItem\",\"position\":3,\"name\":\"El circuito de la violencia simb\u00f3lica en el S\u00edndrome de Fatiga Cr\u00f3nica (SFC)\\\/Encefalomielitis Mi\u00e1lgica (EM) (I): Un estudio preliminar\"}]},{\"@type\":\"WebSite\",\"@id\":\"https:\\\/\\\/xaviergimeno.net\\\/#website\",\"url\":\"https:\\\/\\\/xaviergimeno.net\\\/\",\"name\":\"Xavier Gimeno Torrent\",\"description\":\"soci\u00f3logo y traductor\",\"potentialAction\":[{\"@type\":\"SearchAction\",\"target\":{\"@type\":\"EntryPoint\",\"urlTemplate\":\"https:\\\/\\\/xaviergimeno.net\\\/?s={search_term_string}\"},\"query-input\":{\"@type\":\"PropertyValueSpecification\",\"valueRequired\":true,\"valueName\":\"search_term_string\"}}],\"inLanguage\":\"es\"}]}<\/script>\n<!-- \/ Yoast SEO plugin. -->","yoast_head_json":{"title":"El circuito de la violencia simb\u00f3lica en el S\u00edndrome de Fatiga Cr\u00f3nica (SFC)","description":"Art\u00edculo sobre los mecanismos sociales que conducen a la relegaci\u00f3n simb\u00f3lica y social de las personas afectadas de S\u00edndrome de Fatiga Cr\u00f3nica (SFC).","robots":{"index":"index","follow":"follow","max-snippet":"max-snippet:-1","max-image-preview":"max-image-preview:large","max-video-preview":"max-video-preview:-1"},"canonical":"https:\/\/xaviergimeno.net\/es\/papeles\/circuito-violencia-simbolica-sfc-i","og_locale":"es_ES","og_type":"article","og_title":"El circuito de la violencia simb\u00f3lica en el S\u00edndrome de Fatiga Cr\u00f3nica (SFC)","og_description":"Art\u00edculo sobre los mecanismos sociales que conducen a la relegaci\u00f3n simb\u00f3lica y social de las personas afectadas de S\u00edndrome de Fatiga Cr\u00f3nica (SFC).","og_url":"https:\/\/xaviergimeno.net\/es\/papeles\/circuito-violencia-simbolica-sfc-i","og_site_name":"Xavier Gimeno Torrent","article_publisher":"https:\/\/www.facebook.com\/XavierGimenoTorrent","article_modified_time":"2026-02-18T15:47:31+00:00","twitter_card":"summary_large_image","twitter_site":"@Xavier_Gimeno","twitter_misc":{"Tiempo de lectura":"1 minuto"},"schema":{"@context":"https:\/\/schema.org","@graph":[{"@type":"WebPage","@id":"https:\/\/xaviergimeno.net\/es\/papeles\/circuito-violencia-simbolica-sfc-i","url":"https:\/\/xaviergimeno.net\/es\/papeles\/circuito-violencia-simbolica-sfc-i","name":"El circuito de la violencia simb\u00f3lica en el S\u00edndrome de Fatiga Cr\u00f3nica (SFC)","isPartOf":{"@id":"https:\/\/xaviergimeno.net\/#website"},"datePublished":"2021-06-14T13:55:06+00:00","dateModified":"2026-02-18T15:47:31+00:00","description":"Art\u00edculo sobre los mecanismos sociales que conducen a la relegaci\u00f3n simb\u00f3lica y social de las personas afectadas de S\u00edndrome de Fatiga Cr\u00f3nica (SFC).","breadcrumb":{"@id":"https:\/\/xaviergimeno.net\/es\/papeles\/circuito-violencia-simbolica-sfc-i#breadcrumb"},"inLanguage":"es","potentialAction":[{"@type":"ReadAction","target":["https:\/\/xaviergimeno.net\/es\/papeles\/circuito-violencia-simbolica-sfc-i"]}]},{"@type":"BreadcrumbList","@id":"https:\/\/xaviergimeno.net\/es\/papeles\/circuito-violencia-simbolica-sfc-i#breadcrumb","itemListElement":[{"@type":"ListItem","position":1,"name":"Home","item":"https:\/\/xaviergimeno.net\/es"},{"@type":"ListItem","position":2,"name":"Papeles","item":"https:\/\/xaviergimeno.net\/es\/papeles"},{"@type":"ListItem","position":3,"name":"El circuito de la violencia simb\u00f3lica en el S\u00edndrome de Fatiga Cr\u00f3nica (SFC)\/Encefalomielitis Mi\u00e1lgica (EM) (I): Un estudio preliminar"}]},{"@type":"WebSite","@id":"https:\/\/xaviergimeno.net\/#website","url":"https:\/\/xaviergimeno.net\/","name":"Xavier Gimeno Torrent","description":"soci\u00f3logo y traductor","potentialAction":[{"@type":"SearchAction","target":{"@type":"EntryPoint","urlTemplate":"https:\/\/xaviergimeno.net\/?s={search_term_string}"},"query-input":{"@type":"PropertyValueSpecification","valueRequired":true,"valueName":"search_term_string"}}],"inLanguage":"es"}]}},"_links":{"self":[{"href":"https:\/\/xaviergimeno.net\/es\/wp-json\/wp\/v2\/pages\/6474","targetHints":{"allow":["GET"]}}],"collection":[{"href":"https:\/\/xaviergimeno.net\/es\/wp-json\/wp\/v2\/pages"}],"about":[{"href":"https:\/\/xaviergimeno.net\/es\/wp-json\/wp\/v2\/types\/page"}],"author":[{"embeddable":true,"href":"https:\/\/xaviergimeno.net\/es\/wp-json\/wp\/v2\/users\/3"}],"replies":[{"embeddable":true,"href":"https:\/\/xaviergimeno.net\/es\/wp-json\/wp\/v2\/comments?post=6474"}],"version-history":[{"count":0,"href":"https:\/\/xaviergimeno.net\/es\/wp-json\/wp\/v2\/pages\/6474\/revisions"}],"up":[{"embeddable":true,"href":"https:\/\/xaviergimeno.net\/es\/wp-json\/wp\/v2\/pages\/4668"}],"wp:attachment":[{"href":"https:\/\/xaviergimeno.net\/es\/wp-json\/wp\/v2\/media?parent=6474"}],"curies":[{"name":"wp","href":"https:\/\/api.w.org\/{rel}","templated":true}]}}