{"id":6880,"date":"2023-06-15T19:08:37","date_gmt":"2023-06-15T17:08:37","guid":{"rendered":"https:\/\/www.xaviergimeno.net\/?page_id=6880"},"modified":"2026-02-18T16:50:17","modified_gmt":"2026-02-18T15:50:17","slug":"heroes-ela","status":"publish","type":"page","link":"https:\/\/xaviergimeno.net\/es\/papeles\/heroes-ela","title":{"rendered":"Los h\u00e9roes de la ELA: la estructura social de los discursos triunfalistas de superaci\u00f3n y celebraci\u00f3n de un enfermo y legitimaci\u00f3n de una enfermedad. Sociolog\u00eda comparada de una ideolog\u00eda del enfermo como h\u00e9roe"},"content":{"rendered":"<p><em>Publicado en Papers: Revista de Sociologia, 2024, volumen 109, n\u00famero 1: e3225. doi:10.5565\/rev\/papers.3225.<\/em><\/p>\n<p align=\"LEFT\"><em>Objetivo:<\/em> El objetivo de este art\u00edculo es entender las condiciones sociales de producci\u00f3n o estructura social de los discursos o ideolog\u00edas del enfermo como h\u00e9roe a partir de la teor\u00eda de las tomas de posici\u00f3n y las posiciones en el espacio social de Pierre Bourdieu, poniendo especial \u00e9nfasis en si el Estado del bienestar y de derecho juega alg\u00fan papel en la producci\u00f3n de estos discursos, y en si aparecen otros tipos de discursos, especialmente protagonizados por la religi\u00f3n, si ese Estado es d\u00e9bil o inexistente. <em>M\u00e9todo:<\/em> A tal efecto se construy\u00f3 una base de datos con las 1.068 respuestas de los 1.068 individuos diferentes que en Twitter respondieron a un tuit de una persona con una enfermedad legitimada como la ELA. Mediante varios an\u00e1lisis (an\u00e1lisis tem\u00e1tico de contenidos cualitativos, An\u00e1lisis de Correspondencias M\u00faltiples [ACM], y An\u00e1lisis Jer\u00e1rquico de Conglomerados [AJC]) se logr\u00f3 construir la estructura social de los discursos heroicos. <em>Resultados:<\/em> Se obtuvieron 12 tipos de respuestas, que se pod\u00edan dividir en dos grandes grupos: discursos de superaci\u00f3n o heroicos, y discursos religiosos sobre la enfermedad. <em>Conclusi\u00f3n:<\/em> Se evidenci\u00f3 que exist\u00eda una clara relaci\u00f3n entre el tipo de Estado del bienestar y de derecho (m\u00e1s o menos d\u00e9bil) y el tipo de discursos, por lo que, en entornos con Estados del bienestar y de derecho relativamente m\u00e1s fuertes (como Espa\u00f1a), los discursos dominantes eran los discursos o las ideolog\u00edas del enfermo como h\u00e9roe, y en los que ten\u00edan Estados del bienestar m\u00e1s d\u00e9biles (como Venezuela), la religi\u00f3n monopolizaba el discurso y las ideolog\u00edas a partir de las cuales se constru\u00eda la imagen social del enfermo.<\/p>\n<div class=\"addthis-pagines\">\n<div class=\"a2a_kit a2a_default_style\" data-a2a-icon-color=\"#6C981A\">\n<div class=\"addtoany_shortcode\"><div class=\"a2a_kit a2a_kit_size_32 addtoany_list\" data-a2a-url=\"https:\/\/xaviergimeno.net\/es\/papeles\/heroes-ela\" data-a2a-title=\"Los h\u00e9roes de la ELA: la estructura social de los discursos triunfalistas de superaci\u00f3n y celebraci\u00f3n de un enfermo y legitimaci\u00f3n de una enfermedad. Sociolog\u00eda comparada de una ideolog\u00eda del enfermo como h\u00e9roe\"><a class=\"a2a_button_facebook\" href=\"https:\/\/www.addtoany.com\/add_to\/facebook?linkurl=https%3A%2F%2Fxaviergimeno.net%2Fes%2Fpapeles%2Fheroes-ela&amp;linkname=Los%20h%C3%A9roes%20de%20la%20ELA%3A%20la%20estructura%20social%20de%20los%20discursos%20triunfalistas%20de%20superaci%C3%B3n%20y%20celebraci%C3%B3n%20de%20un%20enfermo%20y%20legitimaci%C3%B3n%20de%20una%20enfermedad.%20Sociolog%C3%ADa%20comparada%20de%20una%20ideolog%C3%ADa%20del%20enfermo%20como%20h%C3%A9roe\" title=\"Facebook\" rel=\"nofollow noopener\" target=\"_blank\"><\/a><a class=\"a2a_button_x\" href=\"https:\/\/www.addtoany.com\/add_to\/x?linkurl=https%3A%2F%2Fxaviergimeno.net%2Fes%2Fpapeles%2Fheroes-ela&amp;linkname=Los%20h%C3%A9roes%20de%20la%20ELA%3A%20la%20estructura%20social%20de%20los%20discursos%20triunfalistas%20de%20superaci%C3%B3n%20y%20celebraci%C3%B3n%20de%20un%20enfermo%20y%20legitimaci%C3%B3n%20de%20una%20enfermedad.%20Sociolog%C3%ADa%20comparada%20de%20una%20ideolog%C3%ADa%20del%20enfermo%20como%20h%C3%A9roe\" title=\"X\" rel=\"nofollow noopener\" target=\"_blank\"><\/a><a class=\"a2a_button_email\" href=\"https:\/\/www.addtoany.com\/add_to\/email?linkurl=https%3A%2F%2Fxaviergimeno.net%2Fes%2Fpapeles%2Fheroes-ela&amp;linkname=Los%20h%C3%A9roes%20de%20la%20ELA%3A%20la%20estructura%20social%20de%20los%20discursos%20triunfalistas%20de%20superaci%C3%B3n%20y%20celebraci%C3%B3n%20de%20un%20enfermo%20y%20legitimaci%C3%B3n%20de%20una%20enfermedad.%20Sociolog%C3%ADa%20comparada%20de%20una%20ideolog%C3%ADa%20del%20enfermo%20como%20h%C3%A9roe\" title=\"Email\" rel=\"nofollow noopener\" target=\"_blank\"><\/a><a class=\"a2a_button_print\" href=\"https:\/\/www.addtoany.com\/add_to\/print?linkurl=https%3A%2F%2Fxaviergimeno.net%2Fes%2Fpapeles%2Fheroes-ela&amp;linkname=Los%20h%C3%A9roes%20de%20la%20ELA%3A%20la%20estructura%20social%20de%20los%20discursos%20triunfalistas%20de%20superaci%C3%B3n%20y%20celebraci%C3%B3n%20de%20un%20enfermo%20y%20legitimaci%C3%B3n%20de%20una%20enfermedad.%20Sociolog%C3%ADa%20comparada%20de%20una%20ideolog%C3%ADa%20del%20enfermo%20como%20h%C3%A9roe\" title=\"Print\" rel=\"nofollow noopener\" target=\"_blank\"><\/a><a class=\"a2a_button_printfriendly\" href=\"https:\/\/www.addtoany.com\/add_to\/printfriendly?linkurl=https%3A%2F%2Fxaviergimeno.net%2Fes%2Fpapeles%2Fheroes-ela&amp;linkname=Los%20h%C3%A9roes%20de%20la%20ELA%3A%20la%20estructura%20social%20de%20los%20discursos%20triunfalistas%20de%20superaci%C3%B3n%20y%20celebraci%C3%B3n%20de%20un%20enfermo%20y%20legitimaci%C3%B3n%20de%20una%20enfermedad.%20Sociolog%C3%ADa%20comparada%20de%20una%20ideolog%C3%ADa%20del%20enfermo%20como%20h%C3%A9roe\" title=\"PrintFriendly\" rel=\"nofollow noopener\" target=\"_blank\"><\/a><a class=\"a2a_button_mendeley\" href=\"https:\/\/www.addtoany.com\/add_to\/mendeley?linkurl=https%3A%2F%2Fxaviergimeno.net%2Fes%2Fpapeles%2Fheroes-ela&amp;linkname=Los%20h%C3%A9roes%20de%20la%20ELA%3A%20la%20estructura%20social%20de%20los%20discursos%20triunfalistas%20de%20superaci%C3%B3n%20y%20celebraci%C3%B3n%20de%20un%20enfermo%20y%20legitimaci%C3%B3n%20de%20una%20enfermedad.%20Sociolog%C3%ADa%20comparada%20de%20una%20ideolog%C3%ADa%20del%20enfermo%20como%20h%C3%A9roe\" title=\"Mendeley\" rel=\"nofollow noopener\" target=\"_blank\"><\/a><a class=\"a2a_dd addtoany_share_save addtoany_share\" href=\"https:\/\/www.addtoany.com\/share\"><\/a><\/div><\/div><a style=\"float: right;\" title=\"Los h\u00e9roes de la ELA: la estructura social de los discursos triunfalistas de superaci\u00f3n y celebraci\u00f3n de un enfermo y legitimaci\u00f3n de una enfermedad. Sociolog\u00eda comparada de una ideolog\u00eda del enfermo como h\u00e9roe\" href=\"https:\/\/xaviergimeno.net\/files\/heroes_ela_3es.pdf\" target=\"_blank\" rel=\"noopener\">Texto completo en PDF<\/a>\n<\/div>\n<\/div>\n","protected":false},"excerpt":{"rendered":"<p>Publicado en Papers: Revista de Sociologia, 2024, volumen 109, n\u00famero 1: e3225&#8230;.<\/p>\n","protected":false},"author":3,"featured_media":0,"parent":4668,"menu_order":6,"comment_status":"closed","ping_status":"closed","template":"template-fullwidth.php","meta":{"_monsterinsights_skip_tracking":false,"_monsterinsights_sitenote_active":false,"_monsterinsights_sitenote_note":"","_monsterinsights_sitenote_category":0,"footnotes":""},"class_list":["post-6880","page","type-page","status-publish","hentry"],"yoast_head":"<!-- This site is optimized with the Yoast SEO plugin v27.4 - https:\/\/yoast.com\/product\/yoast-seo-wordpress\/ -->\n<title>Los h\u00e9roes de la ELA: La estructura social de una ideolog\u00eda del enfermo como h\u00e9roe<\/title>\n<meta name=\"description\" content=\"Art\u00edculo sobre la estructura social de los discursos y las ideolog\u00edas del enfermo com h\u00e9roe.\" \/>\n<meta name=\"robots\" content=\"index, follow, max-snippet:-1, max-image-preview:large, max-video-preview:-1\" \/>\n<link rel=\"canonical\" href=\"https:\/\/xaviergimeno.net\/es\/papeles\/heroes-ela\" \/>\n<meta property=\"og:locale\" content=\"es_ES\" \/>\n<meta property=\"og:type\" content=\"article\" \/>\n<meta property=\"og:title\" content=\"Los h\u00e9roes de la ELA: La estructura social de una ideolog\u00eda del enfermo como h\u00e9roe\" \/>\n<meta property=\"og:description\" content=\"Art\u00edculo sobre la estructura social de los discursos y las ideolog\u00edas del enfermo com h\u00e9roe.\" \/>\n<meta property=\"og:url\" content=\"https:\/\/xaviergimeno.net\/es\/papeles\/heroes-ela\" \/>\n<meta property=\"og:site_name\" content=\"Xavier Gimeno Torrent\" \/>\n<meta property=\"article:publisher\" content=\"https:\/\/www.facebook.com\/XavierGimenoTorrent\" \/>\n<meta property=\"article:modified_time\" content=\"2026-02-18T15:50:17+00:00\" \/>\n<meta name=\"twitter:card\" content=\"summary_large_image\" \/>\n<meta name=\"twitter:site\" content=\"@Xavier_Gimeno\" \/>\n<meta name=\"twitter:label1\" content=\"Tiempo de lectura\" \/>\n\t<meta name=\"twitter:data1\" content=\"2 minutos\" \/>\n<script type=\"application\/ld+json\" class=\"yoast-schema-graph\">{\"@context\":\"https:\\\/\\\/schema.org\",\"@graph\":[{\"@type\":\"WebPage\",\"@id\":\"https:\\\/\\\/xaviergimeno.net\\\/es\\\/papeles\\\/heroes-ela\",\"url\":\"https:\\\/\\\/xaviergimeno.net\\\/es\\\/papeles\\\/heroes-ela\",\"name\":\"Los h\u00e9roes de la ELA: La estructura social de una ideolog\u00eda del enfermo como h\u00e9roe\",\"isPartOf\":{\"@id\":\"https:\\\/\\\/xaviergimeno.net\\\/#website\"},\"datePublished\":\"2023-06-15T17:08:37+00:00\",\"dateModified\":\"2026-02-18T15:50:17+00:00\",\"description\":\"Art\u00edculo sobre la estructura social de los discursos y las ideolog\u00edas del enfermo com h\u00e9roe.\",\"breadcrumb\":{\"@id\":\"https:\\\/\\\/xaviergimeno.net\\\/es\\\/papeles\\\/heroes-ela#breadcrumb\"},\"inLanguage\":\"es\",\"potentialAction\":[{\"@type\":\"ReadAction\",\"target\":[\"https:\\\/\\\/xaviergimeno.net\\\/es\\\/papeles\\\/heroes-ela\"]}]},{\"@type\":\"BreadcrumbList\",\"@id\":\"https:\\\/\\\/xaviergimeno.net\\\/es\\\/papeles\\\/heroes-ela#breadcrumb\",\"itemListElement\":[{\"@type\":\"ListItem\",\"position\":1,\"name\":\"Home\",\"item\":\"https:\\\/\\\/xaviergimeno.net\\\/es\"},{\"@type\":\"ListItem\",\"position\":2,\"name\":\"Papeles\",\"item\":\"https:\\\/\\\/xaviergimeno.net\\\/es\\\/papeles\"},{\"@type\":\"ListItem\",\"position\":3,\"name\":\"Los h\u00e9roes de la ELA: la estructura social de los discursos triunfalistas de superaci\u00f3n y celebraci\u00f3n de un enfermo y legitimaci\u00f3n de una enfermedad. Sociolog\u00eda comparada de una ideolog\u00eda del enfermo como h\u00e9roe\"}]},{\"@type\":\"WebSite\",\"@id\":\"https:\\\/\\\/xaviergimeno.net\\\/#website\",\"url\":\"https:\\\/\\\/xaviergimeno.net\\\/\",\"name\":\"Xavier Gimeno Torrent\",\"description\":\"soci\u00f3logo y traductor\",\"potentialAction\":[{\"@type\":\"SearchAction\",\"target\":{\"@type\":\"EntryPoint\",\"urlTemplate\":\"https:\\\/\\\/xaviergimeno.net\\\/?s={search_term_string}\"},\"query-input\":{\"@type\":\"PropertyValueSpecification\",\"valueRequired\":true,\"valueName\":\"search_term_string\"}}],\"inLanguage\":\"es\"}]}<\/script>\n<!-- \/ Yoast SEO plugin. -->","yoast_head_json":{"title":"Los h\u00e9roes de la ELA: La estructura social de una ideolog\u00eda del enfermo como h\u00e9roe","description":"Art\u00edculo sobre la estructura social de los discursos y las ideolog\u00edas del enfermo com h\u00e9roe.","robots":{"index":"index","follow":"follow","max-snippet":"max-snippet:-1","max-image-preview":"max-image-preview:large","max-video-preview":"max-video-preview:-1"},"canonical":"https:\/\/xaviergimeno.net\/es\/papeles\/heroes-ela","og_locale":"es_ES","og_type":"article","og_title":"Los h\u00e9roes de la ELA: La estructura social de una ideolog\u00eda del enfermo como h\u00e9roe","og_description":"Art\u00edculo sobre la estructura social de los discursos y las ideolog\u00edas del enfermo com h\u00e9roe.","og_url":"https:\/\/xaviergimeno.net\/es\/papeles\/heroes-ela","og_site_name":"Xavier Gimeno Torrent","article_publisher":"https:\/\/www.facebook.com\/XavierGimenoTorrent","article_modified_time":"2026-02-18T15:50:17+00:00","twitter_card":"summary_large_image","twitter_site":"@Xavier_Gimeno","twitter_misc":{"Tiempo de lectura":"2 minutos"},"schema":{"@context":"https:\/\/schema.org","@graph":[{"@type":"WebPage","@id":"https:\/\/xaviergimeno.net\/es\/papeles\/heroes-ela","url":"https:\/\/xaviergimeno.net\/es\/papeles\/heroes-ela","name":"Los h\u00e9roes de la ELA: La estructura social de una ideolog\u00eda del enfermo como h\u00e9roe","isPartOf":{"@id":"https:\/\/xaviergimeno.net\/#website"},"datePublished":"2023-06-15T17:08:37+00:00","dateModified":"2026-02-18T15:50:17+00:00","description":"Art\u00edculo sobre la estructura social de los discursos y las ideolog\u00edas del enfermo com h\u00e9roe.","breadcrumb":{"@id":"https:\/\/xaviergimeno.net\/es\/papeles\/heroes-ela#breadcrumb"},"inLanguage":"es","potentialAction":[{"@type":"ReadAction","target":["https:\/\/xaviergimeno.net\/es\/papeles\/heroes-ela"]}]},{"@type":"BreadcrumbList","@id":"https:\/\/xaviergimeno.net\/es\/papeles\/heroes-ela#breadcrumb","itemListElement":[{"@type":"ListItem","position":1,"name":"Home","item":"https:\/\/xaviergimeno.net\/es"},{"@type":"ListItem","position":2,"name":"Papeles","item":"https:\/\/xaviergimeno.net\/es\/papeles"},{"@type":"ListItem","position":3,"name":"Los h\u00e9roes de la ELA: la estructura social de los discursos triunfalistas de superaci\u00f3n y celebraci\u00f3n de un enfermo y legitimaci\u00f3n de una enfermedad. Sociolog\u00eda comparada de una ideolog\u00eda del enfermo como h\u00e9roe"}]},{"@type":"WebSite","@id":"https:\/\/xaviergimeno.net\/#website","url":"https:\/\/xaviergimeno.net\/","name":"Xavier Gimeno Torrent","description":"soci\u00f3logo y traductor","potentialAction":[{"@type":"SearchAction","target":{"@type":"EntryPoint","urlTemplate":"https:\/\/xaviergimeno.net\/?s={search_term_string}"},"query-input":{"@type":"PropertyValueSpecification","valueRequired":true,"valueName":"search_term_string"}}],"inLanguage":"es"}]}},"_links":{"self":[{"href":"https:\/\/xaviergimeno.net\/es\/wp-json\/wp\/v2\/pages\/6880","targetHints":{"allow":["GET"]}}],"collection":[{"href":"https:\/\/xaviergimeno.net\/es\/wp-json\/wp\/v2\/pages"}],"about":[{"href":"https:\/\/xaviergimeno.net\/es\/wp-json\/wp\/v2\/types\/page"}],"author":[{"embeddable":true,"href":"https:\/\/xaviergimeno.net\/es\/wp-json\/wp\/v2\/users\/3"}],"replies":[{"embeddable":true,"href":"https:\/\/xaviergimeno.net\/es\/wp-json\/wp\/v2\/comments?post=6880"}],"version-history":[{"count":0,"href":"https:\/\/xaviergimeno.net\/es\/wp-json\/wp\/v2\/pages\/6880\/revisions"}],"up":[{"embeddable":true,"href":"https:\/\/xaviergimeno.net\/es\/wp-json\/wp\/v2\/pages\/4668"}],"wp:attachment":[{"href":"https:\/\/xaviergimeno.net\/es\/wp-json\/wp\/v2\/media?parent=6880"}],"curies":[{"name":"wp","href":"https:\/\/api.w.org\/{rel}","templated":true}]}}