{"id":7517,"date":"2024-03-16T15:24:52","date_gmt":"2024-03-16T14:24:52","guid":{"rendered":"https:\/\/www.xaviergimeno.net\/?page_id=7517"},"modified":"2026-02-18T16:51:31","modified_gmt":"2026-02-18T15:51:31","slug":"formulacion-escala-violencia-simbolica","status":"publish","type":"page","link":"https:\/\/xaviergimeno.net\/es\/papeles\/formulacion-escala-violencia-simbolica","title":{"rendered":"Formulaci\u00f3n de un cuestionario de escala de violencia simb\u00f3lica: la importancia de la construcci\u00f3n epistemol\u00f3gica, te\u00f3rica, y metodol\u00f3gica del objeto de estudio"},"content":{"rendered":"<p><em>Documento gris. Versi\u00f3n 0 o preliminar o pretest de la escala de violencia simb\u00f3lica en el SFC\/EM.<\/em><\/p>\n<p align=\"LEFT\"><em>Objetivo:<\/em> El objetivo de este art\u00edculo es elaborar una versi\u00f3n 0 o preliminar de la escala de violencia simb\u00f3lica en el s\u00edndrome de fatiga cr\u00f3nica\/encefalomielitis mi\u00e1lgica (SFC\/EM). Dada la carencia generalizada en el panorama internacional de instrumentos de medida que proporcionen informaciones estandarizadas y comparables sobre las circunstancias sociales que rodean a estos enfermos y esta enfermedad, la obtenci\u00f3n de tal escala es urgente. <em>M\u00e9todo:<\/em> A tal efecto, en primer lugar se presentan los fundamentos epistemol\u00f3gicos, te\u00f3ricos y metodol\u00f3gicos de lo que, a partir de los planteamientos de Pierre Bourdieu, se ha considerado que debe ser un buen cuestionario de escala. En segundo lugar, en base a materiales cualitativos previamente existentes, se efectuaron los an\u00e1lisis cuantitativos pertinentes (an\u00e1lisis de coocurrencias de palabras clave, pruebas multidimensionales de Mahalanobis-Fisher-Wilks, y finalmente an\u00e1lisis de tablas de contingencia bivariada) para tal de aislar las palabras clave m\u00e1s significativas que, conjuntamente con la revisi\u00f3n de los materiales cualitativos y de acuerdo con los 3 principios de construcci\u00f3n propuestos, deb\u00edan servir como fundamento de las preguntas del cuestionario de escala para generar la identificaci\u00f3n de las personas encuestadas con las preguntas. <em>Resultados:<\/em> De esta forma, se obtuvo un cuestionario de escala constituido por 46 \u00edtems con preguntas indirectas de hechos objetivos basadas en ejemplos concretos extra\u00eddos de los an\u00e1lisis efectuados. El \u00faltimo paso fue resumir los \u00edtems de la escala con ChatGPT 3.5 Turbo.<\/p>\n<div class=\"addthis-pagines\">\n<div class=\"a2a_kit a2a_default_style\" data-a2a-icon-color=\"#6C981A\">\n<div class=\"addtoany_shortcode\"><div class=\"a2a_kit a2a_kit_size_32 addtoany_list\" data-a2a-url=\"https:\/\/xaviergimeno.net\/es\/papeles\/formulacion-escala-violencia-simbolica\" data-a2a-title=\"Formulaci\u00f3n de un cuestionario de escala de violencia simb\u00f3lica: la importancia de la construcci\u00f3n epistemol\u00f3gica, te\u00f3rica, y metodol\u00f3gica del objeto de estudio\"><a class=\"a2a_button_facebook\" href=\"https:\/\/www.addtoany.com\/add_to\/facebook?linkurl=https%3A%2F%2Fxaviergimeno.net%2Fes%2Fpapeles%2Fformulacion-escala-violencia-simbolica&amp;linkname=Formulaci%C3%B3n%20de%20un%20cuestionario%20de%20escala%20de%20violencia%20simb%C3%B3lica%3A%20la%20importancia%20de%20la%20construcci%C3%B3n%20epistemol%C3%B3gica%2C%20te%C3%B3rica%2C%20y%20metodol%C3%B3gica%20del%20objeto%20de%20estudio\" title=\"Facebook\" rel=\"nofollow noopener\" target=\"_blank\"><\/a><a class=\"a2a_button_x\" href=\"https:\/\/www.addtoany.com\/add_to\/x?linkurl=https%3A%2F%2Fxaviergimeno.net%2Fes%2Fpapeles%2Fformulacion-escala-violencia-simbolica&amp;linkname=Formulaci%C3%B3n%20de%20un%20cuestionario%20de%20escala%20de%20violencia%20simb%C3%B3lica%3A%20la%20importancia%20de%20la%20construcci%C3%B3n%20epistemol%C3%B3gica%2C%20te%C3%B3rica%2C%20y%20metodol%C3%B3gica%20del%20objeto%20de%20estudio\" title=\"X\" rel=\"nofollow noopener\" target=\"_blank\"><\/a><a class=\"a2a_button_email\" href=\"https:\/\/www.addtoany.com\/add_to\/email?linkurl=https%3A%2F%2Fxaviergimeno.net%2Fes%2Fpapeles%2Fformulacion-escala-violencia-simbolica&amp;linkname=Formulaci%C3%B3n%20de%20un%20cuestionario%20de%20escala%20de%20violencia%20simb%C3%B3lica%3A%20la%20importancia%20de%20la%20construcci%C3%B3n%20epistemol%C3%B3gica%2C%20te%C3%B3rica%2C%20y%20metodol%C3%B3gica%20del%20objeto%20de%20estudio\" title=\"Email\" rel=\"nofollow noopener\" target=\"_blank\"><\/a><a class=\"a2a_button_print\" href=\"https:\/\/www.addtoany.com\/add_to\/print?linkurl=https%3A%2F%2Fxaviergimeno.net%2Fes%2Fpapeles%2Fformulacion-escala-violencia-simbolica&amp;linkname=Formulaci%C3%B3n%20de%20un%20cuestionario%20de%20escala%20de%20violencia%20simb%C3%B3lica%3A%20la%20importancia%20de%20la%20construcci%C3%B3n%20epistemol%C3%B3gica%2C%20te%C3%B3rica%2C%20y%20metodol%C3%B3gica%20del%20objeto%20de%20estudio\" title=\"Print\" rel=\"nofollow noopener\" target=\"_blank\"><\/a><a class=\"a2a_button_printfriendly\" href=\"https:\/\/www.addtoany.com\/add_to\/printfriendly?linkurl=https%3A%2F%2Fxaviergimeno.net%2Fes%2Fpapeles%2Fformulacion-escala-violencia-simbolica&amp;linkname=Formulaci%C3%B3n%20de%20un%20cuestionario%20de%20escala%20de%20violencia%20simb%C3%B3lica%3A%20la%20importancia%20de%20la%20construcci%C3%B3n%20epistemol%C3%B3gica%2C%20te%C3%B3rica%2C%20y%20metodol%C3%B3gica%20del%20objeto%20de%20estudio\" title=\"PrintFriendly\" rel=\"nofollow noopener\" target=\"_blank\"><\/a><a class=\"a2a_button_mendeley\" href=\"https:\/\/www.addtoany.com\/add_to\/mendeley?linkurl=https%3A%2F%2Fxaviergimeno.net%2Fes%2Fpapeles%2Fformulacion-escala-violencia-simbolica&amp;linkname=Formulaci%C3%B3n%20de%20un%20cuestionario%20de%20escala%20de%20violencia%20simb%C3%B3lica%3A%20la%20importancia%20de%20la%20construcci%C3%B3n%20epistemol%C3%B3gica%2C%20te%C3%B3rica%2C%20y%20metodol%C3%B3gica%20del%20objeto%20de%20estudio\" title=\"Mendeley\" rel=\"nofollow noopener\" target=\"_blank\"><\/a><a class=\"a2a_dd addtoany_share_save addtoany_share\" href=\"https:\/\/www.addtoany.com\/share\"><\/a><\/div><\/div><a style=\"float: right;\" title=\"Formulaci\u00f3n de un cuestionario de escala de violencia simb\u00f3lica: la importancia de la construcci\u00f3n epistemol\u00f3gica, te\u00f3rica, y metodol\u00f3gica del objeto de estudio\" href=\"https:\/\/xaviergimeno.net\/files\/formulacion_escala_violencia_simbolica_6es.pdf\" target=\"_blank\" rel=\"noopener\">Texto completo en PDF<\/a>\n<\/div>\n<\/div>\n","protected":false},"excerpt":{"rendered":"<p>Documento gris. Versi\u00f3n 0 o preliminar o pretest de la escala de&#8230;<\/p>\n","protected":false},"author":3,"featured_media":0,"parent":4668,"menu_order":5,"comment_status":"closed","ping_status":"closed","template":"template-fullwidth.php","meta":{"_monsterinsights_skip_tracking":false,"_monsterinsights_sitenote_active":false,"_monsterinsights_sitenote_note":"","_monsterinsights_sitenote_category":0,"footnotes":""},"class_list":["post-7517","page","type-page","status-publish","hentry"],"yoast_head":"<!-- This site is optimized with the Yoast SEO plugin v27.4 - https:\/\/yoast.com\/product\/yoast-seo-wordpress\/ -->\n<title>Formulaci\u00f3n de un cuestionario de escala de violencia simb\u00f3lica<\/title>\n<meta name=\"description\" content=\"El art\u00edculo describe la formulaci\u00f3n de una escala de violencia simb\u00f3lica para el caso del circuito de la violencia simb\u00f3lica en el SFC\/EM. Se incide especialmente en la importancia de los aspectos epistemol\u00f3gicos, te\u00f3ricos, y metodol\u00f3gicos en la construcci\u00f3n de un cuestionario.\" \/>\n<meta name=\"robots\" content=\"index, follow, max-snippet:-1, max-image-preview:large, max-video-preview:-1\" \/>\n<link rel=\"canonical\" href=\"https:\/\/xaviergimeno.net\/es\/papeles\/formulacion-escala-violencia-simbolica\" \/>\n<meta property=\"og:locale\" content=\"es_ES\" \/>\n<meta property=\"og:type\" content=\"article\" \/>\n<meta property=\"og:title\" content=\"Formulaci\u00f3n de un cuestionario de escala de violencia simb\u00f3lica\" \/>\n<meta property=\"og:description\" content=\"El art\u00edculo describe la formulaci\u00f3n de una escala de violencia simb\u00f3lica para el caso del circuito de la violencia simb\u00f3lica en el SFC\/EM. Se incide especialmente en la importancia de los aspectos epistemol\u00f3gicos, te\u00f3ricos, y metodol\u00f3gicos en la construcci\u00f3n de un cuestionario.\" \/>\n<meta property=\"og:url\" content=\"https:\/\/xaviergimeno.net\/es\/papeles\/formulacion-escala-violencia-simbolica\" \/>\n<meta property=\"og:site_name\" content=\"Xavier Gimeno Torrent\" \/>\n<meta property=\"article:publisher\" content=\"https:\/\/www.facebook.com\/XavierGimenoTorrent\" \/>\n<meta property=\"article:modified_time\" content=\"2026-02-18T15:51:31+00:00\" \/>\n<meta name=\"twitter:card\" content=\"summary_large_image\" \/>\n<meta name=\"twitter:site\" content=\"@Xavier_Gimeno\" \/>\n<meta name=\"twitter:label1\" content=\"Tiempo de lectura\" \/>\n\t<meta name=\"twitter:data1\" content=\"2 minutos\" \/>\n<script type=\"application\/ld+json\" class=\"yoast-schema-graph\">{\"@context\":\"https:\\\/\\\/schema.org\",\"@graph\":[{\"@type\":\"WebPage\",\"@id\":\"https:\\\/\\\/xaviergimeno.net\\\/es\\\/papeles\\\/formulacion-escala-violencia-simbolica\",\"url\":\"https:\\\/\\\/xaviergimeno.net\\\/es\\\/papeles\\\/formulacion-escala-violencia-simbolica\",\"name\":\"Formulaci\u00f3n de un cuestionario de escala de violencia simb\u00f3lica\",\"isPartOf\":{\"@id\":\"https:\\\/\\\/xaviergimeno.net\\\/#website\"},\"datePublished\":\"2024-03-16T14:24:52+00:00\",\"dateModified\":\"2026-02-18T15:51:31+00:00\",\"description\":\"El art\u00edculo describe la formulaci\u00f3n de una escala de violencia simb\u00f3lica para el caso del circuito de la violencia simb\u00f3lica en el SFC\\\/EM. Se incide especialmente en la importancia de los aspectos epistemol\u00f3gicos, te\u00f3ricos, y metodol\u00f3gicos en la construcci\u00f3n de un cuestionario.\",\"breadcrumb\":{\"@id\":\"https:\\\/\\\/xaviergimeno.net\\\/es\\\/papeles\\\/formulacion-escala-violencia-simbolica#breadcrumb\"},\"inLanguage\":\"es\",\"potentialAction\":[{\"@type\":\"ReadAction\",\"target\":[\"https:\\\/\\\/xaviergimeno.net\\\/es\\\/papeles\\\/formulacion-escala-violencia-simbolica\"]}]},{\"@type\":\"BreadcrumbList\",\"@id\":\"https:\\\/\\\/xaviergimeno.net\\\/es\\\/papeles\\\/formulacion-escala-violencia-simbolica#breadcrumb\",\"itemListElement\":[{\"@type\":\"ListItem\",\"position\":1,\"name\":\"Home\",\"item\":\"https:\\\/\\\/xaviergimeno.net\\\/es\"},{\"@type\":\"ListItem\",\"position\":2,\"name\":\"Papeles\",\"item\":\"https:\\\/\\\/xaviergimeno.net\\\/es\\\/papeles\"},{\"@type\":\"ListItem\",\"position\":3,\"name\":\"Formulaci\u00f3n de un cuestionario de escala de violencia simb\u00f3lica: la importancia de la construcci\u00f3n epistemol\u00f3gica, te\u00f3rica, y metodol\u00f3gica del objeto de estudio\"}]},{\"@type\":\"WebSite\",\"@id\":\"https:\\\/\\\/xaviergimeno.net\\\/#website\",\"url\":\"https:\\\/\\\/xaviergimeno.net\\\/\",\"name\":\"Xavier Gimeno Torrent\",\"description\":\"soci\u00f3logo y traductor\",\"potentialAction\":[{\"@type\":\"SearchAction\",\"target\":{\"@type\":\"EntryPoint\",\"urlTemplate\":\"https:\\\/\\\/xaviergimeno.net\\\/?s={search_term_string}\"},\"query-input\":{\"@type\":\"PropertyValueSpecification\",\"valueRequired\":true,\"valueName\":\"search_term_string\"}}],\"inLanguage\":\"es\"}]}<\/script>\n<!-- \/ Yoast SEO plugin. -->","yoast_head_json":{"title":"Formulaci\u00f3n de un cuestionario de escala de violencia simb\u00f3lica","description":"El art\u00edculo describe la formulaci\u00f3n de una escala de violencia simb\u00f3lica para el caso del circuito de la violencia simb\u00f3lica en el SFC\/EM. Se incide especialmente en la importancia de los aspectos epistemol\u00f3gicos, te\u00f3ricos, y metodol\u00f3gicos en la construcci\u00f3n de un cuestionario.","robots":{"index":"index","follow":"follow","max-snippet":"max-snippet:-1","max-image-preview":"max-image-preview:large","max-video-preview":"max-video-preview:-1"},"canonical":"https:\/\/xaviergimeno.net\/es\/papeles\/formulacion-escala-violencia-simbolica","og_locale":"es_ES","og_type":"article","og_title":"Formulaci\u00f3n de un cuestionario de escala de violencia simb\u00f3lica","og_description":"El art\u00edculo describe la formulaci\u00f3n de una escala de violencia simb\u00f3lica para el caso del circuito de la violencia simb\u00f3lica en el SFC\/EM. Se incide especialmente en la importancia de los aspectos epistemol\u00f3gicos, te\u00f3ricos, y metodol\u00f3gicos en la construcci\u00f3n de un cuestionario.","og_url":"https:\/\/xaviergimeno.net\/es\/papeles\/formulacion-escala-violencia-simbolica","og_site_name":"Xavier Gimeno Torrent","article_publisher":"https:\/\/www.facebook.com\/XavierGimenoTorrent","article_modified_time":"2026-02-18T15:51:31+00:00","twitter_card":"summary_large_image","twitter_site":"@Xavier_Gimeno","twitter_misc":{"Tiempo de lectura":"2 minutos"},"schema":{"@context":"https:\/\/schema.org","@graph":[{"@type":"WebPage","@id":"https:\/\/xaviergimeno.net\/es\/papeles\/formulacion-escala-violencia-simbolica","url":"https:\/\/xaviergimeno.net\/es\/papeles\/formulacion-escala-violencia-simbolica","name":"Formulaci\u00f3n de un cuestionario de escala de violencia simb\u00f3lica","isPartOf":{"@id":"https:\/\/xaviergimeno.net\/#website"},"datePublished":"2024-03-16T14:24:52+00:00","dateModified":"2026-02-18T15:51:31+00:00","description":"El art\u00edculo describe la formulaci\u00f3n de una escala de violencia simb\u00f3lica para el caso del circuito de la violencia simb\u00f3lica en el SFC\/EM. Se incide especialmente en la importancia de los aspectos epistemol\u00f3gicos, te\u00f3ricos, y metodol\u00f3gicos en la construcci\u00f3n de un cuestionario.","breadcrumb":{"@id":"https:\/\/xaviergimeno.net\/es\/papeles\/formulacion-escala-violencia-simbolica#breadcrumb"},"inLanguage":"es","potentialAction":[{"@type":"ReadAction","target":["https:\/\/xaviergimeno.net\/es\/papeles\/formulacion-escala-violencia-simbolica"]}]},{"@type":"BreadcrumbList","@id":"https:\/\/xaviergimeno.net\/es\/papeles\/formulacion-escala-violencia-simbolica#breadcrumb","itemListElement":[{"@type":"ListItem","position":1,"name":"Home","item":"https:\/\/xaviergimeno.net\/es"},{"@type":"ListItem","position":2,"name":"Papeles","item":"https:\/\/xaviergimeno.net\/es\/papeles"},{"@type":"ListItem","position":3,"name":"Formulaci\u00f3n de un cuestionario de escala de violencia simb\u00f3lica: la importancia de la construcci\u00f3n epistemol\u00f3gica, te\u00f3rica, y metodol\u00f3gica del objeto de estudio"}]},{"@type":"WebSite","@id":"https:\/\/xaviergimeno.net\/#website","url":"https:\/\/xaviergimeno.net\/","name":"Xavier Gimeno Torrent","description":"soci\u00f3logo y traductor","potentialAction":[{"@type":"SearchAction","target":{"@type":"EntryPoint","urlTemplate":"https:\/\/xaviergimeno.net\/?s={search_term_string}"},"query-input":{"@type":"PropertyValueSpecification","valueRequired":true,"valueName":"search_term_string"}}],"inLanguage":"es"}]}},"_links":{"self":[{"href":"https:\/\/xaviergimeno.net\/es\/wp-json\/wp\/v2\/pages\/7517","targetHints":{"allow":["GET"]}}],"collection":[{"href":"https:\/\/xaviergimeno.net\/es\/wp-json\/wp\/v2\/pages"}],"about":[{"href":"https:\/\/xaviergimeno.net\/es\/wp-json\/wp\/v2\/types\/page"}],"author":[{"embeddable":true,"href":"https:\/\/xaviergimeno.net\/es\/wp-json\/wp\/v2\/users\/3"}],"replies":[{"embeddable":true,"href":"https:\/\/xaviergimeno.net\/es\/wp-json\/wp\/v2\/comments?post=7517"}],"version-history":[{"count":0,"href":"https:\/\/xaviergimeno.net\/es\/wp-json\/wp\/v2\/pages\/7517\/revisions"}],"up":[{"embeddable":true,"href":"https:\/\/xaviergimeno.net\/es\/wp-json\/wp\/v2\/pages\/4668"}],"wp:attachment":[{"href":"https:\/\/xaviergimeno.net\/es\/wp-json\/wp\/v2\/media?parent=7517"}],"curies":[{"name":"wp","href":"https:\/\/api.w.org\/{rel}","templated":true}]}}